{"id":7395,"date":"2021-10-04T16:44:39","date_gmt":"2021-10-04T14:44:39","guid":{"rendered":"https:\/\/www.pedagogie.ac-nice.fr\/daac\/?page_id=7395"},"modified":"2024-02-14T16:15:08","modified_gmt":"2024-02-14T15:15:08","slug":"journees_nature06","status":"publish","type":"page","link":"https:\/\/www.pedagogie.ac-nice.fr\/daac\/journees_nature06\/","title":{"rendered":"Journees Nature 06"},"content":{"rendered":"<p>[et_pb_section fb_built=\u00a0\u00bb1&Prime; specialty=\u00a0\u00bbon\u00a0\u00bb _builder_version=\u00a0\u00bb4.10.7&Prime; _module_preset=\u00a0\u00bbdefault\u00a0\u00bb global_colors_info=\u00a0\u00bb{}\u00a0\u00bb][et_pb_column type=\u00a0\u00bb1_3&Prime; _builder_version=\u00a0\u00bb3.25&Prime; custom_padding=\u00a0\u00bb|||\u00a0\u00bb global_colors_info=\u00a0\u00bb{}\u00a0\u00bb custom_padding__hover=\u00a0\u00bb|||\u00a0\u00bb][et_pb_text admin_label=\u00a0\u00bbLogo\u00a0\u00bb _builder_version=\u00a0\u00bb4.10.7&Prime; _module_preset=\u00a0\u00bbdefault\u00a0\u00bb global_colors_info=\u00a0\u00bb{}\u00a0\u00bb][\/et_pb_text][et_pb_text admin_label=\u00a0\u00bballez plus loin\u00a0\u00bb _builder_version=\u00a0\u00bb4.10.7&Prime; _module_preset=\u00a0\u00bbdefault\u00a0\u00bb global_colors_info=\u00a0\u00bb{}\u00a0\u00bb]<\/p>\n<p><a href=\"https:\/\/www.departement06.fr\/parcs-naturels-departementaux\/animations-groupe-etablissements-scolaires-et-centre-de-loisirs-7206.html\" target=\"_blank\" rel=\"noopener\"><img loading=\"lazy\" decoding=\"async\" class=\"aligncenter wp-image-7436\" src=\"https:\/\/www.pedagogie.ac-nice.fr\/daac\/wp-content\/uploads\/sites\/37\/2021\/10\/journees_nature06.png\" alt=\"\" width=\"188\" height=\"185\"><\/a><\/p>\n<p>[\/et_pb_text][et_pb_text admin_label=\u00a0\u00bbGrande Corniche\u00a0\u00bb _builder_version=\u00a0\u00bb4.10.7&Prime; _module_preset=\u00a0\u00bbdefault\u00a0\u00bb global_colors_info=\u00a0\u00bb{}\u00a0\u00bb]<\/p>\n<p><a href=\"https:\/\/www.departement06.fr\/les-parcs\/parc-de-la-grande-corniche-2115.html\" target=\"_blank\" rel=\"noopener\"><img loading=\"lazy\" decoding=\"async\" class=\"aligncenter wp-image-7410 size-full\" src=\"https:\/\/www.pedagogie.ac-nice.fr\/daac\/wp-content\/uploads\/sites\/37\/2021\/10\/corniche_visuel.png\" alt=\"\" width=\"240\" height=\"82\"><\/a><\/p>\n<p>[\/et_pb_text][et_pb_text admin_label=\u00a0\u00bbVaugrenier\u00a0\u00bb _builder_version=\u00a0\u00bb4.10.7&Prime; _module_preset=\u00a0\u00bbdefault\u00a0\u00bb global_colors_info=\u00a0\u00bb{}\u00a0\u00bb]<\/p>\n<p><a href=\"https:\/\/www.departement06.fr\/les-parcs\/parc-de-vaugrenier-2076.html\" target=\"_blank\" rel=\"noopener\"><img loading=\"lazy\" decoding=\"async\" class=\"aligncenter wp-image-7434 size-full\" src=\"https:\/\/www.pedagogie.ac-nice.fr\/daac\/wp-content\/uploads\/sites\/37\/2021\/10\/vaugrenier_visuel.png\" alt=\"\" width=\"243\" height=\"94\"><\/a><\/p>\n<p>[\/et_pb_text][et_pb_text admin_label=\u00a0\u00bbsdis06&Prime; _builder_version=\u00a0\u00bb4.10.7&Prime; _module_preset=\u00a0\u00bbdefault\u00a0\u00bb global_colors_info=\u00a0\u00bb{}\u00a0\u00bb]<\/p>\n<p style=\"text-align: center;\"><span style=\"color: #000000; font-size: 10pt;\"><strong>Atelier avec SDIS (Parc de Vaugrenier) &#8211; juin 2021<\/strong><\/span><img loading=\"lazy\" decoding=\"async\" class=\"wp-image-7415 aligncenter\" src=\"https:\/\/www.pedagogie.ac-nice.fr\/daac\/wp-content\/uploads\/sites\/37\/2021\/10\/journee_nat_3.jpg\" alt=\"\" width=\"246\" height=\"131\" srcset=\"https:\/\/www.pedagogie.ac-nice.fr\/daac\/wp-content\/uploads\/sites\/37\/2021\/10\/journee_nat_3.jpg 1280w, https:\/\/www.pedagogie.ac-nice.fr\/daac\/wp-content\/uploads\/sites\/37\/2021\/10\/journee_nat_3-300x160.jpg 300w, https:\/\/www.pedagogie.ac-nice.fr\/daac\/wp-content\/uploads\/sites\/37\/2021\/10\/journee_nat_3-1024x546.jpg 1024w, https:\/\/www.pedagogie.ac-nice.fr\/daac\/wp-content\/uploads\/sites\/37\/2021\/10\/journee_nat_3-768x409.jpg 768w, https:\/\/www.pedagogie.ac-nice.fr\/daac\/wp-content\/uploads\/sites\/37\/2021\/10\/journee_nat_3-1080x575.jpg 1080w\" sizes=\"(max-width: 246px) 100vw, 246px\" \/><\/p>\n<p>[\/et_pb_text][et_pb_text admin_label=\u00a0\u00bbLPO\u00a0\u00bb _builder_version=\u00a0\u00bb4.10.7&Prime; _module_preset=\u00a0\u00bbdefault\u00a0\u00bb global_colors_info=\u00a0\u00bb{}\u00a0\u00bb]<\/p>\n<p style=\"text-align: center;\"><span style=\"color: #000000; font-size: 10pt;\"><strong>Animation avec la LPO (Parc de Vaugrenier) &#8211; juin 2021<br \/><\/strong><\/span><img loading=\"lazy\" decoding=\"async\" class=\"alignnone  wp-image-7413\" src=\"https:\/\/www.pedagogie.ac-nice.fr\/daac\/wp-content\/uploads\/sites\/37\/2021\/10\/journee_nat_1.jpg\" alt=\"\" width=\"192\" height=\"128\" srcset=\"https:\/\/www.pedagogie.ac-nice.fr\/daac\/wp-content\/uploads\/sites\/37\/2021\/10\/journee_nat_1.jpg 1153w, https:\/\/www.pedagogie.ac-nice.fr\/daac\/wp-content\/uploads\/sites\/37\/2021\/10\/journee_nat_1-300x200.jpg 300w, https:\/\/www.pedagogie.ac-nice.fr\/daac\/wp-content\/uploads\/sites\/37\/2021\/10\/journee_nat_1-1024x682.jpg 1024w, https:\/\/www.pedagogie.ac-nice.fr\/daac\/wp-content\/uploads\/sites\/37\/2021\/10\/journee_nat_1-768x512.jpg 768w, https:\/\/www.pedagogie.ac-nice.fr\/daac\/wp-content\/uploads\/sites\/37\/2021\/10\/journee_nat_1-1080x719.jpg 1080w\" sizes=\"(max-width: 192px) 100vw, 192px\" \/><\/p>\n<p>[\/et_pb_text][\/et_pb_column][et_pb_column type=\u00a0\u00bb2_3&Prime; specialty_columns=\u00a0\u00bb2&Prime; _builder_version=\u00a0\u00bb3.25&Prime; custom_padding=\u00a0\u00bb|||\u00a0\u00bb global_colors_info=\u00a0\u00bb{}\u00a0\u00bb custom_padding__hover=\u00a0\u00bb|||\u00a0\u00bb][et_pb_row_inner _builder_version=\u00a0\u00bb4.10.7&Prime; _module_preset=\u00a0\u00bbdefault\u00a0\u00bb global_colors_info=\u00a0\u00bb{}\u00a0\u00bb][et_pb_column_inner saved_specialty_column_type=\u00a0\u00bb2_3&Prime; _builder_version=\u00a0\u00bb4.10.7&Prime; _module_preset=\u00a0\u00bbdefault\u00a0\u00bb global_colors_info=\u00a0\u00bb{}\u00a0\u00bb][et_pb_text admin_label=\u00a0\u00bbjournees nature\u00a0\u00bb _builder_version=\u00a0\u00bb4.10.7&Prime; _module_preset=\u00a0\u00bbdefault\u00a0\u00bb text_font=\u00a0\u00bbTrebuchet||||||||\u00a0\u00bb text_text_color=\u00a0\u00bb#000000&Prime; text_font_size=\u00a0\u00bb16px\u00a0\u00bb text_orientation=\u00a0\u00bbjustified\u00a0\u00bb hover_enabled=\u00a0\u00bb0&Prime; global_colors_info=\u00a0\u00bb{}\u00a0\u00bb sticky_enabled=\u00a0\u00bb0&Prime;]<\/p>\n<p style=\"text-align: center;\"><strong><span style=\"font-size: 18pt; color: #993366;\">Dispositif\u00a0 \u00ab\u00a0Journ\u00e9es Nature\u00a0\u00bb<\/span><br \/><span style=\"font-size: 18pt; color: #993366;\"> dans les parcs naturels d\u00e9partementaux<\/span><br \/><span style=\"color: #993366; font-size: 18pt;\"> Alpes Maritimes<\/span><br \/><\/strong><\/p>\n<p style=\"text-align: justify;\"><span style=\"color: #000000;\"><span dir=\"ltr\" role=\"presentation\">Chaque ann\u00e9e, le<strong> D\u00e9partement des Alpes <\/strong><\/span><strong><span dir=\"ltr\" role=\"presentation\">Maritimes <\/span><\/strong><span dir=\"ltr\" role=\"presentation\">organise des <strong>J<\/strong><\/span><strong><span dir=\"ltr\" role=\"presentation\">ourn\u00e9es N<\/span><span dir=\"ltr\" role=\"presentation\">ature <\/span><\/strong><span dir=\"ltr\" role=\"presentation\"><b>qui ont pour objectif d&rsquo;informer et de sensibiliser les coll\u00e9giens sur la diversit\u00e9 et la fragilit\u00e9 des milieux naturels ainsi que sur la pr\u00e9vention des incendies de for\u00eats<\/b>.<\/span><\/span><\/p>\n<p style=\"text-align: justify;\"><span style=\"color: #000000;\">Ce dispositif se pr\u00e9pare en amont en partenariat avec la DAAC avec appel \u00e0 projet, commission de choix des classes et journ\u00e9e de formation pour les enseignants des classes s\u00e9lectionn\u00e9es.<\/span><\/p>\n<p>Ces journ\u00e9es se d\u00e9rouleront les <strong><span style=\"color: #993366;\">03, 04, 06 et 07 juin 2024<\/span><\/strong>\u00a0simultan\u00e9ment sur les <span style=\"color: #993366;\"><strong>parcs naturels d\u00e9partementaux de Vaugrenier<\/strong> <strong>(Villeneuve-Loubet) et de la Grande Corniche (\u00c8ze)<\/strong><\/span>.<\/p>\n<p>Une journ\u00e9e enti\u00e8re d\u2019animation est propos\u00e9e \u00e0 chaque classe de coll\u00e8ge participante, suivant une plage horaire qui s\u2019\u00e9tend de 09h00 \u00e0 15h30. <strong>trois ateliers de d\u00e9couverte et d\u2019enseignement d\u2019une dur\u00e9e de 45 minutes<\/strong><span>\u00a0sont propos\u00e9s aux \u00e9l\u00e8ves ainsi qu&rsquo;<\/span><strong>un grand jeu.<\/strong><\/p>\n<p><span>Les coll\u00e9giens sont sensibilis\u00e9s aux missions des agents et des animateurs des Parcs d\u00e9partementaux mais \u00e9galement aux enjeux environnementaux et s\u00e9curitaires auxquels font face Force 06, SDIS 06, Plan\u00e8te Science M\u00e9diterran\u00e9e, la Ligue de Protection des Oiseaux, le Centre de D\u00e9couverte Mer et Montagne et\u00a0 les animateurs nature ou encore les gardes nature et les sylviculteurs qui g\u00e8rent la production et la r\u00e9colte du bois d\u2019une for\u00eat.<\/span><\/p>\n<p>Cette ann\u00e9e l\u2019accent est mis sur<span>\u00a0\u00ab\u00a0L&rsquo;eau, un bien pr\u00e9cieux\u00a0\u00bb<\/span><\/p>\n<p><a href=\"https:\/\/www.pedagogie.ac-nice.fr\/daac\/wp-content\/uploads\/sites\/37\/2024\/02\/Courrier_preinscription_Journees_Nature_2024_VF-1.pdf\" target=\"_blank\" rel=\"noopener\"><span style=\"color: #000000;\"><strong>Pour en savoir plus et candidater<\/strong><\/span><\/a><\/p>\n<p>[\/et_pb_text][\/et_pb_column_inner][\/et_pb_row_inner][et_pb_row_inner _builder_version=\u00a0\u00bb4.10.7&Prime; _module_preset=\u00a0\u00bbdefault\u00a0\u00bb global_colors_info=\u00a0\u00bb{}\u00a0\u00bb][et_pb_column_inner saved_specialty_column_type=\u00a0\u00bb2_3&Prime; _builder_version=\u00a0\u00bb4.10.7&Prime; _module_preset=\u00a0\u00bbdefault\u00a0\u00bb global_colors_info=\u00a0\u00bb{}\u00a0\u00bb][et_pb_divider _builder_version=\u00a0\u00bb4.10.7&Prime; _module_preset=\u00a0\u00bbdefault\u00a0\u00bb global_colors_info=\u00a0\u00bb{}\u00a0\u00bb][\/et_pb_divider][et_pb_text admin_label=\u00a0\u00bbjournees nature\u00a0\u00bb _builder_version=\u00a0\u00bb4.10.7&Prime; _module_preset=\u00a0\u00bbdefault\u00a0\u00bb text_font=\u00a0\u00bbTrebuchet||||||||\u00a0\u00bb text_text_color=\u00a0\u00bb#000000&Prime; hover_enabled=\u00a0\u00bb0&Prime; global_colors_info=\u00a0\u00bb{}\u00a0\u00bb sticky_enabled=\u00a0\u00bb0&Prime;]<\/p>\n<p><img loading=\"lazy\" decoding=\"async\" class=\"wp-image-11046 aligncenter\" src=\"https:\/\/www.pedagogie.ac-nice.fr\/daac\/wp-content\/uploads\/sites\/37\/2022\/01\/traces.jpg\" alt=\"\" width=\"281\" height=\"121\" srcset=\"https:\/\/www.pedagogie.ac-nice.fr\/daac\/wp-content\/uploads\/sites\/37\/2022\/01\/traces.jpg 681w, https:\/\/www.pedagogie.ac-nice.fr\/daac\/wp-content\/uploads\/sites\/37\/2022\/01\/traces-300x129.jpg 300w\" sizes=\"(max-width: 281px) 100vw, 281px\" \/><\/p>\n<p><span>Pour leur<strong>\u00a019\u00e8me \u00e9dition<\/strong>, les Journ\u00e9es Nature 2023 se sont d\u00e9roul\u00e9es du 05, 06, 07 et 09 Juin 2023\u00a0simultan\u00e9ment sur les parcs naturels d\u00e9partementaux de\u00a0<strong>Vaugrenier\u00a0<\/strong>(Villeneuve-Loubet) et de la\u00a0<strong>Grande Corniche<\/strong>\u00a0(Eze).<\/span><\/p>\n<p><span>Cette ann\u00e9e l\u2019accent a \u00e9t\u00e9 mis sur\u00a0<strong>les\u00a0<\/strong><strong>changements climatique et l\u2019impact des activit\u00e9s humaines.<\/strong><\/span><\/p>\n<p><span>Ainsi,\u00a0<strong>16 coll\u00e8ges, 32 classes<\/strong>\u00a0soit plus de\u00a0<strong>800 coll\u00e9giens<\/strong>\u00a0ont pu profiter de ce dispositif financ\u00e9 par le D\u00e9partement des Alpes maritimes et copilot\u00e9 par la DAAC.<\/span><\/p>\n<p style=\"text-align: justify;\"><span style=\"color: #000000;\"><strong>Charg\u00e9e de mission DAAC<\/strong><\/span><br \/><span style=\"color: #000000;\">Ingrid KNOLL, ingrid.knoll@ac-nice.fr<\/span><\/p>\n<p><span style=\"color: #000000;\"><strong>Pour le D\u00e9partement<\/strong><\/span><br \/><span style=\"color: #0000ff;\"><span style=\"color: #000000;\"> Marie-Agn\u00e8s BABIN, <span dir=\"ltr\" role=\"presentation\">Animatrice nature au CD06<\/span> <span dir=\"ltr\" role=\"presentation\">: <\/span><span dir=\"ltr\" role=\"presentation\">mababin@departement06.fr<\/span> <\/span><span style=\"font-size: 14pt;\"><strong>\u00a0<\/strong><\/span><\/span><\/p>\n<p>[\/et_pb_text][\/et_pb_column_inner][\/et_pb_row_inner][\/et_pb_column][\/et_pb_section]<\/p>\n","protected":false},"excerpt":{"rendered":"<p>Atelier avec SDIS (Parc de Vaugrenier) &#8211; juin 2021Animation avec la LPO (Parc de Vaugrenier) &#8211; juin 2021Dispositif\u00a0 \u00ab\u00a0Journ\u00e9es Nature\u00a0\u00bb dans les parcs naturels d\u00e9partementaux Alpes Maritimes Chaque ann\u00e9e, le D\u00e9partement des Alpes Maritimes organise des Journ\u00e9es Nature qui ont pour objectif d&rsquo;informer et de sensibiliser les coll\u00e9giens sur la diversit\u00e9 et la fragilit\u00e9 des [&hellip;]<\/p>\n","protected":false},"author":241,"featured_media":0,"parent":0,"menu_order":0,"comment_status":"closed","ping_status":"closed","template":"","meta":{"_et_pb_use_builder":"on","_et_pb_old_content":"","_et_gb_content_width":"","ngg_post_thumbnail":0,"footnotes":""},"class_list":["post-7395","page","type-page","status-publish","hentry"],"rttpg_featured_image_url":null,"rttpg_author":{"display_name":"daacadmin","author_link":"https:\/\/www.pedagogie.ac-nice.fr\/daac\/author\/daacadmin\/"},"rttpg_comment":0,"rttpg_category":null,"rttpg_excerpt":"Atelier avec SDIS (Parc de Vaugrenier) - juin 2021Animation avec la LPO (Parc de Vaugrenier) - juin 2021Dispositif\u00a0 \"Journ\u00e9es Nature\" dans les parcs naturels d\u00e9partementaux Alpes Maritimes Chaque ann\u00e9e, le D\u00e9partement des Alpes Maritimes organise des Journ\u00e9es Nature qui ont pour objectif d'informer et de sensibiliser les coll\u00e9giens sur la diversit\u00e9 et la fragilit\u00e9 des\u2026","post_mailing_queue_ids":[],"_links":{"self":[{"href":"https:\/\/www.pedagogie.ac-nice.fr\/daac\/wp-json\/wp\/v2\/pages\/7395","targetHints":{"allow":["GET"]}}],"collection":[{"href":"https:\/\/www.pedagogie.ac-nice.fr\/daac\/wp-json\/wp\/v2\/pages"}],"about":[{"href":"https:\/\/www.pedagogie.ac-nice.fr\/daac\/wp-json\/wp\/v2\/types\/page"}],"author":[{"embeddable":true,"href":"https:\/\/www.pedagogie.ac-nice.fr\/daac\/wp-json\/wp\/v2\/users\/241"}],"replies":[{"embeddable":true,"href":"https:\/\/www.pedagogie.ac-nice.fr\/daac\/wp-json\/wp\/v2\/comments?post=7395"}],"version-history":[{"count":24,"href":"https:\/\/www.pedagogie.ac-nice.fr\/daac\/wp-json\/wp\/v2\/pages\/7395\/revisions"}],"predecessor-version":[{"id":15444,"href":"https:\/\/www.pedagogie.ac-nice.fr\/daac\/wp-json\/wp\/v2\/pages\/7395\/revisions\/15444"}],"wp:attachment":[{"href":"https:\/\/www.pedagogie.ac-nice.fr\/daac\/wp-json\/wp\/v2\/media?parent=7395"}],"curies":[{"name":"wp","href":"https:\/\/api.w.org\/{rel}","templated":true}]}}