{"id":7501,"date":"2021-10-04T20:47:27","date_gmt":"2021-10-04T18:47:27","guid":{"rendered":"https:\/\/www.pedagogie.ac-nice.fr\/daac\/?page_id=7501"},"modified":"2023-02-21T17:18:46","modified_gmt":"2023-02-21T16:18:46","slug":"concours-bulles-de-memoire","status":"publish","type":"page","link":"https:\/\/www.pedagogie.ac-nice.fr\/daac\/concours-bulles-de-memoire\/","title":{"rendered":"Concours Bulles de M\u00e9moire"},"content":{"rendered":"<p>[et_pb_section fb_built=\u00a0\u00bb1&Prime; _builder_version=\u00a0\u00bb4.10.7&Prime; _module_preset=\u00a0\u00bbdefault\u00a0\u00bb global_colors_info=\u00a0\u00bb{}\u00a0\u00bb][et_pb_row column_structure=\u00a0\u00bb2_5,3_5&Prime; _builder_version=\u00a0\u00bb4.10.7&Prime; _module_preset=\u00a0\u00bbdefault\u00a0\u00bb global_colors_info=\u00a0\u00bb{}\u00a0\u00bb][et_pb_column type=\u00a0\u00bb2_5&Prime; _builder_version=\u00a0\u00bb4.10.7&Prime; _module_preset=\u00a0\u00bbdefault\u00a0\u00bb global_colors_info=\u00a0\u00bb{}\u00a0\u00bb][et_pb_text admin_label=\u00a0\u00bblogo patrimoine &#038; memoire\u00a0\u00bb _builder_version=\u00a0\u00bb4.10.7&Prime; _module_preset=\u00a0\u00bbdefault\u00a0\u00bb global_colors_info=\u00a0\u00bb{}\u00a0\u00bb]<\/p>\n<p><img loading=\"lazy\" decoding=\"async\" class=\"size-full wp-image-5925 aligncenter\" src=\"https:\/\/www.pedagogie.ac-nice.fr\/daac\/wp-content\/uploads\/sites\/37\/2021\/09\/patrimoine_memoires.png\" alt=\"\" width=\"347\" height=\"222\" srcset=\"https:\/\/www.pedagogie.ac-nice.fr\/daac\/wp-content\/uploads\/sites\/37\/2021\/09\/patrimoine_memoires.png 347w, https:\/\/www.pedagogie.ac-nice.fr\/daac\/wp-content\/uploads\/sites\/37\/2021\/09\/patrimoine_memoires-300x192.png 300w\" sizes=\"(max-width: 347px) 100vw, 347px\" \/><\/p>\n<p>[\/et_pb_text][et_pb_divider _builder_version=\u00a0\u00bb4.10.7&Prime; _module_preset=\u00a0\u00bbdefault\u00a0\u00bb global_colors_info=\u00a0\u00bb{}\u00a0\u00bb][\/et_pb_divider][et_pb_text admin_label=\u00a0\u00bbAffiche \u00e9dition 2021&Prime; _builder_version=\u00a0\u00bb4.10.7&Prime; _module_preset=\u00a0\u00bbdefault\u00a0\u00bb global_colors_info=\u00a0\u00bb{}\u00a0\u00bb]<\/p>\n<p style=\"text-align: center;\"><span style=\"color: #ff00ff;\"><strong><span style=\"font-size: 18pt;\"><a href=\"https:\/\/www.pedagogie.ac-nice.fr\/daac\/wp-content\/uploads\/sites\/37\/2021\/10\/afiche_edition_2021.jpg\" target=\"_blank\" rel=\"noopener\"><img loading=\"lazy\" decoding=\"async\" class=\"aligncenter wp-image-7504\" src=\"https:\/\/www.pedagogie.ac-nice.fr\/daac\/wp-content\/uploads\/sites\/37\/2021\/10\/afiche_edition_2021.jpg\" alt=\"\" width=\"326\" height=\"462\" srcset=\"https:\/\/www.pedagogie.ac-nice.fr\/daac\/wp-content\/uploads\/sites\/37\/2021\/10\/afiche_edition_2021.jpg 391w, https:\/\/www.pedagogie.ac-nice.fr\/daac\/wp-content\/uploads\/sites\/37\/2021\/10\/afiche_edition_2021-212x300.jpg 212w\" sizes=\"(max-width: 326px) 100vw, 326px\" \/><\/a><\/span><\/strong><\/span><\/p>\n<p>[\/et_pb_text][\/et_pb_column][et_pb_column type=\u00a0\u00bb3_5&Prime; _builder_version=\u00a0\u00bb4.10.7&Prime; _module_preset=\u00a0\u00bbdefault\u00a0\u00bb global_colors_info=\u00a0\u00bb{}\u00a0\u00bb][et_pb_text _builder_version=\u00a0\u00bb4.10.7&Prime; _module_preset=\u00a0\u00bbdefault\u00a0\u00bb hover_enabled=\u00a0\u00bb0&Prime; global_colors_info=\u00a0\u00bb{}\u00a0\u00bb text_font=\u00a0\u00bbTrebuchet||||||||\u00a0\u00bb sticky_enabled=\u00a0\u00bb0&Prime;]<\/p>\n<p style=\"text-align: center;\"><span style=\"color: #993366;\"><strong><span style=\"font-size: 18pt;\">Concours \u00ab\u00a0Bulles de m\u00e9moire\u00a0\u00bb<br \/><\/span><\/strong>\u00ab\u00a0<b>la jeunesse face \u00e0 la guerre<\/b> \u00bb<\/span><\/p>\n<p style=\"text-align: justify;\"><span style=\"color: #000000;\">Pour vous accompagner dans votre participation \u00e0 la 8\u00e8me \u00e9dition du concours \u00ab\u00a0<b>Bulles de m\u00e9moire \u2013 les grands conflits du XXe si\u00e8cle racont\u00e9s en BD<\/b> \u00bb organis\u00e9 par l&rsquo;ONAC-VG, dont le th\u00e8me est \u00ab\u00a0<b>la jeunesse face \u00e0 la guerre<\/b> \u00bb, la DAAC vous rappelle que les partenaires culturels du territoire peuvent vous aider dans sa mise en \u0153uvre :\u00a0\u00a0<\/span><\/p>\n<p class=\"v1MsoNormal\" style=\"text-align: justify;\"><span style=\"color: #000000;\"><strong>Sur le territoire de Toulon<br \/><\/strong><strong>Avec le Mus\u00e9e de la Marine<\/strong> : visite scolaire sur les 2 conflits mondiaux, \u00ab Toulon de 1914 \u00e0 1945 : d&rsquo;une guerre \u00e0 l&rsquo;autre \u00bb.<br \/>Et \u00e0 l&rsquo;occasion du th\u00e8me du concours de cette ann\u00e9e, visite centr\u00e9e sur l&rsquo;histoire de D\u00e9sir\u00e9 Bianco, jeune gar\u00e7on de 13 ans (mettre un lien vers cet article de Nice matin : <a style=\"color: #000000;\" href=\"https:\/\/www.pressreader.com\/france\/nice-matin-cannes\/20181111\/281552291881169\" target=\"_blank\" rel=\"noopener noreferrer\">https:\/\/www.pressreader.com\/france\/nice-matin-cannes\/20181111\/281552291881169<\/a>), embarqu\u00e9 clandestinement \u00e0 Toulon et mort aux Dardanelles.<br \/>Il est consid\u00e9r\u00e9 comme le plus jeune \u00ab mort pour la France \u00bb du conflit 14-18 !\u00a0<\/span><\/p>\n<p class=\"v1MsoNormal\" style=\"text-align: justify;\"><span style=\"color: #000000;\">&#8211;<strong>Avec le M\u00e9morial du D\u00e9barquement du Mont Faron, Toulon<\/strong><\/span><\/p>\n<p class=\"v1MsoNormal\" style=\"text-align: justify;\"><span style=\"color: #000000;\"><strong>Sur le territoire de Draguignan<\/strong><br \/>avec le Cimeti\u00e8re Am\u00e9ricain, le mus\u00e9e de l&rsquo;Artillerie<\/span><\/p>\n<p class=\"v1MsoNormal\" style=\"text-align: justify;\"><span style=\"color: #000000;\"><strong>Sur le territoire de Fr\u00e9jus-Saint-Rapha\u00ebl<\/strong><br \/>avec le Mus\u00e9e des Troupes de marines, les plages du D\u00e9barquement (Dramont)<\/span><\/p>\n<p class=\"v1MsoNormal\" style=\"text-align: justify;\"><span style=\"color: #000000;\">Le r\u00e8glement du concours, ainsi que des fiches et ressources p\u00e9dagogiques peuvent \u00eatre adress\u00e9s sur simple demande \u00e0 tout enseignant, \u00e9l\u00e8ve ou encadrant qui souhaite participer au concours.<\/span><\/p>\n<p style=\"text-align: center;\"><span style=\"color: #000000;\"><strong><span style=\"font-size: 14pt;\">A rendre jusqu&rsquo;au 31 janvier 2022<\/span><\/strong><\/span><\/p>\n<p><span style=\"color: #000000;\">La r\u00e9f\u00e9rente du concours en PACA\u00a0: Laetitia VION <a style=\"color: #000000;\" href=\"mailto:laetitia.vion@onacvg.fr\" rel=\"noreferrer\">laetitia.vion@onacvg.fr<\/a><\/span><\/p>\n<p class=\"v1MsoNormal\" style=\"text-align: justify;\"><span style=\"color: #000000;\">Sur le concours\u00a0: <a style=\"color: #000000;\" href=\"https:\/\/www.onac-vg.fr\/bulles-de-memoire\" target=\"_blank\" rel=\"noopener noreferrer\">https:\/\/www.onac-vg.fr\/bulles-de-memoire<\/a><\/span><\/p>\n<p>[\/et_pb_text][\/et_pb_column][\/et_pb_row][\/et_pb_section]<\/p>\n","protected":false},"excerpt":{"rendered":"<p>Concours \u00ab\u00a0Bulles de m\u00e9moire\u00a0\u00bb\u00ab\u00a0la jeunesse face \u00e0 la guerre \u00bb Pour vous accompagner dans votre participation \u00e0 la 8\u00e8me \u00e9dition du concours \u00ab\u00a0Bulles de m\u00e9moire \u2013 les grands conflits du XXe si\u00e8cle racont\u00e9s en BD \u00bb organis\u00e9 par l&rsquo;ONAC-VG, dont le th\u00e8me est \u00ab\u00a0la jeunesse face \u00e0 la guerre \u00bb, la DAAC vous rappelle que [&hellip;]<\/p>\n","protected":false},"author":241,"featured_media":0,"parent":0,"menu_order":0,"comment_status":"closed","ping_status":"closed","template":"","meta":{"_et_pb_use_builder":"on","_et_pb_old_content":"","_et_gb_content_width":"","ngg_post_thumbnail":0,"footnotes":""},"class_list":["post-7501","page","type-page","status-publish","hentry"],"rttpg_featured_image_url":null,"rttpg_author":{"display_name":"daacadmin","author_link":"https:\/\/www.pedagogie.ac-nice.fr\/daac\/author\/daacadmin\/"},"rttpg_comment":0,"rttpg_category":null,"rttpg_excerpt":"Concours \"Bulles de m\u00e9moire\"\u00ab\u00a0la jeunesse face \u00e0 la guerre \u00bb Pour vous accompagner dans votre participation \u00e0 la 8\u00e8me \u00e9dition du concours \u00ab\u00a0Bulles de m\u00e9moire \u2013 les grands conflits du XXe si\u00e8cle racont\u00e9s en BD \u00bb organis\u00e9 par l'ONAC-VG, dont le th\u00e8me est \u00ab\u00a0la jeunesse face \u00e0 la guerre \u00bb, la DAAC vous rappelle que\u2026","post_mailing_queue_ids":[],"_links":{"self":[{"href":"https:\/\/www.pedagogie.ac-nice.fr\/daac\/wp-json\/wp\/v2\/pages\/7501","targetHints":{"allow":["GET"]}}],"collection":[{"href":"https:\/\/www.pedagogie.ac-nice.fr\/daac\/wp-json\/wp\/v2\/pages"}],"about":[{"href":"https:\/\/www.pedagogie.ac-nice.fr\/daac\/wp-json\/wp\/v2\/types\/page"}],"author":[{"embeddable":true,"href":"https:\/\/www.pedagogie.ac-nice.fr\/daac\/wp-json\/wp\/v2\/users\/241"}],"replies":[{"embeddable":true,"href":"https:\/\/www.pedagogie.ac-nice.fr\/daac\/wp-json\/wp\/v2\/comments?post=7501"}],"version-history":[{"count":6,"href":"https:\/\/www.pedagogie.ac-nice.fr\/daac\/wp-json\/wp\/v2\/pages\/7501\/revisions"}],"predecessor-version":[{"id":14738,"href":"https:\/\/www.pedagogie.ac-nice.fr\/daac\/wp-json\/wp\/v2\/pages\/7501\/revisions\/14738"}],"wp:attachment":[{"href":"https:\/\/www.pedagogie.ac-nice.fr\/daac\/wp-json\/wp\/v2\/media?parent=7501"}],"curies":[{"name":"wp","href":"https:\/\/api.w.org\/{rel}","templated":true}]}}