{"id":7849,"date":"2021-10-12T23:19:34","date_gmt":"2021-10-12T21:19:34","guid":{"rendered":"https:\/\/www.pedagogie.ac-nice.fr\/daac\/?page_id=7849"},"modified":"2023-02-21T12:03:06","modified_gmt":"2023-02-21T11:03:06","slug":"danse-a-toulon","status":"publish","type":"page","link":"https:\/\/www.pedagogie.ac-nice.fr\/daac\/danse-a-toulon\/","title":{"rendered":"Danse \u00e0 Toulon"},"content":{"rendered":"<p>[et_pb_section fb_built=\u00a0\u00bb1&Prime; _builder_version=\u00a0\u00bb4.10.7&Prime; _module_preset=\u00a0\u00bbdefault\u00a0\u00bb global_colors_info=\u00a0\u00bb{}\u00a0\u00bb][et_pb_row column_structure=\u00a0\u00bb2_5,3_5&Prime; _builder_version=\u00a0\u00bb4.10.7&Prime; _module_preset=\u00a0\u00bbdefault\u00a0\u00bb global_colors_info=\u00a0\u00bb{}\u00a0\u00bb][et_pb_column type=\u00a0\u00bb2_5&Prime; _builder_version=\u00a0\u00bb4.10.7&Prime; _module_preset=\u00a0\u00bbdefault\u00a0\u00bb global_colors_info=\u00a0\u00bb{}\u00a0\u00bb][et_pb_text admin_label=\u00a0\u00bblogo_danse\u00a0\u00bb _builder_version=\u00a0\u00bb4.10.7&Prime; _module_preset=\u00a0\u00bbdefault\u00a0\u00bb global_colors_info=\u00a0\u00bb{}\u00a0\u00bb]<\/p>\n<p><a href=\"https:\/\/www.pedagogie.ac-nice.fr\/daac\/domaine-danse-asv\/\" target=\"_blank\" rel=\"noopener\"><img loading=\"lazy\" decoding=\"async\" class=\"aligncenter wp-image-5923 size-full\" src=\"https:\/\/www.pedagogie.ac-nice.fr\/daac\/wp-content\/uploads\/sites\/37\/2021\/09\/danse.png\" alt=\"\" width=\"346\" height=\"221\" srcset=\"https:\/\/www.pedagogie.ac-nice.fr\/daac\/wp-content\/uploads\/sites\/37\/2021\/09\/danse.png 346w, https:\/\/www.pedagogie.ac-nice.fr\/daac\/wp-content\/uploads\/sites\/37\/2021\/09\/danse-300x192.png 300w\" sizes=\"(max-width: 346px) 100vw, 346px\" \/><\/a><\/p>\n<p>[\/et_pb_text][et_pb_text admin_label=\u00a0\u00bbporteuses projet\u00a0\u00bb _builder_version=\u00a0\u00bb4.10.7&Prime; _module_preset=\u00a0\u00bbdefault\u00a0\u00bb text_font=\u00a0\u00bbTrebuchet||||||||\u00a0\u00bb global_colors_info=\u00a0\u00bb{}\u00a0\u00bb]<\/p>\n<p><span style=\"color: #000000;\"><strong>Projet p\u00e9dagogique men\u00e9 par<\/strong><\/span><br \/><span style=\"color: #000000;\"><strong>Madame Fillol<\/strong>, professeure de Fran\u00e7ais en charge de l&rsquo;option th\u00e9\u00e2tre,<\/span><br \/><span style=\"color: #000000;\"><strong>Madame Ridel<\/strong>, professeure Documentaliste, r\u00e9f\u00e9rente culture,<\/span><br \/><span style=\"color: #000000;\"><strong>Madame Bouillard<\/strong>, professeure de Philosophie, charg\u00e9e de mission DAAC \u00ab\u00a0Danse\u00a0\u00bb dans le Var.<\/span><\/p>\n<p>[\/et_pb_text][et_pb_divider _builder_version=\u00a0\u00bb4.10.7&Prime; _module_preset=\u00a0\u00bbdefault\u00a0\u00bb global_colors_info=\u00a0\u00bb{}\u00a0\u00bb][\/et_pb_divider][et_pb_text admin_label=\u00a0\u00bbmutualisation\u00a0\u00bb _builder_version=\u00a0\u00bb4.10.7&Prime; _module_preset=\u00a0\u00bbdefault\u00a0\u00bb text_font=\u00a0\u00bbTrebuchet||||||||\u00a0\u00bb text_text_color=\u00a0\u00bb#000000&Prime; global_colors_info=\u00a0\u00bb{}\u00a0\u00bb]<\/p>\n<p style=\"text-align: justify;\"><span style=\"color: #000000;\">Le coll\u00e8ge du Castellet et le lyc\u00e9e Bonaparte ont mutualis\u00e9 les moyens et partag\u00e9 les co\u00fbts pour mener \u00e0 bien ce projet p\u00e9dagogique bas\u00e9 sur l&rsquo;intervention du G.U.I.D. Toute l&rsquo;\u00e9quipe p\u00e9dagogique s&rsquo;est impliqu\u00e9e dans ce projet,\u00a0 men\u00e9 par Mesdames Fillol, Bouillard et Ridel* en partenariat avec le Ballet Preljocaj &#8211; pavillon noir,\u00a0 Aix-en-Provence et son responsable artistique, Guillaume Siard.<\/span><\/p>\n<p>[\/et_pb_text][et_pb_divider _builder_version=\u00a0\u00bb4.10.7&Prime; _module_preset=\u00a0\u00bbdefault\u00a0\u00bb global_colors_info=\u00a0\u00bb{}\u00a0\u00bb][\/et_pb_divider][et_pb_text admin_label=\u00a0\u00bboeuvres jou\u00e9es\u00a0\u00bb _builder_version=\u00a0\u00bb4.10.7&Prime; _module_preset=\u00a0\u00bbdefault\u00a0\u00bb text_font=\u00a0\u00bbTrebuchet||||||||\u00a0\u00bb global_colors_info=\u00a0\u00bb{}\u00a0\u00bb]<\/p>\n<p style=\"text-align: justify;\"><span style=\"color: #000000;\">La repr\u00e9sentation a permis de d\u00e9couvrir des extraits tr\u00e8s vari\u00e9s de spectacles tels que <strong>La Stravaganza<\/strong> (1997), <strong>March\u00e9 noir<\/strong> (1984), <strong>Paysage apr\u00e8s la bataille<\/strong> (1997), <strong>Still Life<\/strong> (2017), <strong>Winterreise<\/strong> (2019) <strong>Ghost<\/strong> (2018), <strong>Gravit\u00e9<\/strong> (2018) allant ainsi de la musique baroque, au texte lu, jusqu\u2019\u00e0 la musique \u00e9lectronique.<\/span><\/p>\n<p>[\/et_pb_text][\/et_pb_column][et_pb_column type=\u00a0\u00bb3_5&Prime; _builder_version=\u00a0\u00bb4.10.7&Prime; _module_preset=\u00a0\u00bbdefault\u00a0\u00bb global_colors_info=\u00a0\u00bb{}\u00a0\u00bb][et_pb_text _builder_version=\u00a0\u00bb4.10.7&Prime; _module_preset=\u00a0\u00bbdefault\u00a0\u00bb text_font=\u00a0\u00bbTrebuchet||||||||\u00a0\u00bb global_colors_info=\u00a0\u00bb{}\u00a0\u00bb]<\/p>\n<p style=\"text-align: center;\"><span style=\"font-size: 14pt; color: #993366;\"><strong>Repr\u00e9sentation \u00ab\u00a0Hors les murs\u00a0\u00bb en milieu scolaire<\/strong><\/span><br \/><span style=\"font-size: 14pt; color: #993366;\"><strong>Ballet Preljocaj &#8211; Bassin de Toulon<\/strong><\/span><\/p>\n<p style=\"text-align: justify;\"><span style=\"color: #000000;\">Le <strong>GUID, Groupe Urbain d&rsquo;Intervention Dans\u00e9e<\/strong>, cr\u00e9\u00e9 en 1988 par <strong>Angelin Preljocaj<\/strong> m\u00e8ne la danse dans des lieux inattendus en pr\u00e9sentant des extraits du r\u00e9pertoire de sa compagnie.<\/span><\/p>\n<p style=\"text-align: justify;\"><span style=\"color: #000000;\">C\u2019est dans la cour du lyc\u00e9e Bonaparte que les danseurs se sont repr\u00e9sent\u00e9s jeudi 30 septembre, devant 145 \u00e9l\u00e8ves de seconde, de premi\u00e8re et de terminales du Lyc\u00e9e Bonaparte, 400 coll\u00e9giens du coll\u00e8ge Le Castellet (de la 6\u00e8me \u00e0 la 3\u00e8me) et des professeurs. Ils ont p\u00fb alors tous profiter de la chance de voir la danse contemporaine venir \u00e0 eux, les surprendre dans leur cadre de vie lyc\u00e9enne habituelle \u00ab\u00a0Hors les Murs\u00a0\u00bb.<\/span><\/p>\n<p style=\"text-align: justify;\"><span style=\"color: #000000;\">C\u2019est avant tout la proximit\u00e9 des danseurs avec eux qui a touch\u00e9 les \u00e9l\u00e8ves. Mais tr\u00e8s vite, ils ont s\u00fb appr\u00e9cier la virtuosit\u00e9 des danseurs, la rigueur de leur mouvement, l\u2019invenivit\u00e9 formelle du chor\u00e9graphe, et la diversit\u00e9 du choix des musiques.<br \/><\/span><\/p>\n<p style=\"text-align: justify;\"><span style=\"color: #000000;\">A l\u2019issue de la repr\u00e9sentation, les danseurs se sont pr\u00eat\u00e9s au jeu des questions-r\u00e9ponses avec les jeunes spectateurs. Ils ont alors r\u00e9pondu \u00e0 leur avidit\u00e9 de conna\u00eetre les d\u00e9tails pratiques du d\u00e9roulement des r\u00e9p\u00e9titions, des auditions, de leurs voyages. Des questions plus vastes sur ce que leur apporte la danse, sur l\u2019apport des diff\u00e9rentes nationalit\u00e9s dans la troupe ou sur l\u2019apr\u00e8s-confinement, ont permis aux danseurs d\u2019expliquer la libert\u00e9 d\u2019expression qu\u2019offre la danse: le corps reste un moyen de communication singulier, riche et lib\u00e9rateur.<\/span><\/p>\n<p style=\"text-align: justify;\"><span style=\"color: #000000;\">En classe, le retour des \u00e9l\u00e8ves \u00e9tait enthousiaste : \u201c<strong><em>une vraie rupture dans notre quotidien<\/em><\/strong>\u201d, \u201c<strong><em>une ouverture sur un monde que l\u2019on ne conna\u00eet pas<\/em><\/strong> !\u201d<\/span><br \/><span style=\"color: #000000;\">Ils ont spontan\u00e9ment fait part de leurs \u00e9motions : \u201c<strong><em>c\u2019\u00e9tait tr\u00e8s beau, tr\u00e8s inspirant<\/em><\/strong>. Les lyc\u00e9ens ont \u00e9galement manifest\u00e9 leur admiration pour la technique des danseurs, r\u00e9alisant \u00e0 quel point le spectacle vivant \u00e9tait diff\u00e9rent \u201cen vrai\u201d et \u00e0 quel point le plaisir de danser pouvait \u00eatre communicatif et contagieux !<\/span><\/p>\n<p style=\"text-align: center;\"><span style=\"color: #993366;\"><strong>La volont\u00e9 du GUID d\u2019offrir la danse \u00e0 tous s\u2019est av\u00e9r\u00e9e \u00eatre un tr\u00e8s beau cadeau !<\/strong><\/span><\/p>\n<p><span style=\"color: #000000;\">Coordination acad\u00e9mique DAAC :\u00a0<\/span><br \/><span style=\"color: #000000;\"> Muriel Colin, coordinatrice acad\u00e9mique Danse<\/span><br \/><span style=\"color: #000000;\"> <a style=\"color: #000000;\" title=\"Composer un message \u00e0 artspectaclevivantdaac@ac-nice.fr\" target=\"_blank\" rel=\"noopener\">muriel.colin@ac-nice.fr<\/a><\/span><\/p>\n<p style=\"text-align: justify;\"><span style=\"font-size: 12pt;\"><span style=\"font-family: sans-serif;\"><span style=\"font-family: georgia, palatino, serif;\"><br \/><\/span> <\/span><\/span><\/p>\n<p style=\"text-align: justify;\">[\/et_pb_text][\/et_pb_column][\/et_pb_row][\/et_pb_section][et_pb_section fb_built=\u00a0\u00bb1&Prime; _builder_version=\u00a0\u00bb4.10.7&Prime; _module_preset=\u00a0\u00bbdefault\u00a0\u00bb global_colors_info=\u00a0\u00bb{}\u00a0\u00bb][et_pb_row column_structure=\u00a0\u00bb1_3,1_3,1_3&Prime; _builder_version=\u00a0\u00bb4.10.7&Prime; _module_preset=\u00a0\u00bbdefault\u00a0\u00bb global_colors_info=\u00a0\u00bb{}\u00a0\u00bb][et_pb_column type=\u00a0\u00bb1_3&Prime; _builder_version=\u00a0\u00bb4.10.7&Prime; _module_preset=\u00a0\u00bbdefault\u00a0\u00bb global_colors_info=\u00a0\u00bb{}\u00a0\u00bb][et_pb_text admin_label=\u00a0\u00bbphoto1&Prime; _builder_version=\u00a0\u00bb4.10.7&Prime; _module_preset=\u00a0\u00bbdefault\u00a0\u00bb custom_margin=\u00a0\u00bb-161px|||||\u00a0\u00bb global_colors_info=\u00a0\u00bb{}\u00a0\u00bb]<\/p>\n<p><img loading=\"lazy\" decoding=\"async\" class=\"size-full wp-image-7853 aligncenter\" src=\"https:\/\/www.pedagogie.ac-nice.fr\/daac\/wp-content\/uploads\/sites\/37\/2021\/10\/Var_danse_photo1.jpg\" alt=\"\" width=\"1080\" height=\"1920\" srcset=\"https:\/\/www.pedagogie.ac-nice.fr\/daac\/wp-content\/uploads\/sites\/37\/2021\/10\/Var_danse_photo1.jpg 1080w, https:\/\/www.pedagogie.ac-nice.fr\/daac\/wp-content\/uploads\/sites\/37\/2021\/10\/Var_danse_photo1-169x300.jpg 169w, https:\/\/www.pedagogie.ac-nice.fr\/daac\/wp-content\/uploads\/sites\/37\/2021\/10\/Var_danse_photo1-576x1024.jpg 576w, https:\/\/www.pedagogie.ac-nice.fr\/daac\/wp-content\/uploads\/sites\/37\/2021\/10\/Var_danse_photo1-768x1365.jpg 768w, https:\/\/www.pedagogie.ac-nice.fr\/daac\/wp-content\/uploads\/sites\/37\/2021\/10\/Var_danse_photo1-864x1536.jpg 864w\" sizes=\"(max-width: 1080px) 100vw, 1080px\" \/><\/p>\n<p>[\/et_pb_text][\/et_pb_column][et_pb_column type=\u00a0\u00bb1_3&Prime; _builder_version=\u00a0\u00bb4.10.7&Prime; _module_preset=\u00a0\u00bbdefault\u00a0\u00bb global_colors_info=\u00a0\u00bb{}\u00a0\u00bb][et_pb_text admin_label=\u00a0\u00bbphoto3&Prime; _builder_version=\u00a0\u00bb4.10.7&Prime; _module_preset=\u00a0\u00bbdefault\u00a0\u00bb custom_margin=\u00a0\u00bb-162px|||||\u00a0\u00bb global_colors_info=\u00a0\u00bb{}\u00a0\u00bb]<\/p>\n<p><img loading=\"lazy\" decoding=\"async\" class=\"alignnone size-full wp-image-7920 aligncenter\" src=\"https:\/\/www.pedagogie.ac-nice.fr\/daac\/wp-content\/uploads\/sites\/37\/2021\/10\/var_danse_photo3.jpg\" alt=\"\" width=\"1080\" height=\"1920\" srcset=\"https:\/\/www.pedagogie.ac-nice.fr\/daac\/wp-content\/uploads\/sites\/37\/2021\/10\/var_danse_photo3.jpg 1080w, https:\/\/www.pedagogie.ac-nice.fr\/daac\/wp-content\/uploads\/sites\/37\/2021\/10\/var_danse_photo3-169x300.jpg 169w, https:\/\/www.pedagogie.ac-nice.fr\/daac\/wp-content\/uploads\/sites\/37\/2021\/10\/var_danse_photo3-576x1024.jpg 576w, https:\/\/www.pedagogie.ac-nice.fr\/daac\/wp-content\/uploads\/sites\/37\/2021\/10\/var_danse_photo3-768x1365.jpg 768w, https:\/\/www.pedagogie.ac-nice.fr\/daac\/wp-content\/uploads\/sites\/37\/2021\/10\/var_danse_photo3-864x1536.jpg 864w\" sizes=\"(max-width: 1080px) 100vw, 1080px\" \/><\/p>\n<p>[\/et_pb_text][\/et_pb_column][et_pb_column type=\u00a0\u00bb1_3&Prime; _builder_version=\u00a0\u00bb4.10.7&Prime; _module_preset=\u00a0\u00bbdefault\u00a0\u00bb global_colors_info=\u00a0\u00bb{}\u00a0\u00bb][et_pb_text admin_label=\u00a0\u00bbphoto2&Prime; _builder_version=\u00a0\u00bb4.10.7&Prime; _module_preset=\u00a0\u00bbdefault\u00a0\u00bb custom_margin=\u00a0\u00bb-162px|||||\u00a0\u00bb global_colors_info=\u00a0\u00bb{}\u00a0\u00bb]<\/p>\n<p><img loading=\"lazy\" decoding=\"async\" class=\"size-full wp-image-7852 aligncenter\" src=\"https:\/\/www.pedagogie.ac-nice.fr\/daac\/wp-content\/uploads\/sites\/37\/2021\/10\/Var_danse_photo2.jpg\" alt=\"\" width=\"1080\" height=\"1920\" srcset=\"https:\/\/www.pedagogie.ac-nice.fr\/daac\/wp-content\/uploads\/sites\/37\/2021\/10\/Var_danse_photo2.jpg 1080w, https:\/\/www.pedagogie.ac-nice.fr\/daac\/wp-content\/uploads\/sites\/37\/2021\/10\/Var_danse_photo2-169x300.jpg 169w, https:\/\/www.pedagogie.ac-nice.fr\/daac\/wp-content\/uploads\/sites\/37\/2021\/10\/Var_danse_photo2-576x1024.jpg 576w, https:\/\/www.pedagogie.ac-nice.fr\/daac\/wp-content\/uploads\/sites\/37\/2021\/10\/Var_danse_photo2-768x1365.jpg 768w, https:\/\/www.pedagogie.ac-nice.fr\/daac\/wp-content\/uploads\/sites\/37\/2021\/10\/Var_danse_photo2-864x1536.jpg 864w\" sizes=\"(max-width: 1080px) 100vw, 1080px\" \/><\/p>\n<p>[\/et_pb_text][\/et_pb_column][\/et_pb_row][\/et_pb_section]<\/p>\n","protected":false},"excerpt":{"rendered":"<p>Projet p\u00e9dagogique men\u00e9 parMadame Fillol, professeure de Fran\u00e7ais en charge de l&rsquo;option th\u00e9\u00e2tre,Madame Ridel, professeure Documentaliste, r\u00e9f\u00e9rente culture,Madame Bouillard, professeure de Philosophie, charg\u00e9e de mission DAAC \u00ab\u00a0Danse\u00a0\u00bb dans le Var.Le coll\u00e8ge du Castellet et le lyc\u00e9e Bonaparte ont mutualis\u00e9 les moyens et partag\u00e9 les co\u00fbts pour mener \u00e0 bien ce projet p\u00e9dagogique bas\u00e9 sur l&rsquo;intervention [&hellip;]<\/p>\n","protected":false},"author":241,"featured_media":0,"parent":0,"menu_order":0,"comment_status":"closed","ping_status":"closed","template":"","meta":{"_et_pb_use_builder":"on","_et_pb_old_content":"","_et_gb_content_width":"","ngg_post_thumbnail":0,"footnotes":""},"class_list":["post-7849","page","type-page","status-publish","hentry"],"rttpg_featured_image_url":null,"rttpg_author":{"display_name":"daacadmin","author_link":"https:\/\/www.pedagogie.ac-nice.fr\/daac\/author\/daacadmin\/"},"rttpg_comment":0,"rttpg_category":null,"rttpg_excerpt":"Projet p\u00e9dagogique men\u00e9 parMadame Fillol, professeure de Fran\u00e7ais en charge de l'option th\u00e9\u00e2tre,Madame Ridel, professeure Documentaliste, r\u00e9f\u00e9rente culture,Madame Bouillard, professeure de Philosophie, charg\u00e9e de mission DAAC \"Danse\" dans le Var.Le coll\u00e8ge du Castellet et le lyc\u00e9e Bonaparte ont mutualis\u00e9 les moyens et partag\u00e9 les co\u00fbts pour mener \u00e0 bien ce projet p\u00e9dagogique bas\u00e9 sur l'intervention\u2026","post_mailing_queue_ids":[],"_links":{"self":[{"href":"https:\/\/www.pedagogie.ac-nice.fr\/daac\/wp-json\/wp\/v2\/pages\/7849","targetHints":{"allow":["GET"]}}],"collection":[{"href":"https:\/\/www.pedagogie.ac-nice.fr\/daac\/wp-json\/wp\/v2\/pages"}],"about":[{"href":"https:\/\/www.pedagogie.ac-nice.fr\/daac\/wp-json\/wp\/v2\/types\/page"}],"author":[{"embeddable":true,"href":"https:\/\/www.pedagogie.ac-nice.fr\/daac\/wp-json\/wp\/v2\/users\/241"}],"replies":[{"embeddable":true,"href":"https:\/\/www.pedagogie.ac-nice.fr\/daac\/wp-json\/wp\/v2\/comments?post=7849"}],"version-history":[{"count":22,"href":"https:\/\/www.pedagogie.ac-nice.fr\/daac\/wp-json\/wp\/v2\/pages\/7849\/revisions"}],"predecessor-version":[{"id":14622,"href":"https:\/\/www.pedagogie.ac-nice.fr\/daac\/wp-json\/wp\/v2\/pages\/7849\/revisions\/14622"}],"wp:attachment":[{"href":"https:\/\/www.pedagogie.ac-nice.fr\/daac\/wp-json\/wp\/v2\/media?parent=7849"}],"curies":[{"name":"wp","href":"https:\/\/api.w.org\/{rel}","templated":true}]}}