{"id":7880,"date":"2021-10-13T13:55:08","date_gmt":"2021-10-13T11:55:08","guid":{"rendered":"https:\/\/www.pedagogie.ac-nice.fr\/daac\/?page_id=7880"},"modified":"2023-02-21T17:31:07","modified_gmt":"2023-02-21T16:31:07","slug":"petit_journal_patrimoine","status":"publish","type":"page","link":"https:\/\/www.pedagogie.ac-nice.fr\/daac\/petit_journal_patrimoine\/","title":{"rendered":"Petit Journal du Patrimoine"},"content":{"rendered":"<p>[et_pb_section fb_built=\u00a0\u00bb1&Prime; _builder_version=\u00a0\u00bb4.10.7&Prime; _module_preset=\u00a0\u00bbdefault\u00a0\u00bb global_colors_info=\u00a0\u00bb{}\u00a0\u00bb][et_pb_row column_structure=\u00a0\u00bb2_5,3_5&Prime; _builder_version=\u00a0\u00bb4.10.7&Prime; _module_preset=\u00a0\u00bbdefault\u00a0\u00bb global_colors_info=\u00a0\u00bb{}\u00a0\u00bb][et_pb_column type=\u00a0\u00bb2_5&Prime; _builder_version=\u00a0\u00bb4.10.7&Prime; _module_preset=\u00a0\u00bbdefault\u00a0\u00bb global_colors_info=\u00a0\u00bb{}\u00a0\u00bb][et_pb_text admin_label=\u00a0\u00bblogo DAAC\u00a0\u00bb _builder_version=\u00a0\u00bb4.10.7&Prime; _module_preset=\u00a0\u00bbdefault\u00a0\u00bb global_colors_info=\u00a0\u00bb{}\u00a0\u00bb]<\/p>\n<p><a href=\"https:\/\/www.pedagogie.ac-nice.fr\/daac\/patrimoines-memoires-2021\/\" target=\"_blank\" rel=\"noopener\"><img loading=\"lazy\" decoding=\"async\" class=\"aligncenter wp-image-5925 size-full\" src=\"https:\/\/www.pedagogie.ac-nice.fr\/daac\/wp-content\/uploads\/sites\/37\/2021\/09\/patrimoine_memoires.png\" alt=\"\" width=\"347\" height=\"222\" srcset=\"https:\/\/www.pedagogie.ac-nice.fr\/daac\/wp-content\/uploads\/sites\/37\/2021\/09\/patrimoine_memoires.png 347w, https:\/\/www.pedagogie.ac-nice.fr\/daac\/wp-content\/uploads\/sites\/37\/2021\/09\/patrimoine_memoires-300x192.png 300w\" sizes=\"(max-width: 347px) 100vw, 347px\" \/><\/a><\/p>\n<p>[\/et_pb_text][et_pb_divider _builder_version=\u00a0\u00bb4.10.7&Prime; _module_preset=\u00a0\u00bbdefault\u00a0\u00bb custom_margin=\u00a0\u00bb-13px|||||\u00a0\u00bb global_colors_info=\u00a0\u00bb{}\u00a0\u00bb][\/et_pb_divider][et_pb_text admin_label=\u00a0\u00bbvisuel petit journal patrimoine\u00a0\u00bb _builder_version=\u00a0\u00bb4.10.7&Prime; _module_preset=\u00a0\u00bbdefault\u00a0\u00bb custom_margin=\u00a0\u00bb-30px|||||\u00a0\u00bb custom_padding=\u00a0\u00bb0px|||||\u00a0\u00bb global_colors_info=\u00a0\u00bb{}\u00a0\u00bb]<\/p>\n<p><img loading=\"lazy\" decoding=\"async\" class=\"wp-image-7886 aligncenter\" src=\"https:\/\/www.pedagogie.ac-nice.fr\/daac\/wp-content\/uploads\/sites\/37\/2021\/10\/visuel_petit_journal_patrimoine.png\" alt=\"\" width=\"305\" height=\"131\" srcset=\"https:\/\/www.pedagogie.ac-nice.fr\/daac\/wp-content\/uploads\/sites\/37\/2021\/10\/visuel_petit_journal_patrimoine.png 552w, https:\/\/www.pedagogie.ac-nice.fr\/daac\/wp-content\/uploads\/sites\/37\/2021\/10\/visuel_petit_journal_patrimoine-300x129.png 300w\" sizes=\"(max-width: 305px) 100vw, 305px\" \/><\/p>\n<p>[\/et_pb_text][et_pb_divider _builder_version=\u00a0\u00bb4.10.7&Prime; _module_preset=\u00a0\u00bbdefault\u00a0\u00bb global_colors_info=\u00a0\u00bb{}\u00a0\u00bb][\/et_pb_divider][et_pb_text admin_label=\u00a0\u00bbr\u00e8glement du concours\u00a0\u00bb _builder_version=\u00a0\u00bb4.10.7&Prime; _module_preset=\u00a0\u00bbdefault\u00a0\u00bb custom_margin=\u00a0\u00bb-28px|||||\u00a0\u00bb custom_padding=\u00a0\u00bb0px|||||\u00a0\u00bb hover_enabled=\u00a0\u00bb0&Prime; global_colors_info=\u00a0\u00bb{}\u00a0\u00bb text_font=\u00a0\u00bbTrebuchet||||||||\u00a0\u00bb sticky_enabled=\u00a0\u00bb0&Prime;]<\/p>\n<p style=\"text-align: center;\"><span style=\"color: #993366;\"><a href=\"https:\/\/www.pedagogie.ac-nice.fr\/daac\/wp-content\/uploads\/sites\/37\/2021\/10\/REGLEMENT-CONCOURS-SCOLAIRE-DU-PETIT-JOURNAL-DU-PATRIMOINE.pdf\" target=\"_blank\" rel=\"noopener\" style=\"color: #993366;\"><strong><span style=\"font-size: 14pt;\">Acc\u00e8s au r\u00e8glement du concours<\/span><\/strong><\/a><\/span><\/p>\n<p>[\/et_pb_text][et_pb_divider _builder_version=\u00a0\u00bb4.10.7&Prime; _module_preset=\u00a0\u00bbdefault\u00a0\u00bb custom_padding=\u00a0\u00bb0px||0px|||\u00a0\u00bb global_colors_info=\u00a0\u00bb{}\u00a0\u00bb][\/et_pb_divider][et_pb_text admin_label=\u00a0\u00bbvisuel et brochure\u00a0\u00bb _builder_version=\u00a0\u00bb4.10.7&Prime; _module_preset=\u00a0\u00bbdefault\u00a0\u00bb hover_enabled=\u00a0\u00bb0&Prime; global_colors_info=\u00a0\u00bb{}\u00a0\u00bb text_font=\u00a0\u00bbTrebuchet||||||||\u00a0\u00bb sticky_enabled=\u00a0\u00bb0&Prime;]<\/p>\n<p style=\"text-align: center;\"><span style=\"color: #993366;\"><a href=\"https:\/\/www.pedagogie.ac-nice.fr\/daac\/wp-content\/uploads\/sites\/37\/2021\/10\/BROCHURE-2021-2022.pdf\" target=\"_blank\" rel=\"noopener\" style=\"color: #993366;\"><span style=\"font-size: 14pt;\"><strong>Acc\u00e8s \u00e0 la brochure de participation<\/strong><\/span><\/a><\/span><a href=\"https:\/\/www.pedagogie.ac-nice.fr\/daac\/wp-content\/uploads\/sites\/37\/2021\/10\/BROCHURE-2021-2022.pdf\" target=\"_blank\" rel=\"noopener\"><img loading=\"lazy\" decoding=\"async\" class=\"aligncenter wp-image-7892\" src=\"https:\/\/www.pedagogie.ac-nice.fr\/daac\/wp-content\/uploads\/sites\/37\/2021\/10\/visuel_brochure.png\" alt=\"\" width=\"239\" height=\"341\" srcset=\"https:\/\/www.pedagogie.ac-nice.fr\/daac\/wp-content\/uploads\/sites\/37\/2021\/10\/visuel_brochure.png 451w, https:\/\/www.pedagogie.ac-nice.fr\/daac\/wp-content\/uploads\/sites\/37\/2021\/10\/visuel_brochure-210x300.png 210w\" sizes=\"(max-width: 239px) 100vw, 239px\" \/><\/a><\/p>\n<p>[\/et_pb_text][\/et_pb_column][et_pb_column type=\u00a0\u00bb3_5&Prime; _builder_version=\u00a0\u00bb4.10.7&Prime; _module_preset=\u00a0\u00bbdefault\u00a0\u00bb global_colors_info=\u00a0\u00bb{}\u00a0\u00bb][et_pb_text admin_label=\u00a0\u00bbTexte Angele\u00a0\u00bb _builder_version=\u00a0\u00bb4.10.7&Prime; _module_preset=\u00a0\u00bbdefault\u00a0\u00bb hover_enabled=\u00a0\u00bb0&Prime; global_colors_info=\u00a0\u00bb{}\u00a0\u00bb text_font=\u00a0\u00bbTrebuchet||||||||\u00a0\u00bb sticky_enabled=\u00a0\u00bb0&Prime;]<\/p>\n<p><span style=\"font-size: 18pt; color: #993366;\"><strong>Concours scolaire du Petit Journal du Patrimoine<\/strong><\/span><\/p>\n<p style=\"text-align: justify;\"><span style=\"color: #000000;\">la F\u00e9d\u00e9ration Patrimoine-Environnement organise le\u00a0<strong>Concours scolaire du Petit Journal du Patrimoine<\/strong>, agr\u00e9\u00e9 par le minist\u00e8re de l\u2019\u00c9ducation nationale.<\/span><\/p>\n<p style=\"text-align: justify;\"><span style=\"color: #000000;\">Cette 17<sup>e\u00a0<\/sup>\u00e9dition met \u00e0 l\u2019honneur <strong>\u00ab\u00a0le patrimoine qui bouge\u00a0\u00bb<\/strong>.<\/span><\/p>\n<p style=\"text-align: justify;\"><span style=\"color: #000000;\">Les \u00e9l\u00e8ves des classes de CM1 \u00e0 la 5\u00e8me sont invit\u00e9s \u00e0 d\u00e9couvrir leur patrimoine de proximit\u00e9 tout en s&rsquo;initiant au m\u00e9tier de journaliste puisqu&rsquo;ils devront r\u00e9aliser un petit journal du patrimoine.<\/span><\/p>\n<p style=\"text-align: justify;\"><span style=\"color: #000000;\">Les inscriptions sont ouvertes <strong>jusqu&rsquo;au 31 d\u00e9cembre 2021<\/strong> selon les modalit\u00e9s d\u00e9crites ici :\u00a0<\/span><\/p>\n<p style=\"text-align: justify;\"><span style=\"color: #000000;\"><a href=\"http:\/\/www.patrimoine-environnement.fr\/concours-scolaire-du-meilleur-petit-journal-du-patrimoine\/\" style=\"color: #000000;\">Concours scolaire du Petit Journal du Patrimoine \u2013 F\u00e9d\u00e9ration Patrimoine-Environnement<\/a>.<\/span><\/p>\n<p><span style=\"color: #000000;\">\u00a0<\/span><\/p>\n<p style=\"text-align: justify;\"><span style=\"color: #000000;\">Pour information et suivi, <strong>merci de mettre en copie de vos inscriptions<\/strong> :<\/span><\/p>\n<p><span style=\"color: #000000;\"> <a style=\"color: #000000;\" title=\"Composer un message \u00e0 angele.carpentier@ac-nice.fr\">angele.carpentier@ac-nice.fr<br \/><\/a>Coordinatrice DAAC Patrimoines et m\u00e9moires<\/span><\/p>\n<p>[\/et_pb_text][et_pb_divider _builder_version=\u00a0\u00bb4.10.7&Prime; _module_preset=\u00a0\u00bbdefault\u00a0\u00bb global_colors_info=\u00a0\u00bb{}\u00a0\u00bb][\/et_pb_divider][\/et_pb_column][\/et_pb_row][\/et_pb_section]<\/p>\n","protected":false},"excerpt":{"rendered":"<p>Acc\u00e8s au r\u00e8glement du concoursAcc\u00e8s \u00e0 la brochure de participationConcours scolaire du Petit Journal du Patrimoine la F\u00e9d\u00e9ration Patrimoine-Environnement organise le\u00a0Concours scolaire du Petit Journal du Patrimoine, agr\u00e9\u00e9 par le minist\u00e8re de l\u2019\u00c9ducation nationale. Cette 17e\u00a0\u00e9dition met \u00e0 l\u2019honneur \u00ab\u00a0le patrimoine qui bouge\u00a0\u00bb. Les \u00e9l\u00e8ves des classes de CM1 \u00e0 la 5\u00e8me sont invit\u00e9s \u00e0 [&hellip;]<\/p>\n","protected":false},"author":241,"featured_media":0,"parent":0,"menu_order":0,"comment_status":"closed","ping_status":"closed","template":"","meta":{"_et_pb_use_builder":"on","_et_pb_old_content":"","_et_gb_content_width":"","ngg_post_thumbnail":0,"footnotes":""},"class_list":["post-7880","page","type-page","status-publish","hentry"],"rttpg_featured_image_url":null,"rttpg_author":{"display_name":"daacadmin","author_link":"https:\/\/www.pedagogie.ac-nice.fr\/daac\/author\/daacadmin\/"},"rttpg_comment":0,"rttpg_category":null,"rttpg_excerpt":"Acc\u00e8s au r\u00e8glement du concoursAcc\u00e8s \u00e0 la brochure de participationConcours scolaire du Petit Journal du Patrimoine la F\u00e9d\u00e9ration Patrimoine-Environnement organise le\u00a0Concours scolaire du Petit Journal du Patrimoine, agr\u00e9\u00e9 par le minist\u00e8re de l\u2019\u00c9ducation nationale. Cette 17e\u00a0\u00e9dition met \u00e0 l\u2019honneur \"le patrimoine qui bouge\". Les \u00e9l\u00e8ves des classes de CM1 \u00e0 la 5\u00e8me sont invit\u00e9s \u00e0\u2026","post_mailing_queue_ids":[],"_links":{"self":[{"href":"https:\/\/www.pedagogie.ac-nice.fr\/daac\/wp-json\/wp\/v2\/pages\/7880","targetHints":{"allow":["GET"]}}],"collection":[{"href":"https:\/\/www.pedagogie.ac-nice.fr\/daac\/wp-json\/wp\/v2\/pages"}],"about":[{"href":"https:\/\/www.pedagogie.ac-nice.fr\/daac\/wp-json\/wp\/v2\/types\/page"}],"author":[{"embeddable":true,"href":"https:\/\/www.pedagogie.ac-nice.fr\/daac\/wp-json\/wp\/v2\/users\/241"}],"replies":[{"embeddable":true,"href":"https:\/\/www.pedagogie.ac-nice.fr\/daac\/wp-json\/wp\/v2\/comments?post=7880"}],"version-history":[{"count":15,"href":"https:\/\/www.pedagogie.ac-nice.fr\/daac\/wp-json\/wp\/v2\/pages\/7880\/revisions"}],"predecessor-version":[{"id":14747,"href":"https:\/\/www.pedagogie.ac-nice.fr\/daac\/wp-json\/wp\/v2\/pages\/7880\/revisions\/14747"}],"wp:attachment":[{"href":"https:\/\/www.pedagogie.ac-nice.fr\/daac\/wp-json\/wp\/v2\/media?parent=7880"}],"curies":[{"name":"wp","href":"https:\/\/api.w.org\/{rel}","templated":true}]}}