{"id":8343,"date":"2021-10-20T13:38:14","date_gmt":"2021-10-20T11:38:14","guid":{"rendered":"https:\/\/www.pedagogie.ac-nice.fr\/daac\/?page_id=8343"},"modified":"2025-03-08T10:08:11","modified_gmt":"2025-03-08T09:08:11","slug":"domaine-musees","status":"publish","type":"page","link":"https:\/\/www.pedagogie.ac-nice.fr\/daac\/domaine-musees\/","title":{"rendered":"Domaine Musees"},"content":{"rendered":"<p>[et_pb_section fb_built=\u00a0\u00bb1&Prime; _builder_version=\u00a0\u00bb4.16&Prime; _module_preset=\u00a0\u00bbdefault\u00a0\u00bb global_colors_info=\u00a0\u00bb{}\u00a0\u00bb][et_pb_row column_structure=\u00a0\u00bb2_5,3_5&Prime; _builder_version=\u00a0\u00bb4.16&Prime; _module_preset=\u00a0\u00bbdefault\u00a0\u00bb global_colors_info=\u00a0\u00bb{}\u00a0\u00bb][et_pb_column type=\u00a0\u00bb2_5&Prime; _builder_version=\u00a0\u00bb4.16&Prime; _module_preset=\u00a0\u00bbdefault\u00a0\u00bb global_colors_info=\u00a0\u00bb{}\u00a0\u00bb][et_pb_text admin_label=\u00a0\u00bblogo Mus\u00e9e\u00a0\u00bb _builder_version=\u00a0\u00bb4.16&Prime; _module_preset=\u00a0\u00bbdefault\u00a0\u00bb global_colors_info=\u00a0\u00bb{}\u00a0\u00bb]<\/p>\n<p><img loading=\"lazy\" decoding=\"async\" class=\"size-medium wp-image-5972 aligncenter\" src=\"https:\/\/www.pedagogie.ac-nice.fr\/daac\/wp-content\/uploads\/sites\/37\/2021\/09\/musees-300x186.png\" alt=\"\" width=\"300\" height=\"186\" srcset=\"https:\/\/www.pedagogie.ac-nice.fr\/daac\/wp-content\/uploads\/sites\/37\/2021\/09\/musees-300x186.png 300w, https:\/\/www.pedagogie.ac-nice.fr\/daac\/wp-content\/uploads\/sites\/37\/2021\/09\/musees.png 346w\" sizes=\"(max-width: 300px) 100vw, 300px\" \/><\/p>\n<p>[\/et_pb_text][et_pb_divider _builder_version=\u00a0\u00bb4.16&Prime; _module_preset=\u00a0\u00bbdefault\u00a0\u00bb global_colors_info=\u00a0\u00bb{}\u00a0\u00bb][\/et_pb_divider][et_pb_text _builder_version=\u00a0\u00bb4.16&Prime; _module_preset=\u00a0\u00bbdefault\u00a0\u00bb text_font=\u00a0\u00bbTrebuchet||||||||\u00a0\u00bb text_text_color=\u00a0\u00bb#000000&Prime; text_font_size=\u00a0\u00bb39px\u00a0\u00bb text_orientation=\u00a0\u00bbcenter\u00a0\u00bb global_colors_info=\u00a0\u00bb{}\u00a0\u00bb]<\/p>\n<p><strong>Les actus des mus\u00e9es<\/strong><\/p>\n<p>[\/et_pb_text][\/et_pb_column][et_pb_column type=\u00a0\u00bb3_5&Prime; _builder_version=\u00a0\u00bb4.16&Prime; _module_preset=\u00a0\u00bbdefault\u00a0\u00bb global_colors_info=\u00a0\u00bb{}\u00a0\u00bb][et_pb_text _builder_version=\u00a0\u00bb4.27.4&Prime; _module_preset=\u00a0\u00bbdefault\u00a0\u00bb text_font=\u00a0\u00bbTrebuchet||||||||\u00a0\u00bb text_text_color=\u00a0\u00bb#000000&Prime; text_font_size=\u00a0\u00bb18px\u00a0\u00bb global_colors_info=\u00a0\u00bb{}\u00a0\u00bb]<\/p>\n<p style=\"text-align: center;\"><img loading=\"lazy\" decoding=\"async\" src=\"https:\/\/www.pedagogie.ac-nice.fr\/daac\/wp-content\/uploads\/sites\/37\/2025\/03\/Arts-Visuels-300x249.png\" width=\"300\" height=\"249\" alt=\"\" class=\"wp-image-15720 alignnone size-medium\" srcset=\"https:\/\/www.pedagogie.ac-nice.fr\/daac\/wp-content\/uploads\/sites\/37\/2025\/03\/Arts-Visuels-300x249.png 300w, https:\/\/www.pedagogie.ac-nice.fr\/daac\/wp-content\/uploads\/sites\/37\/2025\/03\/Arts-Visuels.png 503w\" sizes=\"(max-width: 300px) 100vw, 300px\" \/><\/p>\n<p style=\"text-align: center;\"><a href=\"https:\/\/www.pearltrees.com\/t\/daac-de-nice\/arts-visuels\/id73553052\" target=\"_blank\" rel=\"noopener\">Cliquez pour retrouver toutes les ressources en Arts Visuels<\/a><\/p>\n<p>[\/et_pb_text][et_pb_divider _builder_version=\u00a0\u00bb4.27.4&Prime; _module_preset=\u00a0\u00bbdefault\u00a0\u00bb global_colors_info=\u00a0\u00bb{}\u00a0\u00bb][\/et_pb_divider][et_pb_text admin_label=\u00a0\u00bbtexte Julien\u00a0\u00bb _builder_version=\u00a0\u00bb4.16&Prime; _module_preset=\u00a0\u00bbdefault\u00a0\u00bb text_font=\u00a0\u00bbTrebuchet||||||||\u00a0\u00bb text_font_size=\u00a0\u00bb22px\u00a0\u00bb text_orientation=\u00a0\u00bbjustified\u00a0\u00bb global_colors_info=\u00a0\u00bb{}\u00a0\u00bb]<\/p>\n<p style=\"text-align: center;\"><span style=\"color: #993366;\"><strong><span style=\"font-size: 18pt;\">P\u00f4le image &#8211; Mus\u00e9es<\/span><\/strong><\/span><\/p>\n<p>&nbsp;<\/p>\n<p style=\"text-align: center;\">[\/et_pb_text][et_pb_text _builder_version=\u00a0\u00bb4.16&Prime; _module_preset=\u00a0\u00bbdefault\u00a0\u00bb text_font=\u00a0\u00bbTrebuchet||||||||\u00a0\u00bb text_text_color=\u00a0\u00bb#000000&Prime; text_font_size=\u00a0\u00bb17px\u00a0\u00bb text_orientation=\u00a0\u00bbjustified\u00a0\u00bb global_colors_info=\u00a0\u00bb{}\u00a0\u00bb]<\/p>\n<p>La premi\u00e8re pratique culturelle des jeunes est celle de l&rsquo;image.<\/p>\n<p>Par son approche transversale, l&rsquo;\u00e9ducation aux images s&rsquo;ins\u00e8re dans un programme global visant la construction du parcours d&rsquo;\u00e9ducation artistique et culturelle de l&rsquo;\u00e9l\u00e8ve qui se con\u00e7oit \u00e0 travers une p\u00e9dagogie de projet en lien \u00e9troit avec les apprentissages disciplinaires de l&rsquo;\u00e9cole, du coll\u00e8ge et du lyc\u00e9e. Peinture, sculpture, design, gravure, etc., par leur approche sensible, par leur pratique, et \u00e0 travers les savoirs, constituent des \u00e9l\u00e9ments essentiels de l&rsquo;\u00e9ducation du regard.<\/p>\n<p>Les actions \u00e9ducatives dans le domaine de l&rsquo;\u00e9ducation aux images d\u00e9clinent les trois axes principaux du r\u00e9f\u00e9rentiel du PEAC\u00a0: se confronter aux \u0153uvres, \u00e0 leur mat\u00e9rialit\u00e9, \u00e0 la singularit\u00e9 de leurs langages par les rencontres, la visite et la fr\u00e9quentation des lieux culturels, festivals, mus\u00e9es, centres d&rsquo;art etc. ,exp\u00e9rimenter une pratique artistique individuelle ou collective, b\u00e2tir une culture artistique et s&rsquo;approprier des rep\u00e8res culturels formels, historiques, esth\u00e9tiques, techniques, g\u00e9ographiques accompagn\u00e9e d&rsquo;un lexique sp\u00e9cifique simple afin d&rsquo;exprimer ses \u00e9motions, de porter un jugement construit et \u00e9tay\u00e9 en mati\u00e8re d&rsquo;art, de mettre en contexte, d\u00e9crire et analyser une \u0153uvre.<\/p>\n<p>Tout au long du parcours des \u00e9l\u00e8ves, l&rsquo;\u00e9ducation aux images est pr\u00e9sente sous diff\u00e9rentes formes. Elle contribue \u00e0 l&rsquo;acquisition des comp\u00e9tences fondamentales.<\/p>\n<p>&nbsp;<\/p>\n<p>[\/et_pb_text][et_pb_divider _builder_version=\u00a0\u00bb4.16&Prime; _module_preset=\u00a0\u00bbdefault\u00a0\u00bb global_colors_info=\u00a0\u00bb{}\u00a0\u00bb][\/et_pb_divider][et_pb_text _builder_version=\u00a0\u00bb4.16&Prime; _module_preset=\u00a0\u00bbdefault\u00a0\u00bb text_font=\u00a0\u00bbTrebuchet||||||||\u00a0\u00bb text_text_color=\u00a0\u00bb#000000&Prime; text_font_size=\u00a0\u00bb17px\u00a0\u00bb text_orientation=\u00a0\u00bbjustified\u00a0\u00bb global_colors_info=\u00a0\u00bb{}\u00a0\u00bb]<\/p>\n<div style=\"text-align: center;\"><span style=\"color: #993366; font-size: xx-large;\"><b>D\u00e9ambulation \u00e0 la fondation Maeght<\/b><\/span><\/div>\n<div style=\"text-align: center;\"><span style=\"color: #993366; font-size: xx-large;\"><b><\/b><\/span><\/div>\n<div>\n<div>Les \u00e9l\u00e8ves de 3e du coll\u00e8ge Les Vallergues ont r\u00e9alis\u00e9 des performances dans la fondation Maeght ce lundi 17Juin. Entre int\u00e9gration, prolongement et camouflage, chaque \u00e9l\u00e8ve a fait corps avec les \u0153uvres du labyrinthe et de la cour Giacometti par une posture qui mettait en \u00e9vidence la relation entre l\u2019auteur, le spectateur et les \u0153uvres expos\u00e9es. Une exp\u00e9rience unique et \u00a0enrichissante pour ces coll\u00e9giens de s\u2019approprier ce lieu embl\u00e9matique.<\/div>\n<div>Professeurs: Dolores Carmona Fernandes (documentation), Delphine Lepelletier (lettres), Isabelle Becker (arts plastiques).<\/div>\n<div><img loading=\"lazy\" decoding=\"async\" src=\"https:\/\/www.pedagogie.ac-nice.fr\/daac\/wp-content\/uploads\/sites\/37\/2024\/06\/image0-300x165.jpeg\" width=\"300\" height=\"165\" alt=\"\" class=\"wp-image-15541 alignnone size-medium\" style=\"display: block; margin-left: auto; margin-right: auto;\" srcset=\"https:\/\/www.pedagogie.ac-nice.fr\/daac\/wp-content\/uploads\/sites\/37\/2024\/06\/image0-300x165.jpeg 300w, https:\/\/www.pedagogie.ac-nice.fr\/daac\/wp-content\/uploads\/sites\/37\/2024\/06\/image0.jpeg 320w\" sizes=\"(max-width: 300px) 100vw, 300px\" \/><img loading=\"lazy\" decoding=\"async\" src=\"https:\/\/www.pedagogie.ac-nice.fr\/daac\/wp-content\/uploads\/sites\/37\/2024\/06\/image3-300x300.png\" width=\"300\" height=\"300\" alt=\"\" class=\"wp-image-15540 alignnone size-medium\" style=\"display: block; margin-left: auto; margin-right: auto;\" srcset=\"https:\/\/www.pedagogie.ac-nice.fr\/daac\/wp-content\/uploads\/sites\/37\/2024\/06\/image3-300x300.png 300w, https:\/\/www.pedagogie.ac-nice.fr\/daac\/wp-content\/uploads\/sites\/37\/2024\/06\/image3-150x150.png 150w, https:\/\/www.pedagogie.ac-nice.fr\/daac\/wp-content\/uploads\/sites\/37\/2024\/06\/image3.png 319w\" sizes=\"(max-width: 300px) 100vw, 300px\" \/><\/div>\n<\/div>\n<div><\/div>\n<p>[\/et_pb_text][et_pb_divider _builder_version=\u00a0\u00bb4.16&Prime; _module_preset=\u00a0\u00bbdefault\u00a0\u00bb global_colors_info=\u00a0\u00bb{}\u00a0\u00bb][\/et_pb_divider][\/et_pb_column][\/et_pb_row][et_pb_row column_structure=\u00a0\u00bb2_5,3_5&Prime; _builder_version=\u00a0\u00bb4.16&Prime; _module_preset=\u00a0\u00bbdefault\u00a0\u00bb global_colors_info=\u00a0\u00bb{}\u00a0\u00bb][et_pb_column type=\u00a0\u00bb2_5&Prime; _builder_version=\u00a0\u00bb4.16&Prime; _module_preset=\u00a0\u00bbdefault\u00a0\u00bb global_colors_info=\u00a0\u00bb{}\u00a0\u00bb][\/et_pb_column][et_pb_column type=\u00a0\u00bb3_5&Prime; _builder_version=\u00a0\u00bb4.16&Prime; _module_preset=\u00a0\u00bbdefault\u00a0\u00bb global_colors_info=\u00a0\u00bb{}\u00a0\u00bb][et_pb_text _builder_version=\u00a0\u00bb4.16&Prime; _module_preset=\u00a0\u00bbdefault\u00a0\u00bb global_colors_info=\u00a0\u00bb{}\u00a0\u00bb]<\/p>\n<p><a href=\"https:\/\/www.pedagogie.ac-nice.fr\/daac\/partenaires-musees\/\" target=\"_blank\" rel=\"noopener\"><img loading=\"lazy\" decoding=\"async\" src=\"https:\/\/www.pedagogie.ac-nice.fr\/daac\/wp-content\/uploads\/sites\/37\/2021\/10\/structures_partenaires-300x201.png\" width=\"183\" height=\"122\" alt=\"\" class=\"wp-image-7600 alignnone size-medium\" srcset=\"https:\/\/www.pedagogie.ac-nice.fr\/daac\/wp-content\/uploads\/sites\/37\/2021\/10\/structures_partenaires-300x201.png 300w, https:\/\/www.pedagogie.ac-nice.fr\/daac\/wp-content\/uploads\/sites\/37\/2021\/10\/structures_partenaires.png 360w\" sizes=\"(max-width: 183px) 100vw, 183px\" \/><\/a><img loading=\"lazy\" decoding=\"async\" src=\"https:\/\/www.pedagogie.ac-nice.fr\/daac\/wp-content\/uploads\/sites\/37\/2022\/01\/ressources-300x195-1.png\" width=\"191\" height=\"124\" alt=\"\" class=\"wp-image-10843 alignnone size-full\" \/><img loading=\"lazy\" decoding=\"async\" src=\"https:\/\/www.pedagogie.ac-nice.fr\/daac\/wp-content\/uploads\/sites\/37\/2021\/09\/les-dispositifs-du-domaine-300x199.png\" width=\"192\" height=\"127\" alt=\"dispositifs domaines\" class=\"wp-image-6220 alignnone size-medium\" srcset=\"https:\/\/www.pedagogie.ac-nice.fr\/daac\/wp-content\/uploads\/sites\/37\/2021\/09\/les-dispositifs-du-domaine-300x199.png 300w, https:\/\/www.pedagogie.ac-nice.fr\/daac\/wp-content\/uploads\/sites\/37\/2021\/09\/les-dispositifs-du-domaine.png 362w\" sizes=\"(max-width: 192px) 100vw, 192px\" \/><a href=\"https:\/\/www.pedagogie.ac-nice.fr\/daac\/mercredi-enseignants\/\" target=\"_blank\" rel=\"noopener\"><img loading=\"lazy\" decoding=\"async\" src=\"https:\/\/www.pedagogie.ac-nice.fr\/daac\/wp-content\/uploads\/sites\/37\/2021\/09\/mercredis_enseignants-1.png\" width=\"183\" height=\"135\" alt=\"\" class=\"wp-image-6496 alignnone size-full\" \/><\/a><\/p>\n<p>[\/et_pb_text][\/et_pb_column][\/et_pb_row][\/et_pb_section]<\/p>\n","protected":false},"excerpt":{"rendered":"<p>Les actus des mus\u00e9es Cliquez pour retrouver toutes les ressources en Arts VisuelsP\u00f4le image &#8211; Mus\u00e9es &nbsp; La premi\u00e8re pratique culturelle des jeunes est celle de l&rsquo;image. Par son approche transversale, l&rsquo;\u00e9ducation aux images s&rsquo;ins\u00e8re dans un programme global visant la construction du parcours d&rsquo;\u00e9ducation artistique et culturelle de l&rsquo;\u00e9l\u00e8ve qui se con\u00e7oit \u00e0 travers [&hellip;]<\/p>\n","protected":false},"author":241,"featured_media":0,"parent":0,"menu_order":0,"comment_status":"closed","ping_status":"closed","template":"","meta":{"_et_pb_use_builder":"on","_et_pb_old_content":"","_et_gb_content_width":"","ngg_post_thumbnail":0,"footnotes":""},"class_list":["post-8343","page","type-page","status-publish","hentry"],"rttpg_featured_image_url":null,"rttpg_author":{"display_name":"daacadmin","author_link":"https:\/\/www.pedagogie.ac-nice.fr\/daac\/author\/daacadmin\/"},"rttpg_comment":0,"rttpg_category":null,"rttpg_excerpt":"Les actus des mus\u00e9es Cliquez pour retrouver toutes les ressources en Arts VisuelsP\u00f4le image - Mus\u00e9es &nbsp; La premi\u00e8re pratique culturelle des jeunes est celle de l'image. Par son approche transversale, l'\u00e9ducation aux images s'ins\u00e8re dans un programme global visant la construction du parcours d'\u00e9ducation artistique et culturelle de l'\u00e9l\u00e8ve qui se con\u00e7oit \u00e0 travers\u2026","post_mailing_queue_ids":[],"_links":{"self":[{"href":"https:\/\/www.pedagogie.ac-nice.fr\/daac\/wp-json\/wp\/v2\/pages\/8343","targetHints":{"allow":["GET"]}}],"collection":[{"href":"https:\/\/www.pedagogie.ac-nice.fr\/daac\/wp-json\/wp\/v2\/pages"}],"about":[{"href":"https:\/\/www.pedagogie.ac-nice.fr\/daac\/wp-json\/wp\/v2\/types\/page"}],"author":[{"embeddable":true,"href":"https:\/\/www.pedagogie.ac-nice.fr\/daac\/wp-json\/wp\/v2\/users\/241"}],"replies":[{"embeddable":true,"href":"https:\/\/www.pedagogie.ac-nice.fr\/daac\/wp-json\/wp\/v2\/comments?post=8343"}],"version-history":[{"count":31,"href":"https:\/\/www.pedagogie.ac-nice.fr\/daac\/wp-json\/wp\/v2\/pages\/8343\/revisions"}],"predecessor-version":[{"id":15733,"href":"https:\/\/www.pedagogie.ac-nice.fr\/daac\/wp-json\/wp\/v2\/pages\/8343\/revisions\/15733"}],"wp:attachment":[{"href":"https:\/\/www.pedagogie.ac-nice.fr\/daac\/wp-json\/wp\/v2\/media?parent=8343"}],"curies":[{"name":"wp","href":"https:\/\/api.w.org\/{rel}","templated":true}]}}