{"id":852,"date":"2020-10-25T21:29:17","date_gmt":"2020-10-25T20:29:17","guid":{"rendered":"https:\/\/www.pedagogie.ac-nice.fr\/daac\/?page_id=852"},"modified":"2024-05-22T17:32:52","modified_gmt":"2024-05-22T15:32:52","slug":"festival-academique-de-spectacles-chorals-fasc","status":"publish","type":"page","link":"https:\/\/www.pedagogie.ac-nice.fr\/daac\/les-domaines-de-leac\/musique-chantchoral\/festival-academique-de-spectacles-chorals-fasc\/","title":{"rendered":"Festival Acad\u00e9mique de Spectacles Chorals (FASC)"},"content":{"rendered":"<p>[et_pb_section fb_built=\u00a0\u00bb1&Prime; _builder_version=\u00a0\u00bb3.22&Prime; global_colors_info=\u00a0\u00bb{}\u00a0\u00bb][et_pb_row column_structure=\u00a0\u00bb1_3,2_3&Prime; _builder_version=\u00a0\u00bb3.25&Prime; background_size=\u00a0\u00bbinitial\u00a0\u00bb background_position=\u00a0\u00bbtop_left\u00a0\u00bb background_repeat=\u00a0\u00bbrepeat\u00a0\u00bb global_colors_info=\u00a0\u00bb{}\u00a0\u00bb][et_pb_column type=\u00a0\u00bb1_3&Prime; _builder_version=\u00a0\u00bb3.25&Prime; custom_padding=\u00a0\u00bb|||\u00a0\u00bb global_colors_info=\u00a0\u00bb{}\u00a0\u00bb custom_padding__hover=\u00a0\u00bb|||\u00a0\u00bb][et_pb_text admin_label=\u00a0\u00bbvisuel chant choral\u00a0\u00bb _builder_version=\u00a0\u00bb4.10.7&Prime; _module_preset=\u00a0\u00bbdefault\u00a0\u00bb global_colors_info=\u00a0\u00bb{}\u00a0\u00bb]<\/p>\n<p><a href=\"https:\/\/www.pedagogie.ac-nice.fr\/daac\/les-domaines-de-leac\/musique-chantchoral\/\" target=\"_blank\" rel=\"noopener\"><img loading=\"lazy\" decoding=\"async\" class=\"aligncenter wp-image-10318\" src=\"https:\/\/www.pedagogie.ac-nice.fr\/daac\/wp-content\/uploads\/sites\/37\/2021\/12\/Capture-decran-2021-12-17-161058.jpg\" alt=\"\" width=\"249\" height=\"156\" srcset=\"https:\/\/www.pedagogie.ac-nice.fr\/daac\/wp-content\/uploads\/sites\/37\/2021\/12\/Capture-decran-2021-12-17-161058.jpg 547w, https:\/\/www.pedagogie.ac-nice.fr\/daac\/wp-content\/uploads\/sites\/37\/2021\/12\/Capture-decran-2021-12-17-161058-300x188.jpg 300w, https:\/\/www.pedagogie.ac-nice.fr\/daac\/wp-content\/uploads\/sites\/37\/2021\/12\/Capture-decran-2021-12-17-161058-400x250.jpg 400w\" sizes=\"(max-width: 249px) 100vw, 249px\" \/><\/a><\/p>\n<p>[\/et_pb_text][et_pb_divider _builder_version=\u00a0\u00bb4.10.7&Prime; _module_preset=\u00a0\u00bbdefault\u00a0\u00bb custom_margin=\u00a0\u00bb-13px|||||\u00a0\u00bb global_colors_info=\u00a0\u00bb{}\u00a0\u00bb][\/et_pb_divider][et_pb_text admin_label=\u00a0\u00bbcalendrier\u00a0\u00bb _builder_version=\u00a0\u00bb4.10.7&Prime; _module_preset=\u00a0\u00bbdefault\u00a0\u00bb custom_margin=\u00a0\u00bb-29px|||||\u00a0\u00bb global_colors_info=\u00a0\u00bb{}\u00a0\u00bb]<\/p>\n<p style=\"text-align: center;\"><span style=\"color: #993366;\"><strong><a style=\"color: #993366;\" href=\"https:\/\/www.pedagogie.ac-nice.fr\/daac\/wp-content\/uploads\/sites\/37\/2024\/05\/PGM-FASC2024.pdf\" rel=\"attachment noopener wp-att-14897\" target=\"_blank\">FASC 2024<\/a><\/strong><\/span><\/p>\n<p style=\"text-align: center;\"><img loading=\"lazy\" decoding=\"async\" src=\"https:\/\/www.pedagogie.ac-nice.fr\/daac\/wp-content\/uploads\/sites\/37\/2024\/05\/FACS-2024-300x127.png\" width=\"300\" height=\"127\" alt=\"\" class=\"wp-image-15525 alignnone size-medium\" srcset=\"https:\/\/www.pedagogie.ac-nice.fr\/daac\/wp-content\/uploads\/sites\/37\/2024\/05\/FACS-2024-300x127.png 300w, https:\/\/www.pedagogie.ac-nice.fr\/daac\/wp-content\/uploads\/sites\/37\/2024\/05\/FACS-2024-1024x433.png 1024w, https:\/\/www.pedagogie.ac-nice.fr\/daac\/wp-content\/uploads\/sites\/37\/2024\/05\/FACS-2024-768x325.png 768w, https:\/\/www.pedagogie.ac-nice.fr\/daac\/wp-content\/uploads\/sites\/37\/2024\/05\/FACS-2024-1080x456.png 1080w, https:\/\/www.pedagogie.ac-nice.fr\/daac\/wp-content\/uploads\/sites\/37\/2024\/05\/FACS-2024.png 1131w\" sizes=\"(max-width: 300px) 100vw, 300px\" \/><\/p>\n<p>[\/et_pb_text][et_pb_divider _builder_version=\u00a0\u00bb4.10.7&Prime; _module_preset=\u00a0\u00bbdefault\u00a0\u00bb custom_margin=\u00a0\u00bb-12px|||||\u00a0\u00bb global_colors_info=\u00a0\u00bb{}\u00a0\u00bb][\/et_pb_divider][et_pb_text admin_label=\u00a0\u00bbcalendrier \u00e0 t\u00e9l\u00e9charger\u00a0\u00bb _builder_version=\u00a0\u00bb4.10.7&Prime; _module_preset=\u00a0\u00bbdefault\u00a0\u00bb custom_margin=\u00a0\u00bb-26px||11px|||\u00a0\u00bb hover_enabled=\u00a0\u00bb0&Prime; global_colors_info=\u00a0\u00bb{}\u00a0\u00bb sticky_enabled=\u00a0\u00bb0&Prime;]<\/p>\n<p style=\"text-align: center;\"><a href=\"https:\/\/www.pedagogie.ac-nice.fr\/daac\/wp-content\/uploads\/sites\/37\/2024\/05\/PGM-FASC2024-1.pdf\" target=\"_blank\" rel=\"noopener\"><span style=\"color: #993366;\"><strong><span style=\"font-size: 10pt;\">calendrier en t\u00e9l\u00e9chargement<\/span><\/strong><\/span><img loading=\"lazy\" decoding=\"async\" class=\"aligncenter wp-image-8629\" src=\"https:\/\/www.pedagogie.ac-nice.fr\/daac\/wp-content\/uploads\/sites\/37\/2021\/10\/fichier_pdf.jpg\" alt=\"\" width=\"129\" height=\"135\" \/><\/a><\/p>\n<p>[\/et_pb_text][et_pb_divider _builder_version=\u00a0\u00bb4.10.7&Prime; _module_preset=\u00a0\u00bbdefault\u00a0\u00bb global_colors_info=\u00a0\u00bb{}\u00a0\u00bb][\/et_pb_divider][et_pb_text admin_label=\u00a0\u00bbcontact\u00a0\u00bb _builder_version=\u00a0\u00bb4.10.7&Prime; _module_preset=\u00a0\u00bbdefault\u00a0\u00bb custom_margin=\u00a0\u00bb-31px|||||\u00a0\u00bb global_colors_info=\u00a0\u00bb{}\u00a0\u00bb]<\/p>\n<p style=\"text-align: center;\"><span style=\"color: #000000;\"><strong>contact<\/strong><\/span><br \/><span style=\"color: #000000;\">&#8211; Philippe Mopin &#8211;<br \/><a title=\"Composer un message \u00e0 philippe.mopin@ac-nice.fr\" style=\"color: #000000;\">philippe.mopin@ac-nice.fr<\/a><\/span><\/p>\n<p>[\/et_pb_text][\/et_pb_column][et_pb_column type=\u00a0\u00bb2_3&Prime; _builder_version=\u00a0\u00bb3.25&Prime; custom_padding=\u00a0\u00bb|||\u00a0\u00bb global_colors_info=\u00a0\u00bb{}\u00a0\u00bb custom_padding__hover=\u00a0\u00bb|||\u00a0\u00bb][et_pb_text _builder_version=\u00a0\u00bb4.10.7&Prime; text_font=\u00a0\u00bbTrebuchet||||||||\u00a0\u00bb background_size=\u00a0\u00bbinitial\u00a0\u00bb background_position=\u00a0\u00bbtop_left\u00a0\u00bb background_repeat=\u00a0\u00bbrepeat\u00a0\u00bb global_colors_info=\u00a0\u00bb{}\u00a0\u00bb]<\/p>\n<div class=\"\" style=\"text-align: center;\"><span style=\"color: #993366;\"><strong><span class=\"\" style=\"font-size: 14pt;\">Festival Acad\u00e9mique de Spectacles chorals 2024<\/span><\/strong><\/span><\/div>\n<div class=\"\" style=\"text-align: center;\"><span style=\"color: #993366;\"><strong><span class=\"\" style=\"font-size: 14pt;\">Le Programme<\/span><\/strong><\/span><\/div>\n<div><\/div>\n<div>\n<div style=\"width: 100%;\">\n<div style=\"position: relative; padding-bottom: 66.5%; padding-top: 0; height: 0;\"><iframe loading=\"lazy\" style=\"position: absolute; top: 0; left: 0; width: 100%; height: 100%;\" src=\"https:\/\/view.genial.ly\/6264487442b22800112fa2ca\" scrolling=\"yes\" allowfullscreen=\"allowfullscreen\" width=\"1200px\" height=\"798px\" frameborder=\"0\"><\/iframe><\/div>\n<\/div>\n<\/div>\n<p style=\"text-align: justify;\"><span style=\"font-size: 12pt; color: #000000;\">Chaque ann\u00e9e de mai \u00e0 juin, le temps d&rsquo;un spectacle sur une des nombreuses\u00a0 sc\u00e8nes du territoire acad\u00e9mique, plusieurs milliers d\u2019\u00e9l\u00e8ves ont la possibilit\u00e9 de r\u00e9v\u00e9ler la part d&rsquo;artiste qui sommeille en eux. <\/span><\/p>\n<p style=\"text-align: justify;\"><span style=\"font-size: 12pt; color: #000000;\">\u00c9coliers, coll\u00e9giens ou lyc\u00e9ens, choristes ou solistes, chanteurs ou instrumentistes ont la possibilit\u00e9 de partager leur passion commune pour la musique et le spectacle.<\/span><br \/><span style=\"font-size: 12pt; color: #000000;\">Chaque projet jalonne de mani\u00e8re forte et structurante le parcours d&rsquo;\u00e9ducation artistique et culturelle (PEAC) de l&rsquo;\u00e9l\u00e8ve dont l&rsquo;aboutissement annuel est la repr\u00e9sentation publique.<\/span><br \/><span style=\"font-size: 12pt; color: #000000;\">Ce festival <a style=\"color: #000000;\" href=\"http:\/\/www2.ac-nice.fr\/cid141392\/17eme-edition-du-festival-academique-de-spectacles-chorals.html\" target=\"_blank\" rel=\"noopener noreferrer\">(FASC)<\/a> est soutenu par le rectorat de l&rsquo;acad\u00e9mie de Nice, les directions des services d\u00e9partementaux de l&rsquo;Education nationale et les d\u00e9partements des Alpes-Maritimes et du Var ainsi la F\u00e9d\u00e9ration acad\u00e9mique des rencontres des ensembles\u00a0 chorals et instrumentaux <a style=\"color: #000000;\" href=\"https:\/\/sites.google.com\/site\/lesitedelafareci\/\" target=\"_blank\" rel=\"noopener noreferrer\">(FARECI)<\/a>, qui comprend l&rsquo;Association des Chorales Scolaires des Alpes Maritimes <a style=\"color: #000000;\" href=\"http:\/\/acsam.org\/Accueil.html\" target=\"_blank\" rel=\"noopener noreferrer\">(ACSam)<\/a> et l&rsquo;Association des Centres Musicaux du Var <a style=\"color: #000000;\" href=\"https:\/\/sites.google.com\/site\/lesitedelacmv\/home\" target=\"_blank\" rel=\"noopener noreferrer\">(ACMV)<\/a>.<\/span><\/p>\n<p style=\"text-align: justify;\"><span style=\"font-size: 12pt; color: #000000;\">Le \u00ab\u00a0Festival \u00c9cole en\u00a0 choeur\u00a0\u00bb met \u00e0 l&rsquo;honneur les chorales scolaires\u00a0 pour favoriser et d\u00e9velopper le rayonnement de l&rsquo;\u00e9ducation musicale et du chant choral au sein de l&rsquo;institution scolaire.<\/span><br \/><span style=\"font-size: 12pt; color: #000000;\">Toutes les \u00e9coles primaires, tous les coll\u00e8ges et tous les lyc\u00e9es, publics et priv\u00e9s sous contrat, de France m\u00e9tropolitaine et d&rsquo;outre-mer sont invit\u00e9s \u00e0 participer \u00e0 cette initiative qui valorise des projets men\u00e9s par des jeunes avec leurs enseignants. Les chorales scolaires choisissent librement leur programme musical parmi le r\u00e9pertoire fran\u00e7ais ou \u00e9tranger, ancien ou contemporain.<\/span><\/p>\n<p style=\"text-align: justify;\"><span style=\"font-size: 10pt; color: #000000;\"><span style=\"font-size: 12pt;\">Le Festival Acad\u00e9mique de Spectacle Choral (FASC) participe de mani\u00e8re active au Festival national \u00ab\u00a0\u00c9cole en Choeur\u00a0\u00bb qui permet \u00e0 toutes les chorales scolaires de se produire au mois de mai et au mois de juin, le temps d&rsquo;un spectacle sur une des nombreuses sc\u00e8nes du territoire acad\u00e9mique. <\/span><\/span><\/p>\n<p style=\"text-align: justify;\"><span style=\"color: #000000;\"><span style=\"font-size: 12pt;\">Les minist\u00e8res de l&rsquo;\u00c9ducation nationale et de la Culture ont pr\u00e9sent\u00e9 le \u00ab\u00a0plan chorale\u00a0\u00bb en d\u00e9cembre 2017. Il s&rsquo;agit d&rsquo;un plan ambitieux pour d\u00e9velopper les chorales sur le temps scolaire. <\/span><span style=\"font-size: 10pt;\"><span style=\"font-size: 12pt;\">L&rsquo;\u00e9ducation artistique et culturelle reste une priorit\u00e9. L&rsquo;objectif est que 100% des enfants soient touch\u00e9s par : la pratique artistique, la fr\u00e9quentation des oeuvres, des lieux de culture, la rencontre avec les artistes et l&rsquo;acquisition de connaissances dans le champ des arts et de la culture.<\/span><\/span><\/span><\/p>\n<p>[\/et_pb_text][\/et_pb_column][\/et_pb_row][\/et_pb_section]<\/p>\n","protected":false},"excerpt":{"rendered":"<p>FASC 2024 calendrier en t\u00e9l\u00e9chargementcontact- Philippe Mopin -philippe.mopin@ac-nice.frFestival Acad\u00e9mique de Spectacles chorals 2024 Le Programme Chaque ann\u00e9e de mai \u00e0 juin, le temps d&rsquo;un spectacle sur une des nombreuses\u00a0 sc\u00e8nes du territoire acad\u00e9mique, plusieurs milliers d\u2019\u00e9l\u00e8ves ont la possibilit\u00e9 de r\u00e9v\u00e9ler la part d&rsquo;artiste qui sommeille en eux. \u00c9coliers, coll\u00e9giens ou lyc\u00e9ens, choristes ou solistes, [&hellip;]<\/p>\n","protected":false},"author":241,"featured_media":0,"parent":365,"menu_order":0,"comment_status":"closed","ping_status":"closed","template":"","meta":{"_et_pb_use_builder":"on","_et_pb_old_content":"<div class=\"\" style=\"text-align: center;\"><span class=\"\" style=\"font-size: 14pt;\">Festival Acad\u00e9mique de Spectacles chorales 2022<\/span><\/div><div class=\"\" style=\"text-align: center;\">\u00a0<\/div><div class=\"\" style=\"text-align: center;\"><span class=\"\" style=\"font-size: 14pt;\">\u00a0 \u00a0 \u00a0 \u00a0 \u00a0 \u00a0 \u00a0 \u00a0 \u00a0 \u00a0 \u00a0 \u00a0 \u00a0 \u00a0 \u00a0 \u00a0Le Programme<\/span><\/div><p style=\"text-align: center;\">\u00a0<\/p><table style=\"border-collapse: collapse; width: 100%;\"><tbody><tr><td style=\"width: 25%;\"><a href=\"https:\/\/www.pedagogie.ac-nice.fr\/daac\/festival-academique-de-spectacles-chorals-fasc\/image-ecole_choeur\/\" rel=\"attachment wp-att-859\"><img class=\"alignnone size-thumbnail wp-image-859\" src=\"https:\/\/www.pedagogie.ac-nice.fr\/daac\/wp-content\/uploads\/sites\/37\/2020\/10\/image-ecole_choeur-150x150.png\" alt=\"\" width=\"150\" height=\"150\"><\/a><\/td><td style=\"width: 25%;\"><a href=\"https:\/\/www.pedagogie.ac-nice.fr\/daac\/festival-academique-de-spectacles-chorals-fasc\/fasc_mimage2\/\" rel=\"attachment wp-att-895\"><img class=\"alignnone size-thumbnail wp-image-895\" src=\"https:\/\/www.pedagogie.ac-nice.fr\/daac\/wp-content\/uploads\/sites\/37\/2020\/10\/fasc_mimage2-150x150.png\" alt=\"\" width=\"150\" height=\"150\"><\/a><\/td><td style=\"width: 25%;\"><a href=\"https:\/\/www.pedagogie.ac-nice.fr\/daac\/festival-academique-de-spectacles-chorals-fasc\/image_3_coeur\/\" rel=\"attachment wp-att-896\"><img class=\"alignnone size-thumbnail wp-image-896\" src=\"https:\/\/www.pedagogie.ac-nice.fr\/daac\/wp-content\/uploads\/sites\/37\/2020\/10\/image_3_coeur-150x150.jpg\" alt=\"\" width=\"150\" height=\"150\"><\/a><\/td><td style=\"width: 25%;\"><a href=\"https:\/\/www.pedagogie.ac-nice.fr\/daac\/festival-academique-de-spectacles-chorals-fasc\/fasc_4\/\" rel=\"attachment wp-att-894\"><img class=\"alignnone size-thumbnail wp-image-894\" src=\"https:\/\/www.pedagogie.ac-nice.fr\/daac\/wp-content\/uploads\/sites\/37\/2020\/10\/fasc_4-150x150.jpg\" alt=\"\" width=\"150\" height=\"150\"><\/a><\/td><\/tr><\/tbody><\/table><p style=\"text-align: justify;\"><span style=\"font-size: 12pt;\">Chaque ann\u00e9e de mai \u00e0 juin, le temps d'un spectacle sur une des nombreuses\u00a0 sc\u00e8nes du territoire acad\u00e9mique, plusieurs milliers d\u2019\u00e9l\u00e8ves ont la possibilit\u00e9 de r\u00e9v\u00e9ler la part d'artiste qui sommeille en eux. <\/span><\/p><p style=\"text-align: justify;\"><span style=\"font-size: 12pt;\">\u00c9coliers, coll\u00e9giens ou lyc\u00e9ens, choristes ou solistes, chanteurs ou instrumentistes ont la possibilit\u00e9 de partager leur passion commune pour la musique et le spectacle.<\/span><br><span style=\"font-size: 12pt;\">Chaque projet jalonne de mani\u00e8re forte et structurante le parcours d'\u00e9ducation artistique et culturelle (PEAC) de l'\u00e9l\u00e8ve dont l'aboutissement annuel est la repr\u00e9sentation publique.<\/span><br><span style=\"font-size: 12pt;\">Ce festival <a href=\"http:\/\/www2.ac-nice.fr\/cid141392\/17eme-edition-du-festival-academique-de-spectacles-chorals.html\" target=\"_blank\" rel=\"noopener noreferrer\">(FASC)<\/a> est soutenu par le rectorat de l'acad\u00e9mie de Nice, les directions des services d\u00e9partementaux de l'Education nationale et les d\u00e9partements des Alpes-Maritimes et du Var ainsi la F\u00e9d\u00e9ration acad\u00e9mique des rencontres des ensembles\u00a0 chorals et instrumentaux <a href=\"https:\/\/sites.google.com\/site\/lesitedelafareci\/\" target=\"_blank\" rel=\"noopener noreferrer\">(FARECI)<\/a>, qui comprend l'Association des Chorales Scolaires des Alpes Maritimes <a href=\"http:\/\/acsam.org\/Accueil.html\" target=\"_blank\" rel=\"noopener noreferrer\">(ACSam)<\/a> et l'Association des Centres Musicaux du Var <a href=\"https:\/\/sites.google.com\/site\/lesitedelacmv\/home\" target=\"_blank\" rel=\"noopener noreferrer\">(ACMV)<\/a>.<\/span><\/p><p style=\"text-align: justify;\"><span style=\"font-size: 12pt;\">Le \"Festival \u00c9cole en\u00a0 choeur\" met \u00e0 l'honneur les chorales scolaires\u00a0 pour favoriser et d\u00e9velopper le rayonnement de l'\u00e9ducation musicale et du chant choral au sein de l'institution scolaire.<\/span><br><span style=\"font-size: 12pt;\">Toutes les \u00e9coles primaires, tous les coll\u00e8ges et tous les lyc\u00e9es, publics et priv\u00e9s sous contrat, de France m\u00e9tropolitaine et d'outre-mer sont invit\u00e9s \u00e0 participer \u00e0 cette initiative qui valorise des projets men\u00e9s par des jeunes avec leurs enseignants. Les chorales scolaires choisissent librement leur programme musical parmi le r\u00e9pertoire fran\u00e7ais ou \u00e9tranger, ancien ou contemporain.<\/span><\/p><p style=\"text-align: justify;\"><span style=\"font-size: 10pt;\"><span style=\"font-size: 12pt;\">Le Festival Acad\u00e9mique de Spectacle Choral (FASC) participe de mani\u00e8re active au Festival national \"\u00c9cole en Choeur\" qui permet \u00e0 toutes les chorales scolaires de se produire au mois de mai et au mois de juin, le temps d'un spectacle sur une des nombreuses sc\u00e8nes du territoire acad\u00e9mique. <\/span><\/span><\/p><p style=\"text-align: justify;\"><span style=\"font-size: 12pt;\">Les minist\u00e8res de l'\u00c9ducation nationale et de la Culture ont pr\u00e9sent\u00e9 le \"plan chorale\" en d\u00e9cembre 2017. Il s'agit d'un plan ambitieux pour d\u00e9velopper les chorales sur le temps scolaire. <\/span><span style=\"font-size: 10pt;\"><span style=\"font-size: 12pt;\">L'\u00e9ducation artistique et culturelle reste une priorit\u00e9. L'objectif est que 100% des enfants soient touch\u00e9s par : la pratique artistique, la fr\u00e9quentation des oeuvres, des lieux de culture, la rencontre avec les artistes et l'acquisition de connaissances dans le champ des arts et de la culture.<\/span><br><\/span><\/p><p>Pour aller plus loin : <a href=\"http:\/\/www2.ac-nice.fr\/cid141392\/17eme-edition-du-festival-academique-de-spectacles-chorals.html\" target=\"_blank\" rel=\"http:\/\/www2.ac-nice.fr\/cid141392\/17eme-edition-du-festival-academique-de-spectacles-chorals.html noopener noreferrer\"><img class=\"alignnone wp-image-359 size-full\" src=\"https:\/\/www.pedagogie.ac-nice.fr\/daac\/wp-content\/uploads\/sites\/37\/2020\/08\/bouton_connexion.png\" alt=\"\" width=\"71\" height=\"70\"><\/a><\/p><p>contact : Philippe Mopin - <a title=\"Composer un message \u00e0 philippe.mopin@ac-nice.fr\">philippe.mopin@ac-nice.fr<\/a><\/p>","_et_gb_content_width":"","ngg_post_thumbnail":0,"footnotes":""},"class_list":["post-852","page","type-page","status-publish","hentry"],"rttpg_featured_image_url":null,"rttpg_author":{"display_name":"daacadmin","author_link":"https:\/\/www.pedagogie.ac-nice.fr\/daac\/author\/daacadmin\/"},"rttpg_comment":0,"rttpg_category":null,"rttpg_excerpt":"FASC 2024 calendrier en t\u00e9l\u00e9chargementcontact- Philippe Mopin -philippe.mopin@ac-nice.frFestival Acad\u00e9mique de Spectacles chorals 2024 Le Programme Chaque ann\u00e9e de mai \u00e0 juin, le temps d'un spectacle sur une des nombreuses\u00a0 sc\u00e8nes du territoire acad\u00e9mique, plusieurs milliers d\u2019\u00e9l\u00e8ves ont la possibilit\u00e9 de r\u00e9v\u00e9ler la part d'artiste qui sommeille en eux. \u00c9coliers, coll\u00e9giens ou lyc\u00e9ens, choristes ou solistes,\u2026","post_mailing_queue_ids":[],"_links":{"self":[{"href":"https:\/\/www.pedagogie.ac-nice.fr\/daac\/wp-json\/wp\/v2\/pages\/852","targetHints":{"allow":["GET"]}}],"collection":[{"href":"https:\/\/www.pedagogie.ac-nice.fr\/daac\/wp-json\/wp\/v2\/pages"}],"about":[{"href":"https:\/\/www.pedagogie.ac-nice.fr\/daac\/wp-json\/wp\/v2\/types\/page"}],"author":[{"embeddable":true,"href":"https:\/\/www.pedagogie.ac-nice.fr\/daac\/wp-json\/wp\/v2\/users\/241"}],"replies":[{"embeddable":true,"href":"https:\/\/www.pedagogie.ac-nice.fr\/daac\/wp-json\/wp\/v2\/comments?post=852"}],"version-history":[{"count":29,"href":"https:\/\/www.pedagogie.ac-nice.fr\/daac\/wp-json\/wp\/v2\/pages\/852\/revisions"}],"predecessor-version":[{"id":15528,"href":"https:\/\/www.pedagogie.ac-nice.fr\/daac\/wp-json\/wp\/v2\/pages\/852\/revisions\/15528"}],"up":[{"embeddable":true,"href":"https:\/\/www.pedagogie.ac-nice.fr\/daac\/wp-json\/wp\/v2\/pages\/365"}],"wp:attachment":[{"href":"https:\/\/www.pedagogie.ac-nice.fr\/daac\/wp-json\/wp\/v2\/media?parent=852"}],"curies":[{"name":"wp","href":"https:\/\/api.w.org\/{rel}","templated":true}]}}