{"id":8542,"date":"2021-10-23T13:54:55","date_gmt":"2021-10-23T11:54:55","guid":{"rendered":"https:\/\/www.pedagogie.ac-nice.fr\/daac\/?page_id=8542"},"modified":"2023-02-21T14:52:58","modified_gmt":"2023-02-21T13:52:58","slug":"printemps-des-poetes","status":"publish","type":"page","link":"https:\/\/www.pedagogie.ac-nice.fr\/daac\/printemps-des-poetes\/","title":{"rendered":"Printemps des poetes"},"content":{"rendered":"<p>[et_pb_section fb_built=\u00a0\u00bb1&Prime; _builder_version=\u00a0\u00bb4.10.7&Prime; _module_preset=\u00a0\u00bbdefault\u00a0\u00bb global_colors_info=\u00a0\u00bb{}\u00a0\u00bb][et_pb_row column_structure=\u00a0\u00bb2_5,3_5&Prime; _builder_version=\u00a0\u00bb4.10.7&Prime; _module_preset=\u00a0\u00bbdefault\u00a0\u00bb global_colors_info=\u00a0\u00bb{}\u00a0\u00bb][et_pb_column type=\u00a0\u00bb2_5&Prime; _builder_version=\u00a0\u00bb4.10.7&Prime; _module_preset=\u00a0\u00bbdefault\u00a0\u00bb global_colors_info=\u00a0\u00bb{}\u00a0\u00bb][et_pb_text admin_label=\u00a0\u00bblogo daac\u00a0\u00bb _builder_version=\u00a0\u00bb4.10.7&Prime; _module_preset=\u00a0\u00bbdefault\u00a0\u00bb global_colors_info=\u00a0\u00bb{}\u00a0\u00bb]<\/p>\n<p><a href=\"https:\/\/www.pedagogie.ac-nice.fr\/daac\/domaine-reseau-du-livre\/\" target=\"_blank\" rel=\"noopener\"><img loading=\"lazy\" decoding=\"async\" class=\"aligncenter wp-image-8025 size-full\" src=\"https:\/\/www.pedagogie.ac-nice.fr\/daac\/wp-content\/uploads\/sites\/37\/2021\/09\/actualites_livre-1.png\" alt=\"\" width=\"276\" height=\"183\"><\/a><\/p>\n<p>[\/et_pb_text][et_pb_divider _builder_version=\u00a0\u00bb4.10.7&Prime; _module_preset=\u00a0\u00bbdefault\u00a0\u00bb custom_margin=\u00a0\u00bb-21px|||||\u00a0\u00bb global_colors_info=\u00a0\u00bb{}\u00a0\u00bb][\/et_pb_divider][et_pb_text admin_label=\u00a0\u00bblogo printemps\u00a0\u00bb _builder_version=\u00a0\u00bb4.10.7&Prime; _module_preset=\u00a0\u00bbdefault\u00a0\u00bb custom_margin=\u00a0\u00bb-38px|||||\u00a0\u00bb global_colors_info=\u00a0\u00bb{}\u00a0\u00bb]<\/p>\n<p style=\"text-align: center;\"><a href=\"https:\/\/www.printempsdespoetes.com\/Le-Printemps-des-Poetes\" target=\"_blank\" rel=\"noopener\"><img loading=\"lazy\" decoding=\"async\" class=\"aligncenter wp-image-8545 size-medium\" src=\"https:\/\/www.pedagogie.ac-nice.fr\/daac\/wp-content\/uploads\/sites\/37\/2021\/10\/printemps_poetes-300x300.jpg\" alt=\"\" width=\"300\" height=\"300\" srcset=\"https:\/\/www.pedagogie.ac-nice.fr\/daac\/wp-content\/uploads\/sites\/37\/2021\/10\/printemps_poetes-300x300.jpg 300w, https:\/\/www.pedagogie.ac-nice.fr\/daac\/wp-content\/uploads\/sites\/37\/2021\/10\/printemps_poetes-1024x1024.jpg 1024w, https:\/\/www.pedagogie.ac-nice.fr\/daac\/wp-content\/uploads\/sites\/37\/2021\/10\/printemps_poetes-150x150.jpg 150w, https:\/\/www.pedagogie.ac-nice.fr\/daac\/wp-content\/uploads\/sites\/37\/2021\/10\/printemps_poetes-768x768.jpg 768w, https:\/\/www.pedagogie.ac-nice.fr\/daac\/wp-content\/uploads\/sites\/37\/2021\/10\/printemps_poetes-1536x1536.jpg 1536w, https:\/\/www.pedagogie.ac-nice.fr\/daac\/wp-content\/uploads\/sites\/37\/2021\/10\/printemps_poetes-2048x2048.jpg 2048w, https:\/\/www.pedagogie.ac-nice.fr\/daac\/wp-content\/uploads\/sites\/37\/2021\/10\/printemps_poetes-1080x1080.jpg 1080w, https:\/\/www.pedagogie.ac-nice.fr\/daac\/wp-content\/uploads\/sites\/37\/2021\/10\/printemps_poetes-440x440.jpg 440w\" sizes=\"(max-width: 300px) 100vw, 300px\" \/><\/a><\/p>\n<p>[\/et_pb_text][et_pb_text _builder_version=\u00a0\u00bb4.10.7&Prime; _module_preset=\u00a0\u00bbdefault\u00a0\u00bb custom_margin=\u00a0\u00bb-66px|||||\u00a0\u00bb global_colors_info=\u00a0\u00bb{}\u00a0\u00bb]<\/p>\n<p><img loading=\"lazy\" decoding=\"async\" class=\"alignnone size-full wp-image-10954\" src=\"https:\/\/www.pedagogie.ac-nice.fr\/daac\/wp-content\/uploads\/sites\/37\/2022\/01\/Printempspoetes.jpg\" alt=\"\" width=\"1000\" height=\"1500\" srcset=\"https:\/\/www.pedagogie.ac-nice.fr\/daac\/wp-content\/uploads\/sites\/37\/2022\/01\/Printempspoetes.jpg 1000w, https:\/\/www.pedagogie.ac-nice.fr\/daac\/wp-content\/uploads\/sites\/37\/2022\/01\/Printempspoetes-200x300.jpg 200w, https:\/\/www.pedagogie.ac-nice.fr\/daac\/wp-content\/uploads\/sites\/37\/2022\/01\/Printempspoetes-683x1024.jpg 683w, https:\/\/www.pedagogie.ac-nice.fr\/daac\/wp-content\/uploads\/sites\/37\/2022\/01\/Printempspoetes-768x1152.jpg 768w\" sizes=\"(max-width: 1000px) 100vw, 1000px\" \/><\/p>\n<p>[\/et_pb_text][\/et_pb_column][et_pb_column type=\u00a0\u00bb3_5&Prime; _builder_version=\u00a0\u00bb4.10.7&Prime; _module_preset=\u00a0\u00bbdefault\u00a0\u00bb global_colors_info=\u00a0\u00bb{}\u00a0\u00bb][et_pb_text admin_label=\u00a0\u00bbTitre \u00a0\u00bb _builder_version=\u00a0\u00bb4.10.7&Prime; _module_preset=\u00a0\u00bbdefault\u00a0\u00bb hover_enabled=\u00a0\u00bb0&Prime; global_colors_info=\u00a0\u00bb{}\u00a0\u00bb text_font=\u00a0\u00bbTrebuchet||||||||\u00a0\u00bb sticky_enabled=\u00a0\u00bb0&Prime;]<\/p>\n<p style=\"text-align: center;\"><span style=\"font-size: 18pt; color: #000080;\"><span style=\"color: #993366;\"><strong>Le Printemps des Po\u00e8tes<\/strong><\/span><br \/><span style=\"color: #ff00ff;\"><span style=\"color: #993366;\"><strong>12 &#8211; 28 mars 2022<\/strong><\/span><br \/><\/span><\/span><\/p>\n<p>[\/et_pb_text][et_pb_text admin_label=\u00a0\u00bbTexte Thierry\u00a0\u00bb _builder_version=\u00a0\u00bb4.10.7&Prime; _module_preset=\u00a0\u00bbdefault\u00a0\u00bb hover_enabled=\u00a0\u00bb0&Prime; global_colors_info=\u00a0\u00bb{}\u00a0\u00bb text_font=\u00a0\u00bbTrebuchet||||||||\u00a0\u00bb text_orientation=\u00a0\u00bbjustified\u00a0\u00bb sticky_enabled=\u00a0\u00bb0&Prime;]<\/p>\n<div class=\"textLayer\" style=\"text-align: justify;\">\n<p><span style=\"color: #993366;\"><span dir=\"ltr\" role=\"presentation\">La 24<\/span><span dir=\"ltr\" role=\"presentation\">\u00e8me<\/span><span dir=\"ltr\" role=\"presentation\"> \u00e9dition du Printemps des po\u00e8tes se tiendra du <\/span><strong><span dir=\"ltr\" role=\"presentation\">12 au 28 mars 2022<\/span><\/strong><span dir=\"ltr\" role=\"presentation\">.<\/span><\/span><\/p>\n<p style=\"text-align: justify;\"><span style=\"color: #000000;\">Apr\u00e8s\u00a0 <span dir=\"ltr\" role=\"presentation\"><strong>L\u2019Ardeur<\/strong>, <strong>La Beaut\u00e9<\/strong>, <strong>Le Courage<\/strong> puis <strong>Le D\u00e9sir<\/strong>, cap sur <\/span><strong><span dir=\"ltr\" role=\"presentation\">L\u2019\u00c9ph\u00e9m\u00e8re <\/span><\/strong><span dir=\"ltr\" role=\"presentation\">: \u00ab Il est temps de sonder \u00e0 nouveau L\u2019\u00c9ph\u00e9m\u00e8re. De ne pas attendre \u00e0 demain. De questionner ici et maintenant la part la plus fragile, la plus secr\u00e8te, la plus inou\u00efe de nos existences\u00a0\u00bb.<br \/><\/span><\/span><br role=\"presentation\" \/><span style=\"color: #000000;\"><span dir=\"ltr\" role=\"presentation\">Deux projets d\u2019\u00e9ducation artistique et culturelles sont \u00e0 nouveau propos\u00e9s par le <\/span><span dir=\"ltr\" role=\"presentation\">Printemps des po\u00e8tes dans le cadre de <\/span><strong><span dir=\"ltr\" role=\"presentation\">L\u2019Op\u00e9ration Coudrier<\/span><\/strong><span dir=\"ltr\" role=\"presentation\">, pour contribuer \u00e0 faire <\/span><span dir=\"ltr\" role=\"presentation\">d\u00e9couvrir un large corpus po\u00e9tique, \u00e0 \u00e9veiller la sensibilit\u00e9 et la cr\u00e9ativit\u00e9 des jeunes, et <\/span><span dir=\"ltr\" role=\"presentation\">\u00e0 les accompagner dans l\u2019exercice de leur regard critique. Comme l\u2019ann\u00e9e derni\u00e8re, l\u2019un <\/span><span dir=\"ltr\" role=\"presentation\">des projets proposera une r\u00e9\u00e9criture de po\u00e8mes ; l\u2019autre proposera d\u2019investir la ville en <\/span><span dir=\"ltr\" role=\"presentation\">po\u00e9sie. Tous deux s\u2019adressent \u00e0 tous les niveaux de coll\u00e8ge et de lyc\u00e9e, par classe ou par <\/span><span dir=\"ltr\" role=\"presentation\">groupe autrement constitu\u00e9.<br \/><\/span><\/span><br role=\"presentation\" \/><span style=\"color: #000000;\"><span dir=\"ltr\" role=\"presentation\">Ces deux propositions allient la d\u00e9couverte du patrimoine culturel po\u00e9tique, la <\/span><span dir=\"ltr\" role=\"presentation\">cr\u00e9ativit\u00e9 des jeunes et l\u2019exercice de leur sensibilit\u00e9, et le d\u00e9veloppement du regard <\/span><span dir=\"ltr\" role=\"presentation\">critique. Elles peuvent donner lieu \u00e0 une rencontre avec un po\u00e8te ou un auteur. Elles vous <\/span><span dir=\"ltr\" role=\"presentation\">laissent tr\u00e8s libres d\u2019organiser le projet comme vous le souhaitez, et offrent de belles <\/span><span dir=\"ltr\" role=\"presentation\">perspectives de valorisation du travail des \u00e9l\u00e8ves (et du v\u00f4tre).<br \/><\/span><\/span><br role=\"presentation\" \/><span style=\"color: #000000;\"><span dir=\"ltr\" role=\"presentation\">Les modalit\u00e9s de participation et de nombreuses ressources sont disponibles sur le site du Printemps des <\/span><span dir=\"ltr\" role=\"presentation\">Po\u00e8tes : <\/span> <a href=\"https:\/\/www.printempsdespoetes.com\/Edition-2022\" target=\"_blank\" rel=\"noopener\" style=\"color: #000000;\"><span dir=\"ltr\" role=\"presentation\">www.printempsdespoetes.com<\/span><\/a><br \/><\/span><\/p>\n<p style=\"text-align: justify;\"><span style=\"color: #000000;\"><b><\/b><span style=\"font-family: georgia, palatino, serif;\">Encouragez vos \u00e9l\u00e8ves \u00e0 partager leurs po\u00e9sies sur le site d\u00e9di\u00e9 de la DAAC\u00a0!\u00a0: <a href=\"https:\/\/www.pedagogie.ac-nice.fr\/daac-poesie\/\" target=\"_blank\" rel=\"noopener\" style=\"color: #000000;\">https:\/\/www.pedagogie.ac-nice.fr\/daac-poesie\/<\/a><\/span><\/span><\/p>\n<p style=\"text-align: center;\"><span style=\"color: #000000;\"><strong>\u00ab\u00a0Participez avec vos \u00e9l\u00e8ves au Printemps des po\u00e8tes diffus\u00e9 sur Cap&rsquo;Radio<\/strong><\/span><\/p>\n<p><span style=\"color: #000000;\">Pour mettre en voix son po\u00e8me avec Cap\u2019RADIO : envoyez votre lecture en .mp3 \u00e0 capradio@ac-nice.fr<\/span><\/p>\n<p><span style=\"color: #000000;\">Elles seront diffus\u00e9es <strong>le samedi 26 mars<\/strong> pour une soir\u00e9e sp\u00e9ciale po\u00e9sie sur Cap\u2019Radio !\u00a0\u00bb<\/span><\/p>\n<p><span style=\"color: #000000;\"><a href=\"https:\/\/www.pedagogie.ac-nice.fr\/daac\/wp-content\/uploads\/sites\/37\/2022\/02\/Printemps-des-poetes.pdf\" target=\"_blank\" rel=\"noopener\" style=\"color: #000000;\">Toutes les conditions ici <\/a><\/span><\/p>\n<p style=\"text-align: justify;\"><span style=\"color: #000000;\"><strong><span dir=\"ltr\" role=\"presentation\">Contact enseignants : <\/span><span dir=\"ltr\" role=\"presentation\">eac@printempsdespoetes.com<\/span><\/strong><\/span><\/p>\n<\/div>\n<p><span dir=\"ltr\" style=\"color: #000000;\" role=\"presentation\">En savoir plus :<\/span><br role=\"presentation\" \/><span style=\"color: #000000;\"><strong><span dir=\"ltr\" role=\"presentation\">Contact DAAC : <\/span><span dir=\"ltr\" role=\"presentation\">sabrina.silvestre@ac-nice.fr<\/span> <\/strong><\/span><br role=\"presentation\" \/><span dir=\"ltr\" style=\"color: #000000;\" role=\"presentation\">Charg\u00e9e de mission po\u00e9sie, <\/span><br role=\"presentation\" \/><span dir=\"ltr\" style=\"color: #000000;\" role=\"presentation\">Suivi des prix et concours \u00ab r\u00e9seau du livre \u00bb pour la DAAC de Nice <\/span><\/p>\n<p>[\/et_pb_text][\/et_pb_column][\/et_pb_row][\/et_pb_section]<\/p>\n","protected":false},"excerpt":{"rendered":"<p>Le Printemps des Po\u00e8tes12 &#8211; 28 mars 2022 La 24\u00e8me \u00e9dition du Printemps des po\u00e8tes se tiendra du 12 au 28 mars 2022. Apr\u00e8s\u00a0 L\u2019Ardeur, La Beaut\u00e9, Le Courage puis Le D\u00e9sir, cap sur L\u2019\u00c9ph\u00e9m\u00e8re : \u00ab Il est temps de sonder \u00e0 nouveau L\u2019\u00c9ph\u00e9m\u00e8re. De ne pas attendre \u00e0 demain. De questionner ici et [&hellip;]<\/p>\n","protected":false},"author":241,"featured_media":0,"parent":0,"menu_order":0,"comment_status":"closed","ping_status":"closed","template":"","meta":{"_et_pb_use_builder":"on","_et_pb_old_content":"","_et_gb_content_width":"","ngg_post_thumbnail":0,"footnotes":""},"class_list":["post-8542","page","type-page","status-publish","hentry"],"rttpg_featured_image_url":null,"rttpg_author":{"display_name":"daacadmin","author_link":"https:\/\/www.pedagogie.ac-nice.fr\/daac\/author\/daacadmin\/"},"rttpg_comment":0,"rttpg_category":null,"rttpg_excerpt":"Le Printemps des Po\u00e8tes12 - 28 mars 2022 La 24\u00e8me \u00e9dition du Printemps des po\u00e8tes se tiendra du 12 au 28 mars 2022. Apr\u00e8s\u00a0 L\u2019Ardeur, La Beaut\u00e9, Le Courage puis Le D\u00e9sir, cap sur L\u2019\u00c9ph\u00e9m\u00e8re : \u00ab Il est temps de sonder \u00e0 nouveau L\u2019\u00c9ph\u00e9m\u00e8re. De ne pas attendre \u00e0 demain. De questionner ici et\u2026","post_mailing_queue_ids":[],"_links":{"self":[{"href":"https:\/\/www.pedagogie.ac-nice.fr\/daac\/wp-json\/wp\/v2\/pages\/8542","targetHints":{"allow":["GET"]}}],"collection":[{"href":"https:\/\/www.pedagogie.ac-nice.fr\/daac\/wp-json\/wp\/v2\/pages"}],"about":[{"href":"https:\/\/www.pedagogie.ac-nice.fr\/daac\/wp-json\/wp\/v2\/types\/page"}],"author":[{"embeddable":true,"href":"https:\/\/www.pedagogie.ac-nice.fr\/daac\/wp-json\/wp\/v2\/users\/241"}],"replies":[{"embeddable":true,"href":"https:\/\/www.pedagogie.ac-nice.fr\/daac\/wp-json\/wp\/v2\/comments?post=8542"}],"version-history":[{"count":13,"href":"https:\/\/www.pedagogie.ac-nice.fr\/daac\/wp-json\/wp\/v2\/pages\/8542\/revisions"}],"predecessor-version":[{"id":14655,"href":"https:\/\/www.pedagogie.ac-nice.fr\/daac\/wp-json\/wp\/v2\/pages\/8542\/revisions\/14655"}],"wp:attachment":[{"href":"https:\/\/www.pedagogie.ac-nice.fr\/daac\/wp-json\/wp\/v2\/media?parent=8542"}],"curies":[{"name":"wp","href":"https:\/\/api.w.org\/{rel}","templated":true}]}}