{"id":866,"date":"2020-10-25T20:51:16","date_gmt":"2020-10-25T19:51:16","guid":{"rendered":"https:\/\/www.pedagogie.ac-nice.fr\/daac\/?page_id=866"},"modified":"2020-10-26T15:02:06","modified_gmt":"2020-10-26T14:02:06","slug":"rencontres-colleges-et-orchestre-regional-de-cannes","status":"publish","type":"page","link":"https:\/\/www.pedagogie.ac-nice.fr\/daac\/les-domaines-de-leac\/musique-chantchoral\/rencontres-colleges-et-orchestre-regional-de-cannes\/","title":{"rendered":"Rencontres Coll\u00e8ges et Orchestre r\u00e9gional de Cannes"},"content":{"rendered":"<p style=\"text-align: center;\"><span style=\"font-size: 14pt;\">Rencontres Coll\u00e8ges et Orchestre r\u00e9gional de Cannes<\/span><\/p>\n<p style=\"text-align: right;\">Charg\u00e9e de mission : Sandrine Pecoul<\/p>\n<table style=\"border-collapse: collapse; width: 100%;\">\n<tbody>\n<tr>\n<td style=\"width: 25%;\"><a href=\"https:\/\/www.pedagogie.ac-nice.fr\/daac\/rencontres-colleges-et-orchestre-regional-de-cannes\/concert1\/\" rel=\"attachment wp-att-872\"><img loading=\"lazy\" decoding=\"async\" class=\"alignnone size-thumbnail wp-image-872\" src=\"https:\/\/www.pedagogie.ac-nice.fr\/daac\/wp-content\/uploads\/sites\/37\/2020\/10\/concert1-150x150.png\" alt=\"\" width=\"150\" height=\"150\" \/><\/a><\/td>\n<td style=\"width: 25%;\"><a href=\"https:\/\/www.pedagogie.ac-nice.fr\/daac\/rencontres-colleges-et-orchestre-regional-de-cannes\/concert_2\/\" rel=\"attachment wp-att-874\"><img loading=\"lazy\" decoding=\"async\" class=\"alignnone size-thumbnail wp-image-874\" src=\"https:\/\/www.pedagogie.ac-nice.fr\/daac\/wp-content\/uploads\/sites\/37\/2020\/10\/concert_2-150x150.png\" alt=\"\" width=\"150\" height=\"150\" srcset=\"https:\/\/www.pedagogie.ac-nice.fr\/daac\/wp-content\/uploads\/sites\/37\/2020\/10\/concert_2-150x150.png 150w, https:\/\/www.pedagogie.ac-nice.fr\/daac\/wp-content\/uploads\/sites\/37\/2020\/10\/concert_2.png 300w\" sizes=\"(max-width: 150px) 100vw, 150px\" \/><\/a><\/td>\n<td style=\"width: 25%;\"><a href=\"https:\/\/www.pedagogie.ac-nice.fr\/daac\/rencontres-colleges-et-orchestre-regional-de-cannes\/orchestre_cannes\/\" rel=\"attachment wp-att-875\"><img loading=\"lazy\" decoding=\"async\" class=\"alignnone size-full wp-image-875\" src=\"https:\/\/www.pedagogie.ac-nice.fr\/daac\/wp-content\/uploads\/sites\/37\/2020\/10\/orchestre_cannes.png\" alt=\"\" width=\"151\" height=\"151\" \/><\/a><\/td>\n<td style=\"width: 25%;\"><a href=\"https:\/\/www.pedagogie.ac-nice.fr\/daac\/rencontres-colleges-et-orchestre-regional-de-cannes\/orchestre_3\/\" rel=\"attachment wp-att-876\"><img loading=\"lazy\" decoding=\"async\" class=\"alignnone size-thumbnail wp-image-876\" src=\"https:\/\/www.pedagogie.ac-nice.fr\/daac\/wp-content\/uploads\/sites\/37\/2020\/10\/orchestre_3-150x150.png\" alt=\"\" width=\"150\" height=\"150\" srcset=\"https:\/\/www.pedagogie.ac-nice.fr\/daac\/wp-content\/uploads\/sites\/37\/2020\/10\/orchestre_3-150x150.png 150w, https:\/\/www.pedagogie.ac-nice.fr\/daac\/wp-content\/uploads\/sites\/37\/2020\/10\/orchestre_3.png 225w\" sizes=\"(max-width: 150px) 100vw, 150px\" \/><\/a><\/td>\n<\/tr>\n<\/tbody>\n<\/table>\n<p style=\"text-align: justify;\">Dans le cadre du partenariat entre l\u2019Orchestre de Cannes et l\u2019acad\u00e9mie organis\u00e9 par la DAAC, les coll\u00e9giens et lyc\u00e9ens de l\u2019Acad\u00e9mie de Nice vont pouvoir aller \u00e0 la rencontre d \u2019 u n\u00a0 o r c h e s t r e\u00a0 symphonique, de ses musiciens, de son chef, de ses instruments,<br \/>\net parfois m\u00eame. d\u2019un compositeur.<br \/>\nA l\u2019initiative de l\u2019Orchestre de Cannes, ces rencontres rev\u00eatent une forme in\u00e9dite : Il ne s\u2019agit pas d\u2019une s\u00e9ance p\u00e9dagogique unique sur une th\u00e9matique qui est propos\u00e9e mais un parcours \u00e9clectique qui permet de d\u00e9couvrir la programmation de la saison de l\u2019orchestre.<br \/>\nC\u2019est une opportunit\u00e9 exceptionnelle pour nos \u00e9l\u00e8ves qui vont entendre des oeuvres quelques jours avant qu\u2019elles soient donn\u00e9es en concert.<br \/>\nLes s\u00e9ances ont lieu dans la salle de r\u00e9p\u00e9tition de l\u2019orchestre, aux Arlucs, \u00e0 Cannes la Bocca. Chaque ann\u00e9e plus de 2000 coll\u00e9giens repr\u00e9sentant 25 coll\u00e8ges de l\u2019acad\u00e9mie participent \u00e0 ces rencontres de grande qualit\u00e9.<br \/>\nLes diff\u00e9rentes oeuvres propos\u00e9es permettent \u00e0 nouveau une saisie de ces rencontres \u00e0 des disciplines autres que la seule \u00c9ducation Musicale. Nous encourager les chefs d\u2019\u00e9tablissements \u00e0 favoriser cette ouverture trans-disciplinaire qui permettra aux \u00e9l\u00e8ves d\u2019alimenter leur parcours EAC. Au-del\u00e0 des grands axes p\u00e9dagogiques inh\u00e9rents \u00e0 ces rencontres (pr\u00e9sentation et identification des instruments de l\u2019orchestre, organisation de l\u2019orchestre, r\u00f4le du chef d\u2019orchestre, analyse de quelques exemples)<br \/>\nse situent diff\u00e9rents domaines du socle : des langages (linguistiques et musicaux) pour penser et communiquer la formation de la personne et du citoyen les repr\u00e9sentations du monde et l\u2019activit\u00e9 humaine Pendant les s\u00e9ances, un dialogue s\u2019\u00e9tablira entre les coll\u00e9giens et les solistes, le chef d\u2019orchestre et les musiciens de l\u2019orchestre donnant tout son sens au pilier \u00ab rencontre \u00bb propre \u00e0 l\u2019EAC.<br \/>\nLa pr\u00e9paration des s\u00e9ances se fait par le biais de mails et d\u2019un dossier p\u00e9dagogique.<\/p>\n<p style=\"text-align: justify;\">Vous pouvez \u00e9galement obtenir des informations compl\u00e9mentaires\u00a0 sur le site de l\u2019orchestre de Cannes : <a href=\"https:\/\/www.orchestre-cannes.com\/eleves-et-enseignants\" target=\"_blank\" rel=\"https:\/\/www.orchestre-cannes.com\/eleves-et-enseignants noopener noreferrer\"><img loading=\"lazy\" decoding=\"async\" class=\"alignnone wp-image-496 size-full\" src=\"https:\/\/www.pedagogie.ac-nice.fr\/daac\/wp-content\/uploads\/sites\/37\/2020\/08\/bouton_connexion-1.png\" alt=\"\" width=\"71\" height=\"70\" \/><\/a><\/p>\n<p style=\"text-align: center;\">ou<br \/>\n<a href=\"https:\/\/www.orchestrecannes.com\/eleves-et-enseignants\" target=\"_blank\" rel=\"noopener noreferrer\">https:\/\/www.orchestrecannes.com\/eleves-et-enseignants<\/a><\/p>\n<p>&nbsp;<\/p>\n","protected":false},"excerpt":{"rendered":"<p>Rencontres Coll\u00e8ges et Orchestre r\u00e9gional de Cannes Charg\u00e9e de mission : Sandrine Pecoul Dans le cadre du partenariat entre l\u2019Orchestre de Cannes et l\u2019acad\u00e9mie organis\u00e9 par la DAAC, les coll\u00e9giens et lyc\u00e9ens de l\u2019Acad\u00e9mie de Nice vont pouvoir aller \u00e0 la rencontre d \u2019 u n\u00a0 o r c h e s t r e\u00a0 [&hellip;]<\/p>\n","protected":false},"author":241,"featured_media":0,"parent":365,"menu_order":0,"comment_status":"closed","ping_status":"closed","template":"","meta":{"_et_pb_use_builder":"","_et_pb_old_content":"","_et_gb_content_width":"","ngg_post_thumbnail":0,"footnotes":""},"class_list":["post-866","page","type-page","status-publish","hentry"],"rttpg_featured_image_url":null,"rttpg_author":{"display_name":"daacadmin","author_link":"https:\/\/www.pedagogie.ac-nice.fr\/daac\/author\/daacadmin\/"},"rttpg_comment":0,"rttpg_category":null,"rttpg_excerpt":"Rencontres Coll\u00e8ges et Orchestre r\u00e9gional de Cannes Charg\u00e9e de mission : Sandrine Pecoul Dans le cadre du partenariat entre l\u2019Orchestre de Cannes et l\u2019acad\u00e9mie organis\u00e9 par la DAAC, les coll\u00e9giens et lyc\u00e9ens de l\u2019Acad\u00e9mie de Nice vont pouvoir aller \u00e0 la rencontre d \u2019 u n\u00a0 o r c h e s t r e\u00a0\u2026","post_mailing_queue_ids":[],"_links":{"self":[{"href":"https:\/\/www.pedagogie.ac-nice.fr\/daac\/wp-json\/wp\/v2\/pages\/866","targetHints":{"allow":["GET"]}}],"collection":[{"href":"https:\/\/www.pedagogie.ac-nice.fr\/daac\/wp-json\/wp\/v2\/pages"}],"about":[{"href":"https:\/\/www.pedagogie.ac-nice.fr\/daac\/wp-json\/wp\/v2\/types\/page"}],"author":[{"embeddable":true,"href":"https:\/\/www.pedagogie.ac-nice.fr\/daac\/wp-json\/wp\/v2\/users\/241"}],"replies":[{"embeddable":true,"href":"https:\/\/www.pedagogie.ac-nice.fr\/daac\/wp-json\/wp\/v2\/comments?post=866"}],"version-history":[{"count":7,"href":"https:\/\/www.pedagogie.ac-nice.fr\/daac\/wp-json\/wp\/v2\/pages\/866\/revisions"}],"predecessor-version":[{"id":938,"href":"https:\/\/www.pedagogie.ac-nice.fr\/daac\/wp-json\/wp\/v2\/pages\/866\/revisions\/938"}],"up":[{"embeddable":true,"href":"https:\/\/www.pedagogie.ac-nice.fr\/daac\/wp-json\/wp\/v2\/pages\/365"}],"wp:attachment":[{"href":"https:\/\/www.pedagogie.ac-nice.fr\/daac\/wp-json\/wp\/v2\/media?parent=866"}],"curies":[{"name":"wp","href":"https:\/\/api.w.org\/{rel}","templated":true}]}}