{"id":878,"date":"2020-10-25T21:24:44","date_gmt":"2020-10-25T20:24:44","guid":{"rendered":"https:\/\/www.pedagogie.ac-nice.fr\/daac\/?page_id=878"},"modified":"2020-10-26T15:17:09","modified_gmt":"2020-10-26T14:17:09","slug":"rencontres-lycees-et-orchestre-regional-de-cannes","status":"publish","type":"page","link":"https:\/\/www.pedagogie.ac-nice.fr\/daac\/les-domaines-de-leac\/musique-chantchoral\/rencontres-lycees-et-orchestre-regional-de-cannes\/","title":{"rendered":"Rencontres Lyc\u00e9es et Orchestre r\u00e9gional de Cannes"},"content":{"rendered":"<p style=\"text-align: center;\">contact : Philippe Mopin &#8211; <a title=\"Composer un message \u00e0 philippe.mopin@ac-nice.fr\">philippe.mopin@ac-nice.fr<\/a><\/p>\n<table style=\"border-collapse: collapse; width: 100%;\">\n<tbody>\n<tr>\n<td style=\"width: 25%;\"><a href=\"https:\/\/www.pedagogie.ac-nice.fr\/daac\/rencontres-lycees-et-orchestre-regional-de-cannes\/photo_1_lycees_cannes\/\" rel=\"attachment wp-att-880\"><img loading=\"lazy\" decoding=\"async\" class=\"alignnone size-thumbnail wp-image-880\" src=\"https:\/\/www.pedagogie.ac-nice.fr\/daac\/wp-content\/uploads\/sites\/37\/2020\/10\/photo_1_lycees_cannes-150x150.png\" alt=\"\" width=\"150\" height=\"150\" \/><\/a><\/td>\n<td style=\"width: 25%;\"><a href=\"https:\/\/www.pedagogie.ac-nice.fr\/daac\/rencontres-lycees-et-orchestre-regional-de-cannes\/photo_2_lycees_cannes\/\" rel=\"attachment wp-att-881\"><img loading=\"lazy\" decoding=\"async\" class=\"alignnone size-thumbnail wp-image-881\" src=\"https:\/\/www.pedagogie.ac-nice.fr\/daac\/wp-content\/uploads\/sites\/37\/2020\/10\/photo_2_lycees_cannes-150x150.png\" alt=\"\" width=\"150\" height=\"150\" \/><\/a><\/td>\n<td style=\"width: 25%;\"><a href=\"https:\/\/www.pedagogie.ac-nice.fr\/daac\/rencontres-colleges-et-orchestre-regional-de-cannes\/orchestre_cannes\/\" rel=\"attachment wp-att-875\"><img loading=\"lazy\" decoding=\"async\" class=\"alignnone size-full wp-image-875\" src=\"https:\/\/www.pedagogie.ac-nice.fr\/daac\/wp-content\/uploads\/sites\/37\/2020\/10\/orchestre_cannes.png\" alt=\"\" width=\"151\" height=\"151\" \/><\/a><\/td>\n<td style=\"width: 25%;\"><a href=\"https:\/\/www.pedagogie.ac-nice.fr\/daac\/rencontres-lycees-et-orchestre-regional-de-cannes\/photo_3_lycees_cannes\/\" rel=\"attachment wp-att-882\"><img loading=\"lazy\" decoding=\"async\" class=\"alignnone size-thumbnail wp-image-882\" src=\"https:\/\/www.pedagogie.ac-nice.fr\/daac\/wp-content\/uploads\/sites\/37\/2020\/10\/photo_3_lycees_Cannes-150x150.png\" alt=\"\" width=\"150\" height=\"150\" \/><\/a><\/td>\n<\/tr>\n<\/tbody>\n<\/table>\n<p style=\"text-align: justify;\"><span style=\"font-size: 12pt;\">Cette op\u00e9ration s\u2019inscrit dans le cadre d\u2019une convention \u00e9tablie\u00a0 entre la DRAC, la DRAAF pour l\u2019enseignement agricole, les Acad\u00e9mies d\u2019Aix-Marseille, de Nice et la R\u00e9gion Provence-Alpes-C\u00f4te d\u2019Azur, portant sur l\u2019\u00e9ducation artistique et culturelle \u00e0 destination des lyc\u00e9ens et apprentis. Cette convention a \u00e9t\u00e9 r\u00e9cemment \u00e9tendue \u00e0 tous les niveaux scolaires.<\/span><\/p>\n<p style=\"text-align: justify;\"><span style=\"font-size: 12pt;\">Le dispositif Orchestre au lyc\u00e9e existe depuis 2005, en partenariat\u00a0 avec l&rsquo;Orchestre R\u00e9gional de Cannes.<\/span><\/p>\n<p style=\"text-align: justify;\"><span style=\"font-size: 12pt;\">L\u2019objectif est de f\u00e9d\u00e9rer les \u00e9l\u00e8ves autour de la musique classique, de cr\u00e9er une rencontre avec les musiciens, d\u2019encourager la pratique <\/span><span style=\"font-size: 12pt;\">artistique et la fr\u00e9quentation de lieux de diffusion culturelle.<\/span><\/p>\n<p style=\"text-align: justify;\"><span style=\"font-size: 12pt;\">Il s\u2019agit d\u2019associer toute la communaut\u00e9 \u00e9ducative (\u00e9l\u00e8ves de tous niveaux, personnels enseignants, administratifs, techniques) autour\u00a0 d\u2019un projet qui consiste en : 30 heures d\u2019ateliers de pratique artistique (15 \u00e0 40 \u00e9l\u00e8ves avec \u00e9ventuellement adultes volontaires), des ateliers satellites (exemple : communication, signal\u00e9tique, accueil, vid\u00e9o, montage technique\u2026), une r\u00e9p\u00e9tition g\u00e9n\u00e9rale du travail d\u2019atelier avec l\u2019orchestre sur le site des Arlucs \u00e0 Cannes-La Bocca, un parcours de sensibilisation au programme musical \u00e0 destination des \u00e9l\u00e8ves, au-del\u00e0\u00a0 des participants aux ateliers, ainsi que la possibilit\u00e9 pour des \u00e9l\u00e8ves d\u2019assister \u00e0 une r\u00e9p\u00e9tition ou un concert de l\u2019ORC, une r\u00e9sidence au sein du lyc\u00e9e comportant 2\u00a0 r\u00e9p\u00e9titions comment\u00e9es (ouvertes \u00e0 d\u2019autres \u00e9tablissements) et un concert public (ex : parents d\u2019\u00e9l\u00e8ves, associations\u2026). <\/span><span style=\"font-size: 12pt;\">Trois lyc\u00e9es sont concern\u00e9s chaque ann\u00e9e.<\/span><\/p>\n<p style=\"text-align: justify;\"><span style=\"font-size: 12pt;\">St\u00e9phan NICOLAY, chef de choeur, anime dans chacun des 3 lyc\u00e9es 10 sessions d\u2019ateliers de 3h. <\/span><\/p>\n<p style=\"text-align: justify;\"><span style=\"font-size: 12pt;\">Philippe MOPIN, coordonateur acad\u00e9mique musique pour la DAAC donne des conf\u00e9rences dans chaque lyc\u00e9e pour une centaine <\/span><span style=\"font-size: 12pt;\">d\u2019\u00e9l\u00e8ves sur 2 ou 3 s\u00e9ances d\u20191h30. Un th\u00e8me diff\u00e9rent est retenu chaque ann\u00e9e.<\/span><\/p>\n<p>Pour aller plus loin : <a href=\"https:\/\/www.orchestre-cannes.com\/lorchestre-dans-les-lycees\/\" target=\"_blank\" rel=\"https:\/\/www.orchestre-cannes.com\/lorchestre-dans-les-lycees\/ noopener noreferrer\"><img loading=\"lazy\" decoding=\"async\" class=\"alignnone wp-image-496 size-full\" src=\"https:\/\/www.pedagogie.ac-nice.fr\/daac\/wp-content\/uploads\/sites\/37\/2020\/08\/bouton_connexion-1.png\" alt=\"\" width=\"71\" height=\"70\" \/><\/a><\/p>\n","protected":false},"excerpt":{"rendered":"<p>contact : Philippe Mopin &#8211; philippe.mopin@ac-nice.fr Cette op\u00e9ration s\u2019inscrit dans le cadre d\u2019une convention \u00e9tablie\u00a0 entre la DRAC, la DRAAF pour l\u2019enseignement agricole, les Acad\u00e9mies d\u2019Aix-Marseille, de Nice et la R\u00e9gion Provence-Alpes-C\u00f4te d\u2019Azur, portant sur l\u2019\u00e9ducation artistique et culturelle \u00e0 destination des lyc\u00e9ens et apprentis. Cette convention a \u00e9t\u00e9 r\u00e9cemment \u00e9tendue \u00e0 tous les niveaux [&hellip;]<\/p>\n","protected":false},"author":241,"featured_media":0,"parent":365,"menu_order":0,"comment_status":"closed","ping_status":"closed","template":"","meta":{"_et_pb_use_builder":"","_et_pb_old_content":"","_et_gb_content_width":"","ngg_post_thumbnail":0,"footnotes":""},"class_list":["post-878","page","type-page","status-publish","hentry"],"rttpg_featured_image_url":null,"rttpg_author":{"display_name":"daacadmin","author_link":"https:\/\/www.pedagogie.ac-nice.fr\/daac\/author\/daacadmin\/"},"rttpg_comment":0,"rttpg_category":null,"rttpg_excerpt":"contact : Philippe Mopin &#8211; philippe.mopin@ac-nice.fr Cette op\u00e9ration s\u2019inscrit dans le cadre d\u2019une convention \u00e9tablie\u00a0 entre la DRAC, la DRAAF pour l\u2019enseignement agricole, les Acad\u00e9mies d\u2019Aix-Marseille, de Nice et la R\u00e9gion Provence-Alpes-C\u00f4te d\u2019Azur, portant sur l\u2019\u00e9ducation artistique et culturelle \u00e0 destination des lyc\u00e9ens et apprentis. Cette convention a \u00e9t\u00e9 r\u00e9cemment \u00e9tendue \u00e0 tous les niveaux\u2026","post_mailing_queue_ids":[],"_links":{"self":[{"href":"https:\/\/www.pedagogie.ac-nice.fr\/daac\/wp-json\/wp\/v2\/pages\/878","targetHints":{"allow":["GET"]}}],"collection":[{"href":"https:\/\/www.pedagogie.ac-nice.fr\/daac\/wp-json\/wp\/v2\/pages"}],"about":[{"href":"https:\/\/www.pedagogie.ac-nice.fr\/daac\/wp-json\/wp\/v2\/types\/page"}],"author":[{"embeddable":true,"href":"https:\/\/www.pedagogie.ac-nice.fr\/daac\/wp-json\/wp\/v2\/users\/241"}],"replies":[{"embeddable":true,"href":"https:\/\/www.pedagogie.ac-nice.fr\/daac\/wp-json\/wp\/v2\/comments?post=878"}],"version-history":[{"count":7,"href":"https:\/\/www.pedagogie.ac-nice.fr\/daac\/wp-json\/wp\/v2\/pages\/878\/revisions"}],"predecessor-version":[{"id":1034,"href":"https:\/\/www.pedagogie.ac-nice.fr\/daac\/wp-json\/wp\/v2\/pages\/878\/revisions\/1034"}],"up":[{"embeddable":true,"href":"https:\/\/www.pedagogie.ac-nice.fr\/daac\/wp-json\/wp\/v2\/pages\/365"}],"wp:attachment":[{"href":"https:\/\/www.pedagogie.ac-nice.fr\/daac\/wp-json\/wp\/v2\/media?parent=878"}],"curies":[{"name":"wp","href":"https:\/\/api.w.org\/{rel}","templated":true}]}}