{"id":9081,"date":"2021-11-10T15:00:17","date_gmt":"2021-11-10T14:00:17","guid":{"rendered":"https:\/\/www.pedagogie.ac-nice.fr\/daac\/?page_id=9081"},"modified":"2021-11-10T15:46:24","modified_gmt":"2021-11-10T14:46:24","slug":"appel-a-projet-debarquement-provence","status":"publish","type":"page","link":"https:\/\/www.pedagogie.ac-nice.fr\/daac\/appel-a-projet-debarquement-provence\/","title":{"rendered":"Appel \u00e0 projet d\u00e9barquement de Provence"},"content":{"rendered":"<p>[et_pb_section fb_built=\u00a0\u00bb1&Prime; _builder_version=\u00a0\u00bb4.10.7&Prime; _module_preset=\u00a0\u00bbdefault\u00a0\u00bb global_colors_info=\u00a0\u00bb{}\u00a0\u00bb][et_pb_row column_structure=\u00a0\u00bb2_5,3_5&Prime; _builder_version=\u00a0\u00bb4.10.7&Prime; _module_preset=\u00a0\u00bbdefault\u00a0\u00bb global_colors_info=\u00a0\u00bb{}\u00a0\u00bb][et_pb_column type=\u00a0\u00bb2_5&Prime; _builder_version=\u00a0\u00bb4.10.7&Prime; _module_preset=\u00a0\u00bbdefault\u00a0\u00bb global_colors_info=\u00a0\u00bb{}\u00a0\u00bb][et_pb_text admin_label=\u00a0\u00bblogo patrimoine\u00a0\u00bb _builder_version=\u00a0\u00bb4.10.7&Prime; _module_preset=\u00a0\u00bbdefault\u00a0\u00bb global_colors_info=\u00a0\u00bb{}\u00a0\u00bb]<\/p>\n<p><a href=\"https:\/\/www.pedagogie.ac-nice.fr\/daac\/patrimoines-memoires-2021\/\" target=\"_blank\" rel=\"noopener\"><img loading=\"lazy\" decoding=\"async\" class=\"aligncenter wp-image-5925 size-medium\" src=\"https:\/\/www.pedagogie.ac-nice.fr\/daac\/wp-content\/uploads\/sites\/37\/2021\/09\/patrimoine_memoires-300x192.png\" alt=\"\" width=\"300\" height=\"192\" srcset=\"https:\/\/www.pedagogie.ac-nice.fr\/daac\/wp-content\/uploads\/sites\/37\/2021\/09\/patrimoine_memoires-300x192.png 300w, https:\/\/www.pedagogie.ac-nice.fr\/daac\/wp-content\/uploads\/sites\/37\/2021\/09\/patrimoine_memoires.png 347w\" sizes=\"(max-width: 300px) 100vw, 300px\" \/><\/a><\/p>\n<p>[\/et_pb_text][et_pb_divider _builder_version=\u00a0\u00bb4.10.7&Prime; _module_preset=\u00a0\u00bbdefault\u00a0\u00bb global_colors_info=\u00a0\u00bb{}\u00a0\u00bb][\/et_pb_divider][et_pb_text admin_label=\u00a0\u00bblogo dispositifs\u00a0\u00bb _builder_version=\u00a0\u00bb4.10.7&Prime; _module_preset=\u00a0\u00bbdefault\u00a0\u00bb global_colors_info=\u00a0\u00bb{}\u00a0\u00bb]<\/p>\n<p><a href=\"https:\/\/www.pedagogie.ac-nice.fr\/daac\/dispositifs-patrimoines\/\" target=\"_blank\" rel=\"noopener\"><img loading=\"lazy\" decoding=\"async\" class=\"aligncenter wp-image-6220 size-medium\" src=\"https:\/\/www.pedagogie.ac-nice.fr\/daac\/wp-content\/uploads\/sites\/37\/2021\/09\/les-dispositifs-du-domaine-300x199.png\" alt=\"dispositifs domaines\" width=\"300\" height=\"199\" srcset=\"https:\/\/www.pedagogie.ac-nice.fr\/daac\/wp-content\/uploads\/sites\/37\/2021\/09\/les-dispositifs-du-domaine-300x199.png 300w, https:\/\/www.pedagogie.ac-nice.fr\/daac\/wp-content\/uploads\/sites\/37\/2021\/09\/les-dispositifs-du-domaine.png 362w\" sizes=\"(max-width: 300px) 100vw, 300px\" \/><\/a><\/p>\n<p>[\/et_pb_text][\/et_pb_column][et_pb_column type=\u00a0\u00bb3_5&Prime; _builder_version=\u00a0\u00bb4.10.7&Prime; _module_preset=\u00a0\u00bbdefault\u00a0\u00bb global_colors_info=\u00a0\u00bb{}\u00a0\u00bb][et_pb_text _builder_version=\u00a0\u00bb4.10.7&Prime; _module_preset=\u00a0\u00bbdefault\u00a0\u00bb hover_enabled=\u00a0\u00bb0&Prime; global_colors_info=\u00a0\u00bb{}\u00a0\u00bb sticky_enabled=\u00a0\u00bb0&Prime;]<\/p>\n<p style=\"text-align: center;\"><span style=\"font-size: 14pt;\"><strong><span style=\"color: #ff00ff;\">Parcours m\u00e9moriel du D\u00e9barquement de Provence<\/span><\/strong><\/span><\/p>\n<p style=\"text-align: justify;\"><span style=\"color: #0000ff;\">Dans le cadre du partenariat qui vise la r\u00e9alisation du parcours d&rsquo;Education Artistique et Culturelle, la DAAC de&nbsp;<span class=\"v1v1v1markg05osjtvj\">Nice, la Ville de Saint-Rapha\u00ebl et les structures culturelles du territoire s&rsquo;associent&nbsp;<\/span>pour proposer aux&nbsp;coll\u00e8ges et lyc\u00e9es&nbsp;de participer \u00e0 la r\u00e9alisation d&rsquo;un parcours m\u00e9moriel sur le th\u00e8me&nbsp;du D\u00e9barquement de Provence.&nbsp;<\/span><\/p>\n<p style=\"text-align: justify;\"><span style=\"color: #0000ff;\">Les \u00e9l\u00e8ves participeront \u00e0 la cr\u00e9ation de contenus diffus\u00e9s sur des&nbsp;bornes connect\u00e9es&nbsp;et accessibles \u00e0 tous les publics (scolaires, familles, visiteurs&#8230;).<\/span><\/p>\n<p style=\"text-align: justify;\"><span style=\"color: #0000ff;\">Ils b\u00e9n\u00e9ficieront de l&rsquo;accompagnement des structures culturelles associ\u00e9es.&nbsp;<\/span><\/p>\n<p style=\"text-align: justify;\"><span style=\"color: #0000ff;\">Ce dispositif s\u2019adresse \u00e0&nbsp;toutes les classes du second degr\u00e9, de la sixi\u00e8me \u00e0 la Terminale, toutes fili\u00e8res et toutes disciplines.&nbsp;<\/span><\/p>\n<p style=\"text-align: justify;\"><span style=\"color: #0000ff;\">Les coll\u00e8gues int\u00e9ress\u00e9s peuvent s&rsquo;inscrire aupr\u00e8s d&rsquo;Aur\u00e9lie Eloto, charg\u00e9e de mission patrimoine pour la DAAC :<\/span>&nbsp;<a style=\"color: #0000ff;\" title=\"Composer un message \u00e0 aurelie.eloto@ac-nice.fr\" rel=\"noreferrer\">aurelie.eloto@ac-nice.fr<\/a>&nbsp;<span style=\"color: #ff00ff;\"><strong>au plus tard le&nbsp;17 novembre 2021<\/strong><\/span>.&nbsp;&nbsp;<\/p>\n<p><span style=\"color: #000000;\">Charg\u00e9e de mission DAAC : Aurelie Eloto &#8211; <\/span><a title=\"Composer un message \u00e0 aurelie.eloto@ac-nice.fr\" rel=\"noreferrer\"><span style=\"color: #000000;\">aurelie.eloto@ac-nice.fr<\/span><br \/><span style=\"color: #000000;\">Coordination DAAC : Ang\u00e8le Carpentier<\/span><br \/><\/a><\/p>\n<p>[\/et_pb_text][et_pb_text admin_label=\u00a0\u00bblogo dispositifs\u00a0\u00bb _builder_version=\u00a0\u00bb4.10.7&Prime; _module_preset=\u00a0\u00bbdefault\u00a0\u00bb global_colors_info=\u00a0\u00bb{}\u00a0\u00bb]<\/p>\n<p style=\"text-align: center;\"><span style=\"color: #0000ff;\">Toutes les informations ici<\/span><a href=\"https:\/\/www.pedagogie.ac-nice.fr\/daac\/wp-content\/uploads\/sites\/37\/2021\/11\/AAP_Debarquement.pdf\" target=\"_blank\" rel=\"noopener\"><img loading=\"lazy\" decoding=\"async\" class=\"aligncenter wp-image-8629 size-full\" src=\"https:\/\/www.pedagogie.ac-nice.fr\/daac\/wp-content\/uploads\/sites\/37\/2021\/10\/fichier_pdf.jpg\" alt=\"\" width=\"222\" height=\"232\"><\/a><\/p>\n<p>[\/et_pb_text][\/et_pb_column][\/et_pb_row][\/et_pb_section]<\/p>\n","protected":false},"excerpt":{"rendered":"<p>Parcours m\u00e9moriel du D\u00e9barquement de Provence Dans le cadre du partenariat qui vise la r\u00e9alisation du parcours d&rsquo;Education Artistique et Culturelle, la DAAC de&nbsp;Nice, la Ville de Saint-Rapha\u00ebl et les structures culturelles du territoire s&rsquo;associent&nbsp;pour proposer aux&nbsp;coll\u00e8ges et lyc\u00e9es&nbsp;de participer \u00e0 la r\u00e9alisation d&rsquo;un parcours m\u00e9moriel sur le th\u00e8me&nbsp;du D\u00e9barquement de Provence.&nbsp; Les \u00e9l\u00e8ves participeront [&hellip;]<\/p>\n","protected":false},"author":241,"featured_media":0,"parent":0,"menu_order":0,"comment_status":"closed","ping_status":"closed","template":"","meta":{"_et_pb_use_builder":"on","_et_pb_old_content":"","_et_gb_content_width":"","ngg_post_thumbnail":0,"footnotes":""},"class_list":["post-9081","page","type-page","status-publish","hentry"],"rttpg_featured_image_url":null,"rttpg_author":{"display_name":"daacadmin","author_link":"https:\/\/www.pedagogie.ac-nice.fr\/daac\/author\/daacadmin\/"},"rttpg_comment":0,"rttpg_category":null,"rttpg_excerpt":"Parcours m\u00e9moriel du D\u00e9barquement de Provence Dans le cadre du partenariat qui vise la r\u00e9alisation du parcours d'Education Artistique et Culturelle, la DAAC de&nbsp;Nice, la Ville de Saint-Rapha\u00ebl et les structures culturelles du territoire s'associent&nbsp;pour proposer aux&nbsp;coll\u00e8ges et lyc\u00e9es&nbsp;de participer \u00e0 la r\u00e9alisation d'un parcours m\u00e9moriel sur le th\u00e8me&nbsp;du D\u00e9barquement de Provence.&nbsp; Les \u00e9l\u00e8ves participeront\u2026","post_mailing_queue_ids":[],"_links":{"self":[{"href":"https:\/\/www.pedagogie.ac-nice.fr\/daac\/wp-json\/wp\/v2\/pages\/9081","targetHints":{"allow":["GET"]}}],"collection":[{"href":"https:\/\/www.pedagogie.ac-nice.fr\/daac\/wp-json\/wp\/v2\/pages"}],"about":[{"href":"https:\/\/www.pedagogie.ac-nice.fr\/daac\/wp-json\/wp\/v2\/types\/page"}],"author":[{"embeddable":true,"href":"https:\/\/www.pedagogie.ac-nice.fr\/daac\/wp-json\/wp\/v2\/users\/241"}],"replies":[{"embeddable":true,"href":"https:\/\/www.pedagogie.ac-nice.fr\/daac\/wp-json\/wp\/v2\/comments?post=9081"}],"version-history":[{"count":8,"href":"https:\/\/www.pedagogie.ac-nice.fr\/daac\/wp-json\/wp\/v2\/pages\/9081\/revisions"}],"predecessor-version":[{"id":9105,"href":"https:\/\/www.pedagogie.ac-nice.fr\/daac\/wp-json\/wp\/v2\/pages\/9081\/revisions\/9105"}],"wp:attachment":[{"href":"https:\/\/www.pedagogie.ac-nice.fr\/daac\/wp-json\/wp\/v2\/media?parent=9081"}],"curies":[{"name":"wp","href":"https:\/\/api.w.org\/{rel}","templated":true}]}}