{"id":910,"date":"2020-10-25T22:09:51","date_gmt":"2020-10-25T21:09:51","guid":{"rendered":"https:\/\/www.pedagogie.ac-nice.fr\/daac\/?page_id=910"},"modified":"2020-10-26T14:53:02","modified_gmt":"2020-10-26T13:53:02","slug":"la-rentree-en-musique","status":"publish","type":"page","link":"https:\/\/www.pedagogie.ac-nice.fr\/daac\/les-domaines-de-leac\/musique-chantchoral\/la-rentree-en-musique\/","title":{"rendered":"La Rentr\u00e9e en musique"},"content":{"rendered":"<p style=\"text-align: center;\">contact : Philippe Mopin \u2013 <a title=\"Composer un message \u00e0 philippe.mopin@ac-nice.fr\">philippe.mopin@ac-nice.fr<\/a><\/p>\n<table style=\"border-collapse: collapse; width: 70.2532%;\">\n<tbody>\n<tr>\n<td style=\"width: 36.4979%;\"><a href=\"https:\/\/www.pedagogie.ac-nice.fr\/daac\/la-rentree-en-musique\/rentree_musique_1\/\" rel=\"attachment wp-att-911\"><img loading=\"lazy\" decoding=\"async\" class=\"alignnone size-thumbnail wp-image-911\" src=\"https:\/\/www.pedagogie.ac-nice.fr\/daac\/wp-content\/uploads\/sites\/37\/2020\/10\/rentree_musique_1-150x150.png\" alt=\"\" width=\"150\" height=\"150\" \/><\/a><\/td>\n<td style=\"width: 33.7553%; text-align: center;\"><a href=\"https:\/\/www.pedagogie.ac-nice.fr\/daac\/la-rentree-en-musique\/renyree_musique_2\/\" rel=\"attachment wp-att-914\"><img loading=\"lazy\" decoding=\"async\" class=\"alignnone size-thumbnail wp-image-914\" src=\"https:\/\/www.pedagogie.ac-nice.fr\/daac\/wp-content\/uploads\/sites\/37\/2020\/10\/renyree_musique_2-150x150.png\" alt=\"\" width=\"150\" height=\"150\" \/><\/a><\/td>\n<\/tr>\n<\/tbody>\n<\/table>\n<p style=\"text-align: justify;\">La Rentr\u00e9e en musique a lieu d\u00e9but septembre. Il est important que chaque \u00e9cole, coll\u00e8ge, lyc\u00e9e, puisse proposer ce temps d\u2019accueil musical convivial et cr\u00e9atif.<\/p>\n<p style=\"text-align: justify;\">Commencer l\u2019ann\u00e9e par un moment de partage musical contribue au climat de confiance qui est indispensable pour la r\u00e9ussite des \u00e9l\u00e8ves.<br \/>\nLa Rentr\u00e9e en musique est un moment simple pendant lequel la communaut\u00e9 \u00e9ducative a l\u2019occasion de manifester son bonheur de se retrouver pour l\u2019ann\u00e9e qui commence.<\/p>\n<p style=\"text-align: justify;\">Les objectifs sont ainsi clairement d\u00e9finis :\u00a0 marquer de mani\u00e8re positive le d\u00e9but de l&rsquo;ann\u00e9e scolaire afin de susciter le plaisir\u00a0 d&rsquo;apprendre chez les \u00e9l\u00e8ves, mettre en lumi\u00e8re les vertus \u00e9ducatives\u00a0 dont la pratique musicale collective est porteuse, accueillir les nouveaux \u00e9l\u00e8ves en musique pour leur souhaiter la bienvenue.<\/p>\n<p style=\"text-align: justify;\">Une fois encore l\u2019enqu\u00eate a mis en \u00e9vidence la richesse des\u00a0 propositions : diffusion de musiques, accueil par la chorale, le chant, un petit spectacle, la classe orchestre,\u00a0 les plus belles voix du coll\u00e8ge, rap citoyen, apprentissage d\u2019un nouveau chant, atelier instrumental, parcours vocal et instrumental pour d\u00e9couvrir le coll\u00e8ge, pr\u00e9sentation par les \u00e9l\u00e8ves de toutes leurs actions culturelles.<\/p>\n<p style=\"text-align: justify;\">Les \u00e9l\u00e8ves relevant de l&rsquo;\u00e9ducation prioritaire (r\u00e9seaux d&rsquo;\u00e9ducation prioritaire REP et REP +) doivent pouvoir b\u00e9n\u00e9ficier de la pr\u00e9sence d&rsquo;un parrain ou d&rsquo;une marraine artiste pour la r\u00e9alisation de cette \u00ab\u00a0Rentr\u00e9e en musique\u00a0\u00bb.<\/p>\n<p>&nbsp;<\/p>\n<p>Pour aller plus loin : <a href=\"https:\/\/eduscol.education.fr\/cid118984\/rentree-en-musique.html\" target=\"_blank\" rel=\"https:\/\/eduscol.education.fr\/cid118984\/rentree-en-musique.html noopener noreferrer\"><img loading=\"lazy\" decoding=\"async\" class=\"alignnone wp-image-496 size-full\" src=\"https:\/\/www.pedagogie.ac-nice.fr\/daac\/wp-content\/uploads\/sites\/37\/2020\/08\/bouton_connexion-1.png\" alt=\"\" width=\"71\" height=\"70\" \/><\/a><\/p>\n","protected":false},"excerpt":{"rendered":"<p>contact : Philippe Mopin \u2013 philippe.mopin@ac-nice.fr La Rentr\u00e9e en musique a lieu d\u00e9but septembre. Il est important que chaque \u00e9cole, coll\u00e8ge, lyc\u00e9e, puisse proposer ce temps d\u2019accueil musical convivial et cr\u00e9atif. Commencer l\u2019ann\u00e9e par un moment de partage musical contribue au climat de confiance qui est indispensable pour la r\u00e9ussite des \u00e9l\u00e8ves. La Rentr\u00e9e en [&hellip;]<\/p>\n","protected":false},"author":241,"featured_media":0,"parent":365,"menu_order":0,"comment_status":"closed","ping_status":"closed","template":"","meta":{"_et_pb_use_builder":"","_et_pb_old_content":"","_et_gb_content_width":"","ngg_post_thumbnail":0,"footnotes":""},"class_list":["post-910","page","type-page","status-publish","hentry"],"rttpg_featured_image_url":null,"rttpg_author":{"display_name":"daacadmin","author_link":"https:\/\/www.pedagogie.ac-nice.fr\/daac\/author\/daacadmin\/"},"rttpg_comment":0,"rttpg_category":null,"rttpg_excerpt":"contact : Philippe Mopin \u2013 philippe.mopin@ac-nice.fr La Rentr\u00e9e en musique a lieu d\u00e9but septembre. Il est important que chaque \u00e9cole, coll\u00e8ge, lyc\u00e9e, puisse proposer ce temps d\u2019accueil musical convivial et cr\u00e9atif. Commencer l\u2019ann\u00e9e par un moment de partage musical contribue au climat de confiance qui est indispensable pour la r\u00e9ussite des \u00e9l\u00e8ves. La Rentr\u00e9e en\u2026","post_mailing_queue_ids":[],"_links":{"self":[{"href":"https:\/\/www.pedagogie.ac-nice.fr\/daac\/wp-json\/wp\/v2\/pages\/910","targetHints":{"allow":["GET"]}}],"collection":[{"href":"https:\/\/www.pedagogie.ac-nice.fr\/daac\/wp-json\/wp\/v2\/pages"}],"about":[{"href":"https:\/\/www.pedagogie.ac-nice.fr\/daac\/wp-json\/wp\/v2\/types\/page"}],"author":[{"embeddable":true,"href":"https:\/\/www.pedagogie.ac-nice.fr\/daac\/wp-json\/wp\/v2\/users\/241"}],"replies":[{"embeddable":true,"href":"https:\/\/www.pedagogie.ac-nice.fr\/daac\/wp-json\/wp\/v2\/comments?post=910"}],"version-history":[{"count":5,"href":"https:\/\/www.pedagogie.ac-nice.fr\/daac\/wp-json\/wp\/v2\/pages\/910\/revisions"}],"predecessor-version":[{"id":1042,"href":"https:\/\/www.pedagogie.ac-nice.fr\/daac\/wp-json\/wp\/v2\/pages\/910\/revisions\/1042"}],"up":[{"embeddable":true,"href":"https:\/\/www.pedagogie.ac-nice.fr\/daac\/wp-json\/wp\/v2\/pages\/365"}],"wp:attachment":[{"href":"https:\/\/www.pedagogie.ac-nice.fr\/daac\/wp-json\/wp\/v2\/media?parent=910"}],"curies":[{"name":"wp","href":"https:\/\/api.w.org\/{rel}","templated":true}]}}