{"id":918,"date":"2020-10-25T22:14:43","date_gmt":"2020-10-25T21:14:43","guid":{"rendered":"https:\/\/www.pedagogie.ac-nice.fr\/daac\/?page_id=918"},"modified":"2021-02-03T19:42:41","modified_gmt":"2021-02-03T18:42:41","slug":"jazz-a-la-mediatheque","status":"publish","type":"page","link":"https:\/\/www.pedagogie.ac-nice.fr\/daac\/les-domaines-de-leac\/musique-chantchoral\/jazz-a-la-mediatheque\/","title":{"rendered":"Jazz \u00e0 la m\u00e9diath\u00e8que"},"content":{"rendered":"<p style=\"text-align: center;\"><a href=\"https:\/\/www.pedagogie.ac-nice.fr\/daac\/wp-content\/uploads\/sites\/37\/2020\/10\/mediatheque.png\"><img loading=\"lazy\" decoding=\"async\" class=\"alignnone  wp-image-920\" src=\"https:\/\/www.pedagogie.ac-nice.fr\/daac\/wp-content\/uploads\/sites\/37\/2020\/10\/mediatheque.png\" alt=\"\" width=\"211\" height=\"134\" srcset=\"https:\/\/www.pedagogie.ac-nice.fr\/daac\/wp-content\/uploads\/sites\/37\/2020\/10\/mediatheque.png 511w, https:\/\/www.pedagogie.ac-nice.fr\/daac\/wp-content\/uploads\/sites\/37\/2020\/10\/mediatheque-300x191.png 300w\" sizes=\"(max-width: 211px) 100vw, 211px\" \/><\/a><\/p>\n<p style=\"text-align: right;\">contact : H\u00e9l\u00e8ne Raynaud<\/p>\n<p style=\"text-align: justify;\">La M\u00e9diath\u00e8que d\u2019Antibes organise des Ateliers de pratique artistique intitul\u00e9 \u00ab Jazz \u00e0 la M\u00e9diath\u00e8que \u00bb \u00e0 destination des \u00e9l\u00e8ves du premier degr\u00e9 et du coll\u00e8ge.<\/p>\n<p style=\"text-align: justify;\">Plusieurs dizaines de classes sont concern\u00e9es chaque ann\u00e9e soit environ 500 \u00e9l\u00e8ves.<\/p>\n<p style=\"text-align: justify;\">Une th\u00e9matique nouvelle est propos\u00e9e chaque ann\u00e9e permettant au public scolaire et \u00e0 leurs enseignants d\u2019aborder les diff\u00e9rents aspect du jazz : Latin Jazz, Swing, Jazz-Rock\u2026 avec une pr\u00e9paration en amont.<\/p>\n<p style=\"text-align: justify;\">Un concert couronne ces ateliers de pratiques artistiques.<\/p>\n","protected":false},"excerpt":{"rendered":"<p>contact : H\u00e9l\u00e8ne Raynaud La M\u00e9diath\u00e8que d\u2019Antibes organise des Ateliers de pratique artistique intitul\u00e9 \u00ab Jazz \u00e0 la M\u00e9diath\u00e8que \u00bb \u00e0 destination des \u00e9l\u00e8ves du premier degr\u00e9 et du coll\u00e8ge. Plusieurs dizaines de classes sont concern\u00e9es chaque ann\u00e9e soit environ 500 \u00e9l\u00e8ves. Une th\u00e9matique nouvelle est propos\u00e9e chaque ann\u00e9e permettant au public scolaire et \u00e0 [&hellip;]<\/p>\n","protected":false},"author":241,"featured_media":0,"parent":365,"menu_order":0,"comment_status":"closed","ping_status":"closed","template":"","meta":{"_et_pb_use_builder":"","_et_pb_old_content":"","_et_gb_content_width":"","ngg_post_thumbnail":0,"footnotes":""},"class_list":["post-918","page","type-page","status-publish","hentry"],"rttpg_featured_image_url":null,"rttpg_author":{"display_name":"daacadmin","author_link":"https:\/\/www.pedagogie.ac-nice.fr\/daac\/author\/daacadmin\/"},"rttpg_comment":0,"rttpg_category":null,"rttpg_excerpt":"contact : H\u00e9l\u00e8ne Raynaud La M\u00e9diath\u00e8que d\u2019Antibes organise des Ateliers de pratique artistique intitul\u00e9 \u00ab Jazz \u00e0 la M\u00e9diath\u00e8que \u00bb \u00e0 destination des \u00e9l\u00e8ves du premier degr\u00e9 et du coll\u00e8ge. Plusieurs dizaines de classes sont concern\u00e9es chaque ann\u00e9e soit environ 500 \u00e9l\u00e8ves. Une th\u00e9matique nouvelle est propos\u00e9e chaque ann\u00e9e permettant au public scolaire et \u00e0\u2026","post_mailing_queue_ids":[],"_links":{"self":[{"href":"https:\/\/www.pedagogie.ac-nice.fr\/daac\/wp-json\/wp\/v2\/pages\/918","targetHints":{"allow":["GET"]}}],"collection":[{"href":"https:\/\/www.pedagogie.ac-nice.fr\/daac\/wp-json\/wp\/v2\/pages"}],"about":[{"href":"https:\/\/www.pedagogie.ac-nice.fr\/daac\/wp-json\/wp\/v2\/types\/page"}],"author":[{"embeddable":true,"href":"https:\/\/www.pedagogie.ac-nice.fr\/daac\/wp-json\/wp\/v2\/users\/241"}],"replies":[{"embeddable":true,"href":"https:\/\/www.pedagogie.ac-nice.fr\/daac\/wp-json\/wp\/v2\/comments?post=918"}],"version-history":[{"count":4,"href":"https:\/\/www.pedagogie.ac-nice.fr\/daac\/wp-json\/wp\/v2\/pages\/918\/revisions"}],"predecessor-version":[{"id":2219,"href":"https:\/\/www.pedagogie.ac-nice.fr\/daac\/wp-json\/wp\/v2\/pages\/918\/revisions\/2219"}],"up":[{"embeddable":true,"href":"https:\/\/www.pedagogie.ac-nice.fr\/daac\/wp-json\/wp\/v2\/pages\/365"}],"wp:attachment":[{"href":"https:\/\/www.pedagogie.ac-nice.fr\/daac\/wp-json\/wp\/v2\/media?parent=918"}],"curies":[{"name":"wp","href":"https:\/\/api.w.org\/{rel}","templated":true}]}}