{"id":9436,"date":"2021-11-19T20:04:18","date_gmt":"2021-11-19T19:04:18","guid":{"rendered":"https:\/\/www.pedagogie.ac-nice.fr\/daac\/?page_id=9436"},"modified":"2025-01-16T14:10:00","modified_gmt":"2025-01-16T13:10:00","slug":"mathemarium-2","status":"publish","type":"page","link":"https:\/\/www.pedagogie.ac-nice.fr\/daac\/mathemarium-2\/","title":{"rendered":"Math\u00e9marium"},"content":{"rendered":"<p>[et_pb_section fb_built=\u00a0\u00bb1&Prime; _builder_version=\u00a0\u00bb4.16&Prime; _module_preset=\u00a0\u00bbdefault\u00a0\u00bb global_colors_info=\u00a0\u00bb{}\u00a0\u00bb][et_pb_row column_structure=\u00a0\u00bb1_3,2_3&Prime; _builder_version=\u00a0\u00bb4.16&Prime; _module_preset=\u00a0\u00bbdefault\u00a0\u00bb global_colors_info=\u00a0\u00bb{}\u00a0\u00bb][et_pb_column type=\u00a0\u00bb1_3&Prime; _builder_version=\u00a0\u00bb4.16&Prime; _module_preset=\u00a0\u00bbdefault\u00a0\u00bb global_colors_info=\u00a0\u00bb{}\u00a0\u00bb][et_pb_text admin_label=\u00a0\u00bblogo culture scientifique\u00a0\u00bb _builder_version=\u00a0\u00bb4.16&Prime; _module_preset=\u00a0\u00bbdefault\u00a0\u00bb global_colors_info=\u00a0\u00bb{}\u00a0\u00bb]<\/p>\n<p><a href=\"https:\/\/www.pedagogie.ac-nice.fr\/daac\/domaine-culture-scientifique\/\" target=\"_blank\" rel=\"noopener\"><img loading=\"lazy\" decoding=\"async\" class=\"aligncenter wp-image-6589\" src=\"https:\/\/www.pedagogie.ac-nice.fr\/daac\/wp-content\/uploads\/sites\/37\/2021\/09\/culture_scientifique-1-300x211.png\" alt=\"\" width=\"243\" height=\"171\" srcset=\"https:\/\/www.pedagogie.ac-nice.fr\/daac\/wp-content\/uploads\/sites\/37\/2021\/09\/culture_scientifique-1-300x211.png 300w, https:\/\/www.pedagogie.ac-nice.fr\/daac\/wp-content\/uploads\/sites\/37\/2021\/09\/culture_scientifique-1.png 332w\" sizes=\"(max-width: 243px) 100vw, 243px\" \/><\/a><\/p>\n<p>[\/et_pb_text][et_pb_divider _builder_version=\u00a0\u00bb4.16&Prime; _module_preset=\u00a0\u00bbdefault\u00a0\u00bb custom_margin=\u00a0\u00bb-20px|||||\u00a0\u00bb global_colors_info=\u00a0\u00bb{}\u00a0\u00bb][\/et_pb_divider][et_pb_text _builder_version=\u00a0\u00bb4.16&Prime; _module_preset=\u00a0\u00bbdefault\u00a0\u00bb custom_margin=\u00a0\u00bb-30px|||||\u00a0\u00bb global_colors_info=\u00a0\u00bb{}\u00a0\u00bb]<\/p>\n<p><img loading=\"lazy\" decoding=\"async\" class=\"wp-image-6276 aligncenter\" src=\"https:\/\/www.pedagogie.ac-nice.fr\/daac\/wp-content\/uploads\/sites\/37\/2021\/09\/partenariats-300x199.png\" alt=\"\" width=\"204\" height=\"135\" srcset=\"https:\/\/www.pedagogie.ac-nice.fr\/daac\/wp-content\/uploads\/sites\/37\/2021\/09\/partenariats-300x199.png 300w, https:\/\/www.pedagogie.ac-nice.fr\/daac\/wp-content\/uploads\/sites\/37\/2021\/09\/partenariats.png 338w\" sizes=\"(max-width: 204px) 100vw, 204px\" \/><\/p>\n<p>[\/et_pb_text][et_pb_divider _builder_version=\u00a0\u00bb4.16&Prime; _module_preset=\u00a0\u00bbdefault\u00a0\u00bb custom_margin=\u00a0\u00bb-15px|||||\u00a0\u00bb global_colors_info=\u00a0\u00bb{}\u00a0\u00bb][\/et_pb_divider][et_pb_text admin_label=\u00a0\u00bbmercredis mathemarium\u00a0\u00bb _builder_version=\u00a0\u00bb4.16&Prime; _module_preset=\u00a0\u00bbdefault\u00a0\u00bb custom_margin=\u00a0\u00bb-33px|||||\u00a0\u00bb global_colors_info=\u00a0\u00bb{}\u00a0\u00bb]<\/p>\n<p><a href=\"https:\/\/www.mathemarium.fr\/\" target=\"_blank\" rel=\"noopener\"><img loading=\"lazy\" decoding=\"async\" class=\"aligncenter wp-image-9433\" src=\"https:\/\/www.pedagogie.ac-nice.fr\/daac\/wp-content\/uploads\/sites\/37\/2021\/11\/mercredis_mathemarium-300x205.jpg\" alt=\"\" width=\"236\" height=\"161\" srcset=\"https:\/\/www.pedagogie.ac-nice.fr\/daac\/wp-content\/uploads\/sites\/37\/2021\/11\/mercredis_mathemarium-300x205.jpg 300w, https:\/\/www.pedagogie.ac-nice.fr\/daac\/wp-content\/uploads\/sites\/37\/2021\/11\/mercredis_mathemarium-768x526.jpg 768w, https:\/\/www.pedagogie.ac-nice.fr\/daac\/wp-content\/uploads\/sites\/37\/2021\/11\/mercredis_mathemarium.jpg 811w\" sizes=\"(max-width: 236px) 100vw, 236px\" \/><\/a><\/p>\n<p>[\/et_pb_text][\/et_pb_column][et_pb_column type=\u00a0\u00bb2_3&Prime; _builder_version=\u00a0\u00bb4.16&Prime; _module_preset=\u00a0\u00bbdefault\u00a0\u00bb global_colors_info=\u00a0\u00bb{}\u00a0\u00bb][et_pb_text admin_label=\u00a0\u00bblogo mathemarium\u00a0\u00bb _builder_version=\u00a0\u00bb4.16&Prime; _module_preset=\u00a0\u00bbdefault\u00a0\u00bb global_colors_info=\u00a0\u00bb{}\u00a0\u00bb]<\/p>\n<p><img loading=\"lazy\" decoding=\"async\" class=\"alignnone wp-image-9441 size-full\" src=\"https:\/\/www.pedagogie.ac-nice.fr\/daac\/wp-content\/uploads\/sites\/37\/2021\/11\/logo_mathemarium-1.jpg\" alt=\"\" width=\"1345\" height=\"155\" srcset=\"https:\/\/www.pedagogie.ac-nice.fr\/daac\/wp-content\/uploads\/sites\/37\/2021\/11\/logo_mathemarium-1.jpg 1345w, https:\/\/www.pedagogie.ac-nice.fr\/daac\/wp-content\/uploads\/sites\/37\/2021\/11\/logo_mathemarium-1-300x35.jpg 300w, https:\/\/www.pedagogie.ac-nice.fr\/daac\/wp-content\/uploads\/sites\/37\/2021\/11\/logo_mathemarium-1-1024x118.jpg 1024w, https:\/\/www.pedagogie.ac-nice.fr\/daac\/wp-content\/uploads\/sites\/37\/2021\/11\/logo_mathemarium-1-768x89.jpg 768w, https:\/\/www.pedagogie.ac-nice.fr\/daac\/wp-content\/uploads\/sites\/37\/2021\/11\/logo_mathemarium-1-1080x124.jpg 1080w\" sizes=\"(max-width: 1345px) 100vw, 1345px\" \/><\/p>\n<p>[\/et_pb_text][et_pb_text admin_label=\u00a0\u00bbtexte partenariat\u00a0\u00bb _builder_version=\u00a0\u00bb4.16&Prime; _module_preset=\u00a0\u00bbdefault\u00a0\u00bb text_font=\u00a0\u00bbTrebuchet||||||||\u00a0\u00bb text_text_color=\u00a0\u00bb#000000&Prime; global_colors_info=\u00a0\u00bb{}\u00a0\u00bb]<\/p>\n<p style=\"text-align: justify;\"><span style=\"color: #000000;\">Tous les premiers mercredis de chaque mois, le <strong><em>Mathemarium<\/em><\/strong> propose un mercredi \u00e0 destination des enseignants.<\/span><\/p>\n<p><span style=\"color: #000000;\">Retrouvez toutes les informations et les modalit\u00e9s d&rsquo;inscription ci-dessous :<\/span><\/p>\n<p><a href=\"https:\/\/www.pedagogie.ac-nice.fr\/daac\/wp-content\/uploads\/sites\/37\/2021\/11\/Mercr_ensgn_Mathemarium_UCA_21-22_V2docx.pdf\" target=\"_blank\" rel=\"noopener\"><img loading=\"lazy\" decoding=\"async\" class=\"aligncenter wp-image-3143\" src=\"https:\/\/www.pedagogie.ac-nice.fr\/daac\/wp-content\/uploads\/sites\/37\/2021\/05\/inscription_freepik2-268x300.png\" alt=\"\" width=\"98\" height=\"110\" srcset=\"https:\/\/www.pedagogie.ac-nice.fr\/daac\/wp-content\/uploads\/sites\/37\/2021\/05\/inscription_freepik2-268x300.png 268w, https:\/\/www.pedagogie.ac-nice.fr\/daac\/wp-content\/uploads\/sites\/37\/2021\/05\/inscription_freepik2.png 306w\" sizes=\"(max-width: 98px) 100vw, 98px\" \/><\/a><\/p>\n<p style=\"text-align: justify;\"><span style=\"color: #000000;\">N\u00e9 \u00e0 l&rsquo;occasion de la F\u00eate de la Science 2019 et port\u00e9 par le Laboratoire de Math\u00e9matiques J.A. Dieudonn\u00e9 (UMR 7351 &#8211; Universit\u00e9 Cote d\u2019Azur \/ CNRS), le <strong><i>Mathemarium<\/i><\/strong> est l\u2019aboutissement de plusieurs ann\u00e9es d\u2019usage de makerspaces (FabLab) et de collaborations avec des enseignants de tous niveaux dans un but de diffusion des math\u00e9matiques.<br \/>La mission du <strong><em>Mathemarium<\/em><\/strong> est de r\u00e9concilier le plus grand nombre avec les math\u00e9matiques \u00e0 travers une approche innovante et ludique,\u00a0 bas\u00e9e sur l\u2019exp\u00e9rience et la manipulation d\u2019objets, loin du formalisme des math\u00e9matiques, afin d\u2019en montrer toute l\u2019utilit\u00e9 mais aussi toute la beaut\u00e9.<\/span><\/p>\n<p>[\/et_pb_text][et_pb_text admin_label=\u00a0\u00bbcontact\u00a0\u00bb _builder_version=\u00a0\u00bb4.27.4&Prime; _module_preset=\u00a0\u00bbdefault\u00a0\u00bb text_font=\u00a0\u00bbTrebuchet||||||||\u00a0\u00bb hover_enabled=\u00a0\u00bb0&Prime; global_colors_info=\u00a0\u00bb{}\u00a0\u00bb sticky_enabled=\u00a0\u00bb0&Prime;]<\/p>\n<p><span style=\"color: #000000;\"><strong><span style=\"font-size: 10pt;\">Charg\u00e9 de mission DAAC : Emmanuel Menini, <\/span><\/strong><\/span><strong><span style=\"font-size: 10pt; color: #000000;\">emmanuel.menini@ac-nice.fr<\/span><\/strong><\/p>\n<p><span style=\"color: #000000;\"><strong><span style=\"font-size: 10pt;\">Coordonnation DAAC : Ingrid Knoll, ingrid.knoll@ac-nice.fr<\/span><\/strong><\/span><\/p>\n<p>[\/et_pb_text][\/et_pb_column][\/et_pb_row][\/et_pb_section]<\/p>\n","protected":false},"excerpt":{"rendered":"<p>Tous les premiers mercredis de chaque mois, le Mathemarium propose un mercredi \u00e0 destination des enseignants. Retrouvez toutes les informations et les modalit\u00e9s d&rsquo;inscription ci-dessous : N\u00e9 \u00e0 l&rsquo;occasion de la F\u00eate de la Science 2019 et port\u00e9 par le Laboratoire de Math\u00e9matiques J.A. Dieudonn\u00e9 (UMR 7351 &#8211; Universit\u00e9 Cote d\u2019Azur \/ CNRS), le Mathemarium [&hellip;]<\/p>\n","protected":false},"author":241,"featured_media":0,"parent":0,"menu_order":0,"comment_status":"closed","ping_status":"closed","template":"","meta":{"_et_pb_use_builder":"on","_et_pb_old_content":"","_et_gb_content_width":"","ngg_post_thumbnail":0,"footnotes":""},"class_list":["post-9436","page","type-page","status-publish","hentry"],"rttpg_featured_image_url":null,"rttpg_author":{"display_name":"daacadmin","author_link":"https:\/\/www.pedagogie.ac-nice.fr\/daac\/author\/daacadmin\/"},"rttpg_comment":0,"rttpg_category":null,"rttpg_excerpt":"Tous les premiers mercredis de chaque mois, le Mathemarium propose un mercredi \u00e0 destination des enseignants. Retrouvez toutes les informations et les modalit\u00e9s d'inscription ci-dessous : N\u00e9 \u00e0 l'occasion de la F\u00eate de la Science 2019 et port\u00e9 par le Laboratoire de Math\u00e9matiques J.A. Dieudonn\u00e9 (UMR 7351 - Universit\u00e9 Cote d\u2019Azur \/ CNRS), le Mathemarium\u2026","post_mailing_queue_ids":[],"_links":{"self":[{"href":"https:\/\/www.pedagogie.ac-nice.fr\/daac\/wp-json\/wp\/v2\/pages\/9436","targetHints":{"allow":["GET"]}}],"collection":[{"href":"https:\/\/www.pedagogie.ac-nice.fr\/daac\/wp-json\/wp\/v2\/pages"}],"about":[{"href":"https:\/\/www.pedagogie.ac-nice.fr\/daac\/wp-json\/wp\/v2\/types\/page"}],"author":[{"embeddable":true,"href":"https:\/\/www.pedagogie.ac-nice.fr\/daac\/wp-json\/wp\/v2\/users\/241"}],"replies":[{"embeddable":true,"href":"https:\/\/www.pedagogie.ac-nice.fr\/daac\/wp-json\/wp\/v2\/comments?post=9436"}],"version-history":[{"count":16,"href":"https:\/\/www.pedagogie.ac-nice.fr\/daac\/wp-json\/wp\/v2\/pages\/9436\/revisions"}],"predecessor-version":[{"id":15679,"href":"https:\/\/www.pedagogie.ac-nice.fr\/daac\/wp-json\/wp\/v2\/pages\/9436\/revisions\/15679"}],"wp:attachment":[{"href":"https:\/\/www.pedagogie.ac-nice.fr\/daac\/wp-json\/wp\/v2\/media?parent=9436"}],"curies":[{"name":"wp","href":"https:\/\/api.w.org\/{rel}","templated":true}]}}