{"id":946,"date":"2020-10-25T22:50:50","date_gmt":"2020-10-25T21:50:50","guid":{"rendered":"https:\/\/www.pedagogie.ac-nice.fr\/daac\/?page_id=946"},"modified":"2023-02-21T15:57:15","modified_gmt":"2023-02-21T14:57:15","slug":"le-chantier-correns","status":"publish","type":"page","link":"https:\/\/www.pedagogie.ac-nice.fr\/daac\/les-domaines-de-leac\/musique-chantchoral\/le-chantier-correns\/","title":{"rendered":"Le chantier-Correns"},"content":{"rendered":"<p>[et_pb_section fb_built=\u00a0\u00bb1&Prime; _builder_version=\u00a0\u00bb3.22&Prime; global_colors_info=\u00a0\u00bb{}\u00a0\u00bb][et_pb_row column_structure=\u00a0\u00bb1_4,3_4&Prime; _builder_version=\u00a0\u00bb3.25&Prime; background_size=\u00a0\u00bbinitial\u00a0\u00bb background_position=\u00a0\u00bbtop_left\u00a0\u00bb background_repeat=\u00a0\u00bbrepeat\u00a0\u00bb global_colors_info=\u00a0\u00bb{}\u00a0\u00bb][et_pb_column type=\u00a0\u00bb1_4&Prime; _builder_version=\u00a0\u00bb3.25&Prime; custom_padding=\u00a0\u00bb|||\u00a0\u00bb global_colors_info=\u00a0\u00bb{}\u00a0\u00bb custom_padding__hover=\u00a0\u00bb|||\u00a0\u00bb][et_pb_text admin_label=\u00a0\u00bbdomaine\u00a0\u00bb _builder_version=\u00a0\u00bb4.10.7&Prime; background_size=\u00a0\u00bbinitial\u00a0\u00bb background_position=\u00a0\u00bbtop_left\u00a0\u00bb background_repeat=\u00a0\u00bbrepeat\u00a0\u00bb min_height=\u00a0\u00bb187.6px\u00a0\u00bb custom_margin=\u00a0\u00bb||-57px|||\u00a0\u00bb custom_padding=\u00a0\u00bb||0px|||\u00a0\u00bb global_colors_info=\u00a0\u00bb{}\u00a0\u00bb]<\/p>\n<p><a href=\"https:\/\/www.pedagogie.ac-nice.fr\/daac\/les-domaines-de-leac\/musique-chantchoral\/\" target=\"_blank\" rel=\"noopener\"><img loading=\"lazy\" decoding=\"async\" class=\"aligncenter wp-image-5919 size-full\" src=\"https:\/\/www.pedagogie.ac-nice.fr\/daac\/wp-content\/uploads\/sites\/37\/2021\/09\/chant-choral.png\" alt=\"\" width=\"346\" height=\"221\" srcset=\"https:\/\/www.pedagogie.ac-nice.fr\/daac\/wp-content\/uploads\/sites\/37\/2021\/09\/chant-choral.png 346w, https:\/\/www.pedagogie.ac-nice.fr\/daac\/wp-content\/uploads\/sites\/37\/2021\/09\/chant-choral-300x192.png 300w\" sizes=\"(max-width: 346px) 100vw, 346px\" \/><\/a><\/p>\n<p>[\/et_pb_text][et_pb_divider _builder_version=\u00a0\u00bb4.10.7&Prime; _module_preset=\u00a0\u00bbdefault\u00a0\u00bb min_height=\u00a0\u00bb18.8px\u00a0\u00bb custom_margin=\u00a0\u00bb-7px|||||\u00a0\u00bb global_colors_info=\u00a0\u00bb{}\u00a0\u00bb][\/et_pb_divider][et_pb_text admin_label=\u00a0\u00bbpartenariat\u00a0\u00bb _builder_version=\u00a0\u00bb4.10.7&Prime; background_size=\u00a0\u00bbinitial\u00a0\u00bb background_position=\u00a0\u00bbtop_left\u00a0\u00bb background_repeat=\u00a0\u00bbrepeat\u00a0\u00bb custom_margin=\u00a0\u00bb-33px|||||\u00a0\u00bb custom_padding=\u00a0\u00bb9px||76px|||\u00a0\u00bb global_colors_info=\u00a0\u00bb{}\u00a0\u00bb]<\/p>\n<p style=\"text-align: center;\"><img loading=\"lazy\" decoding=\"async\" class=\"alignnone size-full wp-image-6275\" src=\"https:\/\/www.pedagogie.ac-nice.fr\/daac\/wp-content\/uploads\/sites\/37\/2021\/09\/partenariat.png\" alt=\"\" width=\"344\" height=\"225\" srcset=\"https:\/\/www.pedagogie.ac-nice.fr\/daac\/wp-content\/uploads\/sites\/37\/2021\/09\/partenariat.png 344w, https:\/\/www.pedagogie.ac-nice.fr\/daac\/wp-content\/uploads\/sites\/37\/2021\/09\/partenariat-300x196.png 300w\" sizes=\"(max-width: 344px) 100vw, 344px\" \/><\/p>\n<p>[\/et_pb_text][et_pb_divider _builder_version=\u00a0\u00bb4.10.7&Prime; _module_preset=\u00a0\u00bbdefault\u00a0\u00bb custom_margin=\u00a0\u00bb-78px|||||\u00a0\u00bb global_colors_info=\u00a0\u00bb{}\u00a0\u00bb][\/et_pb_divider][et_pb_text _builder_version=\u00a0\u00bb4.10.7&Prime; _module_preset=\u00a0\u00bbdefault\u00a0\u00bb min_height=\u00a0\u00bb104.8px\u00a0\u00bb custom_margin=\u00a0\u00bb-28px|||||\u00a0\u00bb global_colors_info=\u00a0\u00bb{}\u00a0\u00bb]<\/p>\n<p style=\"text-align: center;\"><strong><span style=\"color: #0000ff;\">Acc\u00e8s au site<\/span><\/strong> <a href=\"http:\/\/www.le-chantier.com\/\" target=\"_blank\" rel=\"noopener\"><img loading=\"lazy\" decoding=\"async\" class=\"aligncenter wp-image-10204 size-medium\" src=\"https:\/\/www.pedagogie.ac-nice.fr\/daac\/wp-content\/uploads\/sites\/37\/2021\/12\/chantier_correns-300x75.jpeg\" alt=\"\" width=\"300\" height=\"75\" srcset=\"https:\/\/www.pedagogie.ac-nice.fr\/daac\/wp-content\/uploads\/sites\/37\/2021\/12\/chantier_correns-300x75.jpeg 300w, https:\/\/www.pedagogie.ac-nice.fr\/daac\/wp-content\/uploads\/sites\/37\/2021\/12\/chantier_correns.jpeg 450w\" sizes=\"(max-width: 300px) 100vw, 300px\" \/><\/a><\/p>\n<p>[\/et_pb_text][\/et_pb_column][et_pb_column type=\u00a0\u00bb3_4&Prime; _builder_version=\u00a0\u00bb3.25&Prime; custom_padding=\u00a0\u00bb|||\u00a0\u00bb global_colors_info=\u00a0\u00bb{}\u00a0\u00bb custom_padding__hover=\u00a0\u00bb|||\u00a0\u00bb][et_pb_text _builder_version=\u00a0\u00bb4.10.7&Prime; background_size=\u00a0\u00bbinitial\u00a0\u00bb background_position=\u00a0\u00bbtop_left\u00a0\u00bb background_repeat=\u00a0\u00bbrepeat\u00a0\u00bb hover_enabled=\u00a0\u00bb0&Prime; global_colors_info=\u00a0\u00bb{}\u00a0\u00bb text_font=\u00a0\u00bbTrebuchet||||||||\u00a0\u00bb text_text_color=\u00a0\u00bb#000000&Prime; text_orientation=\u00a0\u00bbjustified\u00a0\u00bb sticky_enabled=\u00a0\u00bb0&Prime;]<\/p>\n<p style=\"text-align: center;\"><strong><span style=\"color: #0000ff;\"><span style=\"font-size: 18pt; color: #993366;\">Chantier Correns &#8211; Provence Verte<\/span><br \/><\/span><\/strong><\/p>\n<p style=\"text-align: center;\"><img loading=\"lazy\" decoding=\"async\" class=\"alignnone size-medium wp-image-10204\" src=\"https:\/\/www.pedagogie.ac-nice.fr\/daac\/wp-content\/uploads\/sites\/37\/2021\/12\/chantier_correns-300x75.jpeg\" alt=\"\" width=\"300\" height=\"75\" srcset=\"https:\/\/www.pedagogie.ac-nice.fr\/daac\/wp-content\/uploads\/sites\/37\/2021\/12\/chantier_correns-300x75.jpeg 300w, https:\/\/www.pedagogie.ac-nice.fr\/daac\/wp-content\/uploads\/sites\/37\/2021\/12\/chantier_correns.jpeg 450w\" sizes=\"(max-width: 300px) 100vw, 300px\" \/><\/p>\n<p style=\"text-align: justify;\"><span style=\"color: #000000;\">Depuis sa cr\u00e9ation en 2001, le Chantier met au centre de ses pr\u00e9occupations et de son projet la sensibilisation des publics aux nouvelles musiques traditionnelles et musiques du monde.<\/span><\/p>\n<p style=\"text-align: justify;\"><span style=\"color: #000000;\">La mission principale du Chantier \u00e9tant l\u2019accueil de musiciens en r\u00e9sidence de cr\u00e9ation, il semble naturel de permettre aux populations de Provence Verte de profiter de cette pr\u00e9sence artistique singuli\u00e8re sur le plan local comme national.<\/span><\/p>\n<p style=\"text-align: justify;\"><span style=\"color: #000000;\">Depuis 2017, l\u2019ambition a \u00e9t\u00e9 de d\u00e9velopper \u00e0 l\u2019\u00e9chelle du coll\u00e8ge ce qui fonctionnait d\u00e9j\u00e0 parfaitement bien au niveau du primaire et de reprendre le projet initi\u00e9 par le \u00ab Chantier \u00bb d\u2019ateliers musicaux avec quatre classes de la Provence Verte au niveau d\u2019un coll\u00e8ge. Ces ateliers ont pour objectifs de sensibiliser les enfants aux musiques traditionnelles et du monde, \u00e0 la pratique vocale, et leur faire vivre une exp\u00e9rience unique avec des musiciens professionnels embl\u00e9matiques de ces musiques.<\/span><\/p>\n<p style=\"text-align: justify;\"><span style=\"color: #0000ff;\"><span style=\"font-size: 12pt; color: #000000;\">Ces projets ont re\u00e7u le soutien de CANOPE dans le cadre des appels \u00e0 projet Arts et Culture.<\/span><br \/><span style=\"font-size: 10pt; color: #000000;\"><strong><br \/>Charg\u00e9 de mission : Sylvain Beaudrey<\/strong><\/span><br \/><\/span><\/p>\n<p>[\/et_pb_text][et_pb_divider _builder_version=\u00a0\u00bb4.10.7&Prime; _module_preset=\u00a0\u00bbdefault\u00a0\u00bb min_height=\u00a0\u00bb18.8px\u00a0\u00bb custom_margin=\u00a0\u00bb-7px|||-224px||\u00a0\u00bb custom_padding=\u00a0\u00bb|||0px||\u00a0\u00bb global_colors_info=\u00a0\u00bb{}\u00a0\u00bb][\/et_pb_divider][\/et_pb_column][\/et_pb_row][et_pb_row column_structure=\u00a0\u00bb1_3,1_3,1_3&Prime; _builder_version=\u00a0\u00bb4.10.7&Prime; _module_preset=\u00a0\u00bbdefault\u00a0\u00bb global_colors_info=\u00a0\u00bb{}\u00a0\u00bb][et_pb_column type=\u00a0\u00bb1_3&Prime; _builder_version=\u00a0\u00bb4.10.7&Prime; _module_preset=\u00a0\u00bbdefault\u00a0\u00bb global_colors_info=\u00a0\u00bb{}\u00a0\u00bb][et_pb_text admin_label=\u00a0\u00bboffre p\u00e9dagogique site\u00a0\u00bb _builder_version=\u00a0\u00bb4.10.7&Prime; _module_preset=\u00a0\u00bbdefault\u00a0\u00bb hover_enabled=\u00a0\u00bb0&Prime; global_colors_info=\u00a0\u00bb{}\u00a0\u00bb text_font=\u00a0\u00bbTrebuchet||||||||\u00a0\u00bb sticky_enabled=\u00a0\u00bb0&Prime;]<\/p>\n<p style=\"text-align: center;\">\n<p style=\"text-align: center;\"><span style=\"color: #993366;\"><strong><span style=\"font-size: 18pt;\">Offre p\u00e9dagogique et inscriptions<\/span><\/strong><\/span><\/p>\n<p>[\/et_pb_text][et_pb_text admin_label=\u00a0\u00bboffre p\u00e9dagogique site\u00a0\u00bb _builder_version=\u00a0\u00bb4.10.7&Prime; _module_preset=\u00a0\u00bbdefault\u00a0\u00bb hover_enabled=\u00a0\u00bb0&Prime; global_colors_info=\u00a0\u00bb{}\u00a0\u00bb text_font=\u00a0\u00bbTrebuchet||||||||\u00a0\u00bb sticky_enabled=\u00a0\u00bb0&Prime;]<\/p>\n<p style=\"text-align: center;\"><span style=\"color: #0000ff; font-size: 18pt;\"><strong><span style=\"font-size: 12pt;\"><span style=\"color: #993366;\">Propositions en ligne<\/span><br \/><a href=\"http:\/\/www.le-chantier.com\/-Relations-avec-les-publics-.html\" target=\"_blank\" rel=\"noopener\"><img loading=\"lazy\" decoding=\"async\" class=\"alignnone wp-image-1633 size-full\" src=\"https:\/\/www.pedagogie.ac-nice.fr\/daac\/wp-content\/uploads\/sites\/37\/2020\/12\/logo_puce_jaune.png\" alt=\"\" width=\"72\" height=\"70\" \/><\/a><\/span><br \/><\/strong><\/span><\/p>\n<p>[\/et_pb_text][et_pb_text admin_label=\u00a0\u00bboffre p\u00e9dagogique site\u00a0\u00bb _builder_version=\u00a0\u00bb4.10.7&Prime; _module_preset=\u00a0\u00bbdefault\u00a0\u00bb custom_margin=\u00a0\u00bb57px|||||\u00a0\u00bb hover_enabled=\u00a0\u00bb0&Prime; global_colors_info=\u00a0\u00bb{}\u00a0\u00bb text_font=\u00a0\u00bbTrebuchet||||||||\u00a0\u00bb sticky_enabled=\u00a0\u00bb0&Prime;]<\/p>\n<p style=\"text-align: left;\"><span style=\"color: #993366;\"><strong><span style=\"font-size: 12pt;\">L&rsquo;ensemble de ces propositions sont gratuites (hors transports en bus \u00e0 pr\u00e9voir le cas \u00e9ch\u00e9ant)<\/span><\/strong><\/span><\/p>\n<p>[\/et_pb_text][et_pb_text admin_label=\u00a0\u00bbpour aller plus loin\u00a0\u00bb _builder_version=\u00a0\u00bb4.10.7&Prime; _module_preset=\u00a0\u00bbdefault\u00a0\u00bb min_height=\u00a0\u00bb148.2px\u00a0\u00bb custom_margin=\u00a0\u00bb140px|||||\u00a0\u00bb global_colors_info=\u00a0\u00bb{}\u00a0\u00bb]<\/p>\n<p><img loading=\"lazy\" decoding=\"async\" class=\"alignnone  wp-image-6383 aligncenter\" src=\"https:\/\/www.pedagogie.ac-nice.fr\/daac\/wp-content\/uploads\/sites\/37\/2021\/09\/pour_aller_plus_loin-300x162.png\" alt=\"\" width=\"230\" height=\"124\" srcset=\"https:\/\/www.pedagogie.ac-nice.fr\/daac\/wp-content\/uploads\/sites\/37\/2021\/09\/pour_aller_plus_loin-300x162.png 300w, https:\/\/www.pedagogie.ac-nice.fr\/daac\/wp-content\/uploads\/sites\/37\/2021\/09\/pour_aller_plus_loin.png 349w\" sizes=\"(max-width: 230px) 100vw, 230px\" \/><\/p>\n<p>[\/et_pb_text][\/et_pb_column][et_pb_column type=\u00a0\u00bb1_3&Prime; _builder_version=\u00a0\u00bb4.10.7&Prime; _module_preset=\u00a0\u00bbdefault\u00a0\u00bb global_colors_info=\u00a0\u00bb{}\u00a0\u00bb][et_pb_text admin_label=\u00a0\u00bbPdf 1er degr\u00e9\u00a0\u00bb _builder_version=\u00a0\u00bb4.10.7&Prime; _module_preset=\u00a0\u00bbdefault\u00a0\u00bb custom_margin=\u00a0\u00bb-34px|||||\u00a0\u00bb global_colors_info=\u00a0\u00bb{}\u00a0\u00bb]<\/p>\n<p><a href=\"http:\/\/www.le-chantier.com\/presse\/2022\/pedago\/1erDegre-LeChantier-ProjetAC-2022.pdf\" target=\"_blank\" rel=\"noopener\"><img loading=\"lazy\" decoding=\"async\" class=\"aligncenter wp-image-10214\" src=\"https:\/\/www.pedagogie.ac-nice.fr\/daac\/wp-content\/uploads\/sites\/37\/2021\/12\/actions_culturelles_1er_degre-259x300.jpg\" alt=\"\" width=\"181\" height=\"210\" srcset=\"https:\/\/www.pedagogie.ac-nice.fr\/daac\/wp-content\/uploads\/sites\/37\/2021\/12\/actions_culturelles_1er_degre-259x300.jpg 259w, https:\/\/www.pedagogie.ac-nice.fr\/daac\/wp-content\/uploads\/sites\/37\/2021\/12\/actions_culturelles_1er_degre.jpg 363w\" sizes=\"(max-width: 181px) 100vw, 181px\" \/><\/a><\/p>\n<p>[\/et_pb_text][et_pb_text admin_label=\u00a0\u00bbformulaire_1er_degre.doc\u00a0\u00bb _builder_version=\u00a0\u00bb4.10.7&Prime; _module_preset=\u00a0\u00bbdefault\u00a0\u00bb custom_margin=\u00a0\u00bb53px|||||\u00a0\u00bb custom_padding=\u00a0\u00bb|||26px||\u00a0\u00bb global_colors_info=\u00a0\u00bb{}\u00a0\u00bb]<\/p>\n<p style=\"text-align: center;\"><span style=\"color: #0000ff;\">formulaire d&rsquo;inscription .doc<br \/>(1er degr\u00e9)<\/span><a href=\"https:\/\/www.pedagogie.ac-nice.fr\/daac\/wp-content\/uploads\/sites\/37\/2021\/12\/LeChantier-AC-FormulaireInscription1erDegre-2022.doc\" target=\"_blank\" rel=\"noopener\"><img loading=\"lazy\" decoding=\"async\" class=\"aligncenter wp-image-8621\" src=\"https:\/\/www.pedagogie.ac-nice.fr\/daac\/wp-content\/uploads\/sites\/37\/2021\/10\/fichier_modifiable.jpg\" alt=\"\" width=\"137\" height=\"138\" srcset=\"https:\/\/www.pedagogie.ac-nice.fr\/daac\/wp-content\/uploads\/sites\/37\/2021\/10\/fichier_modifiable.jpg 273w, https:\/\/www.pedagogie.ac-nice.fr\/daac\/wp-content\/uploads\/sites\/37\/2021\/10\/fichier_modifiable-150x150.jpg 150w\" sizes=\"(max-width: 137px) 100vw, 137px\" \/><\/a><\/p>\n<p>[\/et_pb_text][et_pb_divider _builder_version=\u00a0\u00bb4.10.7&Prime; _module_preset=\u00a0\u00bbdefault\u00a0\u00bb min_height=\u00a0\u00bb9.8px\u00a0\u00bb custom_margin=\u00a0\u00bb50px|-300px||-292px||\u00a0\u00bb custom_padding=\u00a0\u00bb|||0px||\u00a0\u00bb global_colors_info=\u00a0\u00bb{}\u00a0\u00bb][\/et_pb_divider][et_pb_text admin_label=\u00a0\u00bbmusicapedia\u00a0\u00bb _builder_version=\u00a0\u00bb4.10.7&Prime; _module_preset=\u00a0\u00bbdefault\u00a0\u00bb custom_margin=\u00a0\u00bb-24px|||||\u00a0\u00bb custom_padding=\u00a0\u00bb|||0px||\u00a0\u00bb hover_enabled=\u00a0\u00bb0&Prime; global_colors_info=\u00a0\u00bb{}\u00a0\u00bb text_font=\u00a0\u00bbTrebuchet||||||||\u00a0\u00bb sticky_enabled=\u00a0\u00bb0&Prime;]<\/p>\n<p style=\"text-align: center;\"><span style=\"color: #993366;\"><a href=\"http:\/\/musicapedia.fr\/Default\/accueil-portail.aspx\" target=\"_blank\" rel=\"noopener\" style=\"color: #993366;\"><strong>Musicapedia, le portail p\u00e9dagogique des musiques du monde en cr\u00e9ation<\/strong><\/a><\/span><\/p>\n<p style=\"text-align: center;\"><a href=\"http:\/\/musicapedia.fr\/Default\/accueil-portail.aspx\" target=\"_blank\" rel=\"noopener\"><img loading=\"lazy\" decoding=\"async\" class=\"aligncenter wp-image-10246 size-medium\" src=\"https:\/\/www.pedagogie.ac-nice.fr\/daac\/wp-content\/uploads\/sites\/37\/2021\/12\/musicapedia3-300x71.jpg\" alt=\"\" width=\"300\" height=\"71\" srcset=\"https:\/\/www.pedagogie.ac-nice.fr\/daac\/wp-content\/uploads\/sites\/37\/2021\/12\/musicapedia3-300x71.jpg 300w, https:\/\/www.pedagogie.ac-nice.fr\/daac\/wp-content\/uploads\/sites\/37\/2021\/12\/musicapedia3.jpg 413w\" sizes=\"(max-width: 300px) 100vw, 300px\" \/><\/a><\/p>\n<p>[\/et_pb_text][\/et_pb_column][et_pb_column type=\u00a0\u00bb1_3&Prime; _builder_version=\u00a0\u00bb4.10.7&Prime; _module_preset=\u00a0\u00bbdefault\u00a0\u00bb global_colors_info=\u00a0\u00bb{}\u00a0\u00bb][et_pb_text admin_label=\u00a0\u00bbpdf second degr\u00e9\u00a0\u00bb _builder_version=\u00a0\u00bb4.10.7&Prime; _module_preset=\u00a0\u00bbdefault\u00a0\u00bb custom_margin=\u00a0\u00bb-21px|||||\u00a0\u00bb global_colors_info=\u00a0\u00bb{}\u00a0\u00bb]<\/p>\n<p><a href=\"http:\/\/www.le-chantier.com\/presse\/2022\/pedago\/2ndDegre-LeChantier-ProjetAC-2022.pdf\" target=\"_blank\" rel=\"noopener\"><img loading=\"lazy\" decoding=\"async\" class=\"aligncenter wp-image-10222\" src=\"https:\/\/www.pedagogie.ac-nice.fr\/daac\/wp-content\/uploads\/sites\/37\/2021\/12\/actions_culturelles_2nd_degre-268x300.jpg\" alt=\"\" width=\"180\" height=\"201\" srcset=\"https:\/\/www.pedagogie.ac-nice.fr\/daac\/wp-content\/uploads\/sites\/37\/2021\/12\/actions_culturelles_2nd_degre-268x300.jpg 268w, https:\/\/www.pedagogie.ac-nice.fr\/daac\/wp-content\/uploads\/sites\/37\/2021\/12\/actions_culturelles_2nd_degre.jpg 363w\" sizes=\"(max-width: 180px) 100vw, 180px\" \/><\/a><\/p>\n<p>[\/et_pb_text][et_pb_text admin_label=\u00a0\u00bbformulaire_2nd_degr\u00e9.doc\u00a0\u00bb _builder_version=\u00a0\u00bb4.10.7&Prime; _module_preset=\u00a0\u00bbdefault\u00a0\u00bb custom_margin=\u00a0\u00bb51px|||36px||\u00a0\u00bb global_colors_info=\u00a0\u00bb{}\u00a0\u00bb]<\/p>\n<p style=\"text-align: center;\"><span style=\"color: #0000ff;\">formulaire d&rsquo;inscription .doc<br \/>(second degr\u00e9)<\/span><a href=\"https:\/\/www.pedagogie.ac-nice.fr\/daac\/wp-content\/uploads\/sites\/37\/2021\/12\/LeChantier-AC-FormulaireInscription2ndDegre-2022.doc\" target=\"_blank\" rel=\"noopener\"><img loading=\"lazy\" decoding=\"async\" class=\"aligncenter wp-image-8621\" src=\"https:\/\/www.pedagogie.ac-nice.fr\/daac\/wp-content\/uploads\/sites\/37\/2021\/10\/fichier_modifiable.jpg\" alt=\"\" width=\"137\" height=\"138\" srcset=\"https:\/\/www.pedagogie.ac-nice.fr\/daac\/wp-content\/uploads\/sites\/37\/2021\/10\/fichier_modifiable.jpg 273w, https:\/\/www.pedagogie.ac-nice.fr\/daac\/wp-content\/uploads\/sites\/37\/2021\/10\/fichier_modifiable-150x150.jpg 150w\" sizes=\"(max-width: 137px) 100vw, 137px\" \/><\/a><\/p>\n<p>[\/et_pb_text][et_pb_text _builder_version=\u00a0\u00bb4.10.7&Prime; _module_preset=\u00a0\u00bbdefault\u00a0\u00bb custom_margin=\u00a0\u00bb70px|||||\u00a0\u00bb hover_enabled=\u00a0\u00bb0&Prime; global_colors_info=\u00a0\u00bb{}\u00a0\u00bb text_font=\u00a0\u00bbTrebuchet||||||||\u00a0\u00bb sticky_enabled=\u00a0\u00bb0&Prime;]<\/p>\n<p style=\"text-align: center;\"><span style=\"color: #993366;\"><strong>Reportages et vid\u00e9os p\u00e9dagogiques<\/strong><\/span><a href=\"http:\/\/musicapedia.fr\/Default\/videos.aspx\" target=\"_blank\" rel=\"noopener\"><img loading=\"lazy\" decoding=\"async\" class=\"aligncenter wp-image-10247\" src=\"https:\/\/www.pedagogie.ac-nice.fr\/daac\/wp-content\/uploads\/sites\/37\/2021\/12\/musicapedia.jpg\" alt=\"\" width=\"144\" height=\"150\" \/><\/a><\/p>\n<p>[\/et_pb_text][\/et_pb_column][\/et_pb_row][\/et_pb_section]<\/p>\n","protected":false},"excerpt":{"rendered":"<p>Acc\u00e8s au site Chantier Correns &#8211; Provence Verte Depuis sa cr\u00e9ation en 2001, le Chantier met au centre de ses pr\u00e9occupations et de son projet la sensibilisation des publics aux nouvelles musiques traditionnelles et musiques du monde. La mission principale du Chantier \u00e9tant l\u2019accueil de musiciens en r\u00e9sidence de cr\u00e9ation, il semble naturel de permettre [&hellip;]<\/p>\n","protected":false},"author":241,"featured_media":0,"parent":365,"menu_order":0,"comment_status":"closed","ping_status":"closed","template":"","meta":{"_et_pb_use_builder":"on","_et_pb_old_content":"<p style=\"text-align: right;\">Charg\u00e9 de mission : Sylvain Beaudrey<\/p><p style=\"text-align: center;\"><a href=\"https:\/\/www.pedagogie.ac-nice.fr\/daac\/ballets-de-monte-carlo\/correns\/\" rel=\"attachment wp-att-959\"><img class=\"alignnone size-thumbnail wp-image-959\" src=\"https:\/\/www.pedagogie.ac-nice.fr\/daac\/wp-content\/uploads\/sites\/37\/2020\/10\/correns-150x150.png\" alt=\"\" width=\"150\" height=\"150\"><\/a><\/p><p style=\"text-align: justify;\">Depuis sa cr\u00e9ation en 2001, le Chantier met au centre de ses pr\u00e9occupations et de son projet la sensibilisation des publics aux nouvelles musiques traditionnelles et musiques du monde.<\/p><p style=\"text-align: justify;\">La mission principale du Chantier \u00e9tant l\u2019accueil de musiciens en r\u00e9sidence de cr\u00e9ation, il semble naturel de permettre aux populations de Provence Verte de profiter de cette pr\u00e9sence artistique singuli\u00e8re sur le plan local comme national.<\/p><p style=\"text-align: justify;\">Depuis 2017, l\u2019ambition a \u00e9t\u00e9 de d\u00e9velopper \u00e0 l\u2019\u00e9chelle du coll\u00e8ge ce qui fonctionnait d\u00e9j\u00e0 parfaitement bien au niveau du primaire et de reprendre le projet initi\u00e9 par le \u00ab Chantier \u00bb d\u2019ateliers musicaux avec quatre classes de la Provence Verte au niveau d\u2019un coll\u00e8ge. Ces ateliers ont pour objectifs de sensibiliser les enfants aux musiques traditionnelles et du monde, \u00e0 la pratique vocale, et leur faire vivre une exp\u00e9rience unique avec des musiciens professionnels embl\u00e9matiques de ces musiques.<\/p><p style=\"text-align: justify;\">Ces projets ont re\u00e7u le soutien de CANOPE dans le cadre des appels \u00e0 projet Arts et Culture.<\/p><p>Pour aller plus loin : <a href=\"http:\/\/www.le-chantier.com\/\" target=\"_blank\" rel=\"http:\/\/www.le-chantier.com\/ noopener noreferrer\"><img class=\"alignnone wp-image-496 size-full\" src=\"https:\/\/www.pedagogie.ac-nice.fr\/daac\/wp-content\/uploads\/sites\/37\/2020\/08\/bouton_connexion-1.png\" alt=\"\" width=\"71\" height=\"70\"><\/a><\/p>","_et_gb_content_width":"","ngg_post_thumbnail":0,"footnotes":""},"class_list":["post-946","page","type-page","status-publish","hentry"],"rttpg_featured_image_url":null,"rttpg_author":{"display_name":"daacadmin","author_link":"https:\/\/www.pedagogie.ac-nice.fr\/daac\/author\/daacadmin\/"},"rttpg_comment":0,"rttpg_category":null,"rttpg_excerpt":"Acc\u00e8s au site Chantier Correns - Provence Verte Depuis sa cr\u00e9ation en 2001, le Chantier met au centre de ses pr\u00e9occupations et de son projet la sensibilisation des publics aux nouvelles musiques traditionnelles et musiques du monde. La mission principale du Chantier \u00e9tant l\u2019accueil de musiciens en r\u00e9sidence de cr\u00e9ation, il semble naturel de permettre\u2026","post_mailing_queue_ids":[],"_links":{"self":[{"href":"https:\/\/www.pedagogie.ac-nice.fr\/daac\/wp-json\/wp\/v2\/pages\/946","targetHints":{"allow":["GET"]}}],"collection":[{"href":"https:\/\/www.pedagogie.ac-nice.fr\/daac\/wp-json\/wp\/v2\/pages"}],"about":[{"href":"https:\/\/www.pedagogie.ac-nice.fr\/daac\/wp-json\/wp\/v2\/types\/page"}],"author":[{"embeddable":true,"href":"https:\/\/www.pedagogie.ac-nice.fr\/daac\/wp-json\/wp\/v2\/users\/241"}],"replies":[{"embeddable":true,"href":"https:\/\/www.pedagogie.ac-nice.fr\/daac\/wp-json\/wp\/v2\/comments?post=946"}],"version-history":[{"count":36,"href":"https:\/\/www.pedagogie.ac-nice.fr\/daac\/wp-json\/wp\/v2\/pages\/946\/revisions"}],"predecessor-version":[{"id":14694,"href":"https:\/\/www.pedagogie.ac-nice.fr\/daac\/wp-json\/wp\/v2\/pages\/946\/revisions\/14694"}],"up":[{"embeddable":true,"href":"https:\/\/www.pedagogie.ac-nice.fr\/daac\/wp-json\/wp\/v2\/pages\/365"}],"wp:attachment":[{"href":"https:\/\/www.pedagogie.ac-nice.fr\/daac\/wp-json\/wp\/v2\/media?parent=946"}],"curies":[{"name":"wp","href":"https:\/\/api.w.org\/{rel}","templated":true}]}}