{"id":9489,"date":"2021-11-22T18:57:24","date_gmt":"2021-11-22T17:57:24","guid":{"rendered":"https:\/\/www.pedagogie.ac-nice.fr\/daac\/?page_id=9489"},"modified":"2022-01-03T21:01:41","modified_gmt":"2022-01-03T20:01:41","slug":"banque-hyeres","status":"publish","type":"page","link":"https:\/\/www.pedagogie.ac-nice.fr\/daac\/banque-hyeres\/","title":{"rendered":"Banque Hy\u00e8res"},"content":{"rendered":"<p>[et_pb_section fb_built=\u00a0\u00bb1&Prime; _builder_version=\u00a0\u00bb4.10.7&Prime; _module_preset=\u00a0\u00bbdefault\u00a0\u00bb global_colors_info=\u00a0\u00bb{}\u00a0\u00bb][et_pb_row column_structure=\u00a0\u00bb1_3,2_3&Prime; _builder_version=\u00a0\u00bb4.10.7&Prime; _module_preset=\u00a0\u00bbdefault\u00a0\u00bb global_colors_info=\u00a0\u00bb{}\u00a0\u00bb][et_pb_column type=\u00a0\u00bb1_3&Prime; _builder_version=\u00a0\u00bb4.10.7&Prime; _module_preset=\u00a0\u00bbdefault\u00a0\u00bb global_colors_info=\u00a0\u00bb{}\u00a0\u00bb][et_pb_text admin_label=\u00a0\u00bblogo patrimoine daac\u00a0\u00bb _builder_version=\u00a0\u00bb4.10.7&Prime; _module_preset=\u00a0\u00bbdefault\u00a0\u00bb global_colors_info=\u00a0\u00bb{}\u00a0\u00bb]<\/p>\n<p><a href=\"https:\/\/www.pedagogie.ac-nice.fr\/daac\/patrimoines-memoires-2021\/\" target=\"_blank\" rel=\"noopener\"><img loading=\"lazy\" decoding=\"async\" class=\"aligncenter wp-image-5925\" src=\"https:\/\/www.pedagogie.ac-nice.fr\/daac\/wp-content\/uploads\/sites\/37\/2021\/09\/patrimoine_memoires-300x192.png\" alt=\"\" width=\"252\" height=\"161\" srcset=\"https:\/\/www.pedagogie.ac-nice.fr\/daac\/wp-content\/uploads\/sites\/37\/2021\/09\/patrimoine_memoires-300x192.png 300w, https:\/\/www.pedagogie.ac-nice.fr\/daac\/wp-content\/uploads\/sites\/37\/2021\/09\/patrimoine_memoires.png 347w\" sizes=\"(max-width: 252px) 100vw, 252px\" \/><\/a><\/p>\n<p>[\/et_pb_text][et_pb_divider _builder_version=\u00a0\u00bb4.10.7&Prime; _module_preset=\u00a0\u00bbdefault\u00a0\u00bb global_colors_info=\u00a0\u00bb{}\u00a0\u00bb][\/et_pb_divider][et_pb_text admin_label=\u00a0\u00bblogo partenaires\u00a0\u00bb _builder_version=\u00a0\u00bb4.10.7&Prime; _module_preset=\u00a0\u00bbdefault\u00a0\u00bb global_colors_info=\u00a0\u00bb{}\u00a0\u00bb]<\/p>\n<p><img loading=\"lazy\" decoding=\"async\" class=\"alignnone  wp-image-7600 aligncenter\" src=\"https:\/\/www.pedagogie.ac-nice.fr\/daac\/wp-content\/uploads\/sites\/37\/2021\/10\/structures_partenaires-300x201.png\" alt=\"\" width=\"230\" height=\"154\" srcset=\"https:\/\/www.pedagogie.ac-nice.fr\/daac\/wp-content\/uploads\/sites\/37\/2021\/10\/structures_partenaires-300x201.png 300w, https:\/\/www.pedagogie.ac-nice.fr\/daac\/wp-content\/uploads\/sites\/37\/2021\/10\/structures_partenaires.png 360w\" sizes=\"(max-width: 230px) 100vw, 230px\" \/><\/p>\n<p>[\/et_pb_text][et_pb_divider _builder_version=\u00a0\u00bb4.10.7&Prime; _module_preset=\u00a0\u00bbdefault\u00a0\u00bb global_colors_info=\u00a0\u00bb{}\u00a0\u00bb][\/et_pb_divider][\/et_pb_column][et_pb_column type=\u00a0\u00bb2_3&Prime; _builder_version=\u00a0\u00bb4.10.7&Prime; _module_preset=\u00a0\u00bbdefault\u00a0\u00bb global_colors_info=\u00a0\u00bb{}\u00a0\u00bb][et_pb_text admin_label=\u00a0\u00bbBanque\u00a0\u00bb _builder_version=\u00a0\u00bb4.10.7&Prime; _module_preset=\u00a0\u00bbdefault\u00a0\u00bb hover_enabled=\u00a0\u00bb0&Prime; global_colors_info=\u00a0\u00bb{}\u00a0\u00bb sticky_enabled=\u00a0\u00bb0&Prime;]<\/p>\n<p><img loading=\"lazy\" decoding=\"async\" class=\"wp-image-9483 aligncenter\" src=\"https:\/\/www.pedagogie.ac-nice.fr\/daac\/wp-content\/uploads\/sites\/37\/2021\/11\/banque_df_hyeres_logo-273x300.jpg\" alt=\"\" width=\"184\" height=\"202\" srcset=\"https:\/\/www.pedagogie.ac-nice.fr\/daac\/wp-content\/uploads\/sites\/37\/2021\/11\/banque_df_hyeres_logo-273x300.jpg 273w, https:\/\/www.pedagogie.ac-nice.fr\/daac\/wp-content\/uploads\/sites\/37\/2021\/11\/banque_df_hyeres_logo-931x1024.jpg 931w, https:\/\/www.pedagogie.ac-nice.fr\/daac\/wp-content\/uploads\/sites\/37\/2021\/11\/banque_df_hyeres_logo-768x844.jpg 768w, https:\/\/www.pedagogie.ac-nice.fr\/daac\/wp-content\/uploads\/sites\/37\/2021\/11\/banque_df_hyeres_logo-1397x1536.jpg 1397w, https:\/\/www.pedagogie.ac-nice.fr\/daac\/wp-content\/uploads\/sites\/37\/2021\/11\/banque_df_hyeres_logo-1080x1187.jpg 1080w, https:\/\/www.pedagogie.ac-nice.fr\/daac\/wp-content\/uploads\/sites\/37\/2021\/11\/banque_df_hyeres_logo.jpg 1417w\" sizes=\"(max-width: 184px) 100vw, 184px\" \/><\/p>\n<p>[\/et_pb_text][et_pb_text _builder_version=\u00a0\u00bb4.10.7&Prime; _module_preset=\u00a0\u00bbdefault\u00a0\u00bb hover_enabled=\u00a0\u00bb0&Prime; global_colors_info=\u00a0\u00bb{}\u00a0\u00bb sticky_enabled=\u00a0\u00bb0&Prime;]<\/p>\n<p style=\"text-align: center;\"><strong><span style=\"color: #ff00ff; font-size: 18pt;\">Le Mus\u00e9e des cultures et des paysages<\/span><\/strong><\/p>\n<p style=\"text-align: center;\"><span style=\"color: #0000ff; font-size: 12pt;\">Une nouvelle offre culturelle \u00e0 Hy\u00e8res !<\/span><\/p>\n<p style=\"text-align: justify;\"><span style=\"color: #0000ff;\"> le <strong>Mus\u00e9e des cultures et de paysages<\/strong> ouvre ses portes <strong>le 27 novembre<\/strong>.<br \/>Dans un lieu prestigieux, l&rsquo;ancienne Banque de France, sont rassembl\u00e9es des collections Beaux-Arts mais \u00e9galement d&rsquo;arch\u00e9ologie et de sciences naturelles.<br \/><span style=\"color: #ff0000;\">La <strong>visite sp\u00e9ciale<\/strong> est r\u00e9serv\u00e9e aux <strong>enseignants<\/strong> le <strong>mercredi 5 janvier apr\u00e8s-midi<\/strong>&nbsp; de 14 h \u00e0 17h est report\u00e9e \u00e0 une date ult\u00e9rieure en raison du contexte sanitaire.<\/span><br \/>&nbsp;<br \/><\/span><\/p>\n<p><a href=\"https:\/\/www.pedagogie.ac-nice.fr\/daac\/wp-content\/uploads\/sites\/37\/2021\/11\/Mercr_ensgn_-Musee_Banque.pdf\" target=\"_blank\" rel=\"noopener\"><img loading=\"lazy\" decoding=\"async\" class=\"aligncenter wp-image-3143\" src=\"https:\/\/www.pedagogie.ac-nice.fr\/daac\/wp-content\/uploads\/sites\/37\/2021\/05\/inscription_freepik2-268x300.png\" alt=\"\" width=\"92\" height=\"103\" srcset=\"https:\/\/www.pedagogie.ac-nice.fr\/daac\/wp-content\/uploads\/sites\/37\/2021\/05\/inscription_freepik2-268x300.png 268w, https:\/\/www.pedagogie.ac-nice.fr\/daac\/wp-content\/uploads\/sites\/37\/2021\/05\/inscription_freepik2.png 306w\" sizes=\"(max-width: 92px) 100vw, 92px\" \/><\/a><\/p>\n<p style=\"text-align: center;\"><strong><span style=\"font-family: georgia, palatino, serif; color: #ff00ff;\">&nbsp;<\/span><\/strong><\/p>\n<p><span style=\"font-family: georgia, palatino, serif; color: #0000ff;\">Charg\u00e9 de mission : Denis Maniero<\/span><br \/><span style=\"color: #0000ff;\"><u><a href=\"mailto:Denis.Maniero@ac-nice.fr\"><span style=\"font-family: Calibri, serif;\"><span style=\"font-family: georgia, palatino, serif;\">Denis.Maniero@ac-nice.fr<\/span><\/span><\/a><\/u><\/span><\/p>\n<p><span style=\"color: #0000ff;\">Coordination DAAC : Angele Carpentier<\/span><\/p>\n<p>[\/et_pb_text][\/et_pb_column][\/et_pb_row][\/et_pb_section]<\/p>\n","protected":false},"excerpt":{"rendered":"<p>Le Mus\u00e9e des cultures et des paysages Une nouvelle offre culturelle \u00e0 Hy\u00e8res ! le Mus\u00e9e des cultures et de paysages ouvre ses portes le 27 novembre.Dans un lieu prestigieux, l&rsquo;ancienne Banque de France, sont rassembl\u00e9es des collections Beaux-Arts mais \u00e9galement d&rsquo;arch\u00e9ologie et de sciences naturelles.La visite sp\u00e9ciale est r\u00e9serv\u00e9e aux enseignants le mercredi 5 [&hellip;]<\/p>\n","protected":false},"author":241,"featured_media":0,"parent":0,"menu_order":0,"comment_status":"closed","ping_status":"closed","template":"","meta":{"_et_pb_use_builder":"on","_et_pb_old_content":"","_et_gb_content_width":"","ngg_post_thumbnail":0,"footnotes":""},"class_list":["post-9489","page","type-page","status-publish","hentry"],"rttpg_featured_image_url":null,"rttpg_author":{"display_name":"daacadmin","author_link":"https:\/\/www.pedagogie.ac-nice.fr\/daac\/author\/daacadmin\/"},"rttpg_comment":0,"rttpg_category":null,"rttpg_excerpt":"Le Mus\u00e9e des cultures et des paysages Une nouvelle offre culturelle \u00e0 Hy\u00e8res ! le Mus\u00e9e des cultures et de paysages ouvre ses portes le 27 novembre.Dans un lieu prestigieux, l'ancienne Banque de France, sont rassembl\u00e9es des collections Beaux-Arts mais \u00e9galement d'arch\u00e9ologie et de sciences naturelles.La visite sp\u00e9ciale est r\u00e9serv\u00e9e aux enseignants le mercredi 5\u2026","post_mailing_queue_ids":[],"_links":{"self":[{"href":"https:\/\/www.pedagogie.ac-nice.fr\/daac\/wp-json\/wp\/v2\/pages\/9489","targetHints":{"allow":["GET"]}}],"collection":[{"href":"https:\/\/www.pedagogie.ac-nice.fr\/daac\/wp-json\/wp\/v2\/pages"}],"about":[{"href":"https:\/\/www.pedagogie.ac-nice.fr\/daac\/wp-json\/wp\/v2\/types\/page"}],"author":[{"embeddable":true,"href":"https:\/\/www.pedagogie.ac-nice.fr\/daac\/wp-json\/wp\/v2\/users\/241"}],"replies":[{"embeddable":true,"href":"https:\/\/www.pedagogie.ac-nice.fr\/daac\/wp-json\/wp\/v2\/comments?post=9489"}],"version-history":[{"count":5,"href":"https:\/\/www.pedagogie.ac-nice.fr\/daac\/wp-json\/wp\/v2\/pages\/9489\/revisions"}],"predecessor-version":[{"id":10391,"href":"https:\/\/www.pedagogie.ac-nice.fr\/daac\/wp-json\/wp\/v2\/pages\/9489\/revisions\/10391"}],"wp:attachment":[{"href":"https:\/\/www.pedagogie.ac-nice.fr\/daac\/wp-json\/wp\/v2\/media?parent=9489"}],"curies":[{"name":"wp","href":"https:\/\/api.w.org\/{rel}","templated":true}]}}