{"id":950,"date":"2020-10-25T22:55:58","date_gmt":"2020-10-25T21:55:58","guid":{"rendered":"https:\/\/www.pedagogie.ac-nice.fr\/daac\/?page_id=950"},"modified":"2020-10-26T14:51:22","modified_gmt":"2020-10-26T13:51:22","slug":"festival-printemps-des-arts","status":"publish","type":"page","link":"https:\/\/www.pedagogie.ac-nice.fr\/daac\/les-domaines-de-leac\/musique-chantchoral\/festival-printemps-des-arts\/","title":{"rendered":"Festival \u00ab Printemps des Arts \u00bb"},"content":{"rendered":"<p style=\"text-align: right;\">charg\u00e9 de mission : Fr\u00e9d\u00e9ric Faupin<\/p>\n<p style=\"text-align: center;\"><a href=\"https:\/\/www.pedagogie.ac-nice.fr\/daac\/ballets-de-monte-carlo\/le_printemps_des_arts\/\" rel=\"attachment wp-att-957\"><img loading=\"lazy\" decoding=\"async\" class=\"alignnone size-thumbnail wp-image-957\" src=\"https:\/\/www.pedagogie.ac-nice.fr\/daac\/wp-content\/uploads\/sites\/37\/2020\/10\/le_printemps_des_arts-150x150.png\" alt=\"\" width=\"150\" height=\"150\" \/><\/a><\/p>\n<p style=\"text-align: justify;\">Chaque ann\u00e9e le \u00ab Festival Printemps des Arts \u00bb continue d\u2019explorer les musiques dites \u00abclassiques\u00bb pour montrer qu\u2019elles sont toutes sauf classiques ! Il suffit de les \u00e9couter dans des formats de concerts nouveaux, avec des interpr\u00e8tes qui prennent des risques et qui sortent des sentiers battus !<\/p>\n<p style=\"text-align: justify;\">Le partenariat initi\u00e9 il y a plus de dix ans avec le Festival Printemps des arts s\u2019est poursuivit et a permis d\u2019\u00e9largir les axes pr\u00e9alablement d\u00e9finis en particulier sur le th\u00e8me de \u00ab l\u2019\u00e9quit\u00e9 \u00bb et d\u2019\u00e9tendre les actions mises en place consistant \u00e0 se faire rencontrer des artistes et des classes \u00e0 travers des concerts au sein des coll\u00e8ges et dans des salles prestigieuses. Dans le cadre de ce partenariat des classes<br \/>\ndu coll\u00e8ge \u00ab Bellevue \u00bb de Beausoleil peuvent assister \u00e0 des concerts dans leur \u00e9tablissement avec la venue de diff\u00e9rents solistes.<\/p>\n","protected":false},"excerpt":{"rendered":"<p>charg\u00e9 de mission : Fr\u00e9d\u00e9ric Faupin Chaque ann\u00e9e le \u00ab Festival Printemps des Arts \u00bb continue d\u2019explorer les musiques dites \u00abclassiques\u00bb pour montrer qu\u2019elles sont toutes sauf classiques ! Il suffit de les \u00e9couter dans des formats de concerts nouveaux, avec des interpr\u00e8tes qui prennent des risques et qui sortent des sentiers battus ! Le [&hellip;]<\/p>\n","protected":false},"author":241,"featured_media":0,"parent":365,"menu_order":0,"comment_status":"closed","ping_status":"closed","template":"","meta":{"_et_pb_use_builder":"","_et_pb_old_content":"","_et_gb_content_width":"","ngg_post_thumbnail":0,"footnotes":""},"class_list":["post-950","page","type-page","status-publish","hentry"],"rttpg_featured_image_url":null,"rttpg_author":{"display_name":"daacadmin","author_link":"https:\/\/www.pedagogie.ac-nice.fr\/daac\/author\/daacadmin\/"},"rttpg_comment":0,"rttpg_category":null,"rttpg_excerpt":"charg\u00e9 de mission : Fr\u00e9d\u00e9ric Faupin Chaque ann\u00e9e le \u00ab Festival Printemps des Arts \u00bb continue d\u2019explorer les musiques dites \u00abclassiques\u00bb pour montrer qu\u2019elles sont toutes sauf classiques ! Il suffit de les \u00e9couter dans des formats de concerts nouveaux, avec des interpr\u00e8tes qui prennent des risques et qui sortent des sentiers battus ! Le\u2026","post_mailing_queue_ids":[],"_links":{"self":[{"href":"https:\/\/www.pedagogie.ac-nice.fr\/daac\/wp-json\/wp\/v2\/pages\/950","targetHints":{"allow":["GET"]}}],"collection":[{"href":"https:\/\/www.pedagogie.ac-nice.fr\/daac\/wp-json\/wp\/v2\/pages"}],"about":[{"href":"https:\/\/www.pedagogie.ac-nice.fr\/daac\/wp-json\/wp\/v2\/types\/page"}],"author":[{"embeddable":true,"href":"https:\/\/www.pedagogie.ac-nice.fr\/daac\/wp-json\/wp\/v2\/users\/241"}],"replies":[{"embeddable":true,"href":"https:\/\/www.pedagogie.ac-nice.fr\/daac\/wp-json\/wp\/v2\/comments?post=950"}],"version-history":[{"count":3,"href":"https:\/\/www.pedagogie.ac-nice.fr\/daac\/wp-json\/wp\/v2\/pages\/950\/revisions"}],"predecessor-version":[{"id":963,"href":"https:\/\/www.pedagogie.ac-nice.fr\/daac\/wp-json\/wp\/v2\/pages\/950\/revisions\/963"}],"up":[{"embeddable":true,"href":"https:\/\/www.pedagogie.ac-nice.fr\/daac\/wp-json\/wp\/v2\/pages\/365"}],"wp:attachment":[{"href":"https:\/\/www.pedagogie.ac-nice.fr\/daac\/wp-json\/wp\/v2\/media?parent=950"}],"curies":[{"name":"wp","href":"https:\/\/api.w.org\/{rel}","templated":true}]}}