{"id":952,"date":"2020-10-25T22:57:26","date_gmt":"2020-10-25T21:57:26","guid":{"rendered":"https:\/\/www.pedagogie.ac-nice.fr\/daac\/?page_id=952"},"modified":"2020-10-26T14:43:39","modified_gmt":"2020-10-26T13:43:39","slug":"ballets-de-monte-carlo","status":"publish","type":"page","link":"https:\/\/www.pedagogie.ac-nice.fr\/daac\/les-domaines-de-leac\/musique-chantchoral\/ballets-de-monte-carlo\/","title":{"rendered":"Ballets de Monte-Carlo"},"content":{"rendered":"<p style=\"text-align: right;\">charg\u00e9 de mission : Fr\u00e9d\u00e9ric Faupin<\/p>\n<p style=\"text-align: center;\"><a href=\"https:\/\/www.pedagogie.ac-nice.fr\/daac\/ballets-de-monte-carlo\/les_ballets_de_mc\/\" rel=\"attachment wp-att-956\"><img loading=\"lazy\" decoding=\"async\" class=\"alignnone size-thumbnail wp-image-956\" src=\"https:\/\/www.pedagogie.ac-nice.fr\/daac\/wp-content\/uploads\/sites\/37\/2020\/10\/les_ballets_de_MC-150x150.png\" alt=\"\" width=\"150\" height=\"150\" \/><\/a><\/p>\n<p style=\"text-align: justify;\">Dans le cadre du partenariat avec les Ballets de Monte-Carlo est organis\u00e9e la formation \u00ab Chor\u00e9-voix qui permet \u00e0 de nombreux enseignants de Monaco et de l\u2019Acad\u00e9mie de Nice d\u2019effectuer des stages de \u00ab d\u00e9couverte \u00bb autour du th\u00e8me \u00ab La voix en sc\u00e8ne \u00bb.<\/p>\n<p style=\"text-align: justify;\">Les objectifs principaux sont d\u2019initier aux fondamentaux du mouvement chor\u00e9graphique et d\u2019explorer les capacit\u00e9s expressives de la voix parl\u00e9e et chant\u00e9e.<\/p>\n<p style=\"text-align: justify;\">L\u2019intervention r\u00e9guli\u00e8re de Didier GROJSMAN, Directeur du CREA, Centre de cr\u00e9ation vocale et sc\u00e9nique d\u2019Aulnay-Sous-Bois, est particuli\u00e8rement appr\u00e9ci\u00e9.<\/p>\n<p>&nbsp;<\/p>\n<p>Pour aller plus loin : <a href=\"https:\/\/www.balletsdemontecarlo.com\/fr\" target=\"_blank\" rel=\"https:\/\/www.balletsdemontecarlo.com\/fr noopener noreferrer\"><img loading=\"lazy\" decoding=\"async\" class=\"alignnone wp-image-496 size-full\" src=\"https:\/\/www.pedagogie.ac-nice.fr\/daac\/wp-content\/uploads\/sites\/37\/2020\/08\/bouton_connexion-1.png\" alt=\"\" width=\"71\" height=\"70\" \/><\/a><\/p>\n","protected":false},"excerpt":{"rendered":"<p>charg\u00e9 de mission : Fr\u00e9d\u00e9ric Faupin Dans le cadre du partenariat avec les Ballets de Monte-Carlo est organis\u00e9e la formation \u00ab Chor\u00e9-voix qui permet \u00e0 de nombreux enseignants de Monaco et de l\u2019Acad\u00e9mie de Nice d\u2019effectuer des stages de \u00ab d\u00e9couverte \u00bb autour du th\u00e8me \u00ab La voix en sc\u00e8ne \u00bb. Les objectifs principaux sont [&hellip;]<\/p>\n","protected":false},"author":241,"featured_media":0,"parent":365,"menu_order":0,"comment_status":"closed","ping_status":"closed","template":"","meta":{"_et_pb_use_builder":"","_et_pb_old_content":"","_et_gb_content_width":"","ngg_post_thumbnail":0,"footnotes":""},"class_list":["post-952","page","type-page","status-publish","hentry"],"rttpg_featured_image_url":null,"rttpg_author":{"display_name":"daacadmin","author_link":"https:\/\/www.pedagogie.ac-nice.fr\/daac\/author\/daacadmin\/"},"rttpg_comment":0,"rttpg_category":null,"rttpg_excerpt":"charg\u00e9 de mission : Fr\u00e9d\u00e9ric Faupin Dans le cadre du partenariat avec les Ballets de Monte-Carlo est organis\u00e9e la formation \u00ab Chor\u00e9-voix qui permet \u00e0 de nombreux enseignants de Monaco et de l\u2019Acad\u00e9mie de Nice d\u2019effectuer des stages de \u00ab d\u00e9couverte \u00bb autour du th\u00e8me \u00ab La voix en sc\u00e8ne \u00bb. Les objectifs principaux sont\u2026","post_mailing_queue_ids":[],"_links":{"self":[{"href":"https:\/\/www.pedagogie.ac-nice.fr\/daac\/wp-json\/wp\/v2\/pages\/952","targetHints":{"allow":["GET"]}}],"collection":[{"href":"https:\/\/www.pedagogie.ac-nice.fr\/daac\/wp-json\/wp\/v2\/pages"}],"about":[{"href":"https:\/\/www.pedagogie.ac-nice.fr\/daac\/wp-json\/wp\/v2\/types\/page"}],"author":[{"embeddable":true,"href":"https:\/\/www.pedagogie.ac-nice.fr\/daac\/wp-json\/wp\/v2\/users\/241"}],"replies":[{"embeddable":true,"href":"https:\/\/www.pedagogie.ac-nice.fr\/daac\/wp-json\/wp\/v2\/comments?post=952"}],"version-history":[{"count":4,"href":"https:\/\/www.pedagogie.ac-nice.fr\/daac\/wp-json\/wp\/v2\/pages\/952\/revisions"}],"predecessor-version":[{"id":961,"href":"https:\/\/www.pedagogie.ac-nice.fr\/daac\/wp-json\/wp\/v2\/pages\/952\/revisions\/961"}],"up":[{"embeddable":true,"href":"https:\/\/www.pedagogie.ac-nice.fr\/daac\/wp-json\/wp\/v2\/pages\/365"}],"wp:attachment":[{"href":"https:\/\/www.pedagogie.ac-nice.fr\/daac\/wp-json\/wp\/v2\/media?parent=952"}],"curies":[{"name":"wp","href":"https:\/\/api.w.org\/{rel}","templated":true}]}}