{"id":970,"date":"2020-10-25T23:19:51","date_gmt":"2020-10-25T22:19:51","guid":{"rendered":"https:\/\/www.pedagogie.ac-nice.fr\/daac\/?page_id=970"},"modified":"2022-02-02T21:45:04","modified_gmt":"2022-02-02T20:45:04","slug":"festival-de-musique-de-toulon","status":"publish","type":"page","link":"https:\/\/www.pedagogie.ac-nice.fr\/daac\/les-domaines-de-leac\/musique-chantchoral\/festival-de-musique-de-toulon\/","title":{"rendered":"Festival de musique de Toulon"},"content":{"rendered":"<p style=\"text-align: right;\">contacts :&nbsp; Arnaud Barale &#8211; Emmanuelle This<\/p>\n<p style=\"text-align: center;\"><a href=\"https:\/\/www.pedagogie.ac-nice.fr\/daac\/festival-de-musique-de-toulon\/festival_toulon-2\/\" rel=\"attachment wp-att-977\"><img loading=\"lazy\" decoding=\"async\" class=\"alignnone size-full wp-image-977\" src=\"https:\/\/www.pedagogie.ac-nice.fr\/daac\/wp-content\/uploads\/sites\/37\/2020\/10\/festival_Toulon-1.png\" alt=\"\" width=\"377\" height=\"134\" srcset=\"https:\/\/www.pedagogie.ac-nice.fr\/daac\/wp-content\/uploads\/sites\/37\/2020\/10\/festival_Toulon-1.png 377w, https:\/\/www.pedagogie.ac-nice.fr\/daac\/wp-content\/uploads\/sites\/37\/2020\/10\/festival_Toulon-1-300x107.png 300w\" sizes=\"(max-width: 377px) 100vw, 377px\" \/><\/a><\/p>\n<div class=\"\" style=\"text-align: justify;\">Le Festival de Musique de Toulon invite vos \u00e9l\u00e8ves \u00e0 assister \u00e0 la <b class=\"\">repr\u00e9sentation du&nbsp;\u00ab\u00a0Fils abandonn\u00e9<\/b>, r\u00e9cit musical&nbsp;pour ensemble de percussions qui aura lieu le&nbsp;<b class=\"\">vendredi 18 mars \u00e0 10h&nbsp;\u00e0 l&rsquo;auditorium du conservatoire de musique de Toulon.&nbsp;<\/b>Cette proposition s&rsquo;inscrit&nbsp;<b class=\"\">dans le cadre de la r\u00e9sidence de l&rsquo;Ensemble de percussions Polychromies&nbsp;au&nbsp;lyc\u00e9e Bonaparte.<\/b>&nbsp;<br \/>\n<br class=\"\">Informations autour du programme du concert sur la page du Festival en cliquant sur le lien suivant : &nbsp;<a class=\"\" href=\"https:\/\/festivalmusiquetoulon.com\/evenement\/le-fils-abandonne-recit-musical\/\" target=\"_blank\" rel=\"noopener\">https:\/\/festivalmusiquetoulon.com\/evenement\/le-fils-abandonne-recit-musical\/<\/a><\/div>\n<div class=\"\">Contact : Arnaud Barale &#8211;&nbsp;<a title=\"Composer un message \u00e0 Arnaud.Barale@ac-nice.fr\">Arnaud.Barale@ac-nice.fr<\/a><\/div>\n<div>&nbsp;<\/div>\n<p style=\"text-align: justify;\">Les programmations associ\u00e9es du Festival de musique de Toulon autour de la musique de chambre et de l\u2019Op\u00e9ra de Toulon avec sa saison de concerts symphoniques permettent de d\u00e9velopper tout au long de l\u2019ann\u00e9e scolaire diverses actions p\u00e9dagogiques.<\/p>\n<p style=\"text-align: justify;\">Tr\u00e8s attach\u00e9s \u00e0 cet accompagnement, le Festival organise des concerts sp\u00e9cialement destin\u00e9s au jeune public, des rencontres avec des musiciens ainsi que des r\u00e9sidences dans des \u00e9tablissements scolaires\u2026 c\u2019est l\u00e0 sa contribution \u00e0 l\u2019\u00e9veil \u00e0 la musique et \u00e0 la culture en g\u00e9n\u00e9ral, tout en pr\u00e9parant le public de demain\u2026<\/p>\n<p style=\"text-align: justify;\">Avec la collaboration de l\u2019Op\u00e9ra de Toulon, de l\u2019Inspection Acad\u00e9mique du Var, de la Ville de Toulon (service \u00e9ducation), du Conservatoire Toulon Provence M\u00e9diterran\u00e9e, du Conseil D\u00e9partemental du Var et du Conseil R\u00e9gional Provence-Alpes-C\u00f4te d\u2019Azur, des concerts p\u00e9dagogiques \u00e0 l\u2019Op\u00e9ra de Toulon sont programm\u00e9s ainsi que \u00ab Le Printemps des jeunes \u00bb.<\/p>\n<p style=\"text-align: justify;\">En partenariat avec le Conservatoire de Toulon Provence M\u00e9diterran\u00e9e des invitations (TPM) une r\u00e9sidence d\u2019artiste est programm\u00e9e&nbsp;au lyc\u00e9e Dumont d\u2019Urville chaque ann\u00e9e. Cette r\u00e9sidence se termine&nbsp;par un concert public.<\/p>\n","protected":false},"excerpt":{"rendered":"<p>contacts :&nbsp; Arnaud Barale &#8211; Emmanuelle This Le Festival de Musique de Toulon invite vos \u00e9l\u00e8ves \u00e0 assister \u00e0 la repr\u00e9sentation du&nbsp;\u00ab\u00a0Fils abandonn\u00e9, r\u00e9cit musical&nbsp;pour ensemble de percussions qui aura lieu le&nbsp;vendredi 18 mars \u00e0 10h&nbsp;\u00e0 l&rsquo;auditorium du conservatoire de musique de Toulon.&nbsp;Cette proposition s&rsquo;inscrit&nbsp;dans le cadre de la r\u00e9sidence de l&rsquo;Ensemble de percussions Polychromies&nbsp;au&nbsp;lyc\u00e9e [&hellip;]<\/p>\n","protected":false},"author":241,"featured_media":0,"parent":365,"menu_order":0,"comment_status":"closed","ping_status":"closed","template":"","meta":{"_et_pb_use_builder":"","_et_pb_old_content":"","_et_gb_content_width":"","ngg_post_thumbnail":0,"footnotes":""},"class_list":["post-970","page","type-page","status-publish","hentry"],"rttpg_featured_image_url":null,"rttpg_author":{"display_name":"daacadmin","author_link":"https:\/\/www.pedagogie.ac-nice.fr\/daac\/author\/daacadmin\/"},"rttpg_comment":0,"rttpg_category":null,"rttpg_excerpt":"contacts :&nbsp; Arnaud Barale &#8211; Emmanuelle This Le Festival de Musique de Toulon invite vos \u00e9l\u00e8ves \u00e0 assister \u00e0 la repr\u00e9sentation du&nbsp;\u00ab\u00a0Fils abandonn\u00e9, r\u00e9cit musical&nbsp;pour ensemble de percussions qui aura lieu le&nbsp;vendredi 18 mars \u00e0 10h&nbsp;\u00e0 l&rsquo;auditorium du conservatoire de musique de Toulon.&nbsp;Cette proposition s&rsquo;inscrit&nbsp;dans le cadre de la r\u00e9sidence de l&rsquo;Ensemble de percussions Polychromies&nbsp;au&nbsp;lyc\u00e9e\u2026","post_mailing_queue_ids":[],"_links":{"self":[{"href":"https:\/\/www.pedagogie.ac-nice.fr\/daac\/wp-json\/wp\/v2\/pages\/970","targetHints":{"allow":["GET"]}}],"collection":[{"href":"https:\/\/www.pedagogie.ac-nice.fr\/daac\/wp-json\/wp\/v2\/pages"}],"about":[{"href":"https:\/\/www.pedagogie.ac-nice.fr\/daac\/wp-json\/wp\/v2\/types\/page"}],"author":[{"embeddable":true,"href":"https:\/\/www.pedagogie.ac-nice.fr\/daac\/wp-json\/wp\/v2\/users\/241"}],"replies":[{"embeddable":true,"href":"https:\/\/www.pedagogie.ac-nice.fr\/daac\/wp-json\/wp\/v2\/comments?post=970"}],"version-history":[{"count":5,"href":"https:\/\/www.pedagogie.ac-nice.fr\/daac\/wp-json\/wp\/v2\/pages\/970\/revisions"}],"predecessor-version":[{"id":11230,"href":"https:\/\/www.pedagogie.ac-nice.fr\/daac\/wp-json\/wp\/v2\/pages\/970\/revisions\/11230"}],"up":[{"embeddable":true,"href":"https:\/\/www.pedagogie.ac-nice.fr\/daac\/wp-json\/wp\/v2\/pages\/365"}],"wp:attachment":[{"href":"https:\/\/www.pedagogie.ac-nice.fr\/daac\/wp-json\/wp\/v2\/media?parent=970"}],"curies":[{"name":"wp","href":"https:\/\/api.w.org\/{rel}","templated":true}]}}