{"id":971,"date":"2020-10-25T23:15:50","date_gmt":"2020-10-25T22:15:50","guid":{"rendered":"https:\/\/www.pedagogie.ac-nice.fr\/daac\/?page_id=971"},"modified":"2020-10-26T14:23:13","modified_gmt":"2020-10-26T13:23:13","slug":"derriere-le-rideau","status":"publish","type":"page","link":"https:\/\/www.pedagogie.ac-nice.fr\/daac\/les-domaines-de-leac\/musique-chantchoral\/derriere-le-rideau\/","title":{"rendered":"Derri\u00e8re le rideau"},"content":{"rendered":"<p style=\"text-align: right;\">Charg\u00e9e de mission : Marl\u00e8ne Kolher<\/p>\n<p style=\"text-align: center;\"><a href=\"https:\/\/www.pedagogie.ac-nice.fr\/daac\/derriere-le-rideau\/derriere_le_rideau\/\" rel=\"attachment wp-att-972\"><img loading=\"lazy\" decoding=\"async\" class=\"alignnone size-thumbnail wp-image-972\" src=\"https:\/\/www.pedagogie.ac-nice.fr\/daac\/wp-content\/uploads\/sites\/37\/2020\/10\/derriere_le_rideau-150x150.png\" alt=\"\" width=\"150\" height=\"150\" \/><\/a><\/p>\n<p style=\"text-align: justify;\">Sensibiliser tous les publics, pr\u00e9parer \u00e0 l\u2019\u00e9coute, rencontrer les artistes, r\u00e9fl\u00e9chir ensemble sur les relations entre l\u2019art et la soci\u00e9t\u00e9, tels sont les enjeux de ce dispositif et de la politique d\u2019ouverture de l\u2019Op\u00e9ra de Toulon.<\/p>\n<p style=\"text-align: justify;\">L\u2019acc\u00e8s \u00e0 l\u2019Op\u00e9ra est ainsi facilit\u00e9 aux scolaires. Ils peuvent, accompagn\u00e9s de leurs enseignants, assister aux s\u00e9ances de travail des artistes et aux repr\u00e9sentations.<\/p>\n<p style=\"text-align: justify;\">Le dispositif \u00ab\u00a0Derri\u00e8re le rideau\u00a0\u00bb\u00a0 propose, aux \u00e9coles et \u00e9tablissements scolaires, d\u2019inscrire une classe dans un parcours de d\u00e9couverte autour d\u2019une repr\u00e9sentation. La\u00a0 participation de chaque classe est soumise \u00e0 l\u2019acceptation d\u2019un projet p\u00e9dagogique propos\u00e9 par les professeurs. En septembre, tous les professeurs sont convi\u00e9s \u00e0 une r\u00e9union de travail o\u00f9 un dossier p\u00e9dagogique leur sera remis ainsi qu\u2019un planning de travail relatif \u00e0 l\u2019ouvrage choisi.<\/p>\n<p>Pour aller plus loin : <a href=\"https:\/\/www.operadetoulon.fr\/fr\/service-des-publics.htm\" target=\"_blank\" rel=\"attachment noopener wp-att-359 noreferrer\"><img loading=\"lazy\" decoding=\"async\" class=\"alignnone wp-image-359 size-full\" src=\"https:\/\/www.pedagogie.ac-nice.fr\/daac\/wp-content\/uploads\/sites\/37\/2020\/08\/bouton_connexion.png\" alt=\"\" width=\"71\" height=\"70\" \/><\/a><\/p>\n","protected":false},"excerpt":{"rendered":"<p>Charg\u00e9e de mission : Marl\u00e8ne Kolher Sensibiliser tous les publics, pr\u00e9parer \u00e0 l\u2019\u00e9coute, rencontrer les artistes, r\u00e9fl\u00e9chir ensemble sur les relations entre l\u2019art et la soci\u00e9t\u00e9, tels sont les enjeux de ce dispositif et de la politique d\u2019ouverture de l\u2019Op\u00e9ra de Toulon. L\u2019acc\u00e8s \u00e0 l\u2019Op\u00e9ra est ainsi facilit\u00e9 aux scolaires. Ils peuvent, accompagn\u00e9s de leurs [&hellip;]<\/p>\n","protected":false},"author":241,"featured_media":0,"parent":365,"menu_order":0,"comment_status":"closed","ping_status":"closed","template":"","meta":{"_et_pb_use_builder":"","_et_pb_old_content":"","_et_gb_content_width":"","ngg_post_thumbnail":0,"footnotes":""},"class_list":["post-971","page","type-page","status-publish","hentry"],"rttpg_featured_image_url":null,"rttpg_author":{"display_name":"daacadmin","author_link":"https:\/\/www.pedagogie.ac-nice.fr\/daac\/author\/daacadmin\/"},"rttpg_comment":0,"rttpg_category":null,"rttpg_excerpt":"Charg\u00e9e de mission : Marl\u00e8ne Kolher Sensibiliser tous les publics, pr\u00e9parer \u00e0 l\u2019\u00e9coute, rencontrer les artistes, r\u00e9fl\u00e9chir ensemble sur les relations entre l\u2019art et la soci\u00e9t\u00e9, tels sont les enjeux de ce dispositif et de la politique d\u2019ouverture de l\u2019Op\u00e9ra de Toulon. L\u2019acc\u00e8s \u00e0 l\u2019Op\u00e9ra est ainsi facilit\u00e9 aux scolaires. Ils peuvent, accompagn\u00e9s de leurs\u2026","post_mailing_queue_ids":[],"_links":{"self":[{"href":"https:\/\/www.pedagogie.ac-nice.fr\/daac\/wp-json\/wp\/v2\/pages\/971","targetHints":{"allow":["GET"]}}],"collection":[{"href":"https:\/\/www.pedagogie.ac-nice.fr\/daac\/wp-json\/wp\/v2\/pages"}],"about":[{"href":"https:\/\/www.pedagogie.ac-nice.fr\/daac\/wp-json\/wp\/v2\/types\/page"}],"author":[{"embeddable":true,"href":"https:\/\/www.pedagogie.ac-nice.fr\/daac\/wp-json\/wp\/v2\/users\/241"}],"replies":[{"embeddable":true,"href":"https:\/\/www.pedagogie.ac-nice.fr\/daac\/wp-json\/wp\/v2\/comments?post=971"}],"version-history":[{"count":4,"href":"https:\/\/www.pedagogie.ac-nice.fr\/daac\/wp-json\/wp\/v2\/pages\/971\/revisions"}],"predecessor-version":[{"id":1031,"href":"https:\/\/www.pedagogie.ac-nice.fr\/daac\/wp-json\/wp\/v2\/pages\/971\/revisions\/1031"}],"up":[{"embeddable":true,"href":"https:\/\/www.pedagogie.ac-nice.fr\/daac\/wp-json\/wp\/v2\/pages\/365"}],"wp:attachment":[{"href":"https:\/\/www.pedagogie.ac-nice.fr\/daac\/wp-json\/wp\/v2\/media?parent=971"}],"curies":[{"name":"wp","href":"https:\/\/api.w.org\/{rel}","templated":true}]}}