{"id":9804,"date":"2021-12-06T18:14:53","date_gmt":"2021-12-06T17:14:53","guid":{"rendered":"https:\/\/www.pedagogie.ac-nice.fr\/daac\/?page_id=9804"},"modified":"2026-02-04T13:48:33","modified_gmt":"2026-02-04T12:48:33","slug":"le-musee-national-des-sports","status":"publish","type":"page","link":"https:\/\/www.pedagogie.ac-nice.fr\/daac\/le-musee-national-des-sports\/","title":{"rendered":"Le Mus\u00e9e National des Sports"},"content":{"rendered":"<p>[et_pb_section fb_built=\u00a0\u00bb1&Prime; _builder_version=\u00a0\u00bb4.16&Prime; _module_preset=\u00a0\u00bbdefault\u00a0\u00bb global_colors_info=\u00a0\u00bb{}\u00a0\u00bb][et_pb_row column_structure=\u00a0\u00bb1_3,2_3&Prime; _builder_version=\u00a0\u00bb4.16&Prime; _module_preset=\u00a0\u00bbdefault\u00a0\u00bb global_colors_info=\u00a0\u00bb{}\u00a0\u00bb][et_pb_column type=\u00a0\u00bb1_3&Prime; _builder_version=\u00a0\u00bb4.16&Prime; _module_preset=\u00a0\u00bbdefault\u00a0\u00bb global_colors_info=\u00a0\u00bb{}\u00a0\u00bb][et_pb_text admin_label=\u00a0\u00bblogo sport et soci\u00e9t\u00e9\u00a0\u00bb _builder_version=\u00a0\u00bb4.16&Prime; _module_preset=\u00a0\u00bbdefault\u00a0\u00bb global_colors_info=\u00a0\u00bb{}\u00a0\u00bb]<\/p>\n<p><a href=\"https:\/\/www.pedagogie.ac-nice.fr\/daac\/domaine-sport-et-societe\/\" target=\"_blank\" rel=\"noopener\"><img loading=\"lazy\" decoding=\"async\" class=\"aligncenter wp-image-7618 size-full\" src=\"https:\/\/www.pedagogie.ac-nice.fr\/daac\/wp-content\/uploads\/sites\/37\/2021\/10\/sports_societe.png\" alt=\"\" width=\"359\" height=\"237\" srcset=\"https:\/\/www.pedagogie.ac-nice.fr\/daac\/wp-content\/uploads\/sites\/37\/2021\/10\/sports_societe.png 359w, https:\/\/www.pedagogie.ac-nice.fr\/daac\/wp-content\/uploads\/sites\/37\/2021\/10\/sports_societe-300x198.png 300w\" sizes=\"(max-width: 359px) 100vw, 359px\" \/><\/a><\/p>\n<p>[\/et_pb_text][et_pb_divider _builder_version=\u00a0\u00bb4.16&Prime; _module_preset=\u00a0\u00bbdefault\u00a0\u00bb global_colors_info=\u00a0\u00bb{}\u00a0\u00bb][\/et_pb_divider][et_pb_text admin_label=\u00a0\u00bbpartenariat\u00a0\u00bb _builder_version=\u00a0\u00bb4.16&Prime; _module_preset=\u00a0\u00bbdefault\u00a0\u00bb global_colors_info=\u00a0\u00bb{}\u00a0\u00bb]<\/p>\n<p><img loading=\"lazy\" decoding=\"async\" class=\"alignnone size-full wp-image-6275 aligncenter\" src=\"https:\/\/www.pedagogie.ac-nice.fr\/daac\/wp-content\/uploads\/sites\/37\/2021\/09\/partenariat.png\" alt=\"\" width=\"344\" height=\"225\" srcset=\"https:\/\/www.pedagogie.ac-nice.fr\/daac\/wp-content\/uploads\/sites\/37\/2021\/09\/partenariat.png 344w, https:\/\/www.pedagogie.ac-nice.fr\/daac\/wp-content\/uploads\/sites\/37\/2021\/09\/partenariat-300x196.png 300w\" sizes=\"(max-width: 344px) 100vw, 344px\" \/><\/p>\n<p>[\/et_pb_text][et_pb_divider _builder_version=\u00a0\u00bb4.16&Prime; _module_preset=\u00a0\u00bbdefault\u00a0\u00bb global_colors_info=\u00a0\u00bb{}\u00a0\u00bb][\/et_pb_divider][et_pb_heading title=\u00a0\u00bbEv\u00e8nement\u00a0\u00bb _builder_version=\u00a0\u00bb4.27.4&Prime; _module_preset=\u00a0\u00bbdefault\u00a0\u00bb global_colors_info=\u00a0\u00bb{}\u00a0\u00bb][\/et_pb_heading][et_pb_divider _builder_version=\u00a0\u00bb4.27.4&Prime; _module_preset=\u00a0\u00bbdefault\u00a0\u00bb global_colors_info=\u00a0\u00bb{}\u00a0\u00bb][\/et_pb_divider][et_pb_text _builder_version=\u00a0\u00bb4.27.4&Prime; _module_preset=\u00a0\u00bbdefault\u00a0\u00bb text_font=\u00a0\u00bb&#8211;et_global_body_font||||||||\u00a0\u00bb text_text_color=\u00a0\u00bb#000000&Prime; text_font_size=\u00a0\u00bb16px\u00a0\u00bb hover_enabled=\u00a0\u00bb0&Prime; global_colors_info=\u00a0\u00bb{}\u00a0\u00bb sticky_enabled=\u00a0\u00bb0&Prime;]<\/p>\n<p><a href=\"https:\/\/www.pedagogie.ac-nice.fr\/daac\/wp-content\/uploads\/sites\/37\/2026\/02\/MNS_OFFRE-PEDAGOGIQUE_COLLEGES-LYCEES.pdf\" target=\"_blank\" rel=\"noopener\"><img loading=\"lazy\" decoding=\"async\" src=\"https:\/\/www.pedagogie.ac-nice.fr\/daac\/wp-content\/uploads\/sites\/37\/2026\/02\/COUV-COLLEGES-LYCEES-212x300.jpg\" width=\"212\" height=\"300\" alt=\"\" class=\"wp-image-16040 alignnone size-medium\" srcset=\"https:\/\/www.pedagogie.ac-nice.fr\/daac\/wp-content\/uploads\/sites\/37\/2026\/02\/COUV-COLLEGES-LYCEES-212x300.jpg 212w, https:\/\/www.pedagogie.ac-nice.fr\/daac\/wp-content\/uploads\/sites\/37\/2026\/02\/COUV-COLLEGES-LYCEES-724x1024.jpg 724w, https:\/\/www.pedagogie.ac-nice.fr\/daac\/wp-content\/uploads\/sites\/37\/2026\/02\/COUV-COLLEGES-LYCEES-768x1086.jpg 768w, https:\/\/www.pedagogie.ac-nice.fr\/daac\/wp-content\/uploads\/sites\/37\/2026\/02\/COUV-COLLEGES-LYCEES-1086x1536.jpg 1086w, https:\/\/www.pedagogie.ac-nice.fr\/daac\/wp-content\/uploads\/sites\/37\/2026\/02\/COUV-COLLEGES-LYCEES-1080x1528.jpg 1080w, https:\/\/www.pedagogie.ac-nice.fr\/daac\/wp-content\/uploads\/sites\/37\/2026\/02\/COUV-COLLEGES-LYCEES.jpg 1240w\" sizes=\"(max-width: 212px) 100vw, 212px\" \/><\/a><\/p>\n<p><strong>Le 11 F\u00e9vrier 2026 \u00e0 13h30 pr\u00e9-vernissage de l\u2019exposition \u00e0 destination des enseignants. <\/strong><\/p>\n<p><strong>Venez nombreux !<\/strong><\/p>\n<p>[\/et_pb_text][\/et_pb_column][et_pb_column type=\u00a0\u00bb2_3&Prime; _builder_version=\u00a0\u00bb4.16&Prime; _module_preset=\u00a0\u00bbdefault\u00a0\u00bb global_colors_info=\u00a0\u00bb{}\u00a0\u00bb][et_pb_text _builder_version=\u00a0\u00bb4.16&Prime; _module_preset=\u00a0\u00bbdefault\u00a0\u00bb text_font=\u00a0\u00bbTrebuchet||||||||\u00a0\u00bb text_text_color=\u00a0\u00bb#000000&Prime; text_font_size=\u00a0\u00bb15px\u00a0\u00bb global_colors_info=\u00a0\u00bb{}\u00a0\u00bb]<\/p>\n<p style=\"text-align: center;\"><span style=\"font-size: 18pt; color: #993366;\"><strong>Le Mus\u00e9e National des Sports<\/strong><\/span><\/p>\n<p align=\"justify\"><span style=\"color: #000000;\">V\u00e9ritable mus\u00e9e de soci\u00e9t\u00e9, le <b>Mus\u00e9e National du Sport<\/b> est le seul lieu de m\u00e9moire, de conservation et de promotion du fait sportif en France. Cr\u00e9\u00e9 en 1963 et riche de plus de <b>45 000 objets et 400\u00a0000 documents<\/b>, il r\u00e9v\u00e8le le sport sous son angle culturel et scientifique t\u00e9moignant de ses enjeux sociaux, \u00e9conomiques, techniques et artistiques.<\/span><\/p>\n<p align=\"justify\"><span style=\"color: #000000;\">Anciennement situ\u00e9 \u00e0 Paris, le mus\u00e9e a d\u00e9m\u00e9nag\u00e9 \u00e0 Nice en 2014, en plein coeur du Stade Allianz Riviera.<\/span><\/p>\n<p align=\"justify\"><span style=\"color: #000000;\"><b>L\u2019exposition permanente<\/b> permet de d\u00e9couvrir l\u2019\u00e9volution de la soci\u00e9t\u00e9 en lien avec la pratique sportive et de revivre les grands moments de sport de l\u2019Antiquit\u00e9 \u00e0 nos jours. Le <strong>nouveau parcours permanent<\/strong> a ouvert ses portes en <strong>septembre 2021<\/strong>.<\/span><\/p>\n<p align=\"justify\"><span style=\"color: #000000;\">Le D\u00e9partement des Publics con\u00e7oit chaque ann\u00e9e des <b>offres p\u00e9dagogiques<\/b> en lien avec les programmes scolaires et adapt\u00e9es \u00e0 l&rsquo;\u00e2ge des enfants. De nombreuses th\u00e9matiques ont \u00e9t\u00e9 \u00e9tudi\u00e9es afin de proposer une tr\u00e8s large palette d&rsquo;activit\u00e9s en formules demi-journ\u00e9e ou journ\u00e9e.<\/span><\/p>\n<p style=\"text-align: justify;\"><span style=\"color: #000000;\">Le mus\u00e9e vous propose :<\/span><br \/><span style=\"color: #000000;\"><b>&#8211; <\/b><strong>Des visites guid\u00e9es et ateliers<\/strong> pour tous les niveaux<\/span><br \/><span style=\"color: #000000;\"><b>&#8211; <\/b><strong>Des activit\u00e9s en lien avec les expositions temporaires<\/strong> du mus\u00e9e (2 par an).<\/span><br \/><span style=\"color: #000000;\"><b>&#8211; <\/b>La possibilit\u00e9 de <b>c<\/b><strong>oupler la visite du mus\u00e9e<\/strong> \u00e0 celle du <strong>Stade Allianz Riviera<\/strong><b>.<br \/><\/b><\/span><\/p>\n<p style=\"text-align: justify;\"><span style=\"color: #000000;\"><span style=\"font-size: 12pt; font-family: georgia, palatino, serif;\">Les th\u00e9matiques trait\u00e9es abordent le sport et une ou <strong>plusieurs autres th\u00e9matiques<\/strong><\/span><span style=\"font-size: medium;\"><span style=\"font-size: 12pt; font-family: georgia, palatino, serif;\"> :<\/span><br \/><\/span><span style=\"font-family: georgia, palatino, serif; font-size: 12pt;\">Les arts, l\u2019histoire, la g\u00e9ographie, le fran\u00e7ais, la lutte contre les discriminations, l\u2019inclusion, etc\u2026<\/span><\/span><\/p>\n<p align=\"justify\"><span style=\"font-family: georgia, palatino, serif; font-size: 12pt; color: #000000;\">L\u2019\u00e9quipe p\u00e9dagogique se tient \u00e0 votre disposition pour vous accompagner dans la pr\u00e9paration de votre visite ou la construction d\u2019un projet sp\u00e9cifique.<\/span><\/p>\n<p><span style=\"color: #0000ff;\"><b>\u00a0<\/b><\/span><\/p>\n<p>[\/et_pb_text][et_pb_divider _builder_version=\u00a0\u00bb4.27.4&Prime; _module_preset=\u00a0\u00bbdefault\u00a0\u00bb hover_enabled=\u00a0\u00bb0&Prime; sticky_enabled=\u00a0\u00bb0&Prime;][\/et_pb_divider][et_pb_text _builder_version=\u00a0\u00bb4.27.4&Prime; _module_preset=\u00a0\u00bbdefault\u00a0\u00bb text_font=\u00a0\u00bbTrebuchet||||||||\u00a0\u00bb text_text_color=\u00a0\u00bb#000000&Prime; text_font_size=\u00a0\u00bb16px\u00a0\u00bb text_orientation=\u00a0\u00bbjustified\u00a0\u00bb global_colors_info=\u00a0\u00bb{}\u00a0\u00bb]<\/p>\n<p style=\"text-align: center;\"><a href=\"https:\/\/www.pedagogie.ac-nice.fr\/daac\/wp-content\/uploads\/sites\/37\/2026\/02\/MNS_OFFRE-PEDAGOGIQUE_COLLEGES-LYCEES.pdf\" target=\"_blank\" rel=\"noopener\"><img loading=\"lazy\" decoding=\"async\" src=\"https:\/\/www.pedagogie.ac-nice.fr\/daac\/wp-content\/uploads\/sites\/37\/2026\/02\/COUV-COLLEGES-LYCEES-212x300.jpg\" width=\"212\" height=\"300\" alt=\"\" class=\"wp-image-16040 alignnone size-medium\" srcset=\"https:\/\/www.pedagogie.ac-nice.fr\/daac\/wp-content\/uploads\/sites\/37\/2026\/02\/COUV-COLLEGES-LYCEES-212x300.jpg 212w, https:\/\/www.pedagogie.ac-nice.fr\/daac\/wp-content\/uploads\/sites\/37\/2026\/02\/COUV-COLLEGES-LYCEES-724x1024.jpg 724w, https:\/\/www.pedagogie.ac-nice.fr\/daac\/wp-content\/uploads\/sites\/37\/2026\/02\/COUV-COLLEGES-LYCEES-768x1086.jpg 768w, https:\/\/www.pedagogie.ac-nice.fr\/daac\/wp-content\/uploads\/sites\/37\/2026\/02\/COUV-COLLEGES-LYCEES-1086x1536.jpg 1086w, https:\/\/www.pedagogie.ac-nice.fr\/daac\/wp-content\/uploads\/sites\/37\/2026\/02\/COUV-COLLEGES-LYCEES-1080x1528.jpg 1080w, https:\/\/www.pedagogie.ac-nice.fr\/daac\/wp-content\/uploads\/sites\/37\/2026\/02\/COUV-COLLEGES-LYCEES.jpg 1240w\" sizes=\"(max-width: 212px) 100vw, 212px\" \/><\/a><\/p>\n<p>A partir du 11 F\u00e9vrier 2026, l\u2019exposition \u00ab Un \u00e9t\u00e9 2024 \u00bb permet au \u00e9l\u00e8ves de revisiter ce bonheur collectif et de se replonger dans un \u00e9t\u00e9 comme aucun autre. Sur plus de 500 m\u00b2, dans une sc\u00e9nographie immersive, interactive et \u00e9mouvante, l\u2019exposition raconte les premiers JO paritaires, des Jeux responsables, inclusifs et ouverts, et la r\u00e9ussite \u00e9clatante d\u2019un pari fran\u00e7ais, initi\u00e9 le 23 juin 2015 avec l\u2019officialisation de la candidature de Paris.<\/p>\n<p>[\/et_pb_text][\/et_pb_column][\/et_pb_row][et_pb_row column_structure=\u00a0\u00bb1_3,1_3,1_3&Prime; _builder_version=\u00a0\u00bb4.27.4&Prime; _module_preset=\u00a0\u00bbdefault\u00a0\u00bb global_colors_info=\u00a0\u00bb{}\u00a0\u00bb][et_pb_column type=\u00a0\u00bb1_3&Prime; _builder_version=\u00a0\u00bb4.16&Prime; _module_preset=\u00a0\u00bbdefault\u00a0\u00bb global_colors_info=\u00a0\u00bb{}\u00a0\u00bb][et_pb_text admin_label=\u00a0\u00bblogo MNS\u00a0\u00bb _builder_version=\u00a0\u00bb4.27.4&Prime; _module_preset=\u00a0\u00bbdefault\u00a0\u00bb text_font=\u00a0\u00bbTrebuchet||||||||\u00a0\u00bb text_text_color=\u00a0\u00bb#000000&Prime; global_colors_info=\u00a0\u00bb{}\u00a0\u00bb]<\/p>\n<p style=\"text-align: center;\"><a href=\"https:\/\/www.museedusport.fr\/\" target=\"_blank\" rel=\"noopener\"><span style=\"color: #000000;\"><strong>Plus d&rsquo;infos <\/strong><\/span><img loading=\"lazy\" decoding=\"async\" class=\"wp-image-7619 aligncenter\" src=\"https:\/\/www.pedagogie.ac-nice.fr\/daac\/wp-content\/uploads\/sites\/37\/2021\/10\/musee_national_sport.png\" alt=\"\" width=\"218\" height=\"214\" \/><\/a><\/p>\n<p>[\/et_pb_text][\/et_pb_column][et_pb_column type=\u00a0\u00bb1_3&Prime; _builder_version=\u00a0\u00bb4.16&Prime; _module_preset=\u00a0\u00bbdefault\u00a0\u00bb global_colors_info=\u00a0\u00bb{}\u00a0\u00bb][et_pb_text _builder_version=\u00a0\u00bb4.16&Prime; _module_preset=\u00a0\u00bbdefault\u00a0\u00bb global_colors_info=\u00a0\u00bb{}\u00a0\u00bb][\/et_pb_text][\/et_pb_column][et_pb_column type=\u00a0\u00bb1_3&Prime; _builder_version=\u00a0\u00bb4.16&Prime; _module_preset=\u00a0\u00bbdefault\u00a0\u00bb global_colors_info=\u00a0\u00bb{}\u00a0\u00bb][et_pb_text _builder_version=\u00a0\u00bb4.27.4&Prime; _module_preset=\u00a0\u00bbdefault\u00a0\u00bb global_colors_info=\u00a0\u00bb{}\u00a0\u00bb][\/et_pb_text][\/et_pb_column][\/et_pb_row][\/et_pb_section][et_pb_section fb_built=\u00a0\u00bb1&Prime; _builder_version=\u00a0\u00bb4.16&Prime; _module_preset=\u00a0\u00bbdefault\u00a0\u00bb global_colors_info=\u00a0\u00bb{}\u00a0\u00bb][et_pb_row _builder_version=\u00a0\u00bb4.16&Prime; _module_preset=\u00a0\u00bbdefault\u00a0\u00bb global_colors_info=\u00a0\u00bb{}\u00a0\u00bb][et_pb_column type=\u00a0\u00bb4_4&Prime; _builder_version=\u00a0\u00bb4.16&Prime; _module_preset=\u00a0\u00bbdefault\u00a0\u00bb global_colors_info=\u00a0\u00bb{}\u00a0\u00bb][\/et_pb_column][\/et_pb_row][\/et_pb_section]<\/p>\n","protected":false},"excerpt":{"rendered":"<p>Le 11 F\u00e9vrier 2026 \u00e0 13h30 pr\u00e9-vernissage de l\u2019exposition \u00e0 destination des enseignants. Venez nombreux !Le Mus\u00e9e National des Sports V\u00e9ritable mus\u00e9e de soci\u00e9t\u00e9, le Mus\u00e9e National du Sport est le seul lieu de m\u00e9moire, de conservation et de promotion du fait sportif en France. Cr\u00e9\u00e9 en 1963 et riche de plus de 45 000 [&hellip;]<\/p>\n","protected":false},"author":241,"featured_media":0,"parent":0,"menu_order":0,"comment_status":"closed","ping_status":"closed","template":"","meta":{"_et_pb_use_builder":"on","_et_pb_old_content":"","_et_gb_content_width":"","ngg_post_thumbnail":0,"footnotes":""},"class_list":["post-9804","page","type-page","status-publish","hentry"],"rttpg_featured_image_url":null,"rttpg_author":{"display_name":"daacadmin","author_link":"https:\/\/www.pedagogie.ac-nice.fr\/daac\/author\/daacadmin\/"},"rttpg_comment":0,"rttpg_category":null,"rttpg_excerpt":"Le 11 F\u00e9vrier 2026 \u00e0 13h30 pr\u00e9-vernissage de l\u2019exposition \u00e0 destination des enseignants. Venez nombreux !Le Mus\u00e9e National des Sports V\u00e9ritable mus\u00e9e de soci\u00e9t\u00e9, le Mus\u00e9e National du Sport est le seul lieu de m\u00e9moire, de conservation et de promotion du fait sportif en France. Cr\u00e9\u00e9 en 1963 et riche de plus de 45 000\u2026","post_mailing_queue_ids":[],"_links":{"self":[{"href":"https:\/\/www.pedagogie.ac-nice.fr\/daac\/wp-json\/wp\/v2\/pages\/9804","targetHints":{"allow":["GET"]}}],"collection":[{"href":"https:\/\/www.pedagogie.ac-nice.fr\/daac\/wp-json\/wp\/v2\/pages"}],"about":[{"href":"https:\/\/www.pedagogie.ac-nice.fr\/daac\/wp-json\/wp\/v2\/types\/page"}],"author":[{"embeddable":true,"href":"https:\/\/www.pedagogie.ac-nice.fr\/daac\/wp-json\/wp\/v2\/users\/241"}],"replies":[{"embeddable":true,"href":"https:\/\/www.pedagogie.ac-nice.fr\/daac\/wp-json\/wp\/v2\/comments?post=9804"}],"version-history":[{"count":27,"href":"https:\/\/www.pedagogie.ac-nice.fr\/daac\/wp-json\/wp\/v2\/pages\/9804\/revisions"}],"predecessor-version":[{"id":16047,"href":"https:\/\/www.pedagogie.ac-nice.fr\/daac\/wp-json\/wp\/v2\/pages\/9804\/revisions\/16047"}],"wp:attachment":[{"href":"https:\/\/www.pedagogie.ac-nice.fr\/daac\/wp-json\/wp\/v2\/media?parent=9804"}],"curies":[{"name":"wp","href":"https:\/\/api.w.org\/{rel}","templated":true}]}}