{"id":986,"date":"2020-10-25T23:34:00","date_gmt":"2020-10-25T22:34:00","guid":{"rendered":"https:\/\/www.pedagogie.ac-nice.fr\/daac\/?page_id=986"},"modified":"2020-10-26T14:44:42","modified_gmt":"2020-10-26T13:44:42","slug":"festival-de-la-roque-dantheron","status":"publish","type":"page","link":"https:\/\/www.pedagogie.ac-nice.fr\/daac\/les-domaines-de-leac\/musique-chantchoral\/festival-de-la-roque-dantheron\/","title":{"rendered":"Festival de La Roque d\u2019Anth\u00e9ron"},"content":{"rendered":"<p style=\"text-align: center;\">contact : Philippe Mopin &#8211; <a title=\"Composer un message \u00e0 philippe.mopin@ac-nice.fr\">philippe.mopin@ac-nice.fr<\/a><\/p>\n<p style=\"text-align: center;\"><a href=\"https:\/\/www.pedagogie.ac-nice.fr\/daac\/festival-de-la-roque-dantheron\/festival_piano\/\" rel=\"attachment wp-att-987\"><img loading=\"lazy\" decoding=\"async\" class=\"alignnone size-full wp-image-987\" src=\"https:\/\/www.pedagogie.ac-nice.fr\/daac\/wp-content\/uploads\/sites\/37\/2020\/10\/festival_piano.png\" alt=\"\" width=\"300\" height=\"168\" \/><\/a><\/p>\n<p>&nbsp;<\/p>\n<p style=\"text-align: justify;\">Depuis bient\u00f4t 38 ans, le Festival International de Piano de La Roque d\u2019Anth\u00e9ron s\u2019est impos\u00e9 comme un point d\u2019ancrage exceptionnel dans le paysage musical et pianistique mondial.<\/p>\n<p style=\"text-align: justify;\">Si les sites du Festival se diversifient depuis plusieurs ann\u00e9es, le Parc du Ch\u00e2teau de Florans demeure le haut lieu de ces entrevues inclassables o\u00f9 se confrontent toutes les cr\u00e9ations : classiques, contemporaines&#8230; tous les styles : jazz, \u00e9lectronique&#8230; et tous les artistes : les jeunes talents comme les plus grands interpr\u00e8tes internationaux.<\/p>\n<p style=\"text-align: justify;\">Une nouvelle proposition se met en place avec l\u2019ambition d\u2019accueillir au Festival de la Roque d\u2019Anth\u00e9ron une trentaine \u00e9l\u00e8ves de lyc\u00e9e et leurs accompagnateurs avec pour objectif la d\u00e9couverte de l\u2019un des plus grands festivals de musique en France : son histoire depuis sa cr\u00e9ation en 1981 \u00e0 nos jours et son\u00a0 organisation. Les lyc\u00e9ens assistent \u00e0 4 concerts dans des lieux et des formats diff\u00e9rents.<\/p>\n<p>Pour aller plus loin : <a href=\"http:\/\/www.festival-piano.com\/fr\/accueil\/bienvenue.html\" target=\"_blank\" rel=\"http:\/\/www.festival-piano.com\/fr\/accueil\/bienvenue.html noopener noreferrer\"><img loading=\"lazy\" decoding=\"async\" class=\"alignnone wp-image-496 size-full\" src=\"https:\/\/www.pedagogie.ac-nice.fr\/daac\/wp-content\/uploads\/sites\/37\/2020\/08\/bouton_connexion-1.png\" alt=\"\" width=\"71\" height=\"70\" \/><\/a><\/p>\n","protected":false},"excerpt":{"rendered":"<p>contact : Philippe Mopin &#8211; philippe.mopin@ac-nice.fr &nbsp; Depuis bient\u00f4t 38 ans, le Festival International de Piano de La Roque d\u2019Anth\u00e9ron s\u2019est impos\u00e9 comme un point d\u2019ancrage exceptionnel dans le paysage musical et pianistique mondial. Si les sites du Festival se diversifient depuis plusieurs ann\u00e9es, le Parc du Ch\u00e2teau de Florans demeure le haut lieu de [&hellip;]<\/p>\n","protected":false},"author":241,"featured_media":0,"parent":365,"menu_order":0,"comment_status":"closed","ping_status":"closed","template":"","meta":{"_et_pb_use_builder":"","_et_pb_old_content":"","_et_gb_content_width":"","ngg_post_thumbnail":0,"footnotes":""},"class_list":["post-986","page","type-page","status-publish","hentry"],"rttpg_featured_image_url":null,"rttpg_author":{"display_name":"daacadmin","author_link":"https:\/\/www.pedagogie.ac-nice.fr\/daac\/author\/daacadmin\/"},"rttpg_comment":0,"rttpg_category":null,"rttpg_excerpt":"contact : Philippe Mopin &#8211; philippe.mopin@ac-nice.fr &nbsp; Depuis bient\u00f4t 38 ans, le Festival International de Piano de La Roque d\u2019Anth\u00e9ron s\u2019est impos\u00e9 comme un point d\u2019ancrage exceptionnel dans le paysage musical et pianistique mondial. Si les sites du Festival se diversifient depuis plusieurs ann\u00e9es, le Parc du Ch\u00e2teau de Florans demeure le haut lieu de\u2026","post_mailing_queue_ids":[],"_links":{"self":[{"href":"https:\/\/www.pedagogie.ac-nice.fr\/daac\/wp-json\/wp\/v2\/pages\/986","targetHints":{"allow":["GET"]}}],"collection":[{"href":"https:\/\/www.pedagogie.ac-nice.fr\/daac\/wp-json\/wp\/v2\/pages"}],"about":[{"href":"https:\/\/www.pedagogie.ac-nice.fr\/daac\/wp-json\/wp\/v2\/types\/page"}],"author":[{"embeddable":true,"href":"https:\/\/www.pedagogie.ac-nice.fr\/daac\/wp-json\/wp\/v2\/users\/241"}],"replies":[{"embeddable":true,"href":"https:\/\/www.pedagogie.ac-nice.fr\/daac\/wp-json\/wp\/v2\/comments?post=986"}],"version-history":[{"count":3,"href":"https:\/\/www.pedagogie.ac-nice.fr\/daac\/wp-json\/wp\/v2\/pages\/986\/revisions"}],"predecessor-version":[{"id":1036,"href":"https:\/\/www.pedagogie.ac-nice.fr\/daac\/wp-json\/wp\/v2\/pages\/986\/revisions\/1036"}],"up":[{"embeddable":true,"href":"https:\/\/www.pedagogie.ac-nice.fr\/daac\/wp-json\/wp\/v2\/pages\/365"}],"wp:attachment":[{"href":"https:\/\/www.pedagogie.ac-nice.fr\/daac\/wp-json\/wp\/v2\/media?parent=986"}],"curies":[{"name":"wp","href":"https:\/\/api.w.org\/{rel}","templated":true}]}}