{"id":9874,"date":"2021-12-08T13:33:39","date_gmt":"2021-12-08T12:33:39","guid":{"rendered":"https:\/\/www.pedagogie.ac-nice.fr\/daac\/?page_id=9874"},"modified":"2021-12-08T13:34:11","modified_gmt":"2021-12-08T12:34:11","slug":"theatre-de-la-ville","status":"publish","type":"page","link":"https:\/\/www.pedagogie.ac-nice.fr\/daac\/theatre-de-la-ville\/","title":{"rendered":"Th\u00e9\u00e2tre de la Ville"},"content":{"rendered":"<p>[et_pb_section fb_built=\u00a0\u00bb1&Prime; _builder_version=\u00a0\u00bb4.10.7&Prime; _module_preset=\u00a0\u00bbdefault\u00a0\u00bb global_colors_info=\u00a0\u00bb{}\u00a0\u00bb][et_pb_row column_structure=\u00a0\u00bb2_5,3_5&Prime; _builder_version=\u00a0\u00bb4.10.7&Prime; _module_preset=\u00a0\u00bbdefault\u00a0\u00bb global_colors_info=\u00a0\u00bb{}\u00a0\u00bb][et_pb_column type=\u00a0\u00bb2_5&Prime; _builder_version=\u00a0\u00bb4.10.7&Prime; _module_preset=\u00a0\u00bbdefault\u00a0\u00bb global_colors_info=\u00a0\u00bb{}\u00a0\u00bb][et_pb_text admin_label=\u00a0\u00bbTheatre\u00a0\u00bb _builder_version=\u00a0\u00bb4.10.7&Prime; _module_preset=\u00a0\u00bbdefault\u00a0\u00bb global_colors_info=\u00a0\u00bb{}\u00a0\u00bb]<\/p>\n<p><a href=\"https:\/\/www.pedagogie.ac-nice.fr\/daac\/theatre-asv\/\" target=\"_blank\" rel=\"noopener\"><img loading=\"lazy\" decoding=\"async\" class=\"aligncenter wp-image-5928 size-full\" src=\"https:\/\/www.pedagogie.ac-nice.fr\/daac\/wp-content\/uploads\/sites\/37\/2021\/09\/theatre.png\" alt=\"\" width=\"348\" height=\"217\" srcset=\"https:\/\/www.pedagogie.ac-nice.fr\/daac\/wp-content\/uploads\/sites\/37\/2021\/09\/theatre.png 348w, https:\/\/www.pedagogie.ac-nice.fr\/daac\/wp-content\/uploads\/sites\/37\/2021\/09\/theatre-300x187.png 300w\" sizes=\"(max-width: 348px) 100vw, 348px\" \/><\/a><\/p>\n<p>[\/et_pb_text][et_pb_text _builder_version=\u00a0\u00bb4.10.7&Prime; _module_preset=\u00a0\u00bbdefault\u00a0\u00bb global_colors_info=\u00a0\u00bb{}\u00a0\u00bb]<\/p>\n<p><img loading=\"lazy\" decoding=\"async\" class=\"alignnone size-full wp-image-9877 aligncenter\" src=\"https:\/\/www.pedagogie.ac-nice.fr\/daac\/wp-content\/uploads\/sites\/37\/2021\/12\/theatre_ville_16122021.jpg\" alt=\"\" width=\"383\" height=\"540\" srcset=\"https:\/\/www.pedagogie.ac-nice.fr\/daac\/wp-content\/uploads\/sites\/37\/2021\/12\/theatre_ville_16122021.jpg 383w, https:\/\/www.pedagogie.ac-nice.fr\/daac\/wp-content\/uploads\/sites\/37\/2021\/12\/theatre_ville_16122021-213x300.jpg 213w\" sizes=\"(max-width: 383px) 100vw, 383px\" \/><\/p>\n<p>[\/et_pb_text][\/et_pb_column][et_pb_column type=\u00a0\u00bb3_5&Prime; _builder_version=\u00a0\u00bb4.10.7&Prime; _module_preset=\u00a0\u00bbdefault\u00a0\u00bb global_colors_info=\u00a0\u00bb{}\u00a0\u00bb][et_pb_text _builder_version=\u00a0\u00bb4.10.7&Prime; _module_preset=\u00a0\u00bbdefault\u00a0\u00bb global_colors_info=\u00a0\u00bb{}\u00a0\u00bb]<\/p>\n<p style=\"text-align: center;\"><span style=\"font-size: 18pt; color: #800080;\">Repr\u00e9sentation en ligne <\/span><br \/><strong><span style=\"font-size: 18pt; color: #800080;\">Alice et autres merveilles d&rsquo;apr\u00e8s Lewis Caroll<br \/><\/span><\/strong><\/p>\n<p style=\"text-align: justify;\"><span style=\"color: #0000ff;\">Pour cette fin d\u2019ann\u00e9e, le th\u00e9\u00e2tre s\u2019invite dans les classes avec une nouvelle repr\u00e9sentation en ligne, en&nbsp;direct du <strong>Th\u00e9\u00e2tre de la Ville<\/strong> et <strong>sur temps scolaire <\/strong>d\u2019<strong>Alice et autres merveilles<\/strong>, d&rsquo;apr\u00e8s Lewis Caroll, \u00e9crit par&nbsp;Fabrice Melquiot et mis en sc\u00e8ne par Emmanuel Demarcy-Mota.<\/span><\/p>\n<p style=\"text-align: justify;\"><span style=\"color: #0000ff;\">Rendez-vous le&nbsp;<span style=\"color: #800080;\"><strong>jeudi&nbsp;16 d\u00e9cembre&nbsp;\u00e0 14h30<\/strong><\/span>, autour de cette cr\u00e9ation d\u2019une dur\u00e9e d\u20191h15 et accessible d\u00e8s 8 ans.<\/span><\/p>\n<p style=\"text-align: justify;\"><span style=\"color: #0000ff;\">Retrouvez tous les \u00e9l\u00e9ments sur <strong><a style=\"color: #0000ff;\" href=\"https:\/\/www.reseau-canope.fr\/edutheque-theatre-en-acte\/\" target=\"_blank\" rel=\"noopener\">Th\u00e9\u00e2tre en Acte<\/a><\/strong>, le <strong><u><a style=\"color: #0000ff;\" href=\"https:\/\/imss91-ctp.trendmicro.com:443\/wis\/clicktime\/v1\/query?url=https%3a%2f%2fdocs.google.com%2fforms%2fd%2fe%2f1FAIpQLSepLyfy4g3pXpuiBzPT9p2nBzc2i7UHn0nQx94oYx5gQgwfgA%2fviewform&amp;umid=F1B09093-D28F-5A05-BA17-5AA2BD5ADC4B&amp;auth=ad5d1f4e78d7393a50d77a7acd54f2690c4d4fe6-0d6c98732e67cf379f502650c5b0c1e68934ed1f\" target=\"_blank\" rel=\"noopener\">lien d\u2019inscription<\/a><\/u><\/strong> pour acc\u00e9der gratuitement \u00e0 la repr\u00e9sentation ainsi que le <strong><a style=\"color: #0000ff;\" href=\"https:\/\/cdn.reseau-canope.fr\/archivage\/valid\/NT-piece--de-montee---alice-et-autres-merveilles-17055-13049.pdf\" target=\"_blank\" rel=\"noopener\">dossier p\u00e9dagogique Pi\u00e8ce (d\u00e9)mont\u00e9e<\/a>.<\/strong><\/span><\/p>\n<p>[\/et_pb_text][\/et_pb_column][\/et_pb_row][\/et_pb_section]<\/p>\n","protected":false},"excerpt":{"rendered":"<p>Repr\u00e9sentation en ligne Alice et autres merveilles d&rsquo;apr\u00e8s Lewis Caroll Pour cette fin d\u2019ann\u00e9e, le th\u00e9\u00e2tre s\u2019invite dans les classes avec une nouvelle repr\u00e9sentation en ligne, en&nbsp;direct du Th\u00e9\u00e2tre de la Ville et sur temps scolaire d\u2019Alice et autres merveilles, d&rsquo;apr\u00e8s Lewis Caroll, \u00e9crit par&nbsp;Fabrice Melquiot et mis en sc\u00e8ne par Emmanuel Demarcy-Mota. Rendez-vous le&nbsp;jeudi&nbsp;16 [&hellip;]<\/p>\n","protected":false},"author":241,"featured_media":0,"parent":0,"menu_order":0,"comment_status":"closed","ping_status":"closed","template":"","meta":{"_et_pb_use_builder":"on","_et_pb_old_content":"","_et_gb_content_width":"","ngg_post_thumbnail":0,"footnotes":""},"class_list":["post-9874","page","type-page","status-publish","hentry"],"rttpg_featured_image_url":null,"rttpg_author":{"display_name":"daacadmin","author_link":"https:\/\/www.pedagogie.ac-nice.fr\/daac\/author\/daacadmin\/"},"rttpg_comment":0,"rttpg_category":null,"rttpg_excerpt":"Repr\u00e9sentation en ligne Alice et autres merveilles d'apr\u00e8s Lewis Caroll Pour cette fin d\u2019ann\u00e9e, le th\u00e9\u00e2tre s\u2019invite dans les classes avec une nouvelle repr\u00e9sentation en ligne, en&nbsp;direct du Th\u00e9\u00e2tre de la Ville et sur temps scolaire d\u2019Alice et autres merveilles, d'apr\u00e8s Lewis Caroll, \u00e9crit par&nbsp;Fabrice Melquiot et mis en sc\u00e8ne par Emmanuel Demarcy-Mota. Rendez-vous le&nbsp;jeudi&nbsp;16\u2026","post_mailing_queue_ids":[],"_links":{"self":[{"href":"https:\/\/www.pedagogie.ac-nice.fr\/daac\/wp-json\/wp\/v2\/pages\/9874","targetHints":{"allow":["GET"]}}],"collection":[{"href":"https:\/\/www.pedagogie.ac-nice.fr\/daac\/wp-json\/wp\/v2\/pages"}],"about":[{"href":"https:\/\/www.pedagogie.ac-nice.fr\/daac\/wp-json\/wp\/v2\/types\/page"}],"author":[{"embeddable":true,"href":"https:\/\/www.pedagogie.ac-nice.fr\/daac\/wp-json\/wp\/v2\/users\/241"}],"replies":[{"embeddable":true,"href":"https:\/\/www.pedagogie.ac-nice.fr\/daac\/wp-json\/wp\/v2\/comments?post=9874"}],"version-history":[{"count":5,"href":"https:\/\/www.pedagogie.ac-nice.fr\/daac\/wp-json\/wp\/v2\/pages\/9874\/revisions"}],"predecessor-version":[{"id":9882,"href":"https:\/\/www.pedagogie.ac-nice.fr\/daac\/wp-json\/wp\/v2\/pages\/9874\/revisions\/9882"}],"wp:attachment":[{"href":"https:\/\/www.pedagogie.ac-nice.fr\/daac\/wp-json\/wp\/v2\/media?parent=9874"}],"curies":[{"name":"wp","href":"https:\/\/api.w.org\/{rel}","templated":true}]}}