{"id":990,"date":"2020-10-25T23:37:40","date_gmt":"2020-10-25T22:37:40","guid":{"rendered":"https:\/\/www.pedagogie.ac-nice.fr\/daac\/?page_id=990"},"modified":"2020-10-26T22:45:54","modified_gmt":"2020-10-26T21:45:54","slug":"choregies-dorange","status":"publish","type":"page","link":"https:\/\/www.pedagogie.ac-nice.fr\/daac\/les-domaines-de-leac\/musique-chantchoral\/choregies-dorange\/","title":{"rendered":"Chor\u00e9gies d\u2019Orange"},"content":{"rendered":"<p style=\"text-align: right;\">Contact : Philippe Mopin<\/p>\n<p style=\"text-align: center;\"><a href=\"https:\/\/www.pedagogie.ac-nice.fr\/daac\/choregies-dorange\/choregies_d_orange\/\" rel=\"attachment wp-att-991\"><img loading=\"lazy\" decoding=\"async\" class=\"alignnone size-full wp-image-991\" src=\"https:\/\/www.pedagogie.ac-nice.fr\/daac\/wp-content\/uploads\/sites\/37\/2020\/10\/choregies_d_orange.png\" alt=\"\" width=\"225\" height=\"225\" srcset=\"https:\/\/www.pedagogie.ac-nice.fr\/daac\/wp-content\/uploads\/sites\/37\/2020\/10\/choregies_d_orange.png 225w, https:\/\/www.pedagogie.ac-nice.fr\/daac\/wp-content\/uploads\/sites\/37\/2020\/10\/choregies_d_orange-150x150.png 150w\" sizes=\"(max-width: 225px) 100vw, 225px\" \/><\/a><\/p>\n<p style=\"text-align: justify;\">Depuis plusieurs ann\u00e9es, le projet p\u00e9dagogique des Chor\u00e9gies permet \u00e0 des coll\u00e9giens et lyc\u00e9ens de s\u2019approprier l\u2019art lyrique par la d\u00e9couverte et la pratique artistique.<br \/>\nles Chor\u00e9gies d\u2019Orange offrent aux jeunes choristes de l\u2019acad\u00e9mie de R\u00e9gion un projet artistique de grande ampleur, d\u2019apr\u00e8s une id\u00e9e originale de Jean-Louis GRINDA et sous la direction artistique de\u00a0 Jean-Marie LEAU, Victor JACOB, Stefano VISCONTI et Didier BENETTI.<\/p>\n","protected":false},"excerpt":{"rendered":"<p>Contact : Philippe Mopin Depuis plusieurs ann\u00e9es, le projet p\u00e9dagogique des Chor\u00e9gies permet \u00e0 des coll\u00e9giens et lyc\u00e9ens de s\u2019approprier l\u2019art lyrique par la d\u00e9couverte et la pratique artistique. les Chor\u00e9gies d\u2019Orange offrent aux jeunes choristes de l\u2019acad\u00e9mie de R\u00e9gion un projet artistique de grande ampleur, d\u2019apr\u00e8s une id\u00e9e originale de Jean-Louis GRINDA et sous [&hellip;]<\/p>\n","protected":false},"author":241,"featured_media":0,"parent":365,"menu_order":0,"comment_status":"closed","ping_status":"closed","template":"","meta":{"_et_pb_use_builder":"","_et_pb_old_content":"","_et_gb_content_width":"","ngg_post_thumbnail":0,"footnotes":""},"class_list":["post-990","page","type-page","status-publish","hentry"],"rttpg_featured_image_url":null,"rttpg_author":{"display_name":"daacadmin","author_link":"https:\/\/www.pedagogie.ac-nice.fr\/daac\/author\/daacadmin\/"},"rttpg_comment":0,"rttpg_category":null,"rttpg_excerpt":"Contact : Philippe Mopin Depuis plusieurs ann\u00e9es, le projet p\u00e9dagogique des Chor\u00e9gies permet \u00e0 des coll\u00e9giens et lyc\u00e9ens de s\u2019approprier l\u2019art lyrique par la d\u00e9couverte et la pratique artistique. les Chor\u00e9gies d\u2019Orange offrent aux jeunes choristes de l\u2019acad\u00e9mie de R\u00e9gion un projet artistique de grande ampleur, d\u2019apr\u00e8s une id\u00e9e originale de Jean-Louis GRINDA et sous\u2026","post_mailing_queue_ids":[],"_links":{"self":[{"href":"https:\/\/www.pedagogie.ac-nice.fr\/daac\/wp-json\/wp\/v2\/pages\/990","targetHints":{"allow":["GET"]}}],"collection":[{"href":"https:\/\/www.pedagogie.ac-nice.fr\/daac\/wp-json\/wp\/v2\/pages"}],"about":[{"href":"https:\/\/www.pedagogie.ac-nice.fr\/daac\/wp-json\/wp\/v2\/types\/page"}],"author":[{"embeddable":true,"href":"https:\/\/www.pedagogie.ac-nice.fr\/daac\/wp-json\/wp\/v2\/users\/241"}],"replies":[{"embeddable":true,"href":"https:\/\/www.pedagogie.ac-nice.fr\/daac\/wp-json\/wp\/v2\/comments?post=990"}],"version-history":[{"count":2,"href":"https:\/\/www.pedagogie.ac-nice.fr\/daac\/wp-json\/wp\/v2\/pages\/990\/revisions"}],"predecessor-version":[{"id":993,"href":"https:\/\/www.pedagogie.ac-nice.fr\/daac\/wp-json\/wp\/v2\/pages\/990\/revisions\/993"}],"up":[{"embeddable":true,"href":"https:\/\/www.pedagogie.ac-nice.fr\/daac\/wp-json\/wp\/v2\/pages\/365"}],"wp:attachment":[{"href":"https:\/\/www.pedagogie.ac-nice.fr\/daac\/wp-json\/wp\/v2\/media?parent=990"}],"curies":[{"name":"wp","href":"https:\/\/api.w.org\/{rel}","templated":true}]}}