{"id":34,"date":"2025-09-04T10:36:14","date_gmt":"2025-09-04T08:36:14","guid":{"rendered":"https:\/\/www.pedagogie.ac-nice.fr\/dnl\/?page_id=34"},"modified":"2025-09-07T07:40:48","modified_gmt":"2025-09-07T05:40:48","slug":"la-certification","status":"publish","type":"page","link":"https:\/\/www.pedagogie.ac-nice.fr\/dnl\/la-certification\/","title":{"rendered":"Formation et Certification DNL"},"content":{"rendered":"<p style=\"text-align: center;\"><a href=\"https:\/\/www.ac-nice.fr\/inscription-aux-preparations-aux-certifications-122618\"><strong><span style=\"color: #0000ff;\"><span style=\"font-size: 18pt; font-family: arial, helvetica, sans-serif;\">Vous souhaitez vous pr\u00e9parer \u00e0 la certification compl\u00e9mentaire DNL.<\/span><\/span><\/strong><\/a><\/p>\n<p><a href=\"https:\/\/www.ac-nice.fr\/inscription-aux-preparations-aux-certifications-122618\"><img loading=\"lazy\" decoding=\"async\" class=\"wp-image-90 aligncenter\" src=\"http:\/\/www.pedagogie.ac-nice.fr\/dnl\/wp-content\/uploads\/sites\/68\/2025\/09\/DNL-preparation-certification-300x286.png\" alt=\"\" width=\"150\" height=\"143\" srcset=\"https:\/\/www.pedagogie.ac-nice.fr\/dnl\/wp-content\/uploads\/sites\/68\/2025\/09\/DNL-preparation-certification-300x286.png 300w, https:\/\/www.pedagogie.ac-nice.fr\/dnl\/wp-content\/uploads\/sites\/68\/2025\/09\/DNL-preparation-certification.png 567w\" sizes=\"auto, (max-width: 150px) 100vw, 150px\" \/><\/a><\/p>\n<p><span style=\"color: #0000ff;\">&#8211;<a style=\"color: #0000ff;\" href=\"file:\/\/\/C:\/Users\/bmecqinion\/Downloads\/certification-compl-mentaire-en-langues-vivantes-trang-res-2023-2024-19004.pdf\"> Le rapport de jury<\/a><\/span><\/p>\n<p><span style=\"color: #0000ff;\"><a style=\"color: #0000ff;\" href=\"https:\/\/eduscol.education.fr\/1485\/les-certifications-complementaires\">&#8211; la page EDUSCOL<\/a><\/span><\/p>\n<p><a href=\"https:\/\/www.education.gouv.fr\/bo\/19\/Hebdo30\/MENH1918230N.htm?cid_bo=143919\"><span style=\"color: #0000ff;\">&#8211; le Bulletin officiel sur les Modalit\u00e9s et d\u00e9livrance d&rsquo;une certification compl\u00e9mentaire dans certains secteurs disciplinaires<\/span><\/a><\/p>\n<p><span style=\"color: #0000ff;\"><a style=\"color: #0000ff;\" href=\"https:\/\/eduscol.education.fr\/document\/632\/download?attachment\">&#8211; Le guide pour l&rsquo;enseignement en Langue vivante \u00e9trang\u00e8re de l&rsquo;\u00e9cole au lyc\u00e9e.<\/a><\/span><\/p>\n<p><a href=\"https:\/\/eduscol.education.fr\/document\/632\/download?attachment\"><img loading=\"lazy\" decoding=\"async\" class=\"wp-image-91 alignleft\" src=\"http:\/\/www.pedagogie.ac-nice.fr\/dnl\/wp-content\/uploads\/sites\/68\/2025\/09\/le-guide-pour-lenseignement-des-langues-207x300.png\" alt=\"\" width=\"88\" height=\"127\" srcset=\"https:\/\/www.pedagogie.ac-nice.fr\/dnl\/wp-content\/uploads\/sites\/68\/2025\/09\/le-guide-pour-lenseignement-des-langues-207x300.png 207w, https:\/\/www.pedagogie.ac-nice.fr\/dnl\/wp-content\/uploads\/sites\/68\/2025\/09\/le-guide-pour-lenseignement-des-langues.png 271w\" sizes=\"auto, (max-width: 88px) 100vw, 88px\" \/> <\/a><\/p>\n<p>&nbsp;<\/p>\n<p>&nbsp;<\/p>\n<p>&nbsp;<\/p>\n<p>&nbsp;<\/p>\n<p style=\"text-align: center;\"><span style=\"color: #0000ff;\"><a style=\"color: #0000ff;\" href=\"https:\/\/www.ac-nice.fr\/certification-complementaire-121609\"><strong><span style=\"font-size: 18pt;\">Vous souhaitez vous inscrire \u00e0 la certification compl\u00e9mentaire DNL.<\/span><\/strong><\/a><\/span><\/p>\n<p><a href=\"https:\/\/www.ac-nice.fr\/certification-complementaire-121609\"><img loading=\"lazy\" decoding=\"async\" class=\"alignnone wp-image-93 aligncenter\" src=\"http:\/\/www.pedagogie.ac-nice.fr\/dnl\/wp-content\/uploads\/sites\/68\/2025\/09\/certification-complementaire-300x168.png\" alt=\"\" width=\"200\" height=\"112\" srcset=\"https:\/\/www.pedagogie.ac-nice.fr\/dnl\/wp-content\/uploads\/sites\/68\/2025\/09\/certification-complementaire-300x168.png 300w, https:\/\/www.pedagogie.ac-nice.fr\/dnl\/wp-content\/uploads\/sites\/68\/2025\/09\/certification-complementaire.png 469w\" sizes=\"auto, (max-width: 200px) 100vw, 200px\" \/><\/a><\/p>\n<p style=\"text-align: center;\"><a href=\"https:\/\/www.ac-nice.fr\/cycle-enseignement-et-education-du-second-degre-approfondir-son-developpement-professionnel-122543\"><strong><span style=\"color: #0000ff;\"><span style=\"font-size: 18pt;\">Vous avez la certification compl\u00e9mentaire DNL et souhaitez p<span style=\"color: #0000ff;\">oursuivre votre r\u00e9flexion en int\u00e9grant des groupes de travail DNL<\/span><\/span><\/span><span style=\"font-size: 18pt; color: #0000ff;\">.<\/span><\/strong><\/a><\/p>\n<p><a href=\"https:\/\/www.ac-nice.fr\/cycle-enseignement-et-education-du-second-degre-approfondir-son-developpement-professionnel-122543\"><img loading=\"lazy\" decoding=\"async\" class=\"wp-image-89 aligncenter\" src=\"http:\/\/www.pedagogie.ac-nice.fr\/dnl\/wp-content\/uploads\/sites\/68\/2025\/09\/formation-DNL-continue-300x285.png\" alt=\"\" width=\"145\" height=\"138\" srcset=\"https:\/\/www.pedagogie.ac-nice.fr\/dnl\/wp-content\/uploads\/sites\/68\/2025\/09\/formation-DNL-continue-300x285.png 300w, https:\/\/www.pedagogie.ac-nice.fr\/dnl\/wp-content\/uploads\/sites\/68\/2025\/09\/formation-DNL-continue.png 574w\" sizes=\"auto, (max-width: 145px) 100vw, 145px\" \/><\/a><\/p>\n","protected":false},"excerpt":{"rendered":"<p>Vous souhaitez vous pr\u00e9parer \u00e0 la certification compl\u00e9mentaire DNL. &#8211; Le rapport de jury &#8211; la page EDUSCOL &#8211; le Bulletin officiel sur les Modalit\u00e9s et d\u00e9livrance d&rsquo;une certification compl\u00e9mentaire dans certains secteurs disciplinaires &#8211; Le guide pour l&rsquo;enseignement en Langue vivante \u00e9trang\u00e8re de l&rsquo;\u00e9cole au lyc\u00e9e. &nbsp; &nbsp; &nbsp; &nbsp; Vous souhaitez vous inscrire [&hellip;]<\/p>\n","protected":false},"author":248,"featured_media":0,"parent":0,"menu_order":0,"comment_status":"closed","ping_status":"closed","template":"","meta":{"footnotes":""},"class_list":["post-34","page","type-page","status-publish","hentry"],"rttpg_featured_image_url":null,"rttpg_author":{"display_name":"Ari Bouaniche","author_link":"https:\/\/www.pedagogie.ac-nice.fr\/dnl\/author\/portailanglais\/"},"rttpg_comment":0,"rttpg_category":null,"rttpg_excerpt":"Vous souhaitez vous pr\u00e9parer \u00e0 la certification compl\u00e9mentaire DNL. &#8211; Le rapport de jury &#8211; la page EDUSCOL &#8211; le Bulletin officiel sur les Modalit\u00e9s et d\u00e9livrance d&rsquo;une certification compl\u00e9mentaire dans certains secteurs disciplinaires &#8211; Le guide pour l&rsquo;enseignement en Langue vivante \u00e9trang\u00e8re de l&rsquo;\u00e9cole au lyc\u00e9e. &nbsp; &nbsp; &nbsp; &nbsp; Vous souhaitez vous inscrire\u2026","post_mailing_queue_ids":[],"_links":{"self":[{"href":"https:\/\/www.pedagogie.ac-nice.fr\/dnl\/wp-json\/wp\/v2\/pages\/34","targetHints":{"allow":["GET"]}}],"collection":[{"href":"https:\/\/www.pedagogie.ac-nice.fr\/dnl\/wp-json\/wp\/v2\/pages"}],"about":[{"href":"https:\/\/www.pedagogie.ac-nice.fr\/dnl\/wp-json\/wp\/v2\/types\/page"}],"author":[{"embeddable":true,"href":"https:\/\/www.pedagogie.ac-nice.fr\/dnl\/wp-json\/wp\/v2\/users\/248"}],"replies":[{"embeddable":true,"href":"https:\/\/www.pedagogie.ac-nice.fr\/dnl\/wp-json\/wp\/v2\/comments?post=34"}],"version-history":[{"count":5,"href":"https:\/\/www.pedagogie.ac-nice.fr\/dnl\/wp-json\/wp\/v2\/pages\/34\/revisions"}],"predecessor-version":[{"id":88,"href":"https:\/\/www.pedagogie.ac-nice.fr\/dnl\/wp-json\/wp\/v2\/pages\/34\/revisions\/88"}],"wp:attachment":[{"href":"https:\/\/www.pedagogie.ac-nice.fr\/dnl\/wp-json\/wp\/v2\/media?parent=34"}],"curies":[{"name":"wp","href":"https:\/\/api.w.org\/{rel}","templated":true}]}}