{"id":35,"date":"2025-09-04T10:36:14","date_gmt":"2025-09-04T08:36:14","guid":{"rendered":"https:\/\/www.pedagogie.ac-nice.fr\/dnl\/?page_id=35"},"modified":"2025-09-07T07:59:27","modified_gmt":"2025-09-07T05:59:27","slug":"les-contacts","status":"publish","type":"page","link":"https:\/\/www.pedagogie.ac-nice.fr\/dnl\/les-contacts\/","title":{"rendered":"Contacts"},"content":{"rendered":"<p>Pour toute question concernant :<\/p>\n<ul>\n<li>la formation DNL<\/li>\n<li>la certification compl\u00e9mentaire DNL<\/li>\n<li>l&rsquo;implantation de dispositifs enrichis en LVE (DNL en coll\u00e8ge, SELO en lyc\u00e9e)<\/li>\n<li>l&rsquo;\u00e9valuation en SELO<\/li>\n<\/ul>\n<p>B\u00e9atrice Mecqinion &#8211; IA-IPR d&rsquo;espagnol &#8211; coordonnatrice DNL pour l&rsquo;acad\u00e9mie de Nice &#8211; r\u00e9f\u00e9rente DNL pour l&rsquo;espagnol<\/p>\n<p>beatrice.mecqinion@ac-nice.fr\u00a0\u00a0\u00a0\u00a0\u00a0\u00a0 06 03 80 58 90<\/p>\n<p>Ari Bouaniche &#8211; IA-IPR d&rsquo;anglais &#8211; r\u00e9f\u00e9rent DNL pour l&rsquo;anglais<\/p>\n<p>ari.bouaniche@ac-nice.fr\u00a0\u00a0\u00a0 06 46 10 91 23<\/p>\n<p>&nbsp;<\/p>\n<p>&nbsp;<\/p>\n<p>&nbsp;<\/p>\n<p>&nbsp;<\/p>\n","protected":false},"excerpt":{"rendered":"<p>Pour toute question concernant : la formation DNL la certification compl\u00e9mentaire DNL l&rsquo;implantation de dispositifs enrichis en LVE (DNL en coll\u00e8ge, SELO en lyc\u00e9e) l&rsquo;\u00e9valuation en SELO B\u00e9atrice Mecqinion &#8211; IA-IPR d&rsquo;espagnol &#8211; coordonnatrice DNL pour l&rsquo;acad\u00e9mie de Nice &#8211; r\u00e9f\u00e9rente DNL pour l&rsquo;espagnol beatrice.mecqinion@ac-nice.fr\u00a0\u00a0\u00a0\u00a0\u00a0\u00a0 06 03 80 58 90 Ari Bouaniche &#8211; IA-IPR d&rsquo;anglais [&hellip;]<\/p>\n","protected":false},"author":248,"featured_media":0,"parent":0,"menu_order":0,"comment_status":"closed","ping_status":"closed","template":"","meta":{"footnotes":""},"class_list":["post-35","page","type-page","status-publish","hentry"],"rttpg_featured_image_url":null,"rttpg_author":{"display_name":"Ari Bouaniche","author_link":"https:\/\/www.pedagogie.ac-nice.fr\/dnl\/author\/portailanglais\/"},"rttpg_comment":0,"rttpg_category":null,"rttpg_excerpt":"Pour toute question concernant : la formation DNL la certification compl\u00e9mentaire DNL l&rsquo;implantation de dispositifs enrichis en LVE (DNL en coll\u00e8ge, SELO en lyc\u00e9e) l&rsquo;\u00e9valuation en SELO B\u00e9atrice Mecqinion &#8211; IA-IPR d&rsquo;espagnol &#8211; coordonnatrice DNL pour l&rsquo;acad\u00e9mie de Nice &#8211; r\u00e9f\u00e9rente DNL pour l&rsquo;espagnol beatrice.mecqinion@ac-nice.fr\u00a0\u00a0\u00a0\u00a0\u00a0\u00a0 06 03 80 58 90 Ari Bouaniche &#8211; IA-IPR d&rsquo;anglais\u2026","post_mailing_queue_ids":[],"_links":{"self":[{"href":"https:\/\/www.pedagogie.ac-nice.fr\/dnl\/wp-json\/wp\/v2\/pages\/35","targetHints":{"allow":["GET"]}}],"collection":[{"href":"https:\/\/www.pedagogie.ac-nice.fr\/dnl\/wp-json\/wp\/v2\/pages"}],"about":[{"href":"https:\/\/www.pedagogie.ac-nice.fr\/dnl\/wp-json\/wp\/v2\/types\/page"}],"author":[{"embeddable":true,"href":"https:\/\/www.pedagogie.ac-nice.fr\/dnl\/wp-json\/wp\/v2\/users\/248"}],"replies":[{"embeddable":true,"href":"https:\/\/www.pedagogie.ac-nice.fr\/dnl\/wp-json\/wp\/v2\/comments?post=35"}],"version-history":[{"count":3,"href":"https:\/\/www.pedagogie.ac-nice.fr\/dnl\/wp-json\/wp\/v2\/pages\/35\/revisions"}],"predecessor-version":[{"id":97,"href":"https:\/\/www.pedagogie.ac-nice.fr\/dnl\/wp-json\/wp\/v2\/pages\/35\/revisions\/97"}],"wp:attachment":[{"href":"https:\/\/www.pedagogie.ac-nice.fr\/dnl\/wp-json\/wp\/v2\/media?parent=35"}],"curies":[{"name":"wp","href":"https:\/\/api.w.org\/{rel}","templated":true}]}}