{"id":2286,"date":"2021-03-25T15:48:38","date_gmt":"2021-03-25T14:48:38","guid":{"rendered":"https:\/\/www.pedagogie.ac-nice.fr\/doc-azur\/?page_id=2286"},"modified":"2025-08-25T10:18:38","modified_gmt":"2025-08-25T08:18:38","slug":"mentions-legales","status":"publish","type":"page","link":"https:\/\/www.pedagogie.ac-nice.fr\/doc-azur\/mentions-legales\/","title":{"rendered":"Mentions l\u00e9gales"},"content":{"rendered":"<p><span style=\"font-family: Verdana, serif;\"><span style=\"font-size: xx-large;\">Mentions l\u00e9gales<\/span><\/span><\/p>\n<p><span style=\"font-family: Times New Roman, serif;\"><span style=\"font-size: large;\"><b>Informations \u00e9ditoriales<\/b><\/span><\/span><\/p>\n<p><span style=\"font-family: Verdana, serif;\">Rectorat de l\u2019acad\u00e9mie de Nice<\/span><\/p>\n<p><span style=\"font-family: Verdana, serif;\">53 avenue Cap de Croix<\/span><\/p>\n<p><span style=\"font-family: Verdana, serif;\">06181 Nice cedex 2 <\/span><\/p>\n<p><span style=\"font-family: Verdana, serif;\">T\u00e9l\u00e9phone 04 93 53 70 70<\/span><\/p>\n<p><span style=\"font-family: Verdana, serif;\">T\u00e9l\u00e9copie 04 93 53 70 83<\/span><\/p>\n<p>&nbsp;<\/p>\n<p><span style=\"font-family: Verdana, serif;\">Direction de la publication :<\/span><\/p>\n<p><span style=\"color: #000000;\"><span style=\"font-family: Verdana, serif;\"><i>Natacha CHICOT<br \/>\n<\/i><\/span><\/span><\/p>\n<p><span style=\"color: #000000;\"><span style=\"font-family: Verdana, serif;\"><i>Rectrice de l&rsquo;acad\u00e9mie de Nice<\/i><\/span><\/span><\/p>\n<p><span style=\"font-family: Verdana, serif;\">Responsable(s) de la publication&nbsp;:<\/span><\/p>\n<p><span style=\"color: #000000;\"><span style=\"font-family: Verdana, serif;\"><i>Sylvie MEISSE, Abdelhafid ADNANI &amp; Laurent CACCIAGUERRA<br \/>\n<\/i><\/span><\/span><\/p>\n<p><span style=\"color: #000000;\"><span style=\"font-family: Verdana, serif;\"><i>IA IPR EVS<\/i><\/span><\/span><\/p>\n<p><span style=\"color: #000000;\"><span style=\"font-family: Verdana, serif;\"><i>Rectorat de l&rsquo;acad\u00e9mie de Nice<\/i><\/span><\/span><\/p>\n<p><span style=\"font-family: Verdana, serif;\">Webmestre : <\/span><\/p>\n<p><span style=\"color: #000000;\"><span style=\"font-family: Verdana, serif;\"><i>Jean-Marie FRIZZOLE<br \/>\n<\/i><\/span><\/span><\/p>\n<p><span style=\"font-family: Verdana, serif;\">Prestataire de service&nbsp;:<\/span><\/p>\n<p><span style=\"font-family: Verdana, serif;\">Direction des Syst\u00e8mes d&rsquo;Information (DSI) <\/span><\/p>\n<p><span style=\"font-family: Verdana, serif;\">Rectorat de l\u2019acad\u00e9mie de Nice<\/span><\/p>\n<p><span style=\"font-family: Verdana, serif;\">53 avenue Cap de Croix<\/span><\/p>\n<p><span style=\"font-family: Verdana, serif;\">06181 Nice cedex 2 <\/span><\/p>\n<p><span style=\"font-family: Times New Roman, serif;\"><span style=\"font-size: medium;\"><span style=\"font-size: large;\"><b>Droits d&rsquo;auteur et droits de reproduction du contenu mis en ligne<\/b><\/span> <\/span><\/span><\/p>\n<p class=\"western\">Depuis la publication de l\u2019ordonnance n\u00b0&nbsp;2005-650 du 6 juin 2005 relative \u00e0 la libert\u00e9 d\u2019acc\u00e8s aux documents administratifs et \u00e0 la r\u00e9utilisation des informations publiques, ces informations peuvent \u00eatre r\u00e9utilis\u00e9es \u00e0 d\u2019autres fins que celles pour lesquelles elles ont \u00e9t\u00e9 produites, et particuli\u00e8rement les informations faisant l\u2019objet d\u2019une diffusion publique. Les documents publics ou officiels ne sont couverts par aucun droit d\u2019auteur et peuvent donc \u00eatre reproduits librement.<\/p>\n<p class=\"western\">Le graphisme, l\u2019iconographie ainsi que le contenu \u00e9ditorial (tels que les articles, les images, les photographies, les logos, les chartes graphiques, sans que cette liste ne soit exhaustive) demeurent la propri\u00e9t\u00e9 de l\u2019Acad\u00e9mie de Nice ou des propri\u00e9taires dont l\u2019acad\u00e9mie a re\u00e7u l\u2019autorisation de repr\u00e9sentation, et, \u00e0 ce titre, font l\u2019objet des protections pr\u00e9vues par le Code de la propri\u00e9t\u00e9 intellectuelle. Les pr\u00e9sentes conditions d\u2019utilisation n\u2019emportent aucune cession d\u2019aucune sorte de droits de propri\u00e9t\u00e9 intellectuelle sur ces \u00e9l\u00e9ments, toute repr\u00e9sentation totale ou partielle sans l\u2019autorisation expresse de l\u2019\u00e9diteur du site, est interdite.<\/p>\n<p>&nbsp;<\/p>\n<p><span style=\"font-family: Times New Roman, serif;\"><span style=\"font-size: medium;\"><span style=\"font-size: large;\"><b>Cr\u00e9dits photographiques et vid\u00e9os<\/b><\/span><\/span><\/span><\/p>\n<p class=\"western\">Sauf mention contraire, l\u2019Acad\u00e9mie de Nice est titulaire des droits relatifs \u00e0 la propri\u00e9t\u00e9 intellectuelle des photographies et vid\u00e9os figurant sur l&rsquo;ensemble du site.<\/p>\n<p class=\"western\"><span style=\"font-family: Times New Roman, serif;\"><span style=\"font-size: large;\"><b>Liens hypertextes pointant vers Doc@zur<\/b><\/span><\/span><\/p>\n<p class=\"western\">La mise en place de liens hypertextes pointant vers les pages du site, est autoris\u00e9e , sous r\u00e9serve de mentionner la source qui pointera gr\u00e2ce \u00e0 un lien hypertexte directement sur le contenu vis\u00e9.<br \/>\nPour les sites Internet, la reproduction, apr\u00e8s autorisation, d\u2019un contenu doit mentionner tr\u00e8s clairement l\u2019origine du document sous forme d\u2019une adresse internet&nbsp;: Doc@zur<br \/>\nIl conviendra en outre d\u2019ajouter en bas de chaque page, la mention \u00ab\u00a0Droits r\u00e9serv\u00e9s\u00a0\u00bb.<br \/>\nLa mise en place de liens pointant directement sur le document souhait\u00e9 devra \u00eatre privil\u00e9gi\u00e9e par rapport \u00e0 la reproduction de contenus.<br \/>\nLes sites qui font le choix de pointer vers <span style=\"color: #0563c1;\"><u><a href=\"mailto:Doc@zur\">Doc@zur<\/a><\/u><\/span> engagent leur responsabilit\u00e9 d\u00e8s lors qu\u2019ils porteraient atteinte \u00e0 l\u2019image du site public.<\/p>\n<p><span style=\"font-family: Times New Roman, serif;\"><span style=\"font-size: large;\"><b>Liens hypertextes pointant vers des sites externes<\/b><\/span><\/span><\/p>\n<p class=\"western\"><span style=\"font-size: medium;\">Le sit<\/span><span style=\"font-size: medium;\">e <\/span><span style=\"color: #0563c1;\"><u><a href=\"mailto:Doc@zur\"><span style=\"font-size: medium;\">Doc@zur<\/span><\/a><\/u><\/span> <span style=\"font-size: medium;\">propose de nombreux liens vers d&rsquo;autres sites, essentiellement des sites officiels (institutions, organismes publics, etc.) mais aussi vers des sites, fran\u00e7ais ou \u00e9trangers, d&rsquo;associations, d&rsquo;organismes professionnels du secteur \u00e9ducatif ou d&rsquo;entreprises partenaires sur des op\u00e9rations ponctuelles.<\/span><\/p>\n<p class=\"western\"><span style=\"font-size: medium;\">Il est pr\u00e9cis\u00e9 vers quel site nous vous proposons d&rsquo;aller. Ces pages, dont les adresses sont r\u00e9guli\u00e8rement v\u00e9rifi\u00e9es, ne font pas partie du site de l\u2019Acad\u00e9mie de Nice<\/span><i> <\/i><span style=\"font-size: medium;\">: elles n&rsquo;engagent pas la responsabilit\u00e9 de la r\u00e9daction du site qui ne peut \u00eatre tenue pour responsable des contenus vers lesquels ces liens pointent. Ils ne visent qu&rsquo;\u00e0 permettre \u00e0 l&rsquo;internaute d&rsquo;acc\u00e9der plus facilement \u00e0 d&rsquo;autres ressources documentaires sur le sujet consult\u00e9.<\/span><\/p>\n<p class=\"western\"><span style=\"font-family: Times New Roman, serif;\"><span style=\"font-size: large;\"><b>Accessibilit\u00e9 du site<\/b><\/span><\/span><\/p>\n<p class=\"western\"><span style=\"font-size: medium;\">Un soin tout particulier est pris pour rendre ce site internet le plus accessible possible, et tout particuli\u00e8rement aux personnes ayant un handicap visuel. Les pages sont mises progressivement en conformit\u00e9 avec les recommandations du r\u00e9f\u00e9rentiel commun des crit\u00e8res d&rsquo;accessibilit\u00e9 des services Internet de l&rsquo;administration fran\u00e7aise pour respecter la loi n\u00b02005-102 du 11 f\u00e9vrier 2005 pour l&rsquo;\u00e9galit\u00e9 des droits et des chances, la participation et la citoyennet\u00e9 des personnes handicap\u00e9es<\/span><\/p>\n<p><span style=\"font-family: Verdana, serif;\"><span style=\"font-size: xx-large;\">Donn\u00e9es personnelles et cookies<\/span><\/span><\/p>\n<p><span style=\"font-family: Times New Roman, serif;\"><span style=\"font-size: large;\"><b>Protection et traitement de donn\u00e9es \u00e0 caract\u00e8re personnel<\/b><\/span><\/span><\/p>\n<p class=\"western\"><span style=\"color: #000000;\"><span style=\"font-size: medium;\">Le site <\/span><\/span><span style=\"color: #0563c1;\"><u><a href=\"mailto:Doc@zur\"><span style=\"color: #000000;\"><span style=\"font-size: medium;\">Doc@zur<\/span><\/span><\/a><\/u><\/span><span style=\"color: #000000;\"><span style=\"font-size: medium;\"> c<\/span><\/span><span style=\"font-size: medium;\">onstitue un traitement de donn\u00e9es \u00e0 caract\u00e8re personnel mis en \u0153uvre par le recteur de l\u2019Acad\u00e9mie de Nice pour l\u2019ex\u00e9cution d\u2019une mission d\u2019int\u00e9r\u00eat public au sens du e) de l\u2019article 6 du r\u00e8glement g\u00e9n\u00e9ral (UE) 2016\/679 du Parlement europ\u00e9en et du Conseil du 27 avril 2016 sur la protection des donn\u00e9es (RGPD).<\/span><\/p>\n<p class=\"western\"><span style=\"color: #000000;\"><span style=\"font-size: medium;\">L&rsquo;\u00e9quipe du site <\/span><\/span><span style=\"color: #0563c1;\"><u><a href=\"mailto:Doc@zur\"><span style=\"color: #000000;\"><span style=\"font-size: medium;\">Doc@zur<\/span><\/span><\/a><\/u><\/span> <span style=\"font-size: medium;\">est tr\u00e8s attentive \u00e0 la protection des donn\u00e9es \u00e0 caract\u00e8re personnel et s&rsquo;engage \u00e0 ce que la collecte et le traitement de vos donn\u00e9es, effectu\u00e9s \u00e0 partir de ce site, soient conformes&nbsp;:<\/span><\/p>\n<p class=\"western\"><span style=\"font-size: medium;\">\u00e0 la <\/span><span style=\"color: #0563c1;\"><u><a href=\"https:\/\/www.cnil.fr\/fr\/loi-78-17-du-6-janvier-1978-modifiee\" target=\"Loi n\u00b0 78-17 du 6 janvier 1978 modifi\u00e9e, relative \u00e0 l'informatique, aux fichiers et aux libert\u00e9s (nouvelle fen\u00eatre vers L\u00e9gifrance)\" rel=\"noopener\"><span style=\"font-family: Times New Roman, serif;\"><span style=\"font-size: medium;\">loi n\u00b0 78-17 du 6 janvier 1978 modifi\u00e9e, relative \u00e0 l&rsquo;informatique, aux fichiers et aux libert\u00e9s<\/span><\/span><\/a><\/u><\/span><\/p>\n<p class=\"western\"><span style=\"font-size: medium;\">au \u00ab\u00a0<\/span><span style=\"color: #0563c1;\"><u><a href=\"https:\/\/www.cnil.fr\/fr\/reglement-europeen-protection-donnees\" target=\"_blank\" rel=\"noopener\"><span style=\"font-family: Times New Roman, serif;\"><span style=\"font-size: medium;\">R\u00e8glement g\u00e9n\u00e9ral sur la protection des donn\u00e9es<\/span><\/span><\/a><\/u><\/span><span style=\"font-size: medium;\">\u00a0\u00bb (RGPD)<\/span><\/p>\n<p class=\"western\"><span style=\"font-size: medium;\">Les donn\u00e9es statistiques recueillies sont utilis\u00e9es pour nous permettre d\u2019enrichir le parcours des internautes, fournir une meilleure information et ainsi participer \u00e0 l&rsquo;am\u00e9lioration de notre mission de service public.<\/span><\/p>\n<p class=\"western\"><span style=\"font-size: medium;\">Les agents habilit\u00e9s de la DANE<\/span> <span style=\"font-size: medium;\">de l\u2019acad\u00e9mie, dans le cadre de leurs attributions et dans la limite de leurs besoins, sont destinataires des informations et donn\u00e9es \u00e0 caract\u00e8re personnel contenues dans le traitement. Les internautes ont quant \u00e0 eux acc\u00e8s \u00e0 l\u2019ensemble des donn\u00e9es \u00e0 caract\u00e8re personnel qui peuvent \u00eatre publi\u00e9es sur le nom Doc@zur<\/span><\/p>\n<p class=\"western\"><span style=\"font-size: medium;\">Chaque service en ligne auquel donne acc\u00e8s le <\/span><span style=\"color: #000000;\"><span style=\"font-size: medium;\">site Doc@zur<\/span><\/span><span style=\"font-size: medium;\"> comporte lui-m\u00eame un volet relatif \u00e0 la protection des donn\u00e9es personnelles auquel les personnes concern\u00e9es peuvent se r\u00e9f\u00e9rer<\/span>.<\/p>\n<h3 class=\"western\"><span style=\"font-family: Times New Roman, serif;\"><span style=\"font-size: large;\">A propos des cookies<\/span><\/span><\/h3>\n<p class=\"western\">Un cookie (ou \u00ab\u00a0traceur\u00a0\u00bb) est un fichier texte d\u00e9pos\u00e9 sur votre ordinateur lors de la visite d&rsquo;un site. Il permet de conserver des donn\u00e9es utilisateur afin de faciliter votre navigation et de vous offrir certaines fonctionnalit\u00e9s. Les cookies et les adresses IP des internautes, collect\u00e9s \u00e0 des fins statistiques, sont conserv\u00e9s pendant treize mois, puis sont supprim\u00e9es. Sur <span style=\"color: #0563c1;\"><u><a href=\"mailto:Doc@zur\">Doc@zur<\/a><\/u><\/span>, nous utilisons des cookies afin de mesurer la fr\u00e9quentation du site ainsi que vous pour proposer des vid\u00e9os, des boutons de partage des contenus, des remont\u00e9es de contenus issus de plateformes sociales et des contenus interactifs.<\/p>\n<p class=\"western\">Il convient de distinguer les cookies que nous \u00e9mettons sur <span style=\"color: #0563c1;\"><u><a href=\"mailto:Doc@zur\">Doc@zur<\/a><\/u><\/span> our le bon fonctionnement du site de ceux \u00e9mis par des tiers. En cas de refus des cookies n\u00e9cessaires au bon fonctionnement du site, ou de l&rsquo;effacement de ceux-ci, nous vous informons que vous ne pourrez plus b\u00e9n\u00e9ficier d&rsquo;un certain nombre de fonctionnalit\u00e9s qui sont n\u00e9anmoins n\u00e9cessaires pour naviguer dans certains espaces de ce site web. Nous d\u00e9clinerons toute responsabilit\u00e9 quant \u00e0 ce fonctionnement d\u00e9grad\u00e9.<\/p>\n<p class=\"western\">Des cookies peuvent \u00eatre \u00e9mis sur le site <span style=\"color: #0563c1;\"><u><a href=\"mailto:Doc@zur\">Doc@zur<\/a><\/u><\/span> via des applications de tiers. C&rsquo;est le cas par exemple pour les cookies de r\u00e9seaux sociaux. En effet, certaines fonctionnalit\u00e9s propos\u00e9es sur le site (lecteurs vid\u00e9os, contenus interactifs, affichage de contenus issus de plateformes sociales, etc.) font appel \u00e0 des services de tiers. Ces fonctionnalit\u00e9s d\u00e9posent des cookies permettant aux tiers d\u2019identifier les sites que vous consultez et les contenus auxquels vous vous int\u00e9ressez. Nous vous informons que nous n&rsquo;exer\u00e7ons pas de contr\u00f4le sur l&rsquo;utilisation par les tiers des informations recueillies mais vous invitons \u00e0 consulter les politiques de protection de la vie priv\u00e9e de ces tiers.<\/p>\n<p><span style=\"font-family: Times New Roman, serif;\"><span style=\"font-size: medium;\"><i>Prendre connaissance des finalit\u00e9s et modalit\u00e9s de traitement de vos donn\u00e9es par les tiers, vos droits et les modalit\u00e9s d\u2019exercice de ces derniers&nbsp;:<\/i><\/span><\/span><\/p>\n<ul>\n<li>\n<p class=\"western\"><b><span lang=\"en-US\">Contenus interactifs<\/span><\/b><span lang=\"en-US\">&nbsp;: <\/span><span style=\"color: #0563c1;\"><u><a href=\"https:\/\/www.google.fr\/intl\/fr\/policies\/privacy\/\" target=\"_blank\" rel=\"noopener\"><span lang=\"en-US\">YouTube<\/span><\/a><\/u><\/span><span lang=\"en-US\">, <\/span><span style=\"color: #0563c1;\"><u><a href=\"http:\/\/www.dailymotion.com\/legal\/privacy\" target=\"_blank\" rel=\"noopener\"><span lang=\"en-US\">Dailymotion<\/span><\/a><\/u><\/span><span lang=\"en-US\">, <\/span><span style=\"color: #0563c1;\"><u><a href=\"https:\/\/www.wibbitz.com\/privacy-policy\/\" target=\"_blank\" rel=\"noopener\"><span lang=\"en-US\">Wibbitz<\/span><\/a><\/u><\/span><span lang=\"en-US\">, <\/span><span style=\"color: #0563c1;\"><u><a href=\"https:\/\/policies.google.com\/privacy?hl=fr\" target=\"_blank\" rel=\"noopener\"><span lang=\"en-US\">Google Maps<\/span><\/a><\/u><\/span><span lang=\"en-US\">, <\/span><span style=\"color: #0563c1;\"><u><a href=\"https:\/\/wiki.osmfoundation.org\/wiki\/Privacy_Policy\" target=\"_blank\" rel=\"noopener\"><span lang=\"en-US\">OpenStreetMap<\/span><\/a><\/u><\/span><span lang=\"en-US\">, <\/span><span style=\"color: #0563c1;\"><u><a href=\"https:\/\/www.thinglink.com\/terms\" target=\"_blank\" rel=\"noopener\"><span lang=\"en-US\">Thinglink<\/span><\/a><\/u><\/span><span lang=\"en-US\">, <\/span><span style=\"color: #0563c1;\"><u><a href=\"https:\/\/knightlab.northwestern.edu\/\" target=\"_blank\" rel=\"noopener\"><span lang=\"en-US\">Timeline JS<\/span><\/a><\/u><\/span><span lang=\"en-US\">, <\/span><span style=\"color: #0563c1;\"><u><a href=\"https:\/\/knightlab.northwestern.edu\/\" target=\"_blank\" rel=\"noopener\"><span lang=\"en-US\">JuxtaposeJS<\/span><\/a><\/u><\/span><span lang=\"en-US\">, <\/span><span style=\"color: #0563c1;\"><u><a href=\"https:\/\/stackla.com\/privacy-policy\/\" target=\"_blank\" rel=\"noopener\"><span lang=\"en-US\">Stackla<\/span><\/a><\/u><\/span><span lang=\"en-US\">, <\/span><span style=\"color: #0563c1;\"><u><a href=\"https:\/\/openagenda.zendesk.com\/hc\/fr\/articles\/360003182014\" target=\"_blank\" rel=\"noopener\"><span lang=\"en-US\">Openagenda<\/span><\/a><\/u><\/span><span lang=\"en-US\">, <\/span><span style=\"color: #0563c1;\"><u><a href=\"https:\/\/www.adyoulike.com\/privacy_policy.php\" target=\"_blank\" rel=\"noopener\"><span lang=\"en-US\">Adyoulike<\/span><\/a><\/u><\/span><span lang=\"en-US\">, <\/span><span style=\"color: #0563c1;\"><u><a href=\"https:\/\/infogram.com\/fr\/privacy\" target=\"_blank\" rel=\"noopener\"><span lang=\"en-US\">Infogram<\/span><\/a><\/u><\/span><\/p>\n<\/li>\n<li>\n<p class=\"western\"><b>R\u00e9seaux sociaux<\/b>&nbsp;: <span style=\"color: #0563c1;\"><u><a href=\"https:\/\/www.facebook.com\/help\/cookies\/\" target=\"_blank\" rel=\"noopener\">Facebook<\/a><\/u><\/span>, <span style=\"color: #0563c1;\"><u><a href=\"https:\/\/support.twitter.com\/articles\/20170514\" target=\"_blank\" rel=\"noopener\">Twitter<\/a><\/u><\/span>, <span style=\"color: #0563c1;\"><u><a href=\"https:\/\/help.instagram.com\/1896641480634370\" target=\"_blank\" rel=\"noopener\">Instagram<\/a><\/u><\/span>, <span style=\"color: #0563c1;\"><u><a href=\"https:\/\/policies.oath.com\/ie\/fr\/oath\/privacy\/products\/flickr\/index.html\" target=\"_blank\" rel=\"noopener\">Flickr<\/a><\/u><\/span><\/p>\n<\/li>\n<\/ul>\n<p><span style=\"font-family: Times New Roman, serif;\"><span style=\"font-size: medium;\">Sur le site <a href=\"mailto:Doc@zur\">Doc@zur<\/a> vous avez la possibilit\u00e9 de choisir \u00e0 tout moment d&rsquo;activer ou de d\u00e9sactiver les cookies suivants&nbsp;:<\/span><\/span><\/p>\n<ul>\n<li>\n<p class=\"western\"><b>Boutons de partage<\/b>&nbsp;: le site <span style=\"color: #0563c1;\"><u><a href=\"mailto:Doc@zur\">Doc@zur<\/a><\/u><\/span> vous permet de partager facilement des contenus du site aupr\u00e8s de vos contacts et sur les r\u00e9seaux sociaux (Facebook, Twitter, etc.).<\/p>\n<\/li>\n<\/ul>\n<p><span style=\"font-family: Times New Roman, serif;\"><span style=\"font-size: medium;\"><a><span style=\"color: #0563c1;\"><span style=\"color: #000000;\"><i>G\u00e9rer mes cookies sur le sit<\/i><\/span><\/span><span style=\"color: #0563c1;\"><u><i>e<\/i><\/u><\/span><\/a><i> Doc@zur<\/i><\/span><\/span><\/p>\n<p class=\"western\"><b>Au niveau de votre navigateur internet, vous avez \u00e9galement la possibilit\u00e9 de choisir \u00e0 tout moment de d\u00e9sactiver tout ou partie des cookies g\u00e9n\u00e9r\u00e9s lors de votre consultation du site Doc@zur<\/b>, m\u00eame ceux n\u00e9cessaires au fonctionnement du site (vous ne pourrez alors plus disposer de toutes le fonctionnalit\u00e9s du site). Voici les proc\u00e9dures \u00e0 suivre pour g\u00e9rer les cookies au niveau de votre navigateur&nbsp;:<\/p>\n<p><span style=\"font-family: Times New Roman, serif;\"><span style=\"font-size: medium;\"><span style=\"color: #0563c1;\"><u><a href=\"https:\/\/support.mozilla.org\/fr\/kb\/activer-desactiver-cookies-preferences?redirectlocale=fr&amp;redirectslug=activer-desactiver-cookies\" target=\"Activer et d\u00e9sactiver les cookies que les sites internet utilisent pour conna\u00eetre vos pr\u00e9f\u00e9rences (nouvelle fen\u00eatre vers Firefox)\" rel=\"noopener\">Firefox<\/a><\/u><\/span><br \/>\n<span style=\"color: #0563c1;\"><u><a href=\"https:\/\/support.google.com\/chrome\/answer\/95647?hl=fr\" target=\"Supprimer, autoriser et g\u00e9rer les cookies dans Chrome (nouvelle fen\u00eatre vers Google)\" rel=\"noopener\">Chrome<\/a><\/u><\/span><br \/>\n<span style=\"color: #0563c1;\"><u><a>Explorer<\/a><\/u><\/span><br \/>\n<span style=\"color: #0563c1;\"><u><a href=\"https:\/\/support.apple.com\/kb\/PH17191?locale=en_US&amp;viewlocale=fr_FR\" target=\"G\u00e9rer les cookies et autres donn\u00e9es de sites web (nouvelle fen\u00eatre vers Safari)\" rel=\"noopener\">Safari<\/a><\/u><\/span><br \/>\n<span style=\"color: #0563c1;\"><u><a href=\"https:\/\/www.opera.com\/help\/tutorials\/security\/privacy\/\" target=\"S\u00e9curit\u00e9 et vie priv\u00e9e avec Op\u00e9ra (nouvelle fen\u00eatre vers Op\u00e9ra)\" rel=\"noopener\">Opera<\/a><\/u><\/span><\/span><\/span><\/p>\n<h3 class=\"western\"><span style=\"font-family: Times New Roman, serif;\"><span style=\"font-size: large;\">Exercer vos droits<\/span><\/span><\/h3>\n<p class=\"western\">Vous pouvez acc\u00e9der aux donn\u00e9es vous concernant et exercer vos droits d\u2019acc\u00e8s, de rectification, de&nbsp; limitation, d\u2019opposition que vous tenez des articles 15, 16, 18 et 21 du RGPD, par courriel aupr\u00e8s de la DANE de Nice.<\/p>\n<p>De la m\u00eame mani\u00e8re, vous pouvez exercer les droits pr\u00e9vus \u00e0 l\u2019article 106 de la loi n\u00b0 78-17 du 6 janvier 1978 relative \u00e0 l\u2019informatique, aux fichiers et aux libert\u00e9s.<\/p>\n<p class=\"western\">Pour toute question sur le traitement de vos donn\u00e9es dans ce dispositif, vous pouvez contacter le d\u00e9l\u00e9gu\u00e9 \u00e0 la protection des donn\u00e9es (DPD) via le <span style=\"color: #0563c1;\"><u><a href=\"https:\/\/www.ac-nice.fr\/contacter\/category\/saisir-le-delegue-la-protection-des-donnees-personnelles-dpd\">formulaire \u00ab\u00a0Contacter le d\u00e9l\u00e9gu\u00e9 \u00e0 la protection des donn\u00e9es (DPD)\u00a0\u00bb<\/a><\/u><\/span> ou par courrier&nbsp;:<\/p>\n<p class=\"western\">Rectorat de l&rsquo;acad\u00e9mie de Nice<\/p>\n<p class=\"western\">\u00c0 l&rsquo;attention du d\u00e9l\u00e9gu\u00e9 \u00e0 la protection des donn\u00e9es (DPD)<\/p>\n<p class=\"western\">53 avenue Cap. de Croix<\/p>\n<p class=\"western\">06181 Nice Cedex 2<\/p>\n<p>Si vous estimez, apr\u00e8s nous avoir contact\u00e9s, que vos droits ne sont pas respect\u00e9s ou que ce dispositif n\u2019est pas conforme aux r\u00e8gles de protection des donn\u00e9es, vous pouvez adresser une r\u00e9clamation aupr\u00e8s de la Commission nationale de l\u2019informatique et des libert\u00e9s (CNIL) via leur <span style=\"color: #0563c1;\"><u><a href=\"https:\/\/www.cnil.fr\/fr\/vous-souhaitez-contacter-la-cnil\" target=\"Espace de contact de la CNIL\" rel=\"noopener\">espace de contact<\/a><\/u><\/span>.<\/p>\n","protected":false},"excerpt":{"rendered":"<p>Mentions l\u00e9gales Informations \u00e9ditoriales Rectorat de l\u2019acad\u00e9mie de Nice 53 avenue Cap de Croix 06181 Nice cedex 2 T\u00e9l\u00e9phone 04 93 53 70 70 T\u00e9l\u00e9copie 04 93 53 70 83 &nbsp; Direction de la publication : Natacha CHICOT Rectrice de l&rsquo;acad\u00e9mie de Nice Responsable(s) de la publication&nbsp;: Sylvie MEISSE, Abdelhafid [&hellip;]<\/p>\n","protected":false},"author":237,"featured_media":0,"parent":0,"menu_order":0,"comment_status":"closed","ping_status":"closed","template":"","meta":{"ngg_post_thumbnail":0,"footnotes":""},"class_list":["post-2286","page","type-page","status-publish","hentry"],"rttpg_featured_image_url":null,"rttpg_author":{"display_name":"docazur","author_link":"https:\/\/www.pedagogie.ac-nice.fr\/doc-azur\/author\/docazur\/"},"rttpg_comment":0,"rttpg_category":null,"rttpg_excerpt":"Mentions l\u00e9gales Informations \u00e9ditoriales Rectorat de l\u2019acad\u00e9mie de Nice 53 avenue Cap de Croix 06181 Nice cedex 2 T\u00e9l\u00e9phone 04 93 53 70 70 T\u00e9l\u00e9copie 04 93 53 70 83 &nbsp; Direction de la publication : Natacha CHICOT Rectrice de l&rsquo;acad\u00e9mie de Nice Responsable(s) de la publication&nbsp;: Sylvie MEISSE, Abdelhafid [&hellip;]","post_mailing_queue_ids":[],"_links":{"self":[{"href":"https:\/\/www.pedagogie.ac-nice.fr\/doc-azur\/wp-json\/wp\/v2\/pages\/2286","targetHints":{"allow":["GET"]}}],"collection":[{"href":"https:\/\/www.pedagogie.ac-nice.fr\/doc-azur\/wp-json\/wp\/v2\/pages"}],"about":[{"href":"https:\/\/www.pedagogie.ac-nice.fr\/doc-azur\/wp-json\/wp\/v2\/types\/page"}],"author":[{"embeddable":true,"href":"https:\/\/www.pedagogie.ac-nice.fr\/doc-azur\/wp-json\/wp\/v2\/users\/237"}],"replies":[{"embeddable":true,"href":"https:\/\/www.pedagogie.ac-nice.fr\/doc-azur\/wp-json\/wp\/v2\/comments?post=2286"}],"version-history":[{"count":6,"href":"https:\/\/www.pedagogie.ac-nice.fr\/doc-azur\/wp-json\/wp\/v2\/pages\/2286\/revisions"}],"predecessor-version":[{"id":5503,"href":"https:\/\/www.pedagogie.ac-nice.fr\/doc-azur\/wp-json\/wp\/v2\/pages\/2286\/revisions\/5503"}],"wp:attachment":[{"href":"https:\/\/www.pedagogie.ac-nice.fr\/doc-azur\/wp-json\/wp\/v2\/media?parent=2286"}],"curies":[{"name":"wp","href":"https:\/\/api.w.org\/{rel}","templated":true}]}}