{"id":34,"date":"2020-07-16T13:33:52","date_gmt":"2020-07-16T11:33:52","guid":{"rendered":"http:\/\/www.pedagogie.ac-nice.fr\/doc-azur\/?page_id=34"},"modified":"2020-07-28T15:49:33","modified_gmt":"2020-07-28T13:49:33","slug":"se-former","status":"publish","type":"page","link":"https:\/\/www.pedagogie.ac-nice.fr\/doc-azur\/se-former\/","title":{"rendered":"2. SE FORMER"},"content":{"rendered":"<table style=\"width: 100%;\" width=\"100%\" cellspacing=\"0\" cellpadding=\"4\">\n<tbody>\n<tr valign=\"top\">\n<td style=\"border-color: #000000 currentcolor #000000 #000000; border-style: solid none solid solid; border-width: 1px medium 1px 1px; padding: 0.1cm 0cm 0.1cm 0.1cm; width: 14%;\" width=\"14%\"><span style=\"font-size: 10pt;\"><img loading=\"lazy\" decoding=\"async\" class=\"alignnone\" src=\"https:\/\/www.pedagogie.ac-nice.fr\/doc-azur\/wp-content\/uploads\/sites\/40\/2020\/07\/LogoUniversite.jpg\" width=\"104\" height=\"68\" name=\"Image1\" align=\"left\" border=\"0\" \/><\/span><\/p>\n<p>* <span style=\"font-size: 10pt;\"><a href=\"http:\/\/espe-nice-toulon.fr\/contenus-riches\/documents-telechargeables\/page-daccueil\/depliants-et-flyers\/meef-mention-2nd-degre\/documentation\">Acc\u00e9der au m\u00e9tier &#8211; Le master MEEF Documentation<\/a><br \/>\n<\/span><\/p>\n<p>&nbsp;<\/p>\n<p><span style=\"font-size: 10pt;\">* <a href=\"http:\/\/espe-nice-toulon.fr\/accueil\">Universit\u00e9<\/a><br \/>\n<\/span><\/p>\n<p>&nbsp;<\/p>\n<p><span style=\"font-size: 10pt;\">* <a href=\"https:\/\/www.devenirenseignant.gouv.fr\/cid98450\/les-epreuves-du-capes-externe-et-du-cafep-capes-section-documentation.html\">Le CAPES<\/a><br \/>\n<\/span><\/p>\n<p>&nbsp;<\/p>\n<p><span style=\"font-size: 10pt;\">* <a href=\"http:\/\/espe-nice-toulon.fr\/accueil\">L&rsquo;INSPE<\/a><\/span><\/p>\n<p>&nbsp;<\/p>\n<p><span style=\"font-size: 10pt;\">* La Formation Initiale &#8211; Stagiaires CAPES<br \/>\n<\/span><\/td>\n<td style=\"border-color: #000000 currentcolor #000000 #000000; border-style: solid none solid solid; border-width: 1px medium 1px 1px; padding: 0.1cm 0cm 0.1cm 0.1cm; width: 14%;\" width=\"14%\"><span style=\"font-size: 10pt;\"><img loading=\"lazy\" decoding=\"async\" class=\"alignleft\" src=\"https:\/\/www.pedagogie.ac-nice.fr\/doc-azur\/wp-content\/uploads\/sites\/40\/2020\/07\/LogoNeoTitulaire.jpg\" width=\"102\" height=\"102\" name=\"Image2\" align=\"left\" border=\"0\" \/><\/span><\/p>\n<p><span style=\"font-size: 10pt;\">* La formation initiale T1 et T2<br \/>\n<\/span><\/p>\n<p>&nbsp;<\/p>\n<p><span style=\"font-size: 10pt;\">* <a href=\"http:\/\/cache.media.education.gouv.fr\/file\/SFTLV\/22\/8\/PAF2020-EEO_1303228.pdf\">La formation continue<\/a><br \/>\n<\/span><\/p>\n<p>&nbsp;<\/p>\n<p><span style=\"font-size: 10pt;\">* <a href=\"https:\/\/magistere.education.fr\/\">M@gist\u00e8re<\/a><\/span><\/p>\n<p>&nbsp;<\/p>\n<p><span style=\"font-size: 10pt;\">\u00a0<\/span><\/p>\n<p>&nbsp;<\/td>\n<td style=\"border-color: #000000 currentcolor #000000 #000000; border-style: solid none solid solid; border-width: 1px medium 1px 1px; padding: 0.1cm 0cm 0.1cm 0.1cm; width: 14%;\" width=\"14%\"><span style=\"font-size: 10pt;\"><img loading=\"lazy\" decoding=\"async\" class=\"\" src=\"https:\/\/www.pedagogie.ac-nice.fr\/doc-azur\/wp-content\/uploads\/sites\/40\/2020\/07\/LogoTitulaires.jpg\" width=\"107\" height=\"71\" name=\"Image3\" align=\"left\" border=\"0\" \/><\/span><\/p>\n<p>* <span style=\"font-size: 10pt;\"><a href=\"https:\/\/www.pedagogie.ac-nice.fr\/doc-azur\/2020\/07\/28\/le-plan-academique-de-formation-paf\/\">Le Plan Acad\u00e9mique de Formation PAF<\/a><br \/>\n<\/span><\/p>\n<p>&nbsp;<\/p>\n<p><span style=\"font-size: 10pt;\">* <a href=\"https:\/\/magistere.education.fr\/\">M@gist\u00e8re<\/a><\/span><\/p>\n<p>&nbsp;<\/p>\n<p><span style=\"font-size: 10pt;\">* <a href=\"http:\/\/www.pedagogie.ac-nice.fr\/doc-azur\/2020\/07\/21\/les-webinaires\/\">Les webinaires<\/a><\/span><\/p>\n<p>&nbsp;<\/p>\n<p>* <a href=\"http:\/\/www.pedagogie.ac-nice.fr\/doc-azur\/2020\/07\/21\/les-moocs\/\"><span style=\"font-size: 10pt;\">Les MOOC&rsquo;s &#8211; Massive Open Online Course<\/span><\/a><\/p>\n<p>&nbsp;<\/p>\n<p><span style=\"font-size: 10pt;\">* <a href=\"http:\/\/www.pedagogie.ac-nice.fr\/doc-azur\/2020\/07\/21\/les-colloques\/\">Les colloques<\/a><\/span><\/p>\n<p>&nbsp;<\/p>\n<p><span style=\"font-size: 10pt;\">* <a href=\"https:\/\/urfist.univ-cotedazur.fr\/\">L&rsquo;URFIST<\/a><\/span><\/p>\n<p>&nbsp;<\/p>\n<p><span style=\"font-size: 10pt;\">* <a href=\"http:\/\/www.pedagogie.ac-nice.fr\/doc-azur\/2020\/07\/25\/autoformation-et-pedagolab\/\">Autoformation et PedagoLab<\/a><\/span><\/td>\n<td style=\"border-color: #000000 currentcolor #000000 #000000; border-style: solid none solid solid; border-width: 1px medium 1px 1px; padding: 0.1cm 0cm 0.1cm 0.1cm; width: 14%;\" width=\"14%\"><span style=\"font-size: 10pt;\"><img loading=\"lazy\" decoding=\"async\" class=\"\" src=\"https:\/\/www.pedagogie.ac-nice.fr\/doc-azur\/wp-content\/uploads\/sites\/40\/2020\/07\/LogoOutils.jpg\" width=\"110\" height=\"73\" name=\"Image4\" align=\"left\" border=\"0\" \/><\/span><\/p>\n<p>* <a href=\"http:\/\/www.pedagogie.ac-nice.fr\/doc-azur\/2020\/07\/21\/tice\/\"><span style=\"font-size: 10pt;\">TICE<\/span><\/a><\/p>\n<p>&nbsp;<\/p>\n<p><span style=\"font-size: 10pt;\">* <a href=\"http:\/\/www.pedagogie.ac-nice.fr\/doc-azur\/2020\/07\/21\/pour-creer\/\">Pour cr\u00e9er<\/a><br \/>\n<\/span><\/p>\n<p>&nbsp;<\/p>\n<p><span style=\"font-size: 10pt;\">* <a href=\"http:\/\/www.pedagogie.ac-nice.fr\/doc-azur\/2020\/07\/21\/tutoriels\/\">Tutoriels<\/a><\/span><\/p>\n<p>&nbsp;<\/p>\n<p><span style=\"font-size: 10pt;\">* <a href=\"https:\/\/fr.wikipedia.org\/wiki\/Liste_de_logiciels_libres\">Logiciels libres<\/a><\/span><\/p>\n<p>&nbsp;<\/p>\n<p>* <a href=\"http:\/\/apps.education.fr\/\"><span style=\"font-size: 10pt;\">Apps education.fr<\/span><\/a><\/p>\n<p>&nbsp;<\/p>\n<p><span style=\"font-size: 10pt;\">* <a href=\"https:\/\/eduscol.education.fr\/numerique\/edunum-ressources\">Lettres Edu&rsquo;Num Ressources<\/a><\/span><\/p>\n<p>&nbsp;<\/p>\n<p><span style=\"font-size: 10pt;\">* <a href=\"https:\/\/eduscol.education.fr\/numerique\/edunum-thematique\/\">Lettres Edu&rsquo;Num Th\u00e9matiques<\/a><\/span><\/td>\n<td style=\"border-color: #000000 currentcolor #000000 #000000; border-style: solid none solid solid; border-width: 1px medium 1px 1px; padding: 0.1cm 0cm 0.1cm 0.1cm; width: 14%;\" width=\"14%\"><span style=\"font-size: 10pt;\"><img loading=\"lazy\" decoding=\"async\" class=\"\" src=\"https:\/\/www.pedagogie.ac-nice.fr\/doc-azur\/wp-content\/uploads\/sites\/40\/2020\/07\/LogoPartenairesAcad\u00e9miques.jpg\" width=\"110\" height=\"73\" name=\"Image5\" align=\"left\" border=\"0\" \/><\/span><\/p>\n<p>*<span style=\"font-size: 10pt;\"><a href=\"https:\/\/www.pedagogie.ac-nice.fr\/dane\/\">DANE Nice<\/a><br \/>\n<\/span><\/p>\n<p>&nbsp;<\/p>\n<p><span style=\"font-size: 10pt;\">* <a href=\"http:\/\/www2.ac-nice.fr\/pid29113\/education-aux-medias.html\">CLEMI Nice<\/a><br \/>\n<\/span><\/p>\n<p>&nbsp;<\/p>\n<p><span style=\"font-size: 10pt;\">* <a href=\"http:\/\/www.onisep.fr\/Pres-de-chez-vous\/Provence-Alpes-Cote-d-Azur\/Nice\">ONISEP Nice<\/a><br \/>\n<\/span><\/p>\n<p>&nbsp;<\/p>\n<p><span style=\"font-size: 10pt;\">* <a href=\"http:\/\/www2.ac-nice.fr\/pid29438\/education-art-culture.html\">DAAC Nice<\/a><\/span><\/p>\n<p>&nbsp;<\/p>\n<p><span style=\"font-size: 10pt;\">* <a href=\"http:\/\/web.univ-cotedazur.fr\/\/education\/training?HPLAC18&amp;lang=fr#.XQNEM4_gouU\">Universit\u00e9 de Nice &#8211; Licence Information Communication<\/a><br \/>\n<\/span><\/p>\n<p>&nbsp;<\/p>\n<p><span style=\"font-size: 10pt;\">* <a href=\"http:\/\/espe-nice-toulon.fr\/accueil\/Ressources\/mediatheques\">Centres de Ressources Documentaires INSPE<\/a><\/span><\/p>\n<p>&nbsp;<\/td>\n<td style=\"border-color: #000000 currentcolor #000000 #000000; border-style: solid none solid solid; border-width: 1px medium 1px 1px; padding: 0.1cm 0cm 0.1cm 0.1cm; width: 14%;\" width=\"14%\"><span style=\"font-size: 12pt;\"><img loading=\"lazy\" decoding=\"async\" class=\"\" src=\"https:\/\/www.pedagogie.ac-nice.fr\/doc-azur\/wp-content\/uploads\/sites\/40\/2020\/07\/LogoPartenairesRegionaux.jpg\" width=\"109\" height=\"73\" name=\"Image6\" align=\"left\" border=\"0\" \/><\/span><\/p>\n<p><span style=\"font-size: 10pt;\">* <a href=\"http:\/\/www.cndp.fr\/crdp-aix-marseille\/\">CANOPE PACA<\/a><br \/>\n<\/span><\/p>\n<p>&nbsp;<\/p>\n<p><span style=\"font-size: 10pt;\">* <a href=\"https:\/\/www.culture.gouv.fr\/Regions\/Drac-Provence-Alpes-Cote-d-Azur\">DRAC PACA &#8211; Direction R\u00e9gionale des Affaires Culturelles<\/a><br \/>\n<\/span><\/p>\n<p>&nbsp;<\/p>\n<p><span style=\"font-size: 10pt;\">* <a href=\"https:\/\/crfcb.univ-amu.fr\/\">CRFCB PACA &#8211; Centre R\u00e9gional de Formation aux Carri\u00e8res des Biblioth\u00e8ques<\/a><br \/>\n<\/span><\/p>\n<p>&nbsp;<\/p>\n<p><span style=\"font-size: 10pt;\">* <a href=\"https:\/\/urfist.univ-cotedazur.fr\/\">URFIST PACA &#8211; Unit\u00e9 R\u00e9gionale de Formation \u00e0 l&rsquo;Information Scientifique et Technique<\/a><\/span><\/p>\n<p>&nbsp;<\/td>\n<td style=\"border: 1px solid #000000; padding: 0.1cm; width: 14%;\" width=\"14%\"><span style=\"font-size: 10pt;\"><img loading=\"lazy\" decoding=\"async\" class=\"\" src=\"https:\/\/www.pedagogie.ac-nice.fr\/doc-azur\/wp-content\/uploads\/sites\/40\/2020\/07\/LogoPartenairesNationaux.jpg\" width=\"102\" height=\"102\" name=\"Image7\" align=\"left\" border=\"0\" \/><\/span><\/p>\n<p><span style=\"font-size: 10pt;\">* <a href=\"https:\/\/eduscol.education.fr\/\">Eduscol National<\/a><br \/>\n<\/span><\/p>\n<p>&nbsp;<\/p>\n<p><span style=\"font-size: 10pt;\">* <a href=\"https:\/\/eduscol.education.fr\/cdi\">Eduscol Documentation<\/a><\/span><\/p>\n<p>&nbsp;<\/p>\n<p><span style=\"font-size: 10pt;\">* <sup><a href=\"https:\/\/edubase.eduscol.education.fr\/recherche?q=&amp;discipline[]=Documentation\"><span style=\"font-size: 10pt;\">Edubases Documentation<\/span><\/a><br \/>\n<\/sup><\/span><\/p>\n<p>&nbsp;<\/p>\n<p><span style=\"font-size: 10pt;\">* <a href=\"https:\/\/www.reseau-canope.fr\/\">CANOPE National<\/a><\/span><\/p>\n<p>&nbsp;<\/p>\n<p><span style=\"font-size: 10pt;\">* <a href=\"https:\/\/www.reseau-canope.fr\/savoirscdi\/\">CANOPE Savoirs CDI<\/a><\/span><\/p>\n<p>&nbsp;<\/p>\n<p><span style=\"font-size: 10pt;\">* <a href=\"https:\/\/www.clemi.fr\/\">CLEMI National<\/a><\/span><\/p>\n<p>&nbsp;<\/p>\n<p><span style=\"font-size: 10pt;\">* <a href=\"http:\/\/www.onisep.fr\/\">ONISEP National<\/a><\/span><\/p>\n<p>&nbsp;<\/p>\n<p>* <a href=\"https:\/\/bbf.enssib.fr\/\"><span style=\"font-size: 10pt;\">BBF ENSSIB &#8211; Bulletin des Biblioth\u00e8ques de France<\/span><\/a><\/td>\n<\/tr>\n<\/tbody>\n<\/table>\n<p>&nbsp;<\/p>\n","protected":false},"excerpt":{"rendered":"<p>* Acc\u00e9der au m\u00e9tier &#8211; Le master MEEF Documentation &nbsp; * Universit\u00e9 &nbsp; * Le CAPES &nbsp; * L&rsquo;INSPE &nbsp; * La Formation Initiale &#8211; Stagiaires CAPES * La formation initiale T1 et T2 &nbsp; * La formation continue &nbsp; * M@gist\u00e8re &nbsp; \u00a0 &nbsp; * Le Plan Acad\u00e9mique de [&hellip;]<\/p>\n","protected":false},"author":237,"featured_media":0,"parent":0,"menu_order":0,"comment_status":"closed","ping_status":"closed","template":"","meta":{"ngg_post_thumbnail":0,"footnotes":""},"class_list":["post-34","page","type-page","status-publish","hentry"],"rttpg_featured_image_url":null,"rttpg_author":{"display_name":"docazur","author_link":"https:\/\/www.pedagogie.ac-nice.fr\/doc-azur\/author\/docazur\/"},"rttpg_comment":0,"rttpg_category":null,"rttpg_excerpt":"* Acc\u00e9der au m\u00e9tier &#8211; Le master MEEF Documentation &nbsp; * Universit\u00e9 &nbsp; * Le CAPES &nbsp; * L&rsquo;INSPE &nbsp; * La Formation Initiale &#8211; Stagiaires CAPES * La formation initiale T1 et T2 &nbsp; * La formation continue &nbsp; * M@gist\u00e8re &nbsp; \u00a0 &nbsp; * Le Plan Acad\u00e9mique de [&hellip;]","post_mailing_queue_ids":[],"_links":{"self":[{"href":"https:\/\/www.pedagogie.ac-nice.fr\/doc-azur\/wp-json\/wp\/v2\/pages\/34","targetHints":{"allow":["GET"]}}],"collection":[{"href":"https:\/\/www.pedagogie.ac-nice.fr\/doc-azur\/wp-json\/wp\/v2\/pages"}],"about":[{"href":"https:\/\/www.pedagogie.ac-nice.fr\/doc-azur\/wp-json\/wp\/v2\/types\/page"}],"author":[{"embeddable":true,"href":"https:\/\/www.pedagogie.ac-nice.fr\/doc-azur\/wp-json\/wp\/v2\/users\/237"}],"replies":[{"embeddable":true,"href":"https:\/\/www.pedagogie.ac-nice.fr\/doc-azur\/wp-json\/wp\/v2\/comments?post=34"}],"version-history":[{"count":26,"href":"https:\/\/www.pedagogie.ac-nice.fr\/doc-azur\/wp-json\/wp\/v2\/pages\/34\/revisions"}],"predecessor-version":[{"id":1474,"href":"https:\/\/www.pedagogie.ac-nice.fr\/doc-azur\/wp-json\/wp\/v2\/pages\/34\/revisions\/1474"}],"wp:attachment":[{"href":"https:\/\/www.pedagogie.ac-nice.fr\/doc-azur\/wp-json\/wp\/v2\/media?parent=34"}],"curies":[{"name":"wp","href":"https:\/\/api.w.org\/{rel}","templated":true}]}}