{"id":38,"date":"2020-07-16T13:34:23","date_gmt":"2020-07-16T11:34:23","guid":{"rendered":"http:\/\/www.pedagogie.ac-nice.fr\/doc-azur\/?page_id=38"},"modified":"2020-10-21T09:24:07","modified_gmt":"2020-10-21T07:24:07","slug":"mutualiser","status":"publish","type":"page","link":"https:\/\/www.pedagogie.ac-nice.fr\/doc-azur\/mutualiser\/","title":{"rendered":"4. MUTUALISER"},"content":{"rendered":"<table style=\"width: 100%; border-style: none; border-color: #FFFFFF;\" width=\"100%\" cellspacing=\"0\" cellpadding=\"4\">\n<tbody>\n<tr valign=\"top\">\n<td style=\"border-color: #FFFFFF currentcolor #FFFFFF #FFFFFF; border-style: solid none solid solid; border-width: 1px medium 1px 1px; padding: 0.1cm 0cm 0.1cm 0.1cm; width: 14%; text-align: left;\" width=\"14%\"><span style=\"font-size: 10pt;\"><img loading=\"lazy\" decoding=\"async\" class=\"alignnone\" src=\"https:\/\/www.pedagogie.ac-nice.fr\/doc-azur\/wp-content\/uploads\/sites\/40\/2020\/07\/LesBassinsLogo.jpg\" width=\"109\" height=\"61\" name=\"Image1\" align=\"left\" border=\"0\" \/><\/span><\/p>\n<p>* <span style=\"font-size: 10pt;\"><a href=\"http:\/\/www.pedagogie.ac-nice.fr\/doc-azur\/2020\/07\/23\/compte-rendus-des-bassins\/\">Compte-rendus des bassins<\/a><br \/>\n<\/span><\/p>\n<p>&nbsp;<\/p>\n<p><span style=\"font-size: 10pt;\">* Les pages des bassin :<\/span><\/p>\n<p>&nbsp;<\/p>\n<p><span style=\"font-size: 10pt;\">&#8211; <a href=\"http:\/\/www.pedagogie.ac-nice.fr\/doc-azur\/2020\/07\/24\/bassin-la-seyne-sur-mer\/\">La Seyne sur Mer<\/a><\/span><br \/>\n<span style=\"font-size: 10pt;\">&#8211; <a href=\"http:\/\/www.pedagogie.ac-nice.fr\/doc-azur\/2020\/07\/24\/bassin-brignoles-st-maximin\/\" rel=\"noopener noreferrer\">Brignoles St Max<\/a>.<\/span><br \/>\n<span style=\"font-size: 10pt;\">&#8211; <a href=\"http:\/\/www.pedagogie.ac-nice.fr\/doc-azur\/2020\/07\/24\/bassin-toulon\/\">Toulon<\/a><\/span><br \/>\n<span style=\"font-size: 10pt;\">&#8211; <a href=\"http:\/\/www.pedagogie.ac-nice.fr\/doc-azur\/2020\/07\/24\/bassin-hyeres\/\">Hy\u00e8res<\/a><\/span><br \/>\n<span style=\"font-size: 10pt;\">&#8211; <a href=\"http:\/\/www.pedagogie.ac-nice.fr\/doc-azur\/2020\/07\/24\/bassin-draguignan\/\">Draguignan<\/a><\/span><br \/>\n<span style=\"font-size: 10pt;\">&#8211; <a href=\"http:\/\/www.pedagogie.ac-nice.fr\/doc-azur\/2020\/07\/24\/bassin-frejus-saint-raphael\/\">Fr\u00e9jus St Raph.<\/a><\/span><br \/>\n<span style=\"font-size: 10pt;\">&#8211; <a href=\"http:\/\/www.pedagogie.ac-nice.fr\/doc-azur\/2020\/07\/24\/bassin-cannes-grasse\/\">Cannes Grasse<\/a><\/span><br \/>\n<span style=\"font-size: 10pt;\">&#8211; <a href=\"http:\/\/www.pedagogie.ac-nice.fr\/doc-azur\/2020\/07\/24\/bassin-antibes-valbonne\/\" rel=\"noopener noreferrer\">Antibes Valb.<\/a><\/span><br \/>\n<span style=\"font-size: 10pt;\">&#8211; <a href=\"http:\/\/www.pedagogie.ac-nice.fr\/doc-azur\/2020\/07\/24\/bassin-nice-ouest-cagnes-sur-mer\/\">Nice O Cagnes<\/a><\/span><br \/>\n<span style=\"font-size: 10pt;\">&#8211; <a href=\"http:\/\/www.pedagogie.ac-nice.fr\/doc-azur\/2020\/07\/24\/bassin-nice-3-vallees\/\">Nice 3 Vall\u00e9es<\/a><\/span><br \/>\n<span style=\"font-size: 10pt;\">&#8211; <a href=\"http:\/\/www.pedagogie.ac-nice.fr\/doc-azur\/2020\/07\/24\/bassin-nice-est\/\">Nice Est<\/a><\/span><br \/>\n<span style=\"font-size: 10pt;\">&#8211; <a href=\"http:\/\/www.pedagogie.ac-nice.fr\/doc-azur\/2020\/07\/24\/bassin-menton-roya-bevera\/\">Menton Roya B<\/a><br \/>\n<\/span><\/td>\n<td style=\"border-color: #FFFFFF currentcolor #FFFFFF #FFFFFF; border-style: solid none solid solid; border-width: 1px medium 1px 1px; padding: 0.1cm 0cm 0.1cm 0.1cm; width: 14%; text-align: left;\" width=\"14%\"><span style=\"font-size: 10pt;\"><img loading=\"lazy\" decoding=\"async\" class=\"alignleft\" src=\"https:\/\/www.pedagogie.ac-nice.fr\/doc-azur\/wp-content\/uploads\/sites\/40\/2020\/07\/traam.jpg\" width=\"107\" height=\"71\" name=\"Image2\" align=\"left\" border=\"0\" \/><\/span><\/p>\n<p><span style=\"font-size: 10pt;\">* <a href=\"https:\/\/www.pedagogie.ac-nice.fr\/doc-azur\/category\/traam-documentation\/\"><strong>TRA<\/strong>vaux <strong>A<\/strong>cad\u00e9miques <strong>M<\/strong>utualis\u00e9s Documentation<\/a><br \/>\n<\/span><\/p>\n<p>&nbsp;<\/p>\n<p><span style=\"font-size: 10pt;\">* <a href=\"https:\/\/www.pedagogie.ac-nice.fr\/doc-azur\/category\/traam-emi\/\"><strong>TRA<\/strong>vaux <strong>A<\/strong>cad\u00e9miques <strong>M<\/strong>utualis\u00e9s <strong>E<\/strong>ducation aux <strong>M<\/strong>\u00e9dias et \u00e0 l&rsquo;<strong>I<\/strong>nformation<\/a><br \/>\n<\/span><\/td>\n<td style=\"border-color: #FFFFFF currentcolor #FFFFFF #FFFFFF; border-style: solid none solid solid; border-width: 1px medium 1px 1px; padding: 0.1cm 0cm 0.1cm 0.1cm; width: 14%; text-align: left;\" width=\"14%\"><span style=\"font-size: 10pt;\"><img loading=\"lazy\" decoding=\"async\" class=\"\" src=\"https:\/\/www.pedagogie.ac-nice.fr\/doc-azur\/wp-content\/uploads\/sites\/40\/2020\/07\/EtablissementsLogo.jpg\" width=\"107\" height=\"71\" name=\"Image3\" align=\"left\" border=\"0\" \/><\/span><\/p>\n<p>* <span style=\"font-size: 10pt;\">La page des CDI des coll\u00e8ges<br \/>\n<\/span><\/p>\n<p>&nbsp;<\/p>\n<p><span style=\"font-size: 10pt;\">* La page des CDI des lyc\u00e9es g\u00e9n\u00e9raux et technologiques<br \/>\n<\/span><\/p>\n<p>&nbsp;<\/p>\n<p><span style=\"font-size: 10pt;\">* La page des CDI des lyc\u00e9es professionnels<\/span><\/td>\n<td style=\"border-color: #FFFFFF currentcolor #FFFFFF #FFFFFF; border-style: solid none solid solid; border-width: 1px medium 1px 1px; padding: 0.1cm 0cm 0.1cm 0.1cm; width: 14%; text-align: left;\" width=\"14%\"><span style=\"font-size: 10pt;\"><img loading=\"lazy\" decoding=\"async\" class=\"\" src=\"https:\/\/www.pedagogie.ac-nice.fr\/doc-azur\/wp-content\/uploads\/sites\/40\/2020\/07\/NoticesLogo.jpg\" width=\"110\" height=\"73\" name=\"Image4\" align=\"left\" border=\"0\" \/><\/span><\/p>\n<p>* <span style=\"font-size: 10pt;\"><a href=\"http:\/\/www.moccam-en-ligne.fr\/\">MOCCAM<\/a><br \/>\n<\/span><\/p>\n<p>&nbsp;<\/p>\n<p><span style=\"font-size: 10pt;\">* <a href=\"https:\/\/documentation.onisep.fr\/index.php?lvl=cmspage&amp;pageid=4&amp;id_article=201\">ONISEP<\/a><br \/>\n<\/span><\/p>\n<p>&nbsp;<\/p>\n<p><span style=\"font-size: 10pt;\">* <a href=\"https:\/\/cloud-aca.ac-besancon.fr\/index.php\/s\/aWz94zuKflPCOtU?path=%2FManuels%20scolaires\">Manuels scolaires<\/a><br \/>\n<\/span><\/p>\n<p>&nbsp;<\/p>\n<p><span style=\"font-size: 10pt;\">* Notices mutualis\u00e9es<\/span><\/td>\n<td style=\"border-color: #FFFFFF currentcolor #FFFFFF #FFFFFF; border-style: solid none solid solid; border-width: 1px medium 1px 1px; padding: 0.1cm 0cm 0.1cm 0.1cm; width: 14%; text-align: left;\" width=\"14%\"><span style=\"font-size: 10pt;\"><img loading=\"lazy\" decoding=\"async\" class=\"\" src=\"https:\/\/www.pedagogie.ac-nice.fr\/doc-azur\/wp-content\/uploads\/sites\/40\/2020\/07\/OutilsLogo.jpg\" width=\"110\" height=\"73\" name=\"Image5\" align=\"left\" border=\"0\" \/><\/span><\/p>\n<p>*<a href=\"https:\/\/tribu.phm.education.gouv.fr\/portal\/auth\/pagemarker\/8\/cms\/default-domain\/workspaces\/espace-documentation-nice?scope=__nocache&amp;addToBreadcrumb=0&amp;displayLiveVersion=2&amp;pagePath=%252Ffoad%252F_dyn_QWR2YW5jZWRTZWFyY2g%253D.dGVtcGxhdGVJZDpaR1ZtWVhWc2RBX2VfZV9kZEdWdGNHeGhkR1Z6X2RjMlZoY21Obw%253D%253D.X19FX18%253D.c2VsZWN0b3JzJTNEc2VhcmNoJTI1M0Rkb2N1bWVudGF0aW9uJTI1MkNuaWNlJTI1MjZ0eXBlJTI1M0RXb3Jrc3BhY2U%253D.X19OX18%253D&amp;pageParams=\"><span style=\"font-size: 10pt;\"> Tribu<\/span><\/a><span style=\"font-size: 10pt;\"><br \/>\n<\/span><\/p>\n<p>&nbsp;<\/p>\n<p>&nbsp;<\/p>\n<p>&nbsp;<\/td>\n<td style=\"border-color: #FFFFFF currentcolor #FFFFFF #FFFFFF; border-style: solid none solid solid; border-width: 1px medium 1px 1px; padding: 0.1cm 0cm 0.1cm 0.1cm; width: 14%; text-align: left;\" width=\"14%\"><span style=\"font-size: 12pt;\"><img loading=\"lazy\" decoding=\"async\" class=\"\" src=\"https:\/\/www.pedagogie.ac-nice.fr\/doc-azur\/wp-content\/uploads\/sites\/40\/2020\/07\/VeilleDocLogo.jpg\" width=\"109\" height=\"73\" name=\"Image6\" align=\"left\" border=\"0\" \/><\/span><\/p>\n<p><span style=\"font-size: 10pt;\">* Outils de veille<\/span><\/p>\n<p><span style=\"font-size: 10pt;\">* <a href=\"https:\/\/www.pedagogie.ac-nice.fr\/doc-azur\/2020\/09\/16\/audocdi\/\">La newsletter AudoCDI<\/a><\/span><\/p>\n<p>&nbsp;<\/p>\n<p>&nbsp;<\/p>\n<p>&nbsp;<\/td>\n<td style=\"border: 1px solid #FFFFFF; padding: 0.1cm; width: 14%; text-align: left;\" width=\"14%\"><span style=\"font-size: 10pt;\"><img loading=\"lazy\" decoding=\"async\" class=\"\" src=\"https:\/\/www.pedagogie.ac-nice.fr\/doc-azur\/wp-content\/uploads\/sites\/40\/2020\/07\/ContribuerLogo.jpg\" width=\"102\" height=\"102\" name=\"Image7\" align=\"left\" border=\"0\" \/><\/span><\/p>\n<p><span style=\"font-size: 10pt;\">* <a href=\"https:\/\/annuel2.framapad.org\/p\/suggestions-site-2020-9hzm?lang=fr\">Suggestions \/ Forum<\/a><br \/>\n<\/span><\/p>\n<p>&nbsp;<\/p>\n<p><span style=\"font-size: 10pt;\">* <a href=\"https:\/\/annuel2.framapad.org\/p\/faq-site-2020-9hzm?lang=fr\">FAQ Foire Aux Questions<\/a><\/span><\/p>\n<p>&nbsp;<\/p>\n<p><span style=\"font-size: 10pt;\">* <a href=\"mailto:christophe.grabowski@ac-nice.fr\">Participer \u00e0 Doc@zur<\/a><br \/>\n<\/span><\/p>\n<p>&nbsp;<\/p>\n<p><span style=\"font-size: 10pt;\">\u00a0<\/span><\/p>\n<p>&nbsp;<\/td>\n<\/tr>\n<\/tbody>\n<\/table>\n<p>&nbsp;<\/p>\n","protected":false},"excerpt":{"rendered":"<p>* Compte-rendus des bassins &nbsp; * Les pages des bassin : &nbsp; &#8211; La Seyne sur Mer &#8211; Brignoles St Max. &#8211; Toulon &#8211; Hy\u00e8res &#8211; Draguignan &#8211; Fr\u00e9jus St Raph. &#8211; Cannes Grasse &#8211; Antibes Valb. &#8211; Nice O Cagnes &#8211; Nice 3 Vall\u00e9es &#8211; Nice Est &#8211; Menton [&hellip;]<\/p>\n","protected":false},"author":237,"featured_media":0,"parent":0,"menu_order":0,"comment_status":"closed","ping_status":"closed","template":"","meta":{"ngg_post_thumbnail":0,"footnotes":""},"class_list":["post-38","page","type-page","status-publish","hentry"],"rttpg_featured_image_url":null,"rttpg_author":{"display_name":"docazur","author_link":"https:\/\/www.pedagogie.ac-nice.fr\/doc-azur\/author\/docazur\/"},"rttpg_comment":0,"rttpg_category":null,"rttpg_excerpt":"* Compte-rendus des bassins &nbsp; * Les pages des bassin : &nbsp; &#8211; La Seyne sur Mer &#8211; Brignoles St Max. &#8211; Toulon &#8211; Hy\u00e8res &#8211; Draguignan &#8211; Fr\u00e9jus St Raph. &#8211; Cannes Grasse &#8211; Antibes Valb. &#8211; Nice O Cagnes &#8211; Nice 3 Vall\u00e9es &#8211; Nice Est &#8211; Menton [&hellip;]","post_mailing_queue_ids":[],"_links":{"self":[{"href":"https:\/\/www.pedagogie.ac-nice.fr\/doc-azur\/wp-json\/wp\/v2\/pages\/38","targetHints":{"allow":["GET"]}}],"collection":[{"href":"https:\/\/www.pedagogie.ac-nice.fr\/doc-azur\/wp-json\/wp\/v2\/pages"}],"about":[{"href":"https:\/\/www.pedagogie.ac-nice.fr\/doc-azur\/wp-json\/wp\/v2\/types\/page"}],"author":[{"embeddable":true,"href":"https:\/\/www.pedagogie.ac-nice.fr\/doc-azur\/wp-json\/wp\/v2\/users\/237"}],"replies":[{"embeddable":true,"href":"https:\/\/www.pedagogie.ac-nice.fr\/doc-azur\/wp-json\/wp\/v2\/comments?post=38"}],"version-history":[{"count":35,"href":"https:\/\/www.pedagogie.ac-nice.fr\/doc-azur\/wp-json\/wp\/v2\/pages\/38\/revisions"}],"predecessor-version":[{"id":168,"href":"https:\/\/www.pedagogie.ac-nice.fr\/doc-azur\/wp-json\/wp\/v2\/pages\/38\/revisions\/168"}],"wp:attachment":[{"href":"https:\/\/www.pedagogie.ac-nice.fr\/doc-azur\/wp-json\/wp\/v2\/media?parent=38"}],"curies":[{"name":"wp","href":"https:\/\/api.w.org\/{rel}","templated":true}]}}