{"id":48,"date":"2020-07-16T13:37:57","date_gmt":"2020-07-16T11:37:57","guid":{"rendered":"http:\/\/www.pedagogie.ac-nice.fr\/doc-azur\/?page_id=48"},"modified":"2020-07-22T08:59:42","modified_gmt":"2020-07-22T06:59:42","slug":"enseigner","status":"publish","type":"page","link":"https:\/\/www.pedagogie.ac-nice.fr\/doc-azur\/enseigner\/","title":{"rendered":"1. ENSEIGNER"},"content":{"rendered":"<table style=\"width: 100%;\" width=\"100%\" cellspacing=\"0\" cellpadding=\"4\">\n<tbody>\n<tr valign=\"top\">\n<td style=\"border-color: #000000 currentcolor #000000 #000000; border-style: solid none solid solid; border-width: 1px medium 1px 1px; padding: 0.1cm 0cm 0.1cm 0.1cm; width: 14%;\" width=\"14%\"><span style=\"font-size: 10pt;\"><img loading=\"lazy\" decoding=\"async\" class=\"alignnone\" src=\"https:\/\/www.pedagogie.ac-nice.fr\/doc-azur\/wp-content\/uploads\/sites\/40\/2020\/07\/LogoDidactique.jpg\" width=\"104\" height=\"68\" name=\"Image1\" align=\"left\" border=\"0\" \/><\/span><\/p>\n<p>* <a href=\"http:\/\/www.pedagogie.ac-nice.fr\/doc-azur\/2020\/07\/18\/seances-pedagogiques\/\"><span style=\"font-size: 10pt;\">S\u00e9ances p\u00e9dagogiques<\/span><\/a><\/p>\n<p>&nbsp;<\/p>\n<p><span style=\"font-size: 10pt;\">* <a href=\"https:\/\/www.pedagogie.ac-nice.fr\/doc-azur\/2020\/07\/18\/sequences-pedagogiques\/\">S\u00e9quences p\u00e9dagogiques<\/a><\/span><\/p>\n<p>&nbsp;<\/p>\n<p><span style=\"font-size: 10pt;\">* <a href=\"http:\/\/www.pedagogie.ac-nice.fr\/doc-azur\/2020\/07\/18\/projets-pedagogiques\/\">Projets P\u00e9dagogiques<\/a><\/span><\/p>\n<p>&nbsp;<\/p>\n<p><span style=\"font-size: 10pt;\">* <a href=\"http:\/\/www.pedagogie.ac-nice.fr\/doc-azur\/2020\/07\/20\/banque-de-ressources\/\">Banque de ressources<\/a><\/span><\/p>\n<p>&nbsp;<\/p>\n<p><span style=\"font-size: 10pt;\">* <a href=\"https:\/\/edubase.eduscol.education.fr\/recherche?q=&amp;discipline%5B%5D=Documentation\" target=\"_blank\" rel=\"noopener noreferrer\">Edu\u2019Bases Documentation<\/a><\/span><\/p>\n<p>&nbsp;<\/p>\n<p>* <a href=\"http:\/\/wikinotions.apden.org\/index.php?title=Accueil\"><span style=\"font-size: 10pt;\">Wikinotions Info Documentaires<\/span><\/a><\/td>\n<td style=\"border-color: #000000 currentcolor #000000 #000000; border-style: solid none solid solid; border-width: 1px medium 1px 1px; padding: 0.1cm 0cm 0.1cm 0.1cm; width: 14%;\" width=\"14%\"><span style=\"font-size: 10pt;\"><img loading=\"lazy\" decoding=\"async\" class=\"\" src=\"https:\/\/www.pedagogie.ac-nice.fr\/doc-azur\/wp-content\/uploads\/sites\/40\/2020\/07\/LogoPedagogie.jpg\" width=\"110\" height=\"73\" name=\"Image2\" align=\"left\" border=\"0\" \/><\/span><\/p>\n<p><span style=\"font-size: 10pt;\">* <a href=\"https:\/\/www.pedagogie.ac-nice.fr\/doc-azur\/2020\/07\/20\/autonomie-de-leleve-apprendre-a-apprendre\/\">Autonomie de l\u2019\u00e9l\u00e8ve<\/a><\/span><\/p>\n<p>&nbsp;<\/p>\n<p><span style=\"font-size: 10pt;\">* <a href=\"http:\/\/www.pedagogie.ac-nice.fr\/doc-azur\/2020\/07\/20\/loral\/\">L\u2019oral<\/a><\/span><\/p>\n<p>&nbsp;<\/p>\n<p><span style=\"font-size: 10pt;\">* <a href=\"http:\/\/www.pedagogie.ac-nice.fr\/doc-azur\/2020\/07\/20\/classe-inversee\/\">Classe invers\u00e9e<\/a><\/span><\/p>\n<p>&nbsp;<\/p>\n<p><span style=\"font-size: 10pt;\">* <a href=\"http:\/\/www.pedagogie.ac-nice.fr\/doc-azur\/2020\/07\/20\/tpe-travaux-personnels-encadres\/\">TPE<\/a><\/span><\/p>\n<p>&nbsp;<\/p>\n<p><span style=\"font-size: 10pt;\">* <a href=\"http:\/\/www.pedagogie.ac-nice.fr\/doc-azur\/2020\/07\/20\/escape-game-et-ludification\/\">Escape Game et ludification<\/a><\/span><\/p>\n<p>&nbsp;<\/td>\n<td style=\"border-color: #000000 currentcolor #000000 #000000; border-style: solid none solid solid; border-width: 1px medium 1px 1px; padding: 0.1cm 0cm 0.1cm 0.1cm; width: 14%;\" width=\"14%\"><span style=\"font-size: 10pt;\"><img loading=\"lazy\" decoding=\"async\" class=\"\" src=\"https:\/\/www.pedagogie.ac-nice.fr\/doc-azur\/wp-content\/uploads\/sites\/40\/2020\/07\/LogoMedias.jpg\" width=\"102\" height=\"77\" name=\"Image3\" align=\"left\" border=\"0\" \/><\/span><\/p>\n<p>* <a href=\"https:\/\/www.pedagogie.ac-nice.fr\/doc-azur\/2020\/07\/19\/education-aux-medias-et-a-linformation-emi\/\"><span style=\"font-size: 10pt;\">Education aux M\u00e9dias et \u00e0 l&rsquo;Information EMI<\/span><\/a><\/p>\n<p>&nbsp;<\/p>\n<p><span style=\"font-size: 10pt;\">* <a href=\"http:\/\/www.pedagogie.ac-nice.fr\/doc-azur\/2020\/07\/19\/clemi-medias-scolaires\/\">CLEMI M\u00e9dias scolaires<\/a><br \/>\n<\/span><\/p>\n<p>&nbsp;<\/p>\n<p><span style=\"font-size: 10pt;\">* <a href=\"http:\/\/www.pedagogie.ac-nice.fr\/doc-azur\/2020\/07\/20\/semaine-de-la-presse\/\">Semaine de la Presse<\/a><\/span><\/p>\n<p>&nbsp;<\/p>\n<p><span style=\"font-size: 10pt;\">* <a href=\"https:\/\/edubase.eduscol.education.fr\/recherche?q=&amp;discipline%5B%5D=%C3%89ducation+aux+m%C3%A9dias+et+%C3%A0+l%E2%80%99information\" target=\"_blank\" rel=\"noopener noreferrer\">Edu&rsquo;Bases EMI<\/a><\/span><\/td>\n<td style=\"border-color: #000000 currentcolor #000000 #000000; border-style: solid none solid solid; border-width: 1px medium 1px 1px; padding: 0.1cm 0cm 0.1cm 0.1cm; width: 14%;\" width=\"14%\"><span style=\"font-size: 10pt;\"><img loading=\"lazy\" decoding=\"async\" class=\"\" src=\"https:\/\/www.pedagogie.ac-nice.fr\/doc-azur\/wp-content\/uploads\/sites\/40\/2020\/07\/LogoNumerique.jpg\" width=\"110\" height=\"73\" name=\"Image4\" align=\"left\" border=\"0\" \/><\/span><\/p>\n<p>* <a href=\"http:\/\/www.pedagogie.ac-nice.fr\/doc-azur\/2020\/07\/20\/moodle-e-learning\/\"><span style=\"font-size: 10pt;\">Moodle<\/span><\/a><\/p>\n<p>&nbsp;<\/p>\n<p><span style=\"font-size: 10pt;\">* <a href=\"https:\/\/www.pedagogie.ac-nice.fr\/doc-azur\/2020\/07\/20\/pix-cadre-de-reference-des-competences-numeriques\/\">PIX \/ Cadre de R\u00e9f\u00e9rence des Comp\u00e9tences Num\u00e9riques CRCN<\/a><br \/>\n<\/span><\/p>\n<p>&nbsp;<\/p>\n<p><span style=\"font-size: 10pt;\">* <a href=\"http:\/\/www.pedagogie.ac-nice.fr\/doc-azur\/2020\/07\/20\/tablettes-sqool\/\">Tablettes<\/a><\/span><\/p>\n<p>&nbsp;<\/p>\n<p><span style=\"font-size: 10pt;\">* <a href=\"https:\/\/www.pedagogie.ac-nice.fr\/doc-azur\/2020\/07\/20\/byod-travailler-avec-son-propre-materiel\/\">BYOD &#8211; Travailler avec son propre mat\u00e9riel<\/a><\/span><\/p>\n<p>&nbsp;<\/p>\n<p><span style=\"font-size: 10pt;\">* <a href=\"https:\/\/eduscol.education.fr\/numerique\/edunum-ressources\">Lettre Edu&rsquo;Num Ressources<\/a><\/span><\/p>\n<p>&nbsp;<\/p>\n<p><span style=\"font-size: 10pt;\">* <a href=\"https:\/\/eduscol.education.fr\/numerique\/edunum-thematique\/\">Lettre Edu&rsquo;Num Th\u00e9matique<\/a><\/span><\/td>\n<td style=\"border-color: #000000 currentcolor #000000 #000000; border-style: solid none solid solid; border-width: 1px medium 1px 1px; padding: 0.1cm 0cm 0.1cm 0.1cm; width: 14%;\" width=\"14%\"><span style=\"font-size: 10pt;\"><img loading=\"lazy\" decoding=\"async\" class=\"\" src=\"https:\/\/www.pedagogie.ac-nice.fr\/doc-azur\/wp-content\/uploads\/sites\/40\/2020\/07\/LogoParcours.jpg\" width=\"110\" height=\"73\" name=\"Image5\" align=\"left\" border=\"0\" \/><\/span><\/p>\n<p>*<a href=\"https:\/\/www.pedagogie.ac-nice.fr\/doc-azur\/2020\/07\/20\/parcours-eac-education-artistique-et-culturelle\/\"><span style=\"font-size: 10pt;\">Parcours EAC &amp; R\u00e9f\u00e9rent Culture<\/span><\/a><\/p>\n<p>&nbsp;<\/p>\n<p><span style=\"font-size: 10pt;\">* <a href=\"http:\/\/www.pedagogie.ac-nice.fr\/doc-azur\/2020\/07\/20\/parcours-citoyen\/\">Citoyen<\/a><\/span><\/p>\n<p>&nbsp;<\/p>\n<p><span style=\"font-size: 10pt;\">* <a href=\"http:\/\/www.pedagogie.ac-nice.fr\/doc-azur\/2020\/07\/20\/parcours-sante\/\">Sant\u00e9<\/a><\/span><\/p>\n<p>&nbsp;<\/p>\n<p><span style=\"font-size: 10pt;\">* <a href=\"http:\/\/www.pedagogie.ac-nice.fr\/doc-azur\/2020\/07\/20\/parcours-avenir\/\">Avenir<\/a><\/span><\/p>\n<p>&nbsp;<\/p>\n<p><span style=\"font-size: 10pt;\">* <a href=\"https:\/\/www.pedagogie.ac-nice.fr\/doc-azur\/2020\/07\/20\/folios-onisep\/\">FOLIOS<\/a><\/span><\/td>\n<td style=\"border-color: #000000 currentcolor #000000 #000000; border-style: solid none solid solid; border-width: 1px medium 1px 1px; padding: 0.1cm 0cm 0.1cm 0.1cm; width: 14%;\" width=\"14%\"><span style=\"font-size: 10pt;\"><img loading=\"lazy\" decoding=\"async\" class=\"\" src=\"https:\/\/www.pedagogie.ac-nice.fr\/doc-azur\/wp-content\/uploads\/sites\/40\/2020\/07\/LogoProgression.jpg\" width=\"89\" height=\"89\" name=\"Image6\" align=\"left\" border=\"0\" \/><\/span>*<a href=\"http:\/\/www.pedagogie.ac-nice.fr\/doc-azur\/2020\/07\/20\/liaison-cycle-3-ecole-college\/\"><span style=\"font-size: 10pt;\">Liaison cycle 3<\/span><\/a><\/p>\n<p>&nbsp;<\/p>\n<p><span style=\"font-size: 10pt;\">* <a href=\"http:\/\/www.pedagogie.ac-nice.fr\/doc-azur\/2020\/07\/20\/de-la-6e-a-la-3e\/\">De la 6<sup>e<\/sup> \u00e0 la 3<sup>e<\/sup><\/a><\/span><\/p>\n<p>&nbsp;<\/p>\n<p><span style=\"font-size: 10pt;\">* <a href=\"http:\/\/www.pedagogie.ac-nice.fr\/doc-azur\/2020\/07\/20\/liaison-college-lycee\/\">Liaison Coll\u00e8ge Lyc\u00e9e<\/a><\/span><\/p>\n<p>&nbsp;<\/p>\n<p><span style=\"font-size: 10pt;\">* <a href=\"http:\/\/www.pedagogie.ac-nice.fr\/doc-azur\/2020\/07\/20\/de-la-2nde-a-la-terminale\/\">De la 2nde \u00e0 la Terminale<\/a><\/span><\/p>\n<p>&nbsp;<\/p>\n<p><span style=\"font-size: 10pt;\">* <a href=\"http:\/\/www.pedagogie.ac-nice.fr\/doc-azur\/2020\/07\/20\/bac-3-bac3\/\">Bac-3 \/ Bac+3<\/a><\/span><\/td>\n<td style=\"border: 1px solid #000000; padding: 0.1cm; width: 14%;\" width=\"14%\"><span style=\"font-size: 10pt;\"><img loading=\"lazy\" decoding=\"async\" class=\"\" src=\"https:\/\/www.pedagogie.ac-nice.fr\/doc-azur\/wp-content\/uploads\/sites\/40\/2020\/07\/LogoEcoleInclusive.jpg\" width=\"102\" height=\"102\" name=\"Image7\" align=\"left\" border=\"0\" \/><\/span><\/p>\n<p>* <a href=\"http:\/\/www.pedagogie.ac-nice.fr\/doc-azur\/2020\/07\/18\/besoin-educatif-particulier\/\"><span style=\"font-size: 10pt;\">Besoin \u00e9ducatif particulier<\/span><\/a><\/p>\n<p>&nbsp;<\/p>\n<p><span style=\"font-size: 10pt;\">* <a href=\"http:\/\/www.pedagogie.ac-nice.fr\/doc-azur\/2020\/07\/20\/handicap\/\">Handicap<\/a><\/span><\/p>\n<p>&nbsp;<\/p>\n<p><span style=\"font-size: 10pt;\">* <a href=\"http:\/\/www.pedagogie.ac-nice.fr\/doc-azur\/2020\/07\/18\/segpa-ulis-classe-relais\/\">SEGPA \/ ULIS \/ Classe relais<\/a><br \/>\n<\/span><\/p>\n<p>&nbsp;<\/p>\n<p><span style=\"font-size: 10pt;\">* <a href=\"https:\/\/contrib.eduscol.education.fr\/numerique\/edunum-handicap\">Lettre Edu&rsquo;Num Handicap<\/a><\/span><\/td>\n<\/tr>\n<\/tbody>\n<\/table>\n<p>&nbsp;<\/p>\n","protected":false},"excerpt":{"rendered":"<p>* S\u00e9ances p\u00e9dagogiques &nbsp; * S\u00e9quences p\u00e9dagogiques &nbsp; * Projets P\u00e9dagogiques &nbsp; * Banque de ressources &nbsp; * Edu\u2019Bases Documentation &nbsp; * Wikinotions Info Documentaires * Autonomie de l\u2019\u00e9l\u00e8ve &nbsp; * L\u2019oral &nbsp; * Classe invers\u00e9e &nbsp; * TPE &nbsp; * Escape Game et ludification &nbsp; * Education aux M\u00e9dias [&hellip;]<\/p>\n","protected":false},"author":237,"featured_media":0,"parent":0,"menu_order":0,"comment_status":"closed","ping_status":"closed","template":"","meta":{"ngg_post_thumbnail":0,"footnotes":""},"class_list":["post-48","page","type-page","status-publish","hentry"],"rttpg_featured_image_url":null,"rttpg_author":{"display_name":"docazur","author_link":"https:\/\/www.pedagogie.ac-nice.fr\/doc-azur\/author\/docazur\/"},"rttpg_comment":0,"rttpg_category":null,"rttpg_excerpt":"* S\u00e9ances p\u00e9dagogiques &nbsp; * S\u00e9quences p\u00e9dagogiques &nbsp; * Projets P\u00e9dagogiques &nbsp; * Banque de ressources &nbsp; * Edu\u2019Bases Documentation &nbsp; * Wikinotions Info Documentaires * Autonomie de l\u2019\u00e9l\u00e8ve &nbsp; * L\u2019oral &nbsp; * Classe invers\u00e9e &nbsp; * TPE &nbsp; * Escape Game et ludification &nbsp; * Education aux M\u00e9dias [&hellip;]","post_mailing_queue_ids":[],"_links":{"self":[{"href":"https:\/\/www.pedagogie.ac-nice.fr\/doc-azur\/wp-json\/wp\/v2\/pages\/48","targetHints":{"allow":["GET"]}}],"collection":[{"href":"https:\/\/www.pedagogie.ac-nice.fr\/doc-azur\/wp-json\/wp\/v2\/pages"}],"about":[{"href":"https:\/\/www.pedagogie.ac-nice.fr\/doc-azur\/wp-json\/wp\/v2\/types\/page"}],"author":[{"embeddable":true,"href":"https:\/\/www.pedagogie.ac-nice.fr\/doc-azur\/wp-json\/wp\/v2\/users\/237"}],"replies":[{"embeddable":true,"href":"https:\/\/www.pedagogie.ac-nice.fr\/doc-azur\/wp-json\/wp\/v2\/comments?post=48"}],"version-history":[{"count":37,"href":"https:\/\/www.pedagogie.ac-nice.fr\/doc-azur\/wp-json\/wp\/v2\/pages\/48\/revisions"}],"predecessor-version":[{"id":662,"href":"https:\/\/www.pedagogie.ac-nice.fr\/doc-azur\/wp-json\/wp\/v2\/pages\/48\/revisions\/662"}],"wp:attachment":[{"href":"https:\/\/www.pedagogie.ac-nice.fr\/doc-azur\/wp-json\/wp\/v2\/media?parent=48"}],"curies":[{"name":"wp","href":"https:\/\/api.w.org\/{rel}","templated":true}]}}