{"id":5397,"date":"2025-07-08T16:02:31","date_gmt":"2025-07-08T14:02:31","guid":{"rendered":"https:\/\/www.pedagogie.ac-nice.fr\/doc-azur\/accueil\/"},"modified":"2025-08-19T14:33:39","modified_gmt":"2025-08-19T12:33:39","slug":"accueil","status":"publish","type":"page","link":"https:\/\/www.pedagogie.ac-nice.fr\/doc-azur\/","title":{"rendered":"Accueil"},"content":{"rendered":"\n<div class=\"wp-block-cover alignfull is-light hestia-clear-top-padding\"><span aria-hidden=\"true\" class=\"wp-block-cover__background has-white-background-color has-background-dim-100 has-background-dim\"><\/span><div class=\"wp-block-cover__inner-container is-layout-flow wp-block-cover-is-layout-flow\">\n<p class=\"has-text-align-left\" style=\"margin-right:var(--wp--preset--spacing--80);margin-left:var(--wp--preset--spacing--80);font-size:30px;font-style:normal;font-weight:700\">Actualit\u00e9s<\/p>\n\n\n\n<div style=\"height:15px\" aria-hidden=\"true\" class=\"wp-block-spacer\"><\/div>\n\n\n<!-- This slideshow output is generated with Advanced post slider a multipurpose responsive WordPress slideshow plugin - http:\/\/www.wpcue.com\/wordpress-plugins\/advanced-post-slider\/ -->\r\n<style>\r\n#advps_container1 .bx-wrapper .bx-viewport {\r\n\t\t-moz-box-shadow: 0px 1px 4px #000000;\r\n\t-webkit-box-shadow: 0px 1px 4px #000000;\r\n\tbox-shadow: 0px 1px 4px #000000;\r\n\t\tborder: 1px solid #444444;\r\n\t\tbackground:#FFFFFF;\r\n}\r\n#advps_container1 .bx-wrapper .bx-pager{\r\n\ttext-align: center;\r\n\t;\r\n}\r\n#advps_container1 .bx-wrapper .bx-pager\r\n{\r\n\tbottom:-35px;\r\n\tz-index:999;\r\n}\r\n#advps_container1 .bx-wrapper .bx-controls-auto\r\n{\r\n\tbottom:6px;\r\n}\r\n#advps_container1 .bx-wrapper .bx-controls.bx-has-controls-auto.bx-has-pager .bx-pager {\r\n\ttext-align: center;\r\n}\r\n#advps_container1 .bx-wrapper .bx-controls-auto {\r\n\tz-index:99999;\r\n\ttext-align:center;width:100%;}\r\n\r\n\r\n\/* thumbnail pager*\/\r\n#advps_container1 #bx-pager\r\n{\r\n\twidth:100%;\r\n\tposition:absolute;\r\n\tbottom:-35px;\r\n    text-align: center;\r\n\tz-index: 9999;\r\n}\r\n#advps_container1 #bx-pager a img\r\n{\r\n\tborder: 1px solid #CCCCCC;\r\n    padding: 3px;\r\n}\r\n#advps_container1 #bx-pager a:hover img, #advps_container1 #bx-pager a.active img\r\n{\r\n\tborder: 1px solid #666666;\r\n}\r\n\/* medai queries *\/\r\n#advps_container1 .advs-title,#advps_container1 .advs-title a\r\n{\r\n\tfont-size:20px;\r\n\tline-height:20px;\r\n}\r\n#advps_container1 .advps-slide p\r\n{\r\n\tfont-size:14px;\r\n\tline-height:14px;\r\n}\r\n@media screen and (max-width: 1024px){\r\n\t#advps_container1 .advs-title,#advps_container1 .advs-title a\r\n\t{\r\n\t\tfont-size:18px;\r\n\t\tline-height:18px;\r\n\t}\r\n\t#advps_container1 .advps-slide p\r\n\t{\r\n\t\tfont-size:12px;\r\n\t\tline-height:12px;\r\n\t}\r\n}\r\n@media screen and (max-width: 768px){\r\n\t#advps_container1 h2.advs-title, #advps_container1 h2.advs-title a\r\n\t{\r\n\t\tfont-size:16px;\r\n\t\tline-height:16px;\r\n\t}\r\n\t#advps_container1 .advps-slide p\r\n\t{\r\n\t\tfont-size:12px;\r\n\t\tline-height:12px;\r\n\t}\r\n}\r\n@media screen and (max-width: 650px){\r\n\t#advps_container1 h2.advs-title, #advps_container1 h2.advs-title a\r\n\t{\r\n\t\tfont-size:15px;\r\n\t\tline-height:15px;\r\n\t}\r\n\t#advps_container1 .advps-slide p\r\n\t{\r\n\t\tfont-size:12px;\r\n\t\tline-height:12px;\r\n\t}\r\n}\r\n@media screen and (max-width: 480px){\r\n\t#advps_container1 h2.advs-title, #advps_container1 h2.advs-title a\r\n\t{\r\n\t\tfont-size:15px;\r\n\t\tline-height:15px;\r\n\t}\r\n\t#advps_container1 .advps-slide p\r\n\t{\r\n\t\tfont-size:12px;\r\n\t\tline-height:12px;\r\n\t}\r\n}\r\n@media screen and (max-width: 320px){\r\n\t#advps_container1 h2.advs-title, #advps_container1 h2.advs-title a\r\n\t{\r\n\t\tfont-size:15px;\r\n\t\tline-height:15px;\r\n\t}\r\n\t#advps_container1 .advps-slide p\r\n\t{\r\n\t\tfont-size:12px;\r\n\t\tline-height:12px;\r\n\t}\r\n}\r\n<\/style>\r\n<script type=\"text\/javascript\">\r\n\t\tjQuery(document).ready(function($){\r\n\t\t\t$('#advpsslideshow_1').bxSlider({\r\n\t\t\t\tuseCSS:1,\r\n\t\t\t\tslideMargin: 0,\r\n\t\t\t\tspeed: 2000,\t\t\t\t\r\n\t\t\t\t\t\t\t\tmode: 'horizontal',\r\n\t\t\t\t\t\t\t\t\t\t\t\tauto: 1,\r\n\t\t\t\tautoHover: 1,\r\n\t\t\t\tpause: 3000,\r\n\t\t\t\teasing: 'linear',\r\n\t\t\t\tcontrols: 0,\r\n\t\t\t\tpager: 0,\r\n  \t\t\t\tautoControls: 1\t\t\t\t\t\t\t});\r\n\t\t\t\t\t\t\t$(\"#advpsslideshow_1 .advs-title a\").hover(function(){\r\n\t\t\t\t\t$(this).css('color','#c9c9c9');\r\n\t\t\t\t},function(){\r\n\t\t\t\t\t$(this).css('color','#FFFFFF');\r\n\t\t\t\t});\r\n\t\t\t\t\t\t$(\"#advpsslideshow_1 .advps-slide\").hover(function(){\r\n\t\t\t\t  \t\t\t},function(){\r\n\t\t\t\t\t\t\t});\r\n\t\t});\r\n\t<\/script>\r\n<div id=\"advps_container1\" class=\"advps-slide-container\" style=\"overflow:hidden;max-width:900px;margin:auto;\">\r\n \r\n  <div id=\"advpsslideshow_1\">\r\n        <div class=\"advps-slide\">\r\n\t<a target=\"_self\" href=\"https:\/\/www.pedagogie.ac-nice.fr\/doc-azur\/2026\/03\/29\/compte-rendu-the-doc-n1-2025-26\/\" >      <img loading=\"lazy\" decoding=\"async\" src=\"https:\/\/www.pedagogie.ac-nice.fr\/doc-azur\/wp-content\/uploads\/sites\/40\/2023\/02\/TheDoc-600x220.png\" width=\"600\" height=\"220\" alt=\"Compte-rendu Th\u00e9 Doc n\u00b01 2025-26\" \/>      <\/a>       \r\n      <div class=\"advps-excerpt-one\" style=\"width:33%;height:100%;top:0; right:0;\">\r\n      \t<div class=\"advps-overlay-one\" style=\"background-color:#000000; -moz-opacity:0.6;filter:alpha(opacity=60);opacity:0.6;\"><\/div>\r\n        <div class=\"advps-excerpt-block-one\" style=\"text-align:left;color:#FFFFFF;-moz-opacity:1;filter:alpha(opacity=100);opacity:1;\">        \r\n        <h2 class=\"advs-title\" style=\"margin:5px 0px 10px 0px;color:#FFFFFF\"><a target=\"_self\" href=\"https:\/\/www.pedagogie.ac-nice.fr\/doc-azur\/2026\/03\/29\/compte-rendu-the-doc-n1-2025-26\/\" style=\"margin:5px 0px 10px 0px;color:#FFFFFF\" >Compte-rendu Th\u00e9 Doc n\u00b01 2025-26<\/a><\/h2>\r\n          \r\n            <p>Th\u00e9 Doc n\u00b01 Mardi 16 d\u00e9cembre 2025 &nbsp; Pr\u00e9sentation des formations propos\u00e9es par la Drane&nbsp; formations individuelles formations \u00ab&nbsp;\u00e9tablissement&nbsp;\u00bb (8 stagiaires minimum) Des formations d\u00e9di\u00e9es [&hellip;]<\/p>\n        <\/div>\r\n      <\/div>\r\n    <\/div>\r\n        <div class=\"advps-slide\">\r\n\t<a target=\"_self\" href=\"https:\/\/www.pedagogie.ac-nice.fr\/doc-azur\/2025\/12\/16\/newsletter-du-clemi\/\" >      <img loading=\"lazy\" decoding=\"async\" src=\"https:\/\/www.pedagogie.ac-nice.fr\/doc-azur\/wp-content\/uploads\/sites\/40\/2025\/08\/clemi-600x220.png\" width=\"600\" height=\"220\" alt=\"Newsletter du CLEMI\" \/>      <\/a>       \r\n      <div class=\"advps-excerpt-one\" style=\"width:33%;height:100%;top:0; right:0;\">\r\n      \t<div class=\"advps-overlay-one\" style=\"background-color:#000000; -moz-opacity:0.6;filter:alpha(opacity=60);opacity:0.6;\"><\/div>\r\n        <div class=\"advps-excerpt-block-one\" style=\"text-align:left;color:#FFFFFF;-moz-opacity:1;filter:alpha(opacity=100);opacity:1;\">        \r\n        <h2 class=\"advs-title\" style=\"margin:5px 0px 10px 0px;color:#FFFFFF\"><a target=\"_self\" href=\"https:\/\/www.pedagogie.ac-nice.fr\/doc-azur\/2025\/12\/16\/newsletter-du-clemi\/\" style=\"margin:5px 0px 10px 0px;color:#FFFFFF\" >Newsletter du CLEMI<\/a><\/h2>\r\n          \r\n                    <\/div>\r\n      <\/div>\r\n    <\/div>\r\n        <div class=\"advps-slide\">\r\n\t<a target=\"_self\" href=\"https:\/\/www.pedagogie.ac-nice.fr\/doc-azur\/2025\/12\/08\/deuxieme-campagne-de-formations-clemi\/\" >      <img loading=\"lazy\" decoding=\"async\" src=\"https:\/\/www.pedagogie.ac-nice.fr\/doc-azur\/wp-content\/uploads\/sites\/40\/2025\/08\/clemi-600x220.png\" width=\"600\" height=\"220\" alt=\"Deuxi\u00e8me campagne de formations CLEMI\" \/>      <\/a>       \r\n      <div class=\"advps-excerpt-one\" style=\"width:33%;height:100%;top:0; right:0;\">\r\n      \t<div class=\"advps-overlay-one\" style=\"background-color:#000000; -moz-opacity:0.6;filter:alpha(opacity=60);opacity:0.6;\"><\/div>\r\n        <div class=\"advps-excerpt-block-one\" style=\"text-align:left;color:#FFFFFF;-moz-opacity:1;filter:alpha(opacity=100);opacity:1;\">        \r\n        <h2 class=\"advs-title\" style=\"margin:5px 0px 10px 0px;color:#FFFFFF\"><a target=\"_self\" href=\"https:\/\/www.pedagogie.ac-nice.fr\/doc-azur\/2025\/12\/08\/deuxieme-campagne-de-formations-clemi\/\" style=\"margin:5px 0px 10px 0px;color:#FFFFFF\" >Deuxi\u00e8me campagne de formations CLEMI<\/a><\/h2>\r\n          \r\n            <p>MEDIAS ET STEREOTYPES SEXISTES Ce module s&rsquo;adresse aux enseignants du 2d degr\u00e9. Il permet de questionner les enjeux de citoyennet\u00e9 li\u00e9s \u00e0 l&rsquo;information et au [&hellip;]<\/p>\n        <\/div>\r\n      <\/div>\r\n    <\/div>\r\n        <div class=\"advps-slide\">\r\n\t<a target=\"_self\" href=\"https:\/\/www.pedagogie.ac-nice.fr\/doc-azur\/2025\/12\/08\/reunion-de-linter-reseaux-de-toulon-du-25-novembre-2025\/\" >      <img loading=\"lazy\" decoding=\"async\" src=\"https:\/\/www.pedagogie.ac-nice.fr\/doc-azur\/wp-content\/uploads\/sites\/40\/2023\/12\/network-600x220.jpg\" width=\"600\" height=\"220\" alt=\"R\u00e9union de l\u2019inter-r\u00e9seaux de Toulon du 25 novembre 2025\" \/>      <\/a>       \r\n      <div class=\"advps-excerpt-one\" style=\"width:33%;height:100%;top:0; right:0;\">\r\n      \t<div class=\"advps-overlay-one\" style=\"background-color:#000000; -moz-opacity:0.6;filter:alpha(opacity=60);opacity:0.6;\"><\/div>\r\n        <div class=\"advps-excerpt-block-one\" style=\"text-align:left;color:#FFFFFF;-moz-opacity:1;filter:alpha(opacity=100);opacity:1;\">        \r\n        <h2 class=\"advs-title\" style=\"margin:5px 0px 10px 0px;color:#FFFFFF\"><a target=\"_self\" href=\"https:\/\/www.pedagogie.ac-nice.fr\/doc-azur\/2025\/12\/08\/reunion-de-linter-reseaux-de-toulon-du-25-novembre-2025\/\" style=\"margin:5px 0px 10px 0px;color:#FFFFFF\" >R\u00e9union de l\u2019inter-r\u00e9seaux de Toulon du 25 novembre 2025<\/a><\/h2>\r\n          \r\n            <p>Premi\u00e8re r\u00e9union inter-r\u00e9seaux de Toulon Mardi 25 novembre 2025 Centre de Documentation et d&rsquo;Information du Lyc\u00e9e du Coudon, La Garde Intervenants\u202f:\u202fCaroline Cirendini, Jean-Marie Frizzole Pr\u00e9sents\u202f:\u202f31 [&hellip;]<\/p>\n        <\/div>\r\n      <\/div>\r\n    <\/div>\r\n        <div class=\"advps-slide\">\r\n\t<a target=\"_self\" href=\"https:\/\/www.pedagogie.ac-nice.fr\/doc-azur\/2025\/12\/05\/stages-de-formation-en-documentation-var\/\" >      <img loading=\"lazy\" decoding=\"async\" src=\"https:\/\/www.pedagogie.ac-nice.fr\/doc-azur\/wp-content\/uploads\/sites\/40\/2025\/09\/eafc-600x220.jpg\" width=\"600\" height=\"220\" alt=\"Stages de formation en Documentation (VAR)\" \/>      <\/a>       \r\n      <div class=\"advps-excerpt-one\" style=\"width:33%;height:100%;top:0; right:0;\">\r\n      \t<div class=\"advps-overlay-one\" style=\"background-color:#000000; -moz-opacity:0.6;filter:alpha(opacity=60);opacity:0.6;\"><\/div>\r\n        <div class=\"advps-excerpt-block-one\" style=\"text-align:left;color:#FFFFFF;-moz-opacity:1;filter:alpha(opacity=100);opacity:1;\">        \r\n        <h2 class=\"advs-title\" style=\"margin:5px 0px 10px 0px;color:#FFFFFF\"><a target=\"_self\" href=\"https:\/\/www.pedagogie.ac-nice.fr\/doc-azur\/2025\/12\/05\/stages-de-formation-en-documentation-var\/\" style=\"margin:5px 0px 10px 0px;color:#FFFFFF\" >Stages de formation en Documentation (VAR)<\/a><\/h2>\r\n          \r\n            <p>La deuxi\u00e8me campagne d&rsquo;inscription aux parcours de formation continue en Documentation propos\u00e9e par l&rsquo;EAFC est ouverte. Vous pouvez vous inscrire en cliquant sur les liens [&hellip;]<\/p>\n        <\/div>\r\n      <\/div>\r\n    <\/div>\r\n        <div class=\"advps-slide\">\r\n\t<a target=\"_self\" href=\"https:\/\/www.pedagogie.ac-nice.fr\/doc-azur\/2025\/11\/17\/bulletin-docazur-112025\/\" >      <img loading=\"lazy\" decoding=\"async\" src=\"https:\/\/www.pedagogie.ac-nice.fr\/doc-azur\/wp-content\/uploads\/sites\/40\/2025\/11\/logo-600x220.jpg\" width=\"600\" height=\"220\" alt=\"Bulletin Docazur 112025\" \/>      <\/a>       \r\n      <div class=\"advps-excerpt-one\" style=\"width:33%;height:100%;top:0; right:0;\">\r\n      \t<div class=\"advps-overlay-one\" style=\"background-color:#000000; -moz-opacity:0.6;filter:alpha(opacity=60);opacity:0.6;\"><\/div>\r\n        <div class=\"advps-excerpt-block-one\" style=\"text-align:left;color:#FFFFFF;-moz-opacity:1;filter:alpha(opacity=100);opacity:1;\">        \r\n        <h2 class=\"advs-title\" style=\"margin:5px 0px 10px 0px;color:#FFFFFF\"><a target=\"_self\" href=\"https:\/\/www.pedagogie.ac-nice.fr\/doc-azur\/2025\/11\/17\/bulletin-docazur-112025\/\" style=\"margin:5px 0px 10px 0px;color:#FFFFFF\" >Bulletin Docazur 112025<\/a><\/h2>\r\n          \r\n                    <\/div>\r\n      <\/div>\r\n    <\/div>\r\n        <div class=\"advps-slide\">\r\n\t<a target=\"_self\" href=\"https:\/\/www.pedagogie.ac-nice.fr\/doc-azur\/2025\/09\/25\/webinaires-enseignants-onisep\/\" >      <img loading=\"lazy\" decoding=\"async\" src=\"https:\/\/www.pedagogie.ac-nice.fr\/doc-azur\/wp-content\/uploads\/sites\/40\/2025\/09\/avenir-600x220.jpg\" width=\"600\" height=\"220\" alt=\"Webinaires enseignants ONISEP\" \/>      <\/a>       \r\n      <div class=\"advps-excerpt-one\" style=\"width:33%;height:100%;top:0; right:0;\">\r\n      \t<div class=\"advps-overlay-one\" style=\"background-color:#000000; -moz-opacity:0.6;filter:alpha(opacity=60);opacity:0.6;\"><\/div>\r\n        <div class=\"advps-excerpt-block-one\" style=\"text-align:left;color:#FFFFFF;-moz-opacity:1;filter:alpha(opacity=100);opacity:1;\">        \r\n        <h2 class=\"advs-title\" style=\"margin:5px 0px 10px 0px;color:#FFFFFF\"><a target=\"_self\" href=\"https:\/\/www.pedagogie.ac-nice.fr\/doc-azur\/2025\/09\/25\/webinaires-enseignants-onisep\/\" style=\"margin:5px 0px 10px 0px;color:#FFFFFF\" >Webinaires enseignants ONISEP<\/a><\/h2>\r\n          \r\n            <p>D\u00e9couverte de la plateforme AVENIR de l&rsquo;ONISEP \u00e0 travers des webinaires. Vous pouvez, apr\u00e8s vous \u00eatre inscrit et connect\u00e9 \u00e0 la plateforme :&nbsp; https:\/\/www.onisep.fr\/avenir-s vous [&hellip;]<\/p>\n        <\/div>\r\n      <\/div>\r\n    <\/div>\r\n      <\/div>\r\n  <\/div><!-- end advps-slide-container -->\r\n<!-- \/ Advanced post slider a multipurpose responsive slideshow plugin -->\r\n\n\n\n\n<div style=\"height:60px\" aria-hidden=\"true\" class=\"wp-block-spacer\"><\/div>\n\n\n\n<div class=\"wp-block-columns container is-layout-flex wp-container-core-columns-is-layout-28f84493 wp-block-columns-is-layout-flex\">\n<div class=\"wp-block-column is-layout-flow wp-block-column-is-layout-flow\"><div class=\"wp-block-image\">\n<figure class=\"aligncenter size-large\"><a href=\"https:\/\/www.pedagogie.ac-nice.fr\/doc-azur\/2018\/11\/14\/les-bassins\/\"><img decoding=\"async\" src=\"https:\/\/www.pedagogie.ac-nice.fr\/doc-azur\/wp-content\/themes\/hestia\/assets\/img\/feat1.png\" alt=\"\" class=\"wp-image-70\"\/><\/a><\/figure>\n<\/div>\n\n\n<h5 class=\"wp-block-heading has-text-align-center has-text-color\" style=\"color:#3c4858;font-size:18px\"><a href=\"https:\/\/www.pedagogie.ac-nice.fr\/doc-azur\/2018\/11\/14\/les-bassins\/\" data-type=\"page\" data-id=\"5455\">En direct des r\u00e9seaux<\/a><\/h5>\n\n\n\n<div style=\"height:25px\" aria-hidden=\"true\" class=\"wp-block-spacer\"><\/div>\n<\/div>\n\n\n\n<div class=\"wp-block-column is-layout-flow wp-block-column-is-layout-flow\"><div class=\"wp-block-image\">\n<figure class=\"aligncenter size-large\"><a href=\"https:\/\/www.pedagogie.ac-nice.fr\/doc-azur\/category\/traam-documentation\/traam-documentation-2025\/\"><img decoding=\"async\" src=\"https:\/\/www.pedagogie.ac-nice.fr\/doc-azur\/wp-content\/themes\/hestia\/assets\/img\/feat2.png\" alt=\"\" class=\"wp-image-71\"\/><\/a><\/figure>\n<\/div>\n\n\n<h5 class=\"wp-block-heading has-text-align-center has-text-color\" style=\"color:#3c4858;font-size:18px\"><a href=\"https:\/\/www.pedagogie.ac-nice.fr\/doc-azur\/category\/traam-documentation\/traam-documentation-2025\/\" data-type=\"category\" data-id=\"179\">Les TraAM<\/a><\/h5>\n\n\n\n<div style=\"height:25px\" aria-hidden=\"true\" class=\"wp-block-spacer\"><\/div>\n<\/div>\n\n\n\n<div class=\"wp-block-column is-layout-flow wp-block-column-is-layout-flow\"><div class=\"wp-block-image\">\n<figure class=\"aligncenter size-large\"><a href=\"https:\/\/www.pedagogie.ac-nice.fr\/doc-azur\/category\/rentree-2025\/\"><img decoding=\"async\" src=\"https:\/\/www.pedagogie.ac-nice.fr\/doc-azur\/wp-content\/themes\/hestia\/assets\/img\/feat3.png\" alt=\"\" class=\"wp-image-72\"\/><\/a><\/figure>\n<\/div>\n\n\n<h5 class=\"wp-block-heading has-text-align-center has-text-color\" style=\"color:#3c4858;font-size:18px\"><a href=\"https:\/\/www.pedagogie.ac-nice.fr\/doc-azur\/category\/rentree-2025\/\">Rentr\u00e9e 2025<\/a><\/h5>\n\n\n\n<div style=\"height:25px\" aria-hidden=\"true\" class=\"wp-block-spacer\"><\/div>\n<\/div>\n<\/div>\n<\/div><\/div>\n\n\n\n<p><\/p>\n","protected":false},"excerpt":{"rendered":"","protected":false},"author":237,"featured_media":0,"parent":0,"menu_order":0,"comment_status":"closed","ping_status":"closed","template":"","meta":{"ngg_post_thumbnail":0,"footnotes":""},"class_list":["post-5397","page","type-page","status-publish","hentry"],"rttpg_featured_image_url":null,"rttpg_author":{"display_name":"docazur","author_link":"https:\/\/www.pedagogie.ac-nice.fr\/doc-azur\/author\/docazur\/"},"rttpg_comment":0,"rttpg_category":"","rttpg_excerpt":null,"post_mailing_queue_ids":[],"_links":{"self":[{"href":"https:\/\/www.pedagogie.ac-nice.fr\/doc-azur\/wp-json\/wp\/v2\/pages\/5397","targetHints":{"allow":["GET"]}}],"collection":[{"href":"https:\/\/www.pedagogie.ac-nice.fr\/doc-azur\/wp-json\/wp\/v2\/pages"}],"about":[{"href":"https:\/\/www.pedagogie.ac-nice.fr\/doc-azur\/wp-json\/wp\/v2\/types\/page"}],"author":[{"embeddable":true,"href":"https:\/\/www.pedagogie.ac-nice.fr\/doc-azur\/wp-json\/wp\/v2\/users\/237"}],"replies":[{"embeddable":true,"href":"https:\/\/www.pedagogie.ac-nice.fr\/doc-azur\/wp-json\/wp\/v2\/comments?post=5397"}],"version-history":[{"count":17,"href":"https:\/\/www.pedagogie.ac-nice.fr\/doc-azur\/wp-json\/wp\/v2\/pages\/5397\/revisions"}],"predecessor-version":[{"id":5471,"href":"https:\/\/www.pedagogie.ac-nice.fr\/doc-azur\/wp-json\/wp\/v2\/pages\/5397\/revisions\/5471"}],"wp:attachment":[{"href":"https:\/\/www.pedagogie.ac-nice.fr\/doc-azur\/wp-json\/wp\/v2\/media?parent=5397"}],"curies":[{"name":"wp","href":"https:\/\/api.w.org\/{rel}","templated":true}]}}