{"id":220,"date":"2025-09-09T17:22:56","date_gmt":"2025-09-09T15:22:56","guid":{"rendered":"https:\/\/www.pedagogie.ac-nice.fr\/drane-test\/?page_id=220"},"modified":"2026-03-25T20:10:47","modified_gmt":"2026-03-25T19:10:47","slug":"accueil","status":"publish","type":"page","link":"https:\/\/www.pedagogie.ac-nice.fr\/drane\/","title":{"rendered":"Accueil"},"content":{"rendered":"\n<div style=\"height:29px\" aria-hidden=\"true\" class=\"wp-block-spacer\"><\/div>\n\n\n\n<p class=\"has-text-align-center has-white-color has-text-color has-background has-link-color has-larger-font-size wp-elements-c1dd804061006e5d3ad3963acc5128d8\" style=\"background-color:#463eb7\">Bienvenue sur le site de la <strong>DRANE PACA &#8211; p\u00f4le de Nice<\/strong><\/p>\n\n\n\n<p class=\"has-large-font-size\">Comme vous l&rsquo;avez remarqu\u00e9, <strong>le site fait peau neuve<\/strong> ! Nous avons lanc\u00e9 cette nouvelle version pour mieux prot\u00e9ger vos \u00e9changes et s\u00e9curiser la plateforme.<\/p>\n\n\n\n<p><strong>L&rsquo;\u00e9quipe de la Drane travaille activement<\/strong> \u00e0 la mise \u00e0 jour des contenus pour que tout soit parfait. La version finalis\u00e9e arrive tr\u00e8s prochainement.<\/p>\n\n\n\n<p><strong>Merci de votre patience !<\/strong><\/p>\n\n\n\n<h5 class=\"wp-block-heading has-white-color has-text-color has-background has-link-color wp-elements-f5e110d6dc84656a69823af666d2bd3f\" style=\"background-color:#080285\">Les derniers articles<\/h5>\n\n\n<ul style=\"background-color:#eff9fa;\" class=\"wp-block-latest-posts__list is-grid columns-3 has-link-color wp-elements-c035cc56816a72374839fc1b493cfdb4 wp-block-latest-posts has-text-color has-black-color has-background has-small-font-size\"><li><div class=\"wp-block-latest-posts__featured-image alignleft\"><a href=\"https:\/\/www.pedagogie.ac-nice.fr\/drane\/2026\/03\/25\/la-fete-du-court-metrage\/\" aria-label=\"La F\u00eate du court m\u00e9trage\"><img loading=\"lazy\" decoding=\"async\" width=\"150\" height=\"150\" src=\"https:\/\/www.pedagogie.ac-nice.fr\/drane\/wp-content\/uploads\/sites\/69\/2026\/03\/Capture-decran-2026-03-25-203648-150x150.png\" class=\"attachment-thumbnail size-thumbnail wp-post-image\" alt=\"\" style=\"max-width:75px;max-height:75px;\" \/><\/a><\/div><a class=\"wp-block-latest-posts__post-title\" href=\"https:\/\/www.pedagogie.ac-nice.fr\/drane\/2026\/03\/25\/la-fete-du-court-metrage\/\">La F\u00eate du court m\u00e9trage<\/a><\/li>\n<li><div class=\"wp-block-latest-posts__featured-image alignleft\"><a href=\"https:\/\/www.pedagogie.ac-nice.fr\/drane\/2026\/03\/25\/drane-paca-%c2%b7-observatoire-national-des-pratiques-pedagogiques-avec-lintelligence-artificielle\/\" aria-label=\"DRANE PACA \u00b7 Observatoire national des pratiques p\u00e9dagogiques avec l&rsquo;intelligence artificielle\"><img loading=\"lazy\" decoding=\"async\" width=\"150\" height=\"150\" src=\"https:\/\/www.pedagogie.ac-nice.fr\/drane\/wp-content\/uploads\/sites\/69\/2026\/03\/nat-150x150.jpg\" class=\"attachment-thumbnail size-thumbnail wp-post-image\" alt=\"\" style=\"max-width:75px;max-height:75px;\" \/><\/a><\/div><a class=\"wp-block-latest-posts__post-title\" href=\"https:\/\/www.pedagogie.ac-nice.fr\/drane\/2026\/03\/25\/drane-paca-%c2%b7-observatoire-national-des-pratiques-pedagogiques-avec-lintelligence-artificielle\/\">DRANE PACA \u00b7 Observatoire national des pratiques p\u00e9dagogiques avec l&rsquo;intelligence artificielle<\/a><\/li>\n<li><div class=\"wp-block-latest-posts__featured-image alignleft\"><a href=\"https:\/\/www.pedagogie.ac-nice.fr\/drane\/2026\/03\/25\/yes-we-code-2026-2027-dans-lacademie-de-nice\/\" aria-label=\"Yes We Code inscriptions rentr\u00e9e 26\/27\"><img loading=\"lazy\" decoding=\"async\" width=\"150\" height=\"116\" src=\"https:\/\/www.pedagogie.ac-nice.fr\/drane\/wp-content\/uploads\/sites\/69\/2026\/03\/Capture-decran-2026-03-25-195553-150x116.jpg\" class=\"attachment-thumbnail size-thumbnail wp-post-image\" alt=\"\" style=\"max-width:75px;max-height:75px;\" \/><\/a><\/div><a class=\"wp-block-latest-posts__post-title\" href=\"https:\/\/www.pedagogie.ac-nice.fr\/drane\/2026\/03\/25\/yes-we-code-2026-2027-dans-lacademie-de-nice\/\">Yes We Code inscriptions rentr\u00e9e 26\/27<\/a><\/li>\n<li><a class=\"wp-block-latest-posts__post-title\" href=\"https:\/\/www.pedagogie.ac-nice.fr\/drane\/2026\/03\/22\/test\/\">hybrider l&rsquo;enseignement<\/a><\/li>\n<li><div class=\"wp-block-latest-posts__featured-image alignleft\"><a href=\"https:\/\/www.pedagogie.ac-nice.fr\/drane\/2026\/03\/06\/test-evaluations\/\" aria-label=\"Evaluations Nationales\"><img loading=\"lazy\" decoding=\"async\" width=\"150\" height=\"150\" src=\"https:\/\/www.pedagogie.ac-nice.fr\/drane\/wp-content\/uploads\/sites\/69\/2026\/02\/eval-natio-150x150.jpg\" class=\"attachment-thumbnail size-thumbnail wp-post-image\" alt=\"\" style=\"max-width:75px;max-height:75px;\" \/><\/a><\/div><a class=\"wp-block-latest-posts__post-title\" href=\"https:\/\/www.pedagogie.ac-nice.fr\/drane\/2026\/03\/06\/test-evaluations\/\">Evaluations Nationales<\/a><\/li>\n<li><div class=\"wp-block-latest-posts__featured-image alignleft\"><a href=\"https:\/\/www.pedagogie.ac-nice.fr\/drane\/2026\/03\/06\/cafes-numeriques\/\" aria-label=\"Caf\u00e9s num\u00e9riques et inclusivit\u00e9\"><img loading=\"lazy\" decoding=\"async\" width=\"150\" height=\"150\" src=\"https:\/\/www.pedagogie.ac-nice.fr\/drane\/wp-content\/uploads\/sites\/69\/2026\/03\/capt_3136-150x150.png\" class=\"attachment-thumbnail size-thumbnail wp-post-image\" alt=\"\" style=\"max-width:75px;max-height:75px;\" \/><\/a><\/div><a class=\"wp-block-latest-posts__post-title\" href=\"https:\/\/www.pedagogie.ac-nice.fr\/drane\/2026\/03\/06\/cafes-numeriques\/\">Caf\u00e9s num\u00e9riques et inclusivit\u00e9<\/a><\/li>\n<li><div class=\"wp-block-latest-posts__featured-image alignleft\"><a href=\"https:\/\/www.pedagogie.ac-nice.fr\/drane\/2026\/03\/03\/une-approche-pyramidale-les-belges-sont-sympas\/\" aria-label=\"Une approche pyramidale de l&rsquo;IA\"><img loading=\"lazy\" decoding=\"async\" width=\"150\" height=\"150\" src=\"https:\/\/www.pedagogie.ac-nice.fr\/drane\/wp-content\/uploads\/sites\/69\/2026\/03\/Capture-decran-2026-03-25-195747-150x150.jpg\" class=\"attachment-thumbnail size-thumbnail wp-post-image\" alt=\"\" style=\"max-width:75px;max-height:75px;\" \/><\/a><\/div><a class=\"wp-block-latest-posts__post-title\" href=\"https:\/\/www.pedagogie.ac-nice.fr\/drane\/2026\/03\/03\/une-approche-pyramidale-les-belges-sont-sympas\/\">Une approche pyramidale de l&rsquo;IA<\/a><\/li>\n<li><div class=\"wp-block-latest-posts__featured-image alignleft\"><a href=\"https:\/\/www.pedagogie.ac-nice.fr\/drane\/2026\/02\/27\/rioiag\/\" aria-label=\"IA g\u00e9n\u00e9rative en \u00e9ducation : Un petit r\u00e9pertoire interactif.\"><img loading=\"lazy\" decoding=\"async\" width=\"150\" height=\"150\" src=\"https:\/\/www.pedagogie.ac-nice.fr\/drane\/wp-content\/uploads\/sites\/69\/2026\/02\/trousse_IA-removebg-preview-150x150.png\" class=\"attachment-thumbnail size-thumbnail wp-post-image\" alt=\"\" style=\"max-width:75px;max-height:75px;\" \/><\/a><\/div><a class=\"wp-block-latest-posts__post-title\" href=\"https:\/\/www.pedagogie.ac-nice.fr\/drane\/2026\/02\/27\/rioiag\/\">IA g\u00e9n\u00e9rative en \u00e9ducation : Un petit r\u00e9pertoire interactif.<\/a><\/li>\n<li><div class=\"wp-block-latest-posts__featured-image alignleft\"><a href=\"https:\/\/www.pedagogie.ac-nice.fr\/drane\/2026\/02\/13\/traam-2026-2027-%f0%9f%93%a2-appel-a-projets\/\" aria-label=\"TraAM 2026-2027 &#8211; \ud83d\udce2 Appel \u00e0 projets\"><img loading=\"lazy\" decoding=\"async\" width=\"150\" height=\"150\" src=\"https:\/\/www.pedagogie.ac-nice.fr\/drane\/wp-content\/uploads\/sites\/69\/2026\/02\/logo_traam_2021-150x150.png\" class=\"attachment-thumbnail size-thumbnail wp-post-image\" alt=\"\" style=\"max-width:75px;max-height:75px;\" \/><\/a><\/div><a class=\"wp-block-latest-posts__post-title\" href=\"https:\/\/www.pedagogie.ac-nice.fr\/drane\/2026\/02\/13\/traam-2026-2027-%f0%9f%93%a2-appel-a-projets\/\">TraAM 2026-2027 &#8211; \ud83d\udce2 Appel \u00e0 projets<\/a><\/li>\n<li><div class=\"wp-block-latest-posts__featured-image alignleft\"><a href=\"https:\/\/www.pedagogie.ac-nice.fr\/drane\/2026\/02\/11\/actualites-universalis-education-magellan-ia-et-evars-au-programme\/\" aria-label=\"Actualit\u00e9s Universalis \u00c9ducation : Magellan, IA et EVARS au programme !\"><img loading=\"lazy\" decoding=\"async\" width=\"129\" height=\"127\" src=\"https:\/\/www.pedagogie.ac-nice.fr\/drane\/wp-content\/uploads\/sites\/69\/2026\/02\/picto_edu.png\" class=\"attachment-thumbnail size-thumbnail wp-post-image\" alt=\"\" style=\"max-width:75px;max-height:75px;\" \/><\/a><\/div><a class=\"wp-block-latest-posts__post-title\" href=\"https:\/\/www.pedagogie.ac-nice.fr\/drane\/2026\/02\/11\/actualites-universalis-education-magellan-ia-et-evars-au-programme\/\">Actualit\u00e9s Universalis \u00c9ducation : Magellan, IA et EVARS au programme !<\/a><\/li>\n<\/ul>","protected":false},"excerpt":{"rendered":"<p>Bienvenue sur le site de la DRANE PACA &#8211; p\u00f4le de Nice Comme vous l&rsquo;avez remarqu\u00e9, le site fait peau neuve ! Nous avons lanc\u00e9 cette nouvelle version pour mieux prot\u00e9ger vos \u00e9changes et s\u00e9curiser la plateforme. L&rsquo;\u00e9quipe de la Drane travaille activement \u00e0 la mise \u00e0 jour des contenus pour que tout soit parfait. &hellip; <\/p>\n<p><a class=\"more-link btn\" href=\"https:\/\/www.pedagogie.ac-nice.fr\/drane\/\">Lire la suite<\/a><\/p>\n","protected":false},"author":652,"featured_media":0,"parent":0,"menu_order":0,"comment_status":"closed","ping_status":"closed","template":"","meta":{"ngg_post_thumbnail":0,"footnotes":""},"class_list":["post-220","page","type-page","status-publish","hentry","nodate","item-wrap"],"rttpg_featured_image_url":null,"rttpg_author":{"display_name":"gillesnaviliat","author_link":"https:\/\/www.pedagogie.ac-nice.fr\/drane\/author\/gillesnaviliat\/"},"rttpg_comment":0,"rttpg_category":null,"rttpg_excerpt":"Bienvenue sur le site de la DRANE PACA &#8211; p\u00f4le de Nice Comme vous l&rsquo;avez remarqu\u00e9, le site fait peau neuve ! Nous avons lanc\u00e9 cette nouvelle version pour mieux prot\u00e9ger vos \u00e9changes et s\u00e9curiser la plateforme. L&rsquo;\u00e9quipe de la Drane travaille activement \u00e0 la mise \u00e0 jour des contenus pour que tout soit parfait.\u2026","post_mailing_queue_ids":[],"_links":{"self":[{"href":"https:\/\/www.pedagogie.ac-nice.fr\/drane\/wp-json\/wp\/v2\/pages\/220","targetHints":{"allow":["GET"]}}],"collection":[{"href":"https:\/\/www.pedagogie.ac-nice.fr\/drane\/wp-json\/wp\/v2\/pages"}],"about":[{"href":"https:\/\/www.pedagogie.ac-nice.fr\/drane\/wp-json\/wp\/v2\/types\/page"}],"author":[{"embeddable":true,"href":"https:\/\/www.pedagogie.ac-nice.fr\/drane\/wp-json\/wp\/v2\/users\/652"}],"replies":[{"embeddable":true,"href":"https:\/\/www.pedagogie.ac-nice.fr\/drane\/wp-json\/wp\/v2\/comments?post=220"}],"version-history":[{"count":9,"href":"https:\/\/www.pedagogie.ac-nice.fr\/drane\/wp-json\/wp\/v2\/pages\/220\/revisions"}],"predecessor-version":[{"id":1327,"href":"https:\/\/www.pedagogie.ac-nice.fr\/drane\/wp-json\/wp\/v2\/pages\/220\/revisions\/1327"}],"wp:attachment":[{"href":"https:\/\/www.pedagogie.ac-nice.fr\/drane\/wp-json\/wp\/v2\/media?parent=220"}],"curies":[{"name":"wp","href":"https:\/\/api.w.org\/{rel}","templated":true}]}}