{"id":30,"date":"2025-09-08T12:12:55","date_gmt":"2025-09-08T10:12:55","guid":{"rendered":"https:\/\/www.pedagogie.ac-nice.fr\/drane-test\/?page_id=30"},"modified":"2026-02-08T21:22:54","modified_gmt":"2026-02-08T20:22:54","slug":"la-mission-de-la-drane","status":"publish","type":"page","link":"https:\/\/www.pedagogie.ac-nice.fr\/drane\/la-mission-de-la-drane\/","title":{"rendered":"Les missions de la DRANE"},"content":{"rendered":"\n<div style=\"height:15px\" aria-hidden=\"true\" class=\"wp-block-spacer\"><\/div>\n\n\n\n<p class=\"has-white-color has-text-color has-background has-link-color wp-elements-b0ac098cca4b3c1a5e1a9b31dd26fb2d\" style=\"background-color:#312f82\"><strong>Le service r\u00e9gional du num\u00e9rique \u00e9ducatif exerce les missions suivantes :<\/strong><\/p>\n\n\n\n<ul style=\"background-color:#cde8fd\" class=\"wp-block-list has-background\">\n<li>impulser et accompagner la transformation num\u00e9rique ;<\/li>\n\n\n\n<li>assurer la mise en \u0153uvre du service public du num\u00e9rique \u00e9ducatif notamment en organisant :\n<ul class=\"wp-block-list\">\n<li>la formation des personnels au et par le num\u00e9rique ;<\/li>\n\n\n\n<li>l&rsquo;assistance des \u00e9tablissements scolaires et des personnels ;<\/li>\n<\/ul>\n<\/li>\n\n\n\n<li>assurer le lien avec les collectivit\u00e9s territoriales dans la mise en place de l&rsquo;\u00e9cosyst\u00e8me num\u00e9rique ;<\/li>\n\n\n\n<li>administrer l&rsquo;offre de services du num\u00e9rique \u00e9ducatif ;<\/li>\n\n\n\n<li>d\u00e9velopper les exp\u00e9rimentations et assurer le lien avec la recherche ;<\/li>\n\n\n\n<li>organiser l\u2019observation et l\u2019\u00e9valuation des pratiques num\u00e9riques.<\/li>\n<\/ul>\n\n\n\n<div style=\"height:12px\" aria-hidden=\"true\" class=\"wp-block-spacer\"><\/div>\n\n\n\n<p class=\"has-white-color has-text-color has-background has-link-color wp-elements-ff04ce1410ef307ce30b90f68f1778c1\" style=\"background-color:#312f82\"><strong>Pour exercer ces missions, la DRANE s&rsquo;appuie sur une structure de r\u00e9seau:<\/strong><\/p>\n\n\n\n<ul style=\"background-color:#ebf6fa\" class=\"wp-block-list has-background\">\n<li>les <strong>IEN-en charge du num\u00e9rique<\/strong> d\u00e9sign\u00e9s par les IA-DASEN travaillent en relation avec la DRANE ;<\/li>\n\n\n\n<li>les <strong>charg\u00e9s de mission<\/strong> interviennent au sein du p\u00f4le num\u00e9rique acad\u00e9mique et\/ou comme animateurs p\u00e9dagogiques dans le cadre des p\u00f4les d\u00e9partementaux. A chaque charg\u00e9 de mission est confi\u00e9e la coordination d&rsquo;un groupe de formation et de comp\u00e9tences qui assure la production de ressources p\u00e9dagogiques et les formations. Ces groupes se r\u00e9unissent au sein d&rsquo;une structure, AdNum, qui rassemble les formateurs num\u00e9riques. ;<\/li>\n\n\n\n<li>les <strong>Interlocuteurs acad\u00e9miques au num\u00e9rique (IAN)<\/strong> assurent des missions d\u2019information, d\u2019impulsion et de coordination en mati\u00e8re d\u2019usages du num\u00e9rique dans leur discipline en lien avec les inspecteurs et la Direction du num\u00e9rique \u00e9ducatif du minist\u00e8re ;<\/li>\n\n\n\n<li>les webmestres des sites p\u00e9dagogiques et th\u00e9matiques sont un relais important du r\u00e9seau num\u00e9rique acad\u00e9mique pour la diffusion des usages p\u00e9dagogiques pertinents ;<\/li>\n\n\n\n<li>dans le 1er degr\u00e9, les <strong>Enseignants R\u00e9f\u00e9rents pour les Usages du Num\u00e9rique (ERUN)<\/strong> dont le travail est coordonn\u00e9 par les IEN num\u00e9riques, contribuent \u00e0 d\u00e9velopper des usages pertinents et responsables du num\u00e9rique ;<\/li>\n\n\n\n<li>dans le 2nd degr\u00e9, les <strong>r\u00e9f\u00e9rents aux ressources et usages p\u00e9dagogiques num\u00e9riques <\/strong>des EPLE, ou <strong>RRUPN<\/strong>, d\u00e9sign\u00e9s par chaque chef d\u2019\u00e9tablissement, aident \u00e0 la mise en \u0153uvre de la politique acad\u00e9mique au niveau local.<\/li>\n<\/ul>\n\n\n\n<p><\/p>\n","protected":false},"excerpt":{"rendered":"<p>Le service r\u00e9gional du num\u00e9rique \u00e9ducatif exerce les missions suivantes : Pour exercer ces missions, la DRANE s&rsquo;appuie sur une structure de r\u00e9seau:<\/p>\n","protected":false},"author":652,"featured_media":0,"parent":0,"menu_order":0,"comment_status":"closed","ping_status":"closed","template":"","meta":{"ngg_post_thumbnail":0,"footnotes":""},"class_list":["post-30","page","type-page","status-publish","hentry","nodate","item-wrap"],"rttpg_featured_image_url":null,"rttpg_author":{"display_name":"gillesnaviliat","author_link":"https:\/\/www.pedagogie.ac-nice.fr\/drane\/author\/gillesnaviliat\/"},"rttpg_comment":0,"rttpg_category":null,"rttpg_excerpt":"Le service r\u00e9gional du num\u00e9rique \u00e9ducatif exerce les missions suivantes : Pour exercer ces missions, la DRANE s&rsquo;appuie sur une structure de r\u00e9seau:","post_mailing_queue_ids":[],"_links":{"self":[{"href":"https:\/\/www.pedagogie.ac-nice.fr\/drane\/wp-json\/wp\/v2\/pages\/30","targetHints":{"allow":["GET"]}}],"collection":[{"href":"https:\/\/www.pedagogie.ac-nice.fr\/drane\/wp-json\/wp\/v2\/pages"}],"about":[{"href":"https:\/\/www.pedagogie.ac-nice.fr\/drane\/wp-json\/wp\/v2\/types\/page"}],"author":[{"embeddable":true,"href":"https:\/\/www.pedagogie.ac-nice.fr\/drane\/wp-json\/wp\/v2\/users\/652"}],"replies":[{"embeddable":true,"href":"https:\/\/www.pedagogie.ac-nice.fr\/drane\/wp-json\/wp\/v2\/comments?post=30"}],"version-history":[{"count":5,"href":"https:\/\/www.pedagogie.ac-nice.fr\/drane\/wp-json\/wp\/v2\/pages\/30\/revisions"}],"predecessor-version":[{"id":877,"href":"https:\/\/www.pedagogie.ac-nice.fr\/drane\/wp-json\/wp\/v2\/pages\/30\/revisions\/877"}],"wp:attachment":[{"href":"https:\/\/www.pedagogie.ac-nice.fr\/drane\/wp-json\/wp\/v2\/media?parent=30"}],"curies":[{"name":"wp","href":"https:\/\/api.w.org\/{rel}","templated":true}]}}