{"id":31,"date":"2025-09-08T12:12:55","date_gmt":"2025-09-08T10:12:55","guid":{"rendered":"https:\/\/www.pedagogie.ac-nice.fr\/drane-test\/?page_id=31"},"modified":"2026-03-11T22:21:38","modified_gmt":"2026-03-11T21:21:38","slug":"strategie-regionale-du-numerique","status":"publish","type":"page","link":"https:\/\/www.pedagogie.ac-nice.fr\/drane\/strategie-regionale-du-numerique\/","title":{"rendered":"Strat\u00e9gie R\u00e9gionale du Num\u00e9rique"},"content":{"rendered":"\n<div style=\"font-family: Arial, sans-serif; color: #333; line-height: 1.6; max-width: 1000px; margin: 0 auto; padding: 20px;\">\n    <!-- En-t\u00eate avec d\u00e9grad\u00e9 de bleu -->\n    <header style=\"background: linear-gradient(135deg, #1e73be, #00539C); color: white; padding: 20px; text-align: center; border-radius: 5px; margin-bottom: 20px;\">\n        <h1 style=\"margin: 0; font-size: 2em;\">Strat\u00e9gie du Num\u00e9rique \u00c9ducatif en Provence-Alpes-C\u00f4te d&rsquo;Azur<\/h1>\n        <p style=\"font-style: italic; margin: 5px 0 0;\">Libert\u00e9 \u00b7 \u00c9galit\u00e9 \u00b7 Fraternit\u00e9<\/p>\n    <\/header>\n\n    <!-- Introduction -->\n    <section style=\"background-color: #f0f8ff; padding: 20px; border-radius: 5px; margin-bottom: 20px; border-left: 4px solid #4682b4;\">\n        <p style=\"text-align: center; font-style: italic; font-size: 1.2em; color: #1e73be;\">\n            A partir de la strat\u00e9gie nationale du num\u00e9rique pour l&rsquo;\u00c9ducation, le Recteur de la R\u00e9gion Acad\u00e9mique, M. Delaunay, le Recteur d\u00e9l\u00e9gu\u00e9 pour l&rsquo;Enseignement Sup\u00e9rieur, la Recherche et l&rsquo;Innovation, M. Bouabdallah et la Rectrice de l&rsquo;acad\u00e9mie de Nice, Mme Chicot vous pr\u00e9sentent la strat\u00e9gie du Num\u00e9rique \u00c9ducatif 2023-2027.\n<br>\n<a href=\"https:\/\/www.education.gouv.fr\/feuilles-de-route-450426\" style=\"color: #1e73be; text-decoration: none; font-size: 1em ;\">Lien vers la strat\u00e9gie num\u00e9rique nationale<\/a><\/br>\n        <\/p>\n    <\/section>\n\n    <!-- D\u00e9fis nationaux -->\n    <section style=\"margin-bottom: 30px;\">\n        <h2 style=\"color: #00539C; border-bottom: 2px solid #4682b4; padding-bottom: 5px;\">Quatre D\u00e9fis Nationaux<\/h2>\n        <div style=\"display: flex; flex-wrap: wrap; gap: 15px; justify-content: space-between;\">\n            <div style=\"background-color: #e6f2ff; padding: 15px; border-radius: 5px; flex: 1 1 200px; border-top: 3px solid #4682b4;\">\n                <h3 style=\"color: #00539C; margin-top: 0;\">01<\/h3>\n                <p>Un \u00e9cosyst\u00e8me engag\u00e9 au service d&rsquo;une politique publique partag\u00e9e.<\/p>\n            <\/div>\n            <div style=\"background-color: #d9efff; padding: 15px; border-radius: 5px; flex: 1 1 200px; border-top: 3px solid #5f9ea0;\">\n                <h3 style=\"color: #00539C; margin-top: 0;\">02<\/h3>\n                <p>Un enseignement du num\u00e9rique qui d\u00e9veloppe la citoyennet\u00e9 et les comp\u00e9tences num\u00e9riques.<\/p>\n            <\/div>\n            <div style=\"background-color: #cce7ff; padding: 15px; border-radius: 5px; flex: 1 1 200px; border-top: 3px solid #6ca6cd;\">\n                <h3 style=\"color: #00539C; margin-top: 0;\">03<\/h3>\n                <p>Une communaut\u00e9 \u00e9ducative soutenue par une offre num\u00e9rique raisonn\u00e9e, p\u00e9renne et inclusive.<\/p>\n            <\/div>\n            <div style=\"background-color: #c6e2ff; padding: 15px; border-radius: 5px; flex: 1 1 200px; border-top: 3px solid #7ec0ee;\">\n                <h3 style=\"color: #00539C; margin-top: 0;\">04<\/h3>\n                <p>De nouvelles r\u00e8gles du jeu pour un syst\u00e8me d&rsquo;information minist\u00e9riel au service de ses utilisateurs.<\/p>\n            <\/div>\n        <\/div>\n    <\/section>\n\n    <!-- Objectifs r\u00e9gionaux -->\n    <section style=\"margin-bottom: 30px;\">\n        <h2 style=\"color: #00539C; border-bottom: 2px solid #5f9ea0; padding-bottom: 5px;\">Apprendre avec le Num\u00e9rique<\/h2>\n        <ul style=\"list-style-type: none; padding: 0;\">\n            <li style=\"background-color: #e6f2ff; padding: 10px; margin-bottom: 10px; border-radius: 5px; border-left: 4px solid #4682b4;\">\n                D\u00e9ployer une offre de formation adapt\u00e9e au d\u00e9veloppement des comp\u00e9tences num\u00e9riques.\n            <\/li>\n            <li style=\"background-color: #d9efff; padding: 10px; margin-bottom: 10px; border-radius: 5px; border-left: 4px solid #5f9ea0;\">\n                Faire monter en comp\u00e9tence les formateurs sur la sc\u00e9narisation p\u00e9dagogique pour des formations plus efficaces.\n            <\/li>\n            <li style=\"background-color: #cce7ff; padding: 10px; margin-bottom: 10px; border-radius: 5px; border-left: 4px solid #6ca6cd;\">\n                Accompagner les cadres dans l&rsquo;\u00e9laboration et la mise en \u0153uvre de projets num\u00e9riques.\n            <\/li>\n            <li style=\"background-color: #c6e2ff; padding: 10px; margin-bottom: 10px; border-radius: 5px; border-left: 4px solid #7ec0ee;\">\n                Le num\u00e9rique comme levier de l&rsquo;inclusion.\n            <\/li>\n        <\/ul>\n    <\/section>\n\n    <!-- Sous-directions -->\n    <section style=\"margin-bottom: 30px;\">\n        <h2 style=\"color: #00539C; border-bottom: 2px solid #6ca6cd; padding-bottom: 5px;\">Trois Sous-Directions<\/h2>\n        <div style=\"display: flex; flex-wrap: wrap; gap: 20px; justify-content: space-between;\">\n            <div style=\"background-color: #e6f2ff; padding: 15px; border-radius: 5px; flex: 1 1 300px; border-top: 4px solid #4682b4;\">\n                <h3 style=\"color: #00539C; margin-top: 0;\">Services Num\u00e9riques &#038; Sode<\/h3>\n                <ul style=\"color: #333;\">\n                    <li>ENT 1d &#038; ENT 2d<\/li>\n                    <li>\u00c9quipement collectif\/individuel<\/li>\n                    <li>Accompagnement des EPLE<\/li>\n                    <li>Catalogue applicatif<\/li>\n                    <li>Offre de service<\/li>\n                    <li>Gestion des donn\u00e9es<\/li>\n                <\/ul>\n            <\/div>\n            <div style=\"background-color: #d9efff; padding: 15px; border-radius: 5px; flex: 1 1 300px; border-top: 4px solid #5f9ea0;\">\n                <h3 style=\"color: #00539C; margin-top: 0;\">Recherche &#038; D\u00e9veloppement<\/h3>\n                <ul style=\"color: #333;\">\n                    <li>Innovation et exp\u00e9rimentation p\u00e9dagogiques du num\u00e9rique \u00e9ducatif<\/li>\n                    <li>Intelligence Artificielle<\/li>\n                    <li>Environnements Immersifs<\/li>\n                    <li>Appel \u00e0 manifestation d&rsquo;int\u00e9r\u00eat<\/li>\n                    <li>Actions Codage et Programmation<\/li>\n                    <li>Recherche et d\u00e9veloppement<\/li>\n                <\/ul>\n            <\/div>\n            <div style=\"background-color: #cce7ff; padding: 15px; border-radius: 5px; flex: 1 1 300px; border-top: 4px solid #6ca6cd;\">\n                <h3 style=\"color: #00539C; margin-top: 0;\">Soutien &#038; Accompagnement<\/h3>\n                <ul style=\"color: #333;\">\n                    <li>Ressources, usages et pratiques<\/li>\n                    <li>Soutien de projets<\/li>\n                    <li>Accompagnement des personnels<\/li>\n                    <li>Formation au et par le num\u00e9rique<\/li>\n                    <li>Num\u00e9rique et \u00e9cole inclusive<\/li>\n                    <li>Citoyennet\u00e9 num\u00e9rique<\/li>\n                <\/ul>\n            <\/div>\n        <\/div>\n    <\/section>\n\n    <!-- CTA et lien -->\n    <section style=\"text-align: center; background: linear-gradient(135deg, #4682b4, #5f9ea0); color: white; padding: 20px; border-radius: 5px;\">\n        <p style=\"margin: 0; font-size: 1.2em;\">Pour plus d&rsquo;informations, reportez vous au document :<\/p>\n        <a href=\"https:\/\/nuage03.apps.education.fr\/index.php\/s\/iMxeAiW4koXSdxT\" style=\"color: white; text-decoration: none; font-weight: bold;\">Strat\u00e9gie Drane PACA<\/a>\n    <\/section>\n<\/div>\n","protected":false},"excerpt":{"rendered":"<p>Strat\u00e9gie du Num\u00e9rique \u00c9ducatif en Provence-Alpes-C\u00f4te d&rsquo;Azur Libert\u00e9 \u00b7 \u00c9galit\u00e9 \u00b7 Fraternit\u00e9 A partir de la strat\u00e9gie nationale du num\u00e9rique pour l&rsquo;\u00c9ducation, le Recteur de la R\u00e9gion Acad\u00e9mique, M. Delaunay, le Recteur d\u00e9l\u00e9gu\u00e9 pour l&rsquo;Enseignement Sup\u00e9rieur, la Recherche et l&rsquo;Innovation, M. Bouabdallah et la Rectrice de l&rsquo;acad\u00e9mie de Nice, Mme Chicot vous pr\u00e9sentent la strat\u00e9gie &hellip; <\/p>\n<p><a class=\"more-link btn\" href=\"https:\/\/www.pedagogie.ac-nice.fr\/drane\/strategie-regionale-du-numerique\/\">Lire la suite<\/a><\/p>\n","protected":false},"author":652,"featured_media":0,"parent":0,"menu_order":0,"comment_status":"closed","ping_status":"closed","template":"","meta":{"ngg_post_thumbnail":0,"footnotes":""},"class_list":["post-31","page","type-page","status-publish","hentry","nodate","item-wrap"],"rttpg_featured_image_url":null,"rttpg_author":{"display_name":"gillesnaviliat","author_link":"https:\/\/www.pedagogie.ac-nice.fr\/drane\/author\/gillesnaviliat\/"},"rttpg_comment":0,"rttpg_category":null,"rttpg_excerpt":"Strat\u00e9gie du Num\u00e9rique \u00c9ducatif en Provence-Alpes-C\u00f4te d&rsquo;Azur Libert\u00e9 \u00b7 \u00c9galit\u00e9 \u00b7 Fraternit\u00e9 A partir de la strat\u00e9gie nationale du num\u00e9rique pour l&rsquo;\u00c9ducation, le Recteur de la R\u00e9gion Acad\u00e9mique, M. Delaunay, le Recteur d\u00e9l\u00e9gu\u00e9 pour l&rsquo;Enseignement Sup\u00e9rieur, la Recherche et l&rsquo;Innovation, M. Bouabdallah et la Rectrice de l&rsquo;acad\u00e9mie de Nice, Mme Chicot vous pr\u00e9sentent la strat\u00e9gie\u2026","post_mailing_queue_ids":[],"_links":{"self":[{"href":"https:\/\/www.pedagogie.ac-nice.fr\/drane\/wp-json\/wp\/v2\/pages\/31","targetHints":{"allow":["GET"]}}],"collection":[{"href":"https:\/\/www.pedagogie.ac-nice.fr\/drane\/wp-json\/wp\/v2\/pages"}],"about":[{"href":"https:\/\/www.pedagogie.ac-nice.fr\/drane\/wp-json\/wp\/v2\/types\/page"}],"author":[{"embeddable":true,"href":"https:\/\/www.pedagogie.ac-nice.fr\/drane\/wp-json\/wp\/v2\/users\/652"}],"replies":[{"embeddable":true,"href":"https:\/\/www.pedagogie.ac-nice.fr\/drane\/wp-json\/wp\/v2\/comments?post=31"}],"version-history":[{"count":6,"href":"https:\/\/www.pedagogie.ac-nice.fr\/drane\/wp-json\/wp\/v2\/pages\/31\/revisions"}],"predecessor-version":[{"id":1227,"href":"https:\/\/www.pedagogie.ac-nice.fr\/drane\/wp-json\/wp\/v2\/pages\/31\/revisions\/1227"}],"wp:attachment":[{"href":"https:\/\/www.pedagogie.ac-nice.fr\/drane\/wp-json\/wp\/v2\/media?parent=31"}],"curies":[{"name":"wp","href":"https:\/\/api.w.org\/{rel}","templated":true}]}}