{"id":32,"date":"2025-09-08T12:12:56","date_gmt":"2025-09-08T10:12:56","guid":{"rendered":"https:\/\/www.pedagogie.ac-nice.fr\/drane-test\/?page_id=32"},"modified":"2026-03-18T10:21:03","modified_gmt":"2026-03-18T09:21:03","slug":"organigramme","status":"publish","type":"page","link":"https:\/\/www.pedagogie.ac-nice.fr\/drane\/organigramme\/","title":{"rendered":"Organigramme"},"content":{"rendered":"\n<p class=\"has-background\" style=\"background-color:#d1d8f4\">Le <strong>service r\u00e9gional du num\u00e9rique \u00e9ducatif<\/strong> est plac\u00e9 sous la responsabilit\u00e9 du conseiller du recteur de r\u00e9gion acad\u00e9mique charg\u00e9 du num\u00e9rique \u00e9ducatif, en sa qualit\u00e9 de directeur du service, situ\u00e9 au rectorat de l\u2019acad\u00e9mie de Nice, et du conseiller du recteur de l\u2019acad\u00e9mie d\u2019Aix-Marseille charg\u00e9 du num\u00e9rique \u00e9ducatif, en sa qualit\u00e9 de directeur adjoint, situ\u00e9 au rectorat de l\u2019acad\u00e9mie d\u2019Aix-Marseille ; l&rsquo;\u00e9quipe de direction est compl\u00e9t\u00e9e par trois sous-directeurs.<\/p>\n\n\n\n<div data-wp-context=\"{ &quot;autoclose&quot;: false, &quot;accordionItems&quot;: [] }\" data-wp-interactive=\"core\/accordion\" role=\"group\" class=\"wp-block-accordion is-layout-flow wp-block-accordion-is-layout-flow\">\n<div data-wp-class--is-open=\"state.isOpen\" data-wp-context=\"{ &quot;id&quot;: &quot;accordion-item-1&quot;, &quot;openByDefault&quot;: false }\" data-wp-init=\"callbacks.initAccordionItems\" data-wp-on-window--hashchange=\"callbacks.hashChange\" class=\"wp-block-accordion-item is-layout-flow wp-block-accordion-item-is-layout-flow\">\n<h3 class=\"wp-block-accordion-heading\"><button aria-expanded=\"false\" aria-controls=\"accordion-item-1-panel\" data-wp-bind--aria-expanded=\"state.isOpen\" data-wp-on--click=\"actions.toggle\" data-wp-on--keydown=\"actions.handleKeyDown\" id=\"accordion-item-1\" type=\"button\" class=\"wp-block-accordion-heading__toggle\"><span class=\"wp-block-accordion-heading__toggle-title\"><\/span><span class=\"wp-block-accordion-heading__toggle-icon\" aria-hidden=\"true\">+<\/span><\/button><\/h3>\n\n\n\n<div inert aria-labelledby=\"accordion-item-1\" data-wp-bind--inert=\"!state.isOpen\" id=\"accordion-item-1-panel\" role=\"region\" class=\"wp-block-accordion-panel is-layout-flow wp-block-accordion-panel-is-layout-flow\">\n<p><\/p>\n<\/div>\n<\/div>\n<\/div>\n\n\n\n<div class=\"wp-block-media-text is-stacked-on-mobile has-white-color has-text-color has-background has-link-color wp-elements-caa6118a67b80fed6b6964603e300756\" style=\"background-color:#311f75;grid-template-columns:15% auto\"><figure class=\"wp-block-media-text__media\"><img loading=\"lazy\" decoding=\"async\" width=\"383\" height=\"383\" src=\"http:\/\/www.pedagogie.ac-nice.fr\/drane\/wp-content\/uploads\/sites\/69\/2026\/02\/neiss_marc.png\" alt=\"\" class=\"wp-image-879 size-full\" srcset=\"https:\/\/www.pedagogie.ac-nice.fr\/drane\/wp-content\/uploads\/sites\/69\/2026\/02\/neiss_marc.png 383w, https:\/\/www.pedagogie.ac-nice.fr\/drane\/wp-content\/uploads\/sites\/69\/2026\/02\/neiss_marc-300x300.png 300w, https:\/\/www.pedagogie.ac-nice.fr\/drane\/wp-content\/uploads\/sites\/69\/2026\/02\/neiss_marc-150x150.png 150w\" sizes=\"auto, (max-width: 383px) 100vw, 383px\" \/><\/figure><div class=\"wp-block-media-text__content\">\n<p><strong>Marc Neiss<\/strong> : Directeur de la DRANE<\/p>\n<\/div><\/div>\n\n\n\n<div class=\"wp-block-media-text is-stacked-on-mobile has-white-color has-text-color has-background has-link-color wp-elements-09b7d8389e8578ca95ed026076a03506\" style=\"background-color:#414098;grid-template-columns:15% auto\"><figure class=\"wp-block-media-text__media\"><img loading=\"lazy\" decoding=\"async\" width=\"90\" height=\"90\" src=\"http:\/\/www.pedagogie.ac-nice.fr\/drane\/wp-content\/uploads\/sites\/69\/2026\/02\/dane_adj_roos_isabelle.jpg\" alt=\"\" class=\"wp-image-880 size-full\"\/><\/figure><div class=\"wp-block-media-text__content\">\n<p><strong>Isabelle Roos<\/strong> : Directrice adjointe de la DRANE<\/p>\n<\/div><\/div>\n\n\n\n<div class=\"wp-block-media-text is-stacked-on-mobile has-white-color has-text-color has-background has-link-color wp-elements-2d1214e13d670e6de60ee324fea38967\" style=\"background-color:#6d78cb;grid-template-columns:15% auto\"><figure class=\"wp-block-media-text__media\"><img loading=\"lazy\" decoding=\"async\" width=\"90\" height=\"90\" src=\"http:\/\/www.pedagogie.ac-nice.fr\/drane\/wp-content\/uploads\/sites\/69\/2026\/02\/oliviermaurel.png\" alt=\"\" class=\"wp-image-881 size-medium\"\/><\/figure><div class=\"wp-block-media-text__content\">\n<p><strong>Olivier Maurel<\/strong>: Sous-Directeur des Services et Socles Num\u00e9riques de la DRANE<\/p>\n<\/div><\/div>\n\n\n\n<div class=\"wp-block-media-text is-stacked-on-mobile has-white-color has-text-color has-background has-link-color wp-elements-4bc4e00a92a2971931e3a701dcf614cd\" style=\"background-color:#898be6;grid-template-columns:15% auto\"><figure class=\"wp-block-media-text__media\"><img loading=\"lazy\" decoding=\"async\" width=\"90\" height=\"90\" src=\"http:\/\/www.pedagogie.ac-nice.fr\/drane\/wp-content\/uploads\/sites\/69\/2026\/02\/vignette_isabelle_monnet_degand.png\" alt=\"\" class=\"wp-image-882 size-full\"\/><\/figure><div class=\"wp-block-media-text__content\">\n<p><strong>Isabelle Monnet-Degand<\/strong>: Sous-Directrice Recherche et D\u00e9veloppements de la DRANE<\/p>\n<\/div><\/div>\n\n\n\n<div class=\"wp-block-media-text is-stacked-on-mobile has-white-color has-text-color has-background has-link-color wp-elements-18a2997516dbb5ef341fc07c13f8b08a\" style=\"background-color:#7e9ff3;grid-template-columns:15% auto\"><figure class=\"wp-block-media-text__media\"><img loading=\"lazy\" decoding=\"async\" width=\"400\" height=\"400\" src=\"http:\/\/www.pedagogie.ac-nice.fr\/drane\/wp-content\/uploads\/sites\/69\/2026\/02\/beguin_eric.png\" alt=\"\" class=\"wp-image-883 size-full\" srcset=\"https:\/\/www.pedagogie.ac-nice.fr\/drane\/wp-content\/uploads\/sites\/69\/2026\/02\/beguin_eric.png 400w, https:\/\/www.pedagogie.ac-nice.fr\/drane\/wp-content\/uploads\/sites\/69\/2026\/02\/beguin_eric-300x300.png 300w, https:\/\/www.pedagogie.ac-nice.fr\/drane\/wp-content\/uploads\/sites\/69\/2026\/02\/beguin_eric-150x150.png 150w\" sizes=\"auto, (max-width: 400px) 100vw, 400px\" \/><\/figure><div class=\"wp-block-media-text__content\">\n<p><strong>Eric Beguin<\/strong> : Sous-Directeur soutien et accompagnement de la DRANE<\/p>\n<\/div><\/div>\n\n\n\n<p><\/p>\n","protected":false},"excerpt":{"rendered":"<p>Le service r\u00e9gional du num\u00e9rique \u00e9ducatif est plac\u00e9 sous la responsabilit\u00e9 du conseiller du recteur de r\u00e9gion acad\u00e9mique charg\u00e9 du num\u00e9rique \u00e9ducatif, en sa qualit\u00e9 de directeur du service, situ\u00e9 au rectorat de l\u2019acad\u00e9mie de Nice, et du conseiller du recteur de l\u2019acad\u00e9mie d\u2019Aix-Marseille charg\u00e9 du num\u00e9rique \u00e9ducatif, en sa qualit\u00e9 de directeur adjoint, situ\u00e9 &hellip; <\/p>\n<p><a class=\"more-link btn\" href=\"https:\/\/www.pedagogie.ac-nice.fr\/drane\/organigramme\/\">Lire la suite<\/a><\/p>\n","protected":false},"author":652,"featured_media":0,"parent":0,"menu_order":0,"comment_status":"closed","ping_status":"closed","template":"","meta":{"ngg_post_thumbnail":0,"footnotes":""},"class_list":["post-32","page","type-page","status-publish","hentry","nodate","item-wrap"],"rttpg_featured_image_url":null,"rttpg_author":{"display_name":"gillesnaviliat","author_link":"https:\/\/www.pedagogie.ac-nice.fr\/drane\/author\/gillesnaviliat\/"},"rttpg_comment":0,"rttpg_category":null,"rttpg_excerpt":"Le service r\u00e9gional du num\u00e9rique \u00e9ducatif est plac\u00e9 sous la responsabilit\u00e9 du conseiller du recteur de r\u00e9gion acad\u00e9mique charg\u00e9 du num\u00e9rique \u00e9ducatif, en sa qualit\u00e9 de directeur du service, situ\u00e9 au rectorat de l\u2019acad\u00e9mie de Nice, et du conseiller du recteur de l\u2019acad\u00e9mie d\u2019Aix-Marseille charg\u00e9 du num\u00e9rique \u00e9ducatif, en sa qualit\u00e9 de directeur adjoint, situ\u00e9\u2026","post_mailing_queue_ids":[],"_links":{"self":[{"href":"https:\/\/www.pedagogie.ac-nice.fr\/drane\/wp-json\/wp\/v2\/pages\/32","targetHints":{"allow":["GET"]}}],"collection":[{"href":"https:\/\/www.pedagogie.ac-nice.fr\/drane\/wp-json\/wp\/v2\/pages"}],"about":[{"href":"https:\/\/www.pedagogie.ac-nice.fr\/drane\/wp-json\/wp\/v2\/types\/page"}],"author":[{"embeddable":true,"href":"https:\/\/www.pedagogie.ac-nice.fr\/drane\/wp-json\/wp\/v2\/users\/652"}],"replies":[{"embeddable":true,"href":"https:\/\/www.pedagogie.ac-nice.fr\/drane\/wp-json\/wp\/v2\/comments?post=32"}],"version-history":[{"count":10,"href":"https:\/\/www.pedagogie.ac-nice.fr\/drane\/wp-json\/wp\/v2\/pages\/32\/revisions"}],"predecessor-version":[{"id":1242,"href":"https:\/\/www.pedagogie.ac-nice.fr\/drane\/wp-json\/wp\/v2\/pages\/32\/revisions\/1242"}],"wp:attachment":[{"href":"https:\/\/www.pedagogie.ac-nice.fr\/drane\/wp-json\/wp\/v2\/media?parent=32"}],"curies":[{"name":"wp","href":"https:\/\/api.w.org\/{rel}","templated":true}]}}