{"id":33,"date":"2025-09-08T12:12:56","date_gmt":"2025-09-08T10:12:56","guid":{"rendered":"https:\/\/www.pedagogie.ac-nice.fr\/drane-test\/?page_id=33"},"modified":"2026-02-09T15:34:31","modified_gmt":"2026-02-09T14:34:31","slug":"contact","status":"publish","type":"page","link":"https:\/\/www.pedagogie.ac-nice.fr\/drane\/contact\/","title":{"rendered":"Contact"},"content":{"rendered":"<div class=\"wp-block-image\">\n<figure class=\"alignleft size-full is-resized\"><img loading=\"lazy\" decoding=\"async\" width=\"280\" height=\"180\" src=\"https:\/\/www.pedagogie.ac-nice.fr\/drane-test\/wp-content\/uploads\/sites\/69\/2026\/02\/question.png\" alt=\"\" class=\"wp-image-926\" style=\"width:118px;height:auto\"\/><\/figure>\n<\/div>\n\n\n<p>Pour toute demande , merci de nous \u00e9crire \u00e0 l&rsquo;adresse <strong>ce.drane@region-academique-paca.fr<\/strong><\/p>\n\n\n\n<p>Nous vous r\u00e9pondrons dans les plus brefs d\u00e9lais.<\/p>\n\n\n\n<p><\/p>\n","protected":false},"excerpt":{"rendered":"<p>Pour toute demande , merci de nous \u00e9crire \u00e0 l&rsquo;adresse ce.drane@region-academique-paca.fr Nous vous r\u00e9pondrons dans les plus brefs d\u00e9lais.<\/p>\n","protected":false},"author":652,"featured_media":0,"parent":0,"menu_order":0,"comment_status":"closed","ping_status":"closed","template":"","meta":{"ngg_post_thumbnail":0,"footnotes":""},"class_list":["post-33","page","type-page","status-publish","hentry","nodate","item-wrap"],"rttpg_featured_image_url":null,"rttpg_author":{"display_name":"gillesnaviliat","author_link":"https:\/\/www.pedagogie.ac-nice.fr\/drane\/author\/gillesnaviliat\/"},"rttpg_comment":0,"rttpg_category":null,"rttpg_excerpt":"Pour toute demande , merci de nous \u00e9crire \u00e0 l&rsquo;adresse ce.drane@region-academique-paca.fr Nous vous r\u00e9pondrons dans les plus brefs d\u00e9lais.","post_mailing_queue_ids":[],"_links":{"self":[{"href":"https:\/\/www.pedagogie.ac-nice.fr\/drane\/wp-json\/wp\/v2\/pages\/33","targetHints":{"allow":["GET"]}}],"collection":[{"href":"https:\/\/www.pedagogie.ac-nice.fr\/drane\/wp-json\/wp\/v2\/pages"}],"about":[{"href":"https:\/\/www.pedagogie.ac-nice.fr\/drane\/wp-json\/wp\/v2\/types\/page"}],"author":[{"embeddable":true,"href":"https:\/\/www.pedagogie.ac-nice.fr\/drane\/wp-json\/wp\/v2\/users\/652"}],"replies":[{"embeddable":true,"href":"https:\/\/www.pedagogie.ac-nice.fr\/drane\/wp-json\/wp\/v2\/comments?post=33"}],"version-history":[{"count":2,"href":"https:\/\/www.pedagogie.ac-nice.fr\/drane\/wp-json\/wp\/v2\/pages\/33\/revisions"}],"predecessor-version":[{"id":927,"href":"https:\/\/www.pedagogie.ac-nice.fr\/drane\/wp-json\/wp\/v2\/pages\/33\/revisions\/927"}],"wp:attachment":[{"href":"https:\/\/www.pedagogie.ac-nice.fr\/drane\/wp-json\/wp\/v2\/media?parent=33"}],"curies":[{"name":"wp","href":"https:\/\/api.w.org\/{rel}","templated":true}]}}