{"id":35,"date":"2025-09-08T12:12:56","date_gmt":"2025-09-08T10:12:56","guid":{"rendered":"https:\/\/www.pedagogie.ac-nice.fr\/drane-test\/?page_id=35"},"modified":"2026-02-08T18:49:51","modified_gmt":"2026-02-08T17:49:51","slug":"elea","status":"publish","type":"page","link":"https:\/\/www.pedagogie.ac-nice.fr\/drane\/elea\/","title":{"rendered":"ELEA"},"content":{"rendered":"\n<p>\u00c9L\u00c9A est une plateforme d\u00e9di\u00e9e \u00e0 la cr\u00e9ation et \u00e0 la gestion de parcours p\u00e9dagogiques sc\u00e9naris\u00e9s, permettant aux enseignants de concevoir, mettre en \u0153uvre et suivre la progression des \u00e9l\u00e8ves. Cette plateforme, d\u00e9velopp\u00e9e et propos\u00e9e par le Minist\u00e8re de l\u2019\u00c9ducation Nationale, s\u2019appuie sur MOODLE, un outil largement utilis\u00e9 \u00e0 l\u2019\u00e9chelle mondiale, notamment dans l\u2019enseignement sup\u00e9rieur et avec <a href=\"mailto:M@gist\u00e8re\">M@gist\u00e8re<\/a> au sein de l\u2019\u00c9ducation Nationale.<\/p>\n\n\n\n<p>\u00c9L\u00c9A est en cours de d\u00e9ploiement national, avec pour objectif de couvrir toutes les acad\u00e9mies d\u2019ici 2025. Les enseignants peuvent y cr\u00e9er des contenus \u00e9ducatifs qui plongent les \u00e9l\u00e8ves dans des situations d\u2019apprentissage vari\u00e9es, adaptables \u00e0 des rythmes et des modalit\u00e9s diversifi\u00e9s.<\/p>\n\n\n\n<p>L\u2019interface de la plateforme, con\u00e7ue avec un soin particulier pour l\u2019ergonomie, vise \u00e0 maximiser l\u2019engagement et la motivation des \u00e9l\u00e8ves.<\/p>\n\n\n\n<p>Elle est \u00e9galement pens\u00e9e pour faciliter la cr\u00e9ation de contenus, aussi bien pour les enseignants novices que pour ceux ayant une plus grande exp\u00e9rience, r\u00e9pondant ainsi \u00e0 un large spectre de besoins p\u00e9dagogiques.<\/p>\n\n\n\n<center><iframe loading=\"lazy\" title=\"ELEA - pr\u00e9sentation rapide\" width=\"560\" height=\"315\" src=\"https:\/\/tube-numerique-educatif.apps.education.fr\/videos\/embed\/jXQGstkpkhevStErKGfFNg\" style=\"border: 0px;\" allow=\"fullscreen\" sandbox=\"allow-same-origin allow-scripts allow-popups allow-forms\"><\/iframe><\/center>\n\n\n\n<h1 class=\"wp-block-heading\" id=\"La-plus-value-d\u2019\u00c9L\u00c9A--la-mutualisation-nationale\">La plus-value d\u2019\u00c9L\u00c9A : la mutualisation nationale<\/h1>\n\n\n\n<p>Le \u00ab\u00a0r\u00e9seau des concepteurs\u00a0\u00bb est une biblioth\u00e8que de parcours accessible \u00e0 tous les enseignants, leur permettant de d\u00e9couvrir les fonctionnalit\u00e9s de la plateforme \u00e0 travers des parcours d\u00e9j\u00e0 existants. Ces parcours pr\u00eats \u00e0 l\u2019emploi peuvent \u00eatre int\u00e9gr\u00e9s directement dans l&rsquo;espace ELEA de l&rsquo;enseignant, modifi\u00e9s et r\u00e9utilis\u00e9s \u00e0 volont\u00e9.<\/p>\n\n\n\n<p>Cet outil permet dors et d\u00e9j\u00e0 un service de partage de parcours d\u2019apprentissage, mais aussi un espace de co-construction et de sc\u00e9narisation entre pairs.<\/p>\n\n\n\n<h1 class=\"wp-block-heading\" id=\"\u00c9L\u00c9A-dans-la-r\u00e9gion-acad\u00e9mique\">\u00c9L\u00c9A dans la r\u00e9gion acad\u00e9mique<\/h1>\n\n\n\n<p>Le d\u00e9ploiement d\u2019\u00c9L\u00c9A se fera en 3 phases dans la r\u00e9gion acad\u00e9mique :<\/p>\n\n\n\n<ul class=\"wp-block-list\">\n<li>Rentr\u00e9e 2024 : Coll\u00e8ges des d\u00e9partements 06 et 83 &#8211; Arr\u00eat des Moodle \u00e9tablissement en juillet 2025<\/li>\n\n\n\n<li>Rentr\u00e9e 2025 : Lyc\u00e9es de l\u2019ensemble de la r\u00e9gion acad\u00e9mique &#8211; Arr\u00eat du Moodle Atrium en juillet 2026<\/li>\n\n\n\n<li>Rentr\u00e9e 2026 : Coll\u00e8ges de l\u2019acad\u00e9mie d\u2019Aix Marseille &#8211; Arr\u00eat des serveurs Chamilo en juillet 2027<\/li>\n<\/ul>\n\n\n\n<p><strong>Cependant les \u00e9tablissements qui souhaiteraient anticiper leur ouverture peuvent se signaler via la plateforme Verdon (recherche ELEA).<\/strong><\/p>\n\n\n\n<p><strong>Les \u00e9coles pourront \u00eatre ouvertes au fil du calendrier.<\/strong><\/p>\n\n\n\n<h1 class=\"wp-block-heading\" id=\"Acc\u00e9der-\u00e0-\u00c9L\u00c9A\">Acc\u00e9der \u00e0 \u00c9L\u00c9A<\/h1>\n\n\n\n<p>Pour acc\u00e9der \u00e0 \u00c9L\u00c9A, il faut que la plateforme soit ouverte pour votre \u00e9tablissement. C\u2019est donc \u00e0 votre chef d\u2019\u00e9tablissement ou directeur de <strong>faire la demande sur Verdon.<\/strong><\/p>\n\n\n\n<p>Pour cela, il devra en faire la demande via un ticket Verdon, cat\u00e9gorie \u00ab Num\u00e9rique \u00e9ducatif \u00bb en coh\u00e9rence avec le calendrier de d\u00e9ploiement r\u00e9gional.<\/p>\n\n\n\n<p>\u00c9L\u00c9A sera interconnect\u00e9e \u00e0 votre ENT. Il n\u2019y aura donc pas de comptes \u00e0 g\u00e9rer ou \u00e0 cr\u00e9er. Les comptes se cr\u00e9\u00e9s automatiquement au fur et \u00e0 mesure que vos \u00e9l\u00e8ves se connecteront \u00e0 partir de votre ENT.<\/p>\n\n\n\n<p>Pour cela, votre RRUPN aura acc\u00e8s une documentation disponible sur l\u2019adresse ci-contre \u00e0 partir de la rentr\u00e9e de septembre 2024 :<\/p>\n\n\n\n<p><a href=\"https:\/\/dne-elearning.gitlab.io\/moodle-elea\/documentation\/docs\/Referents#r%C3%A9gion-acad%C3%A9mique-provence-alpes-c%C3%B4te-dazur\" target=\"_blank\" rel=\"noreferrer noopener\">Documentation r\u00e9f\u00e9rents<\/a><\/p>\n\n\n\n<h1 class=\"wp-block-heading\" id=\"Et-mes-cours-Moodle\">Et mes cours Moodle?<\/h1>\n\n\n\n<p>\u00c9L\u00c9A est une plateforme Moodle. Les cours Moodle pr\u00e9c\u00e9demment r\u00e9alis\u00e9s dans les Moodle coll\u00e8ge et lyc\u00e9e sont compatibles.<\/p>\n\n\n\n<p>Il sera donc possible de les restaurer un \u00e0 un dans votre nouvelle plateforme \u00c9L\u00c9A. Cependant, la taille limite de restauration est de 250 Mo.<br>Pensez d\u00e8s \u00e0 pr\u00e9sent, \u00e0 externaliser vos vid\u00e9os sur podEdu (<a href=\"https:\/\/podeduc.apps.education.fr\" target=\"_blank\" rel=\"noreferrer noopener\">https:\/\/podeduc.apps.education.fr<\/a>) et \u00e0 d\u00e9poser vos fichiers lourds sur Nuage (<a href=\"https:\/\/nuage.apps.education.fr\" target=\"_blank\" rel=\"noreferrer noopener\">https:\/\/nuage.apps.education.fr<\/a>)<\/p>\n\n\n\n<p>En cas de besoin, les charg\u00e9s de mission de la DRANE sont l\u00e0 pour vous accompagner.<br>Pensez \u00e0 demander un OpenWorks aupr\u00e8s de votre chef d\u2019\u00e9tablissement pour organiser un atelier avec des charg\u00e9s de mission de la DRANE dans votre \u00e9tablissement pour vous accompagner dans cette transition de Moodle vers \u00c9L\u00c9A.<\/p>\n\n\n\n<h1 class=\"wp-block-heading\" id=\"Accompagnement\">Accompagnement<\/h1>\n\n\n\n<p>Un s\u00e9minaire de rentr\u00e9e sera propos\u00e9 aux premiers \u00e9tablissements de l\u2019acad\u00e9mie de Nice. Ce moment marquera le d\u00e9but du d\u00e9ploiement officiel pour les coll\u00e8ges des Alpes Maritimes et du Var.<\/p>\n\n\n\n<p>Par la suite, des openWorks et des formations d\u2019\u00e9tablissement et de r\u00e9seau seront propos\u00e9es aux \u00e9tablissements qui en feront la demande.<\/p>\n\n\n\n<p>Enfin, l\u2019\u00e9v\u00e8nement le \u00ab Printemps d\u2019\u00c9L\u00c9A \u00bb proposera un ensemble de webinaires courts autour de diff\u00e9rentes th\u00e9matiques p\u00e9dagogiques en appui de la plateforme \u00c9L\u00c9A.<\/p>\n\n\n\n<p>Vous disposez d\u2019une documentation en ligne ici mise \u00e0 jour au fil de l\u2019eau : <a href=\"https:\/\/moodle-doc.forge.apps.education.fr\/elea\/\" target=\"_blank\" rel=\"noreferrer noopener\">https:\/\/documentation-elea.forge.apps.education.fr\/<\/a><\/p>\n\n\n\n<p><em><strong>L\u2019\u00e9quipe de la DRANE PACA se tient \u00e0 votre disposition pour r\u00e9pondre \u00e0 vos questions et \u00e9changer avec vous<\/strong><\/em>.<\/p>\n\n\n<ul class=\"wp-block-latest-posts__list wp-block-latest-posts\"><li><div class=\"wp-block-latest-posts__featured-image alignleft\"><img loading=\"lazy\" decoding=\"async\" width=\"150\" height=\"150\" src=\"https:\/\/www.pedagogie.ac-nice.fr\/drane\/wp-content\/uploads\/sites\/69\/2025\/09\/elea-4-150x150.png\" class=\"attachment-thumbnail size-thumbnail wp-post-image\" alt=\"\" style=\"max-width:75px;max-height:75px;\" srcset=\"https:\/\/www.pedagogie.ac-nice.fr\/drane\/wp-content\/uploads\/sites\/69\/2025\/09\/elea-4-150x150.png 150w, https:\/\/www.pedagogie.ac-nice.fr\/drane\/wp-content\/uploads\/sites\/69\/2025\/09\/elea-4.png 200w\" sizes=\"auto, (max-width: 150px) 100vw, 150px\" \/><\/div><a class=\"wp-block-latest-posts__post-title\" href=\"https:\/\/www.pedagogie.ac-nice.fr\/drane\/2025\/09\/09\/les-mardis-d-elea\/\">Les Mardis d&rsquo; ELEA<\/a><\/li>\n<\/ul>","protected":false},"excerpt":{"rendered":"<p>\u00c9L\u00c9A est une plateforme d\u00e9di\u00e9e \u00e0 la cr\u00e9ation et \u00e0 la gestion de parcours p\u00e9dagogiques sc\u00e9naris\u00e9s, permettant aux enseignants de concevoir, mettre en \u0153uvre et suivre la progression des \u00e9l\u00e8ves. Cette plateforme, d\u00e9velopp\u00e9e et propos\u00e9e par le Minist\u00e8re de l\u2019\u00c9ducation Nationale, s\u2019appuie sur MOODLE, un outil largement utilis\u00e9 \u00e0 l\u2019\u00e9chelle mondiale, notamment dans l\u2019enseignement sup\u00e9rieur &hellip; <\/p>\n<p><a class=\"more-link btn\" href=\"https:\/\/www.pedagogie.ac-nice.fr\/drane\/elea\/\">Lire la suite<\/a><\/p>\n","protected":false},"author":652,"featured_media":0,"parent":0,"menu_order":0,"comment_status":"closed","ping_status":"closed","template":"","meta":{"ngg_post_thumbnail":0,"footnotes":""},"class_list":["post-35","page","type-page","status-publish","hentry","nodate","item-wrap"],"rttpg_featured_image_url":null,"rttpg_author":{"display_name":"gillesnaviliat","author_link":"https:\/\/www.pedagogie.ac-nice.fr\/drane\/author\/gillesnaviliat\/"},"rttpg_comment":0,"rttpg_category":null,"rttpg_excerpt":"\u00c9L\u00c9A est une plateforme d\u00e9di\u00e9e \u00e0 la cr\u00e9ation et \u00e0 la gestion de parcours p\u00e9dagogiques sc\u00e9naris\u00e9s, permettant aux enseignants de concevoir, mettre en \u0153uvre et suivre la progression des \u00e9l\u00e8ves. Cette plateforme, d\u00e9velopp\u00e9e et propos\u00e9e par le Minist\u00e8re de l\u2019\u00c9ducation Nationale, s\u2019appuie sur MOODLE, un outil largement utilis\u00e9 \u00e0 l\u2019\u00e9chelle mondiale, notamment dans l\u2019enseignement sup\u00e9rieur\u2026","post_mailing_queue_ids":[],"_links":{"self":[{"href":"https:\/\/www.pedagogie.ac-nice.fr\/drane\/wp-json\/wp\/v2\/pages\/35","targetHints":{"allow":["GET"]}}],"collection":[{"href":"https:\/\/www.pedagogie.ac-nice.fr\/drane\/wp-json\/wp\/v2\/pages"}],"about":[{"href":"https:\/\/www.pedagogie.ac-nice.fr\/drane\/wp-json\/wp\/v2\/types\/page"}],"author":[{"embeddable":true,"href":"https:\/\/www.pedagogie.ac-nice.fr\/drane\/wp-json\/wp\/v2\/users\/652"}],"replies":[{"embeddable":true,"href":"https:\/\/www.pedagogie.ac-nice.fr\/drane\/wp-json\/wp\/v2\/comments?post=35"}],"version-history":[{"count":7,"href":"https:\/\/www.pedagogie.ac-nice.fr\/drane\/wp-json\/wp\/v2\/pages\/35\/revisions"}],"predecessor-version":[{"id":851,"href":"https:\/\/www.pedagogie.ac-nice.fr\/drane\/wp-json\/wp\/v2\/pages\/35\/revisions\/851"}],"wp:attachment":[{"href":"https:\/\/www.pedagogie.ac-nice.fr\/drane\/wp-json\/wp\/v2\/media?parent=35"}],"curies":[{"name":"wp","href":"https:\/\/api.w.org\/{rel}","templated":true}]}}