{"id":36,"date":"2025-09-08T12:12:56","date_gmt":"2025-09-08T10:12:56","guid":{"rendered":"https:\/\/www.pedagogie.ac-nice.fr\/drane-test\/?page_id=36"},"modified":"2026-02-10T06:36:49","modified_gmt":"2026-02-10T05:36:49","slug":"neo-ent83","status":"publish","type":"page","link":"https:\/\/www.pedagogie.ac-nice.fr\/drane\/neo-ent83\/","title":{"rendered":"NEO &#8211; ENT83"},"content":{"rendered":"\n<h4 style=\"text-align: center;\"><span style=\"font-size: 20px;\"><strong><img loading=\"lazy\" decoding=\"async\" src=\"http:\/\/www.pedagogie.ac-nice.fr\/drane-test\/wp-content\/uploads\/sites\/69\/2026\/02\/NEO.png\" alt=\"NEO\" style=\"float: left;\" width=\"149\" height=\"60\" \/>NEO, un ENT pour les coll\u00e8ges du VAR<img loading=\"lazy\" decoding=\"async\" src=\"http:\/\/www.pedagogie.ac-nice.fr\/drane-test\/wp-content\/uploads\/sites\/69\/2026\/02\/ODE.png\" alt=\"ODE\" style=\"float: right;\" width=\"186\" height=\"62\" \/><\/strong><\/span><\/h4>\n<br \/><br \/>Le CD83 met \u00e0 la disposition des coll\u00e8ges varois un ENT \u00e0 la suite de son appel d&rsquo;offre de 2021.<br \/>C&rsquo;est donc l&rsquo;environnement NEO&nbsp;de&nbsp;la soci\u00e9t\u00e9 <a href=\"https:\/\/opendigitaleducation.com\/\" title=\"Open Digital Education\" target=\"_blank\" rel=\"noopener\">Edifice<\/a> qui sera totalement d\u00e9ploy\u00e9 dans tous les \u00e9tablissements Varois en septembre 2022.<br \/><br \/>Apr\u00e8s les phases initiales de d\u00e9finition et d&rsquo;ajustement du projet, ayant r\u00e9uni ODE, le CD83 et la DRANE, l&rsquo;ENT est d\u00e9sormais accessible et op\u00e9rationnel.<br \/>L&rsquo;acc\u00e8s se fait au travers de l&rsquo;adresse:\n<div style=\"text-align: center;\"><a href=\"https:\/\/moncollege.var.fr\/\" target=\"_blank\" rel=\"noopener\">moncollege.var.fr<br \/><\/a>&nbsp;puis mon ENT<br \/><br \/><\/div>\n\n\n\n<figure class=\"wp-block-image size-large\"><img loading=\"lazy\" decoding=\"async\" width=\"1024\" height=\"270\" src=\"http:\/\/www.pedagogie.ac-nice.fr\/drane-test\/wp-content\/uploads\/sites\/69\/2026\/02\/mon_ENT-1024x270.png\" alt=\"\" class=\"wp-image-737\" srcset=\"https:\/\/www.pedagogie.ac-nice.fr\/drane\/wp-content\/uploads\/sites\/69\/2026\/02\/mon_ENT-1024x270.png 1024w, https:\/\/www.pedagogie.ac-nice.fr\/drane\/wp-content\/uploads\/sites\/69\/2026\/02\/mon_ENT-300x79.png 300w, https:\/\/www.pedagogie.ac-nice.fr\/drane\/wp-content\/uploads\/sites\/69\/2026\/02\/mon_ENT-768x202.png 768w, https:\/\/www.pedagogie.ac-nice.fr\/drane\/wp-content\/uploads\/sites\/69\/2026\/02\/mon_ENT-1536x405.png 1536w, https:\/\/www.pedagogie.ac-nice.fr\/drane\/wp-content\/uploads\/sites\/69\/2026\/02\/mon_ENT-2048x540.png 2048w, https:\/\/www.pedagogie.ac-nice.fr\/drane\/wp-content\/uploads\/sites\/69\/2026\/02\/mon_ENT-847x223.png 847w\" sizes=\"auto, (max-width: 1024px) 100vw, 1024px\" \/><\/figure>\n\n\n\n<div style=\"height:15px\" aria-hidden=\"true\" class=\"wp-block-spacer\"><\/div>\n\n\n\n<div class=\"wp-block-cover\" style=\"min-height:50px;aspect-ratio:unset;\"><span aria-hidden=\"true\" class=\"wp-block-cover__background has-vivid-purple-background-color has-background-dim-100 has-background-dim\"><\/span><div class=\"wp-block-cover__inner-container is-layout-constrained wp-block-cover-is-layout-constrained\">\n<p class=\"has-text-align-center has-large-font-size\">Les derniers articles concernant NEO<\/p>\n<\/div><\/div>\n\n\n<ul class=\"wp-block-latest-posts__list wp-block-latest-posts\"><\/ul>\n\n\n<p><\/p>\n","protected":false},"excerpt":{"rendered":"<p>NEO, un ENT pour les coll\u00e8ges du VAR Le CD83 met \u00e0 la disposition des coll\u00e8ges varois un ENT \u00e0 la suite de son appel d&rsquo;offre de 2021.C&rsquo;est donc l&rsquo;environnement NEO&nbsp;de&nbsp;la soci\u00e9t\u00e9 Edifice qui sera totalement d\u00e9ploy\u00e9 dans tous les \u00e9tablissements Varois en septembre 2022. Apr\u00e8s les phases initiales de d\u00e9finition et d&rsquo;ajustement du projet, &hellip; <\/p>\n<p><a class=\"more-link btn\" href=\"https:\/\/www.pedagogie.ac-nice.fr\/drane\/neo-ent83\/\">Lire la suite<\/a><\/p>\n","protected":false},"author":652,"featured_media":0,"parent":0,"menu_order":0,"comment_status":"closed","ping_status":"closed","template":"","meta":{"ngg_post_thumbnail":0,"footnotes":""},"class_list":["post-36","page","type-page","status-publish","hentry","nodate","item-wrap"],"rttpg_featured_image_url":null,"rttpg_author":{"display_name":"gillesnaviliat","author_link":"https:\/\/www.pedagogie.ac-nice.fr\/drane\/author\/gillesnaviliat\/"},"rttpg_comment":0,"rttpg_category":null,"rttpg_excerpt":"NEO, un ENT pour les coll\u00e8ges du VAR Le CD83 met \u00e0 la disposition des coll\u00e8ges varois un ENT \u00e0 la suite de son appel d&rsquo;offre de 2021.C&rsquo;est donc l&rsquo;environnement NEO&nbsp;de&nbsp;la soci\u00e9t\u00e9 Edifice qui sera totalement d\u00e9ploy\u00e9 dans tous les \u00e9tablissements Varois en septembre 2022. Apr\u00e8s les phases initiales de d\u00e9finition et d&rsquo;ajustement du projet,\u2026","post_mailing_queue_ids":[],"_links":{"self":[{"href":"https:\/\/www.pedagogie.ac-nice.fr\/drane\/wp-json\/wp\/v2\/pages\/36","targetHints":{"allow":["GET"]}}],"collection":[{"href":"https:\/\/www.pedagogie.ac-nice.fr\/drane\/wp-json\/wp\/v2\/pages"}],"about":[{"href":"https:\/\/www.pedagogie.ac-nice.fr\/drane\/wp-json\/wp\/v2\/types\/page"}],"author":[{"embeddable":true,"href":"https:\/\/www.pedagogie.ac-nice.fr\/drane\/wp-json\/wp\/v2\/users\/652"}],"replies":[{"embeddable":true,"href":"https:\/\/www.pedagogie.ac-nice.fr\/drane\/wp-json\/wp\/v2\/comments?post=36"}],"version-history":[{"count":6,"href":"https:\/\/www.pedagogie.ac-nice.fr\/drane\/wp-json\/wp\/v2\/pages\/36\/revisions"}],"predecessor-version":[{"id":935,"href":"https:\/\/www.pedagogie.ac-nice.fr\/drane\/wp-json\/wp\/v2\/pages\/36\/revisions\/935"}],"wp:attachment":[{"href":"https:\/\/www.pedagogie.ac-nice.fr\/drane\/wp-json\/wp\/v2\/media?parent=36"}],"curies":[{"name":"wp","href":"https:\/\/api.w.org\/{rel}","templated":true}]}}