{"id":37,"date":"2025-09-08T12:12:56","date_gmt":"2025-09-08T10:12:56","guid":{"rendered":"https:\/\/www.pedagogie.ac-nice.fr\/drane-test\/?page_id=37"},"modified":"2026-02-10T08:05:03","modified_gmt":"2026-02-10T07:05:03","slug":"kosmos-ent-06","status":"publish","type":"page","link":"https:\/\/www.pedagogie.ac-nice.fr\/drane\/kosmos-ent-06\/","title":{"rendered":"AGORA 06"},"content":{"rendered":"<div class=\"wp-block-image\">\n<figure class=\"alignleft size-full is-resized\"><img loading=\"lazy\" decoding=\"async\" width=\"169\" height=\"170\" src=\"http:\/\/www.pedagogie.ac-nice.fr\/drane-test\/wp-content\/uploads\/sites\/69\/2026\/02\/agora-06.png\" alt=\"\" class=\"wp-image-775\" style=\"width:95px;height:auto\" srcset=\"https:\/\/www.pedagogie.ac-nice.fr\/drane\/wp-content\/uploads\/sites\/69\/2026\/02\/agora-06.png 169w, https:\/\/www.pedagogie.ac-nice.fr\/drane\/wp-content\/uploads\/sites\/69\/2026\/02\/agora-06-150x150.png 150w\" sizes=\"auto, (max-width: 169px) 100vw, 169px\" \/><\/figure>\n<\/div>\n\n\n<p>Le d\u00e9partement des alpes maritimes a choisi la soci\u00e9t\u00e9 <a href=\"https:\/\/www.skolengo.com\/\" target=\"_blank\" rel=\"noreferrer noopener\">Skolengo<\/a> pour d\u00e9ployer sa solution d&rsquo;ENT Agora 06.<\/p>\n\n\n\n<p>Cet ENT est d\u00e9ploy\u00e9 dans tous les coll\u00e8ges du d\u00e9partement et permet un acc\u00e8s unifi\u00e9 \u00e0 tous les services p\u00e9dagogiques utiles pour le num\u00e9rique \u00e9ducatif.<\/p>\n\n\n\n<p><\/p>\n","protected":false},"excerpt":{"rendered":"<p>Le d\u00e9partement des alpes maritimes a choisi la soci\u00e9t\u00e9 Skolengo pour d\u00e9ployer sa solution d&rsquo;ENT Agora 06. Cet ENT est d\u00e9ploy\u00e9 dans tous les coll\u00e8ges du d\u00e9partement et permet un acc\u00e8s unifi\u00e9 \u00e0 tous les services p\u00e9dagogiques utiles pour le num\u00e9rique \u00e9ducatif.<\/p>\n","protected":false},"author":652,"featured_media":0,"parent":0,"menu_order":0,"comment_status":"closed","ping_status":"closed","template":"","meta":{"ngg_post_thumbnail":0,"footnotes":""},"class_list":["post-37","page","type-page","status-publish","hentry","nodate","item-wrap"],"rttpg_featured_image_url":null,"rttpg_author":{"display_name":"gillesnaviliat","author_link":"https:\/\/www.pedagogie.ac-nice.fr\/drane\/author\/gillesnaviliat\/"},"rttpg_comment":0,"rttpg_category":null,"rttpg_excerpt":"Le d\u00e9partement des alpes maritimes a choisi la soci\u00e9t\u00e9 Skolengo pour d\u00e9ployer sa solution d&rsquo;ENT Agora 06. Cet ENT est d\u00e9ploy\u00e9 dans tous les coll\u00e8ges du d\u00e9partement et permet un acc\u00e8s unifi\u00e9 \u00e0 tous les services p\u00e9dagogiques utiles pour le num\u00e9rique \u00e9ducatif.","post_mailing_queue_ids":[],"_links":{"self":[{"href":"https:\/\/www.pedagogie.ac-nice.fr\/drane\/wp-json\/wp\/v2\/pages\/37","targetHints":{"allow":["GET"]}}],"collection":[{"href":"https:\/\/www.pedagogie.ac-nice.fr\/drane\/wp-json\/wp\/v2\/pages"}],"about":[{"href":"https:\/\/www.pedagogie.ac-nice.fr\/drane\/wp-json\/wp\/v2\/types\/page"}],"author":[{"embeddable":true,"href":"https:\/\/www.pedagogie.ac-nice.fr\/drane\/wp-json\/wp\/v2\/users\/652"}],"replies":[{"embeddable":true,"href":"https:\/\/www.pedagogie.ac-nice.fr\/drane\/wp-json\/wp\/v2\/comments?post=37"}],"version-history":[{"count":3,"href":"https:\/\/www.pedagogie.ac-nice.fr\/drane\/wp-json\/wp\/v2\/pages\/37\/revisions"}],"predecessor-version":[{"id":938,"href":"https:\/\/www.pedagogie.ac-nice.fr\/drane\/wp-json\/wp\/v2\/pages\/37\/revisions\/938"}],"wp:attachment":[{"href":"https:\/\/www.pedagogie.ac-nice.fr\/drane\/wp-json\/wp\/v2\/media?parent=37"}],"curies":[{"name":"wp","href":"https:\/\/api.w.org\/{rel}","templated":true}]}}