{"id":456,"date":"2026-02-04T09:53:03","date_gmt":"2026-02-04T08:53:03","guid":{"rendered":"https:\/\/www.pedagogie.ac-nice.fr\/drane-test\/?page_id=456"},"modified":"2026-02-04T11:05:08","modified_gmt":"2026-02-04T10:05:08","slug":"perdir","status":"publish","type":"page","link":"https:\/\/www.pedagogie.ac-nice.fr\/drane\/perdir\/","title":{"rendered":"PERDIR"},"content":{"rendered":"\n<p class=\"has-regular-font-size\">les derniers articles relatifs sp\u00e9cifiquement aux personnels de direction<\/p>\n\n\n<ul class=\"wp-block-latest-posts__list wp-block-latest-posts\"><li><div class=\"wp-block-latest-posts__featured-image alignleft\"><a href=\"https:\/\/www.pedagogie.ac-nice.fr\/drane\/2026\/03\/06\/test-evaluations\/\" aria-label=\"Evaluations Nationales\"><img loading=\"lazy\" decoding=\"async\" width=\"150\" height=\"150\" src=\"https:\/\/www.pedagogie.ac-nice.fr\/drane\/wp-content\/uploads\/sites\/69\/2026\/02\/eval-natio-150x150.jpg\" class=\"attachment-thumbnail size-thumbnail wp-post-image\" alt=\"\" style=\"max-width:75px;max-height:75px;\" \/><\/a><\/div><a class=\"wp-block-latest-posts__post-title\" href=\"https:\/\/www.pedagogie.ac-nice.fr\/drane\/2026\/03\/06\/test-evaluations\/\">Evaluations Nationales<\/a><div class=\"wp-block-latest-posts__post-excerpt\">Comme chaque rentr\u00e9e, le minist\u00e8re de l&rsquo;Education Nationale charge la DEPP de proposer des \u00e9valuations destin\u00e9es \u00e0 \u00e9valuer le niveau en math\u00e9matiques et en fran\u00e7ais de tous les \u00e9l\u00e8ves entrant en sixi\u00e8me, quatri\u00e8me, seconde et 1ere ann\u00e9e de CAP. Ces \u00e9valuations num\u00e9riques sont obligatoires.<\/div><\/li>\n<li><div class=\"wp-block-latest-posts__featured-image alignleft\"><a href=\"https:\/\/www.pedagogie.ac-nice.fr\/drane\/2026\/01\/22\/safer-internet-days-2026-des-le-10-fevrier\/\" aria-label=\"Safer Internet Days 2026: d\u00e8s le 10 F\u00e9vrier !\"><img loading=\"lazy\" decoding=\"async\" width=\"150\" height=\"150\" src=\"https:\/\/www.pedagogie.ac-nice.fr\/drane\/wp-content\/uploads\/sites\/69\/2026\/02\/safer-internet-day-150x150.png\" class=\"attachment-thumbnail size-thumbnail wp-post-image\" alt=\"\" style=\"max-width:75px;max-height:75px;\" srcset=\"https:\/\/www.pedagogie.ac-nice.fr\/drane\/wp-content\/uploads\/sites\/69\/2026\/02\/safer-internet-day-150x150.png 150w, https:\/\/www.pedagogie.ac-nice.fr\/drane\/wp-content\/uploads\/sites\/69\/2026\/02\/safer-internet-day.png 225w\" sizes=\"auto, (max-width: 150px) 100vw, 150px\" \/><\/a><\/div><a class=\"wp-block-latest-posts__post-title\" href=\"https:\/\/www.pedagogie.ac-nice.fr\/drane\/2026\/01\/22\/safer-internet-days-2026-des-le-10-fevrier\/\">Safer Internet Days 2026: d\u00e8s le 10 F\u00e9vrier !<\/a><div class=\"wp-block-latest-posts__post-excerpt\">Les Safer Internet Days sont devenus une institution sur la prise de conscience des usages num\u00e9riques&#8230;2026 ne d\u00e9roge pas \u00e0 la r\u00e8gle !<\/div><\/li>\n<li><div class=\"wp-block-latest-posts__featured-image alignleft\"><a href=\"https:\/\/www.pedagogie.ac-nice.fr\/drane\/2026\/01\/13\/charte-education-a-la-culture-et-a-la-citoyennete-numerique\/\" aria-label=\"Charte Education \u00e0 la Culture et \u00e0 la Citoyennet\u00e9 Num\u00e9rique\"><img loading=\"lazy\" decoding=\"async\" width=\"150\" height=\"150\" src=\"https:\/\/www.pedagogie.ac-nice.fr\/drane\/wp-content\/uploads\/sites\/69\/2026\/02\/Capture-decran-2026-02-04-a-12.23.20-150x150.png\" class=\"attachment-thumbnail size-thumbnail wp-post-image\" alt=\"\" style=\"max-width:75px;max-height:75px;\" \/><\/a><\/div><a class=\"wp-block-latest-posts__post-title\" href=\"https:\/\/www.pedagogie.ac-nice.fr\/drane\/2026\/01\/13\/charte-education-a-la-culture-et-a-la-citoyennete-numerique\/\">Charte Education \u00e0 la Culture et \u00e0 la Citoyennet\u00e9 Num\u00e9rique<\/a><div class=\"wp-block-latest-posts__post-excerpt\">L\u2019\u00e9ducation \u00e0 la culture et \u00e0 la citoyennet\u00e9 num\u00e9riques est un enjeu majeur pour permettre \u00e0 chacune et chacun d\u2019exercer une citoyennet\u00e9 \u00e9clair\u00e9e dans un monde o\u00f9 le num\u00e9rique est de plus en plus pr\u00e9sent. Support d&rsquo;\u00e9ducation pour la communaut\u00e9 \u00e9ducative, la Charte consacr\u00e9e \u00e0 la culture et \u00e0 la &hellip; <\/p><p><a class=\"more-link btn\" href=\"https:\/\/www.pedagogie.ac-nice.fr\/drane\/2026\/01\/13\/charte-education-a-la-culture-et-a-la-citoyennete-numerique\/\">Lire la suite<\/a><\/div><\/li>\n<li><div class=\"wp-block-latest-posts__featured-image alignleft\"><a href=\"https:\/\/www.pedagogie.ac-nice.fr\/drane\/2025\/12\/18\/apps-education-des-outils-numeriques-pour-la-communaute-educative\/\" aria-label=\"Apps Education: des outils num\u00e9riques pour la communaut\u00e9 \u00e9ducative\"><img loading=\"lazy\" decoding=\"async\" width=\"150\" height=\"150\" src=\"https:\/\/www.pedagogie.ac-nice.fr\/drane\/wp-content\/uploads\/sites\/69\/2026\/02\/Apps_education-150x150.png\" class=\"attachment-thumbnail size-thumbnail wp-post-image\" alt=\"\" style=\"max-width:75px;max-height:75px;\" srcset=\"https:\/\/www.pedagogie.ac-nice.fr\/drane\/wp-content\/uploads\/sites\/69\/2026\/02\/Apps_education-150x150.png 150w, https:\/\/www.pedagogie.ac-nice.fr\/drane\/wp-content\/uploads\/sites\/69\/2026\/02\/Apps_education.png 250w\" sizes=\"auto, (max-width: 150px) 100vw, 150px\" \/><\/a><\/div><a class=\"wp-block-latest-posts__post-title\" href=\"https:\/\/www.pedagogie.ac-nice.fr\/drane\/2025\/12\/18\/apps-education-des-outils-numeriques-pour-la-communaute-educative\/\">Apps Education: des outils num\u00e9riques pour la communaut\u00e9 \u00e9ducative<\/a><div class=\"wp-block-latest-posts__post-excerpt\">tout ce dont vous avez besoin, en un seul lieu, s\u00e9curis\u00e9, disponible, p\u00e9renne&#8230;<\/div><\/li>\n<li><div class=\"wp-block-latest-posts__featured-image alignleft\"><a href=\"https:\/\/www.pedagogie.ac-nice.fr\/drane\/2025\/10\/10\/la-mission-du-rrupn\/\" aria-label=\"La mission du RRUPN\"><img loading=\"lazy\" decoding=\"async\" width=\"150\" height=\"150\" src=\"https:\/\/www.pedagogie.ac-nice.fr\/drane\/wp-content\/uploads\/sites\/69\/2026\/02\/RRUPN-150x150.png\" class=\"attachment-thumbnail size-thumbnail wp-post-image\" alt=\"\" style=\"max-width:75px;max-height:75px;\" srcset=\"https:\/\/www.pedagogie.ac-nice.fr\/drane\/wp-content\/uploads\/sites\/69\/2026\/02\/RRUPN-150x150.png 150w, https:\/\/www.pedagogie.ac-nice.fr\/drane\/wp-content\/uploads\/sites\/69\/2026\/02\/RRUPN-300x300.png 300w, https:\/\/www.pedagogie.ac-nice.fr\/drane\/wp-content\/uploads\/sites\/69\/2026\/02\/RRUPN.png 600w\" sizes=\"auto, (max-width: 150px) 100vw, 150px\" \/><\/a><\/div><a class=\"wp-block-latest-posts__post-title\" href=\"https:\/\/www.pedagogie.ac-nice.fr\/drane\/2025\/10\/10\/la-mission-du-rrupn\/\">La mission du RRUPN<\/a><div class=\"wp-block-latest-posts__post-excerpt\">Pierre angulaire du num\u00e9rique \u00e9ducatif en \u00e9tablissement, ses missions sont nombreuses et vari\u00e9es.<\/div><\/li>\n<\/ul>\n\n\n<p><\/p>\n","protected":false},"excerpt":{"rendered":"<p>les derniers articles relatifs sp\u00e9cifiquement aux personnels de direction<\/p>\n","protected":false},"author":652,"featured_media":0,"parent":0,"menu_order":0,"comment_status":"closed","ping_status":"closed","template":"","meta":{"ngg_post_thumbnail":0,"footnotes":""},"class_list":["post-456","page","type-page","status-publish","hentry","nodate","item-wrap"],"rttpg_featured_image_url":null,"rttpg_author":{"display_name":"gillesnaviliat","author_link":"https:\/\/www.pedagogie.ac-nice.fr\/drane\/author\/gillesnaviliat\/"},"rttpg_comment":0,"rttpg_category":null,"rttpg_excerpt":"les derniers articles relatifs sp\u00e9cifiquement aux personnels de direction","post_mailing_queue_ids":[],"_links":{"self":[{"href":"https:\/\/www.pedagogie.ac-nice.fr\/drane\/wp-json\/wp\/v2\/pages\/456","targetHints":{"allow":["GET"]}}],"collection":[{"href":"https:\/\/www.pedagogie.ac-nice.fr\/drane\/wp-json\/wp\/v2\/pages"}],"about":[{"href":"https:\/\/www.pedagogie.ac-nice.fr\/drane\/wp-json\/wp\/v2\/types\/page"}],"author":[{"embeddable":true,"href":"https:\/\/www.pedagogie.ac-nice.fr\/drane\/wp-json\/wp\/v2\/users\/652"}],"replies":[{"embeddable":true,"href":"https:\/\/www.pedagogie.ac-nice.fr\/drane\/wp-json\/wp\/v2\/comments?post=456"}],"version-history":[{"count":5,"href":"https:\/\/www.pedagogie.ac-nice.fr\/drane\/wp-json\/wp\/v2\/pages\/456\/revisions"}],"predecessor-version":[{"id":511,"href":"https:\/\/www.pedagogie.ac-nice.fr\/drane\/wp-json\/wp\/v2\/pages\/456\/revisions\/511"}],"wp:attachment":[{"href":"https:\/\/www.pedagogie.ac-nice.fr\/drane\/wp-json\/wp\/v2\/media?parent=456"}],"curies":[{"name":"wp","href":"https:\/\/api.w.org\/{rel}","templated":true}]}}