{"id":458,"date":"2026-02-04T09:53:40","date_gmt":"2026-02-04T08:53:40","guid":{"rendered":"https:\/\/www.pedagogie.ac-nice.fr\/drane-test\/?page_id=458"},"modified":"2026-02-04T11:17:19","modified_gmt":"2026-02-04T10:17:19","slug":"directeur","status":"publish","type":"page","link":"https:\/\/www.pedagogie.ac-nice.fr\/drane\/directeur\/","title":{"rendered":"Directeur"},"content":{"rendered":"<ul class=\"wp-block-latest-posts__list wp-block-latest-posts\"><li><div class=\"wp-block-latest-posts__featured-image alignleft\"><img loading=\"lazy\" decoding=\"async\" width=\"150\" height=\"150\" src=\"https:\/\/www.pedagogie.ac-nice.fr\/drane\/wp-content\/uploads\/sites\/69\/2026\/02\/safer-internet-day-150x150.png\" class=\"attachment-thumbnail size-thumbnail wp-post-image\" alt=\"\" style=\"max-width:75px;max-height:75px;\" srcset=\"https:\/\/www.pedagogie.ac-nice.fr\/drane\/wp-content\/uploads\/sites\/69\/2026\/02\/safer-internet-day-150x150.png 150w, https:\/\/www.pedagogie.ac-nice.fr\/drane\/wp-content\/uploads\/sites\/69\/2026\/02\/safer-internet-day.png 225w\" sizes=\"auto, (max-width: 150px) 100vw, 150px\" \/><\/div><a class=\"wp-block-latest-posts__post-title\" href=\"https:\/\/www.pedagogie.ac-nice.fr\/drane\/2026\/01\/22\/safer-internet-days-2026-des-le-10-fevrier\/\">Safer Internet Days 2026: d\u00e8s le 10 F\u00e9vrier !<\/a><div class=\"wp-block-latest-posts__post-excerpt\">Les Safer Internet Days sont devenus une institution sur la prise de conscience des usages num\u00e9riques&#8230;2026 ne d\u00e9roge pas \u00e0 la r\u00e8gle !<\/div><\/li>\n<li><div class=\"wp-block-latest-posts__featured-image alignleft\"><img loading=\"lazy\" decoding=\"async\" width=\"150\" height=\"150\" src=\"https:\/\/www.pedagogie.ac-nice.fr\/drane\/wp-content\/uploads\/sites\/69\/2026\/02\/Capture-decran-2026-02-04-a-12.23.20-150x150.png\" class=\"attachment-thumbnail size-thumbnail wp-post-image\" alt=\"\" style=\"max-width:75px;max-height:75px;\" \/><\/div><a class=\"wp-block-latest-posts__post-title\" href=\"https:\/\/www.pedagogie.ac-nice.fr\/drane\/2026\/01\/13\/charte-education-a-la-culture-et-a-la-citoyennete-numerique\/\">Charte Education \u00e0 la Culture et \u00e0 la Citoyennet\u00e9 Num\u00e9rique<\/a><div class=\"wp-block-latest-posts__post-excerpt\">L\u2019\u00e9ducation \u00e0 la culture et \u00e0 la citoyennet\u00e9 num\u00e9riques est un enjeu majeur pour permettre \u00e0 chacune et chacun d\u2019exercer une citoyennet\u00e9 \u00e9clair\u00e9e dans un monde o\u00f9 le num\u00e9rique est de plus en plus pr\u00e9sent. Support d&rsquo;\u00e9ducation pour la communaut\u00e9 \u00e9ducative, la Charte consacr\u00e9e \u00e0 la culture et \u00e0 la &hellip; <\/p><p><a class=\"more-link btn\" href=\"https:\/\/www.pedagogie.ac-nice.fr\/drane\/2026\/01\/13\/charte-education-a-la-culture-et-a-la-citoyennete-numerique\/\">Lire la suite<\/a><\/div><\/li>\n<li><div class=\"wp-block-latest-posts__featured-image alignleft\"><img loading=\"lazy\" decoding=\"async\" width=\"150\" height=\"150\" src=\"https:\/\/www.pedagogie.ac-nice.fr\/drane\/wp-content\/uploads\/sites\/69\/2026\/02\/Apps_education-150x150.png\" class=\"attachment-thumbnail size-thumbnail wp-post-image\" alt=\"\" style=\"max-width:75px;max-height:75px;\" srcset=\"https:\/\/www.pedagogie.ac-nice.fr\/drane\/wp-content\/uploads\/sites\/69\/2026\/02\/Apps_education-150x150.png 150w, https:\/\/www.pedagogie.ac-nice.fr\/drane\/wp-content\/uploads\/sites\/69\/2026\/02\/Apps_education.png 250w\" sizes=\"auto, (max-width: 150px) 100vw, 150px\" \/><\/div><a class=\"wp-block-latest-posts__post-title\" href=\"https:\/\/www.pedagogie.ac-nice.fr\/drane\/2025\/12\/18\/apps-education-des-outils-numeriques-pour-la-communaute-educative\/\">Apps Education: des outils num\u00e9riques pour la communaut\u00e9 \u00e9ducative<\/a><div class=\"wp-block-latest-posts__post-excerpt\">tout ce dont vous avez besoin, en un seul lieu, s\u00e9curis\u00e9, disponible, p\u00e9renne&#8230;<\/div><\/li>\n<li><div class=\"wp-block-latest-posts__featured-image alignleft\"><img loading=\"lazy\" decoding=\"async\" width=\"150\" height=\"150\" src=\"https:\/\/www.pedagogie.ac-nice.fr\/drane\/wp-content\/uploads\/sites\/69\/2026\/02\/Logo_IA-Edu-150x150.png\" class=\"attachment-thumbnail size-thumbnail wp-post-image\" alt=\"\" style=\"max-width:75px;max-height:75px;\" \/><\/div><a class=\"wp-block-latest-posts__post-title\" href=\"https:\/\/www.pedagogie.ac-nice.fr\/drane\/2025\/09\/16\/cadre-de-reference-de-lia-en-education\/\">Cadre de r\u00e9f\u00e9rence de l&rsquo;IA en \u00e9ducation<\/a><div class=\"wp-block-latest-posts__post-excerpt\">Sorti en Juillet 2025, ce document d\u00e9finit pr\u00e9cis\u00e9ment les limites d&rsquo;usage de l&rsquo;IA dans le cadre \u00e9ducatif. Cadre d&rsquo;usage de l&rsquo;IA en \u00e9ducation Ce document, fruit d&rsquo;une large consultation nationale men\u00e9e de janvier \u00e0 mai 2025, vise \u00e0 fournir un cadre clair pour l&rsquo;utilisation de l&rsquo;intelligence artificielle (IA) dans le &hellip; <\/p><p><a class=\"more-link btn\" href=\"https:\/\/www.pedagogie.ac-nice.fr\/drane\/2025\/09\/16\/cadre-de-reference-de-lia-en-education\/\">Lire la suite<\/a><\/div><\/li>\n<li><div class=\"wp-block-latest-posts__featured-image alignleft\"><img loading=\"lazy\" decoding=\"async\" width=\"150\" height=\"150\" src=\"https:\/\/www.pedagogie.ac-nice.fr\/drane\/wp-content\/uploads\/sites\/69\/2026\/02\/IA-educ-150x150.jpg\" class=\"attachment-thumbnail size-thumbnail wp-post-image\" alt=\"\" style=\"max-width:75px;max-height:75px;\" \/><\/div><a class=\"wp-block-latest-posts__post-title\" href=\"https:\/\/www.pedagogie.ac-nice.fr\/drane\/2025\/09\/08\/intelligence-artificielle-et-education\/\">Intelligence Artificielle et Education<\/a><div class=\"wp-block-latest-posts__post-excerpt\">Dire que l&rsquo;outil IA ne passera pas par l&rsquo;\u00e9ducation est tr\u00e8s certainement une erreur. Mais se demander comment le milieu \u00e9ducatif va s&rsquo;en emparer pour former des citoyens \u00e9clair\u00e9s est probablement la bonne question.<\/div><\/li>\n<\/ul>","protected":false},"excerpt":{"rendered":"","protected":false},"author":652,"featured_media":0,"parent":0,"menu_order":0,"comment_status":"closed","ping_status":"closed","template":"","meta":{"ngg_post_thumbnail":0,"footnotes":""},"class_list":["post-458","page","type-page","status-publish","hentry","nodate","item-wrap"],"rttpg_featured_image_url":null,"rttpg_author":{"display_name":"gillesnaviliat","author_link":"https:\/\/www.pedagogie.ac-nice.fr\/drane\/author\/gillesnaviliat\/"},"rttpg_comment":0,"rttpg_category":null,"rttpg_excerpt":null,"post_mailing_queue_ids":[],"_links":{"self":[{"href":"https:\/\/www.pedagogie.ac-nice.fr\/drane\/wp-json\/wp\/v2\/pages\/458","targetHints":{"allow":["GET"]}}],"collection":[{"href":"https:\/\/www.pedagogie.ac-nice.fr\/drane\/wp-json\/wp\/v2\/pages"}],"about":[{"href":"https:\/\/www.pedagogie.ac-nice.fr\/drane\/wp-json\/wp\/v2\/types\/page"}],"author":[{"embeddable":true,"href":"https:\/\/www.pedagogie.ac-nice.fr\/drane\/wp-json\/wp\/v2\/users\/652"}],"replies":[{"embeddable":true,"href":"https:\/\/www.pedagogie.ac-nice.fr\/drane\/wp-json\/wp\/v2\/comments?post=458"}],"version-history":[{"count":2,"href":"https:\/\/www.pedagogie.ac-nice.fr\/drane\/wp-json\/wp\/v2\/pages\/458\/revisions"}],"predecessor-version":[{"id":517,"href":"https:\/\/www.pedagogie.ac-nice.fr\/drane\/wp-json\/wp\/v2\/pages\/458\/revisions\/517"}],"wp:attachment":[{"href":"https:\/\/www.pedagogie.ac-nice.fr\/drane\/wp-json\/wp\/v2\/media?parent=458"}],"curies":[{"name":"wp","href":"https:\/\/api.w.org\/{rel}","templated":true}]}}