{"id":462,"date":"2026-02-04T09:54:06","date_gmt":"2026-02-04T08:54:06","guid":{"rendered":"https:\/\/www.pedagogie.ac-nice.fr\/drane-test\/?page_id=462"},"modified":"2026-02-13T11:07:25","modified_gmt":"2026-02-13T10:07:25","slug":"ian","status":"publish","type":"page","link":"https:\/\/www.pedagogie.ac-nice.fr\/drane\/ian\/","title":{"rendered":"IAN"},"content":{"rendered":"\n<div style=\"font-family: 'Open Sans', Arial, sans-serif; color: #333; line-height: 1.6; max-width: 800px; margin: 0 auto; padding: 20px;\">\n\n    <!-- En-t\u00eate avec fond bleu -->\n    <header style=\"background-color: #0056A3; color: white; padding: 20px; text-align: center; border-radius: 5px; margin-bottom: 20px;\">\n        <h1 style=\"margin: 0; font-size: 24px;\">Le r\u00f4le de l\u2019Interlocuteur Acad\u00e9mique pour le Num\u00e9rique (IAN)<\/h1>\n        <p style=\"margin: 5px 0 0 0; font-size: 14px;\">Un acteur cl\u00e9 pour accompagner la transition num\u00e9rique dans l\u2019acad\u00e9mie de Nice<\/p>\n    <\/header>\n\n    <!-- Introduction -->\n    <section style=\"background-color: #f8f9fa; padding: 15px; border-left: 4px solid #0056A3; margin-bottom: 20px;\">\n        <p style=\"font-size: 16px; margin: 0;\">\n            Dans l\u2019acad\u00e9mie de Nice, comme dans toute la France, les <strong>Interlocuteurs Acad\u00e9miques pour le Num\u00e9rique (IAN)<\/strong> jouent un r\u00f4le central pour accompagner les enseignants et les \u00e9tablissements dans l\u2019int\u00e9gration du num\u00e9rique \u00e9ducatif. Leur mission : <strong>faciliter, former et f\u00e9d\u00e9rer<\/strong> autour des usages p\u00e9dagogiques du num\u00e9rique.\n        <\/p>\n    <\/section>\n\n    <!-- Section 1 : Qui est l\u2019IAN ? -->\n    <section style=\"margin-bottom: 20px;\">\n        <h2 style=\"color: #0056A3; border-bottom: 2px solid #0056A3; padding-bottom: 5px; font-size: 20px;\">1. Qui est l\u2019IAN ?<\/h2>\n        <p>\n            L\u2019IAN est un <strong>enseignant expert du num\u00e9rique<\/strong>, d\u00e9sign\u00e9 par le recteur pour une discipline ou un domaine sp\u00e9cifique (ex. : math\u00e9matiques, lettres, sciences, etc.) sur proposition des IA-IPR. Il fait le lien entre :\n        <\/p>\n        <ul style=\"margin-left: 20px; margin-top: 10px;\">\n            <li>Les <strong>enseignants<\/strong> de sa discipline,<\/li>\n            <li>La <strong>DRANE<\/strong> (D\u00e9l\u00e9gation R\u00e9gionale Acad\u00e9mique au Num\u00e9rique pour l\u2019\u00c9ducation),<\/li>\n            <li>Les <strong>partenaires institutionnels<\/strong> (Canop\u00e9, INSPE, etc.).<\/li>\n        <\/ul>\n        <p>\n            Son expertise lui permet d\u2019<strong>identifier les besoins<\/strong>, de <strong>proposer des solutions adapt\u00e9es<\/strong> et de <strong>diffuser les bonnes pratiques<\/strong> au sein de l\u2019acad\u00e9mie.\n        <\/p>\n    <\/section>\n\n    <!-- Section 2 : Les missions de l\u2019IAN -->\n    <section style=\"margin-bottom: 20px;\">\n        <h2 style=\"color: #0056A3; border-bottom: 2px solid #0056A3; padding-bottom: 5px; font-size: 20px;\">2. Les missions de l\u2019IAN<\/h2>\n        <div style=\"display: flex; flex-wrap: wrap; gap: 15px; margin-top: 15px;\">\n            <div style=\"flex: 1; min-width: 200px; background-color: #f0f8ff; padding: 10px; border-radius: 5px;\">\n                <h3 style=\"color: #0056A3; margin-top: 0; font-size: 16px;\">Accompagnement p\u00e9dagogique<\/h3>\n                <p style=\"margin: 5px 0;\">Conseiller les enseignants sur les outils et m\u00e9thodes num\u00e9riques adapt\u00e9s \u00e0 leur discipline.<\/p>\n            <\/div>\n            <div style=\"flex: 1; min-width: 200px; background-color: #f0f8ff; padding: 10px; border-radius: 5px;\">\n                <h3 style=\"color: #0056A3; margin-top: 0; font-size: 16px;\">Formation et animation<\/h3>\n                <p style=\"margin: 5px 0;\">Organiser des ateliers, webinaires ou temps d\u2019\u00e9change pour partager les innovations.<\/p>\n            <\/div>\n            <div style=\"flex: 1; min-width: 200px; background-color: #f0f8ff; padding: 10px; border-radius: 5px;\">\n                <h3 style=\"color: #0056A3; margin-top: 0; font-size: 16px;\">Veille et innovation<\/h3>\n                <p style=\"margin: 5px 0;\">Assurer une veille active sur les nouvelles technologies et ressources p\u00e9dagogiques.<\/p>\n            <\/div>\n        <\/div>\n        <p style=\"margin-top: 15px;\">\n            L\u2019IAN participe \u00e9galement \u00e0 l\u2019<strong>\u00e9valuation des besoins<\/strong> en outils num\u00e9riques et \u00e0 la <strong>construction de projets acad\u00e9miques<\/strong>, comme les TraAM ou les classes innovantes.\n        <\/p>\n    <\/section>\n\n    <!-- Section 3 : Comment contacter l\u2019IAN dans l\u2019acad\u00e9mie de Nice ? -->\n    <section style=\"margin-bottom: 20px;\">\n        <h2 style=\"color: #0056A3; border-bottom: 2px solid #0056A3; padding-bottom: 5px; font-size: 20px;\">3. Contacter l\u2019IAN dans l\u2019acad\u00e9mie de Nice<\/h2>\n        <p>\n            Pour solliciter l\u2019IAN de votre discipline ou obtenir des informations, plusieurs options s\u2019offrent \u00e0 vous :\n        <\/p>\n        <ul style=\"margin-left: 20px; margin-top: 10px;\">\n            <li><strong>Consulter la liste des IAN<\/strong> sur le site de la <a href=\"https:\/\/drane.ac-nice.fr\/\" style=\"color: #0056A3; text-decoration: none;\" target=\"_blank\">DRANE de Nice<\/a>.<\/li>\n            <li><strong>Envoyer un mail<\/strong> \u00e0 l\u2019adresse d\u00e9di\u00e9e de votre IAN (disponible sur le site acad\u00e9mique).<\/li>\n            <li><strong>Participer aux temps de rencontre<\/strong> organis\u00e9s par la DRANE (webinaires, forums, etc.).<\/li>\n        <\/ul>\n        <p style=\"background-color: #e6f2ff; padding: 10px; border-radius: 5px; margin-top: 15px;\">\n            \ud83d\udca1 <strong>Le saviez-vous ?<\/strong> Les IAN collaborent \u00e9troitement avec les <strong>ERUN<\/strong> (Enseignants R\u00e9f\u00e9rents pour les Usages du Num\u00e9rique) pour couvrir l\u2019ensemble des besoins, du primaire au secondaire.\n        <\/p>\n    <\/section>\n\n    <!-- Section 4 : Exemples d\u2019actions men\u00e9es par les IAN -->\n    <section style=\"margin-bottom: 20px; background-color: #f8f9fa; padding: 15px; border-radius: 5px;\">\n        <h2 style=\"color: #0056A3; margin-top: 0; font-size: 20px;\">4. Exemples d\u2019actions men\u00e9es<\/h2>\n        <p>\n            Dans l\u2019acad\u00e9mie de Nice, les IAN ont r\u00e9cemment contribu\u00e9 \u00e0 :\n        <\/p>\n        <ul style=\"margin-left: 20px; margin-top: 10px;\">\n            <li>La <strong>cr\u00e9ation de ressources disciplinaires<\/strong> pour l\u2019enseignement hybride,<\/li>\n            <li>L\u2019<strong>organisation de d\u00e9fis num\u00e9riques<\/strong> pour les \u00e9l\u00e8ves (ex. : concours de programmation, projets collaboratifs),<\/li>\n            <li>Le <strong>d\u00e9ploiement d\u2019outils<\/strong> comme Moodle, les classes virtuelles ou les robots \u00e9ducatifs,<\/li>\n            <li>La <strong>formation des enseignants<\/strong> aux nouveaux programmes int\u00e9grant le num\u00e9rique.<\/li>\n        <\/ul>\n    <\/section>\n\n    <!-- Conclusion -->\n    <section style=\"background-color: #f8f9fa; padding: 15px; border-radius: 5px; text-align: center;\">\n        <p style=\"font-style: italic; font-size: 16px; margin: 0;\">\n            Les IAN sont des <strong>acteurs incontournables<\/strong> de la transformation num\u00e9rique dans l\u2019acad\u00e9mie de Nice. Leur expertise et leur proximit\u00e9 avec les enseignants en font des partenaires privil\u00e9gi\u00e9s pour <strong>innover, se former et r\u00e9ussir<\/strong> ensemble la transition p\u00e9dagogique \u00e0 l\u2019\u00e8re du num\u00e9rique.\n        <\/p>\n        <p style=\"margin-top: 15px; font-size: 14px;\">\n            <strong>Vous avez d\u00e9j\u00e0 travaill\u00e9 avec un IAN ? Partagez votre exp\u00e9rience en commentaire !<\/strong>\n        <\/p>\n    <\/section>\n<\/div>\n\n\n\n\n<div class=\"wp-block-cover\" style=\"min-height:91px;aspect-ratio:unset;\"><span aria-hidden=\"true\" class=\"wp-block-cover__background has-background-dim-100 has-background-dim\" style=\"background-color:#372580\"><\/span><div class=\"wp-block-cover__inner-container is-layout-constrained wp-block-cover-is-layout-constrained\">\n<p class=\"has-text-align-center has-large-font-size\">Articles connexes<\/p>\n<\/div><\/div>\n\n\n<ul class=\"wp-block-latest-posts__list is-grid columns-3 wp-block-latest-posts\"><li><div class=\"wp-block-latest-posts__featured-image alignleft\"><img loading=\"lazy\" decoding=\"async\" width=\"150\" height=\"150\" src=\"https:\/\/www.pedagogie.ac-nice.fr\/drane\/wp-content\/uploads\/sites\/69\/2026\/02\/capture-d-ecran-2026-01-22-184231.png-800x800-1-150x150.jpeg\" class=\"attachment-thumbnail size-thumbnail wp-post-image\" alt=\"\" style=\"max-width:75px;max-height:75px;\" srcset=\"https:\/\/www.pedagogie.ac-nice.fr\/drane\/wp-content\/uploads\/sites\/69\/2026\/02\/capture-d-ecran-2026-01-22-184231.png-800x800-1-150x150.jpeg 150w, https:\/\/www.pedagogie.ac-nice.fr\/drane\/wp-content\/uploads\/sites\/69\/2026\/02\/capture-d-ecran-2026-01-22-184231.png-800x800-1-300x300.jpeg 300w, https:\/\/www.pedagogie.ac-nice.fr\/drane\/wp-content\/uploads\/sites\/69\/2026\/02\/capture-d-ecran-2026-01-22-184231.png-800x800-1-768x768.jpeg 768w, https:\/\/www.pedagogie.ac-nice.fr\/drane\/wp-content\/uploads\/sites\/69\/2026\/02\/capture-d-ecran-2026-01-22-184231.png-800x800-1.jpeg 800w\" sizes=\"auto, (max-width: 150px) 100vw, 150px\" \/><\/div><a class=\"wp-block-latest-posts__post-title\" href=\"https:\/\/www.pedagogie.ac-nice.fr\/drane\/2026\/02\/02\/plateforme-ada-universcience\/\">Plateforme Ada-Universcience<\/a><\/li>\n<li><div class=\"wp-block-latest-posts__featured-image alignleft\"><img loading=\"lazy\" decoding=\"async\" width=\"150\" height=\"150\" src=\"https:\/\/www.pedagogie.ac-nice.fr\/drane\/wp-content\/uploads\/sites\/69\/2026\/02\/logo-digitale-150x150.png\" class=\"attachment-thumbnail size-thumbnail wp-post-image\" alt=\"\" style=\"max-width:75px;max-height:75px;\" \/><\/div><a class=\"wp-block-latest-posts__post-title\" href=\"https:\/\/www.pedagogie.ac-nice.fr\/drane\/2026\/01\/06\/les-outils-de-la-digitale-2\/\">Les outils de la Digitale<\/a><\/li>\n<li><div class=\"wp-block-latest-posts__featured-image alignleft\"><img loading=\"lazy\" decoding=\"async\" width=\"150\" height=\"150\" src=\"https:\/\/www.pedagogie.ac-nice.fr\/drane\/wp-content\/uploads\/sites\/69\/2026\/02\/Apps_education-150x150.png\" class=\"attachment-thumbnail size-thumbnail wp-post-image\" alt=\"\" style=\"max-width:75px;max-height:75px;\" srcset=\"https:\/\/www.pedagogie.ac-nice.fr\/drane\/wp-content\/uploads\/sites\/69\/2026\/02\/Apps_education-150x150.png 150w, https:\/\/www.pedagogie.ac-nice.fr\/drane\/wp-content\/uploads\/sites\/69\/2026\/02\/Apps_education.png 250w\" sizes=\"auto, (max-width: 150px) 100vw, 150px\" \/><\/div><a class=\"wp-block-latest-posts__post-title\" href=\"https:\/\/www.pedagogie.ac-nice.fr\/drane\/2025\/12\/18\/apps-education-des-outils-numeriques-pour-la-communaute-educative\/\">Apps Education: des outils num\u00e9riques pour la communaut\u00e9 \u00e9ducative<\/a><\/li>\n<li><div class=\"wp-block-latest-posts__featured-image alignleft\"><img loading=\"lazy\" decoding=\"async\" width=\"150\" height=\"150\" src=\"https:\/\/www.pedagogie.ac-nice.fr\/drane\/wp-content\/uploads\/sites\/69\/2026\/02\/caramel-150x150.jpg\" class=\"attachment-thumbnail size-thumbnail wp-post-image\" alt=\"\" style=\"max-width:75px;max-height:75px;\" \/><\/div><a class=\"wp-block-latest-posts__post-title\" href=\"https:\/\/www.pedagogie.ac-nice.fr\/drane\/2025\/12\/01\/caramel-creation-assistee-de-ressources-et-dactivites-magistere-et-elea-2\/\">Caramel : Cr\u00e9ation Assist\u00e9e de Ressources et d&rsquo;Activit\u00e9s Magist\u00e8re et \u00c9l\u00e9a<\/a><\/li>\n<li><div class=\"wp-block-latest-posts__featured-image alignleft\"><img loading=\"lazy\" decoding=\"async\" width=\"150\" height=\"150\" src=\"https:\/\/www.pedagogie.ac-nice.fr\/drane\/wp-content\/uploads\/sites\/69\/2026\/02\/communs-numeriques-150x150.png\" class=\"attachment-thumbnail size-thumbnail wp-post-image\" alt=\"\" style=\"max-width:75px;max-height:75px;\" \/><\/div><a class=\"wp-block-latest-posts__post-title\" href=\"https:\/\/www.pedagogie.ac-nice.fr\/drane\/2025\/12\/01\/les-communs-numeriques-educatifs\/\">Les communs num\u00e9riques \u00e9ducatifs<\/a><\/li>\n<\/ul>","protected":false},"excerpt":{"rendered":"<p>Le r\u00f4le de l\u2019Interlocuteur Acad\u00e9mique pour le Num\u00e9rique (IAN) Un acteur cl\u00e9 pour accompagner la transition num\u00e9rique dans l\u2019acad\u00e9mie de Nice Dans l\u2019acad\u00e9mie de Nice, comme dans toute la France, les Interlocuteurs Acad\u00e9miques pour le Num\u00e9rique (IAN) jouent un r\u00f4le central pour accompagner les enseignants et les \u00e9tablissements dans l\u2019int\u00e9gration du num\u00e9rique \u00e9ducatif. Leur mission &hellip; <\/p>\n<p><a class=\"more-link btn\" href=\"https:\/\/www.pedagogie.ac-nice.fr\/drane\/ian\/\">Lire la suite<\/a><\/p>\n","protected":false},"author":652,"featured_media":0,"parent":0,"menu_order":0,"comment_status":"closed","ping_status":"closed","template":"","meta":{"ngg_post_thumbnail":0,"footnotes":""},"class_list":["post-462","page","type-page","status-publish","hentry","nodate","item-wrap"],"rttpg_featured_image_url":null,"rttpg_author":{"display_name":"gillesnaviliat","author_link":"https:\/\/www.pedagogie.ac-nice.fr\/drane\/author\/gillesnaviliat\/"},"rttpg_comment":0,"rttpg_category":null,"rttpg_excerpt":"Le r\u00f4le de l\u2019Interlocuteur Acad\u00e9mique pour le Num\u00e9rique (IAN) Un acteur cl\u00e9 pour accompagner la transition num\u00e9rique dans l\u2019acad\u00e9mie de Nice Dans l\u2019acad\u00e9mie de Nice, comme dans toute la France, les Interlocuteurs Acad\u00e9miques pour le Num\u00e9rique (IAN) jouent un r\u00f4le central pour accompagner les enseignants et les \u00e9tablissements dans l\u2019int\u00e9gration du num\u00e9rique \u00e9ducatif. Leur mission\u2026","post_mailing_queue_ids":[],"_links":{"self":[{"href":"https:\/\/www.pedagogie.ac-nice.fr\/drane\/wp-json\/wp\/v2\/pages\/462","targetHints":{"allow":["GET"]}}],"collection":[{"href":"https:\/\/www.pedagogie.ac-nice.fr\/drane\/wp-json\/wp\/v2\/pages"}],"about":[{"href":"https:\/\/www.pedagogie.ac-nice.fr\/drane\/wp-json\/wp\/v2\/types\/page"}],"author":[{"embeddable":true,"href":"https:\/\/www.pedagogie.ac-nice.fr\/drane\/wp-json\/wp\/v2\/users\/652"}],"replies":[{"embeddable":true,"href":"https:\/\/www.pedagogie.ac-nice.fr\/drane\/wp-json\/wp\/v2\/comments?post=462"}],"version-history":[{"count":4,"href":"https:\/\/www.pedagogie.ac-nice.fr\/drane\/wp-json\/wp\/v2\/pages\/462\/revisions"}],"predecessor-version":[{"id":1035,"href":"https:\/\/www.pedagogie.ac-nice.fr\/drane\/wp-json\/wp\/v2\/pages\/462\/revisions\/1035"}],"wp:attachment":[{"href":"https:\/\/www.pedagogie.ac-nice.fr\/drane\/wp-json\/wp\/v2\/media?parent=462"}],"curies":[{"name":"wp","href":"https:\/\/api.w.org\/{rel}","templated":true}]}}