{"id":50,"date":"2025-09-08T12:12:56","date_gmt":"2025-09-08T10:12:56","guid":{"rendered":"https:\/\/www.pedagogie.ac-nice.fr\/drane-test\/?page_id=50"},"modified":"2025-09-17T10:54:37","modified_gmt":"2025-09-17T08:54:37","slug":"les-ressources-numeriques","status":"publish","type":"page","link":"https:\/\/www.pedagogie.ac-nice.fr\/drane\/les-ressources-numeriques\/","title":{"rendered":"Les ressources num\u00e9riques"},"content":{"rendered":"\n<p><\/p>\n\n\n\n<div class=\"wp-block-media-text is-stacked-on-mobile\"><figure class=\"wp-block-media-text__media\"><img loading=\"lazy\" decoding=\"async\" width=\"1024\" height=\"516\" src=\"https:\/\/www.pedagogie.ac-nice.fr\/drane-test\/wp-content\/uploads\/sites\/69\/2025\/09\/ressources-num-1024x516.png\" alt=\"\" class=\"wp-image-327 size-full\" srcset=\"https:\/\/www.pedagogie.ac-nice.fr\/drane\/wp-content\/uploads\/sites\/69\/2025\/09\/ressources-num-1024x516.png 1024w, https:\/\/www.pedagogie.ac-nice.fr\/drane\/wp-content\/uploads\/sites\/69\/2025\/09\/ressources-num-300x151.png 300w, https:\/\/www.pedagogie.ac-nice.fr\/drane\/wp-content\/uploads\/sites\/69\/2025\/09\/ressources-num-768x387.png 768w, https:\/\/www.pedagogie.ac-nice.fr\/drane\/wp-content\/uploads\/sites\/69\/2025\/09\/ressources-num-847x427.png 847w, https:\/\/www.pedagogie.ac-nice.fr\/drane\/wp-content\/uploads\/sites\/69\/2025\/09\/ressources-num.png 1181w\" sizes=\"auto, (max-width: 1024px) 100vw, 1024px\" \/><\/figure><div class=\"wp-block-media-text__content\">\n<p>Vous trouverez sur cette entr\u00e9e les articles concernant les ressources que nous avons pu explorer et qui pr\u00e9sentent, selon nous un int\u00e9r\u00eat p\u00e9dagogique particulier, tout en respectant les pr\u00e9conisations du RGPD.<\/p>\n<\/div><\/div>\n\n\n\n<h4 class=\"wp-block-heading has-text-align-center has-white-color has-text-color has-background has-link-color wp-elements-ddab3b1116e3aa4109df99ee640aad97\" style=\"background-color:#1f2f78\">derniers articles<\/h4>\n\n\n<ul class=\"wp-block-latest-posts__list is-grid columns-3 wp-block-latest-posts\"><li><div class=\"wp-block-latest-posts__featured-image alignleft\"><img loading=\"lazy\" decoding=\"async\" width=\"150\" height=\"150\" src=\"https:\/\/www.pedagogie.ac-nice.fr\/drane\/wp-content\/uploads\/sites\/69\/2026\/03\/Capture-decran-2026-03-25-203648-150x150.png\" class=\"attachment-thumbnail size-thumbnail wp-post-image\" alt=\"\" style=\"max-width:75px;max-height:75px;\" \/><\/div><a class=\"wp-block-latest-posts__post-title\" href=\"https:\/\/www.pedagogie.ac-nice.fr\/drane\/2026\/03\/25\/la-fete-du-court-metrage\/\">La F\u00eate du court m\u00e9trage<\/a><\/li>\n<li><div class=\"wp-block-latest-posts__featured-image alignleft\"><img loading=\"lazy\" decoding=\"async\" width=\"129\" height=\"127\" src=\"https:\/\/www.pedagogie.ac-nice.fr\/drane\/wp-content\/uploads\/sites\/69\/2026\/02\/picto_edu.png\" class=\"attachment-thumbnail size-thumbnail wp-post-image\" alt=\"\" style=\"max-width:75px;max-height:75px;\" \/><\/div><a class=\"wp-block-latest-posts__post-title\" href=\"https:\/\/www.pedagogie.ac-nice.fr\/drane\/2026\/02\/11\/actualites-universalis-education-magellan-ia-et-evars-au-programme\/\">Actualit\u00e9s Universalis \u00c9ducation : Magellan, IA et EVARS au programme !<\/a><\/li>\n<li><div class=\"wp-block-latest-posts__featured-image alignleft\"><img loading=\"lazy\" decoding=\"async\" width=\"150\" height=\"150\" src=\"https:\/\/www.pedagogie.ac-nice.fr\/drane\/wp-content\/uploads\/sites\/69\/2026\/02\/OIP-4-150x150.jpg\" class=\"attachment-thumbnail size-thumbnail wp-post-image\" alt=\"\" style=\"max-width:75px;max-height:75px;\" srcset=\"https:\/\/www.pedagogie.ac-nice.fr\/drane\/wp-content\/uploads\/sites\/69\/2026\/02\/OIP-4-150x150.jpg 150w, https:\/\/www.pedagogie.ac-nice.fr\/drane\/wp-content\/uploads\/sites\/69\/2026\/02\/OIP-4.jpg 180w\" sizes=\"auto, (max-width: 150px) 100vw, 150px\" \/><\/div><a class=\"wp-block-latest-posts__post-title\" href=\"https:\/\/www.pedagogie.ac-nice.fr\/drane\/2026\/02\/09\/tv5-monde-sur-lumni\/\">TV5 Monde sur Lumni<\/a><\/li>\n<li><div class=\"wp-block-latest-posts__featured-image alignleft\"><img loading=\"lazy\" decoding=\"async\" width=\"150\" height=\"150\" src=\"https:\/\/www.pedagogie.ac-nice.fr\/drane\/wp-content\/uploads\/sites\/69\/2026\/02\/capture-d-ecran-2026-01-22-184231.png-800x800-1-150x150.jpeg\" class=\"attachment-thumbnail size-thumbnail wp-post-image\" alt=\"\" style=\"max-width:75px;max-height:75px;\" srcset=\"https:\/\/www.pedagogie.ac-nice.fr\/drane\/wp-content\/uploads\/sites\/69\/2026\/02\/capture-d-ecran-2026-01-22-184231.png-800x800-1-150x150.jpeg 150w, https:\/\/www.pedagogie.ac-nice.fr\/drane\/wp-content\/uploads\/sites\/69\/2026\/02\/capture-d-ecran-2026-01-22-184231.png-800x800-1-300x300.jpeg 300w, https:\/\/www.pedagogie.ac-nice.fr\/drane\/wp-content\/uploads\/sites\/69\/2026\/02\/capture-d-ecran-2026-01-22-184231.png-800x800-1-768x768.jpeg 768w, https:\/\/www.pedagogie.ac-nice.fr\/drane\/wp-content\/uploads\/sites\/69\/2026\/02\/capture-d-ecran-2026-01-22-184231.png-800x800-1.jpeg 800w\" sizes=\"auto, (max-width: 150px) 100vw, 150px\" \/><\/div><a class=\"wp-block-latest-posts__post-title\" href=\"https:\/\/www.pedagogie.ac-nice.fr\/drane\/2026\/02\/02\/plateforme-ada-universcience\/\">Plateforme Ada-Universcience<\/a><\/li>\n<li><div class=\"wp-block-latest-posts__featured-image alignleft\"><img loading=\"lazy\" decoding=\"async\" width=\"150\" height=\"150\" src=\"https:\/\/www.pedagogie.ac-nice.fr\/drane\/wp-content\/uploads\/sites\/69\/2026\/02\/safer-internet-day-150x150.png\" class=\"attachment-thumbnail size-thumbnail wp-post-image\" alt=\"\" style=\"max-width:75px;max-height:75px;\" srcset=\"https:\/\/www.pedagogie.ac-nice.fr\/drane\/wp-content\/uploads\/sites\/69\/2026\/02\/safer-internet-day-150x150.png 150w, https:\/\/www.pedagogie.ac-nice.fr\/drane\/wp-content\/uploads\/sites\/69\/2026\/02\/safer-internet-day.png 225w\" sizes=\"auto, (max-width: 150px) 100vw, 150px\" \/><\/div><a class=\"wp-block-latest-posts__post-title\" href=\"https:\/\/www.pedagogie.ac-nice.fr\/drane\/2026\/01\/22\/safer-internet-days-2026-des-le-10-fevrier\/\">Safer Internet Days 2026: d\u00e8s le 10 F\u00e9vrier !<\/a><\/li>\n<li><div class=\"wp-block-latest-posts__featured-image alignleft\"><img loading=\"lazy\" decoding=\"async\" width=\"150\" height=\"150\" src=\"https:\/\/www.pedagogie.ac-nice.fr\/drane\/wp-content\/uploads\/sites\/69\/2026\/02\/Capture-decran-2026-02-09-125402-1-150x150.png\" class=\"attachment-thumbnail size-thumbnail wp-post-image\" alt=\"\" style=\"max-width:75px;max-height:75px;\" \/><\/div><a class=\"wp-block-latest-posts__post-title\" href=\"https:\/\/www.pedagogie.ac-nice.fr\/drane\/2026\/01\/09\/actualites-ressources-lumni-enseignement-janvier-2025\/\">Actualit\u00e9s Ressources Lumni Enseignement janvier 2025<\/a><\/li>\n<li><div class=\"wp-block-latest-posts__featured-image alignleft\"><img loading=\"lazy\" decoding=\"async\" width=\"150\" height=\"150\" src=\"https:\/\/www.pedagogie.ac-nice.fr\/drane\/wp-content\/uploads\/sites\/69\/2026\/02\/Apps_education-150x150.png\" class=\"attachment-thumbnail size-thumbnail wp-post-image\" alt=\"\" style=\"max-width:75px;max-height:75px;\" srcset=\"https:\/\/www.pedagogie.ac-nice.fr\/drane\/wp-content\/uploads\/sites\/69\/2026\/02\/Apps_education-150x150.png 150w, https:\/\/www.pedagogie.ac-nice.fr\/drane\/wp-content\/uploads\/sites\/69\/2026\/02\/Apps_education.png 250w\" sizes=\"auto, (max-width: 150px) 100vw, 150px\" \/><\/div><a class=\"wp-block-latest-posts__post-title\" href=\"https:\/\/www.pedagogie.ac-nice.fr\/drane\/2025\/12\/18\/apps-education-des-outils-numeriques-pour-la-communaute-educative\/\">Apps Education: des outils num\u00e9riques pour la communaut\u00e9 \u00e9ducative<\/a><\/li>\n<li><div class=\"wp-block-latest-posts__featured-image alignleft\"><img loading=\"lazy\" decoding=\"async\" width=\"150\" height=\"150\" src=\"https:\/\/www.pedagogie.ac-nice.fr\/drane\/wp-content\/uploads\/sites\/69\/2026\/02\/communs-numeriques-150x150.png\" class=\"attachment-thumbnail size-thumbnail wp-post-image\" alt=\"\" style=\"max-width:75px;max-height:75px;\" \/><\/div><a class=\"wp-block-latest-posts__post-title\" href=\"https:\/\/www.pedagogie.ac-nice.fr\/drane\/2025\/12\/01\/les-communs-numeriques-educatifs\/\">Les communs num\u00e9riques \u00e9ducatifs<\/a><\/li>\n<li><div class=\"wp-block-latest-posts__featured-image alignleft\"><img loading=\"lazy\" decoding=\"async\" width=\"150\" height=\"150\" src=\"https:\/\/www.pedagogie.ac-nice.fr\/drane\/wp-content\/uploads\/sites\/69\/2026\/02\/logo-forge-150x150.jpg\" class=\"attachment-thumbnail size-thumbnail wp-post-image\" alt=\"\" style=\"max-width:75px;max-height:75px;\" srcset=\"https:\/\/www.pedagogie.ac-nice.fr\/drane\/wp-content\/uploads\/sites\/69\/2026\/02\/logo-forge-150x150.jpg 150w, https:\/\/www.pedagogie.ac-nice.fr\/drane\/wp-content\/uploads\/sites\/69\/2026\/02\/logo-forge-300x300.jpg 300w, https:\/\/www.pedagogie.ac-nice.fr\/drane\/wp-content\/uploads\/sites\/69\/2026\/02\/logo-forge.jpg 500w\" sizes=\"auto, (max-width: 150px) 100vw, 150px\" \/><\/div><a class=\"wp-block-latest-posts__post-title\" href=\"https:\/\/www.pedagogie.ac-nice.fr\/drane\/2025\/12\/01\/la-forge-des-communs-numeriques\/\">La forge des communs num\u00e9riques<\/a><\/li>\n<li><div class=\"wp-block-latest-posts__featured-image alignleft\"><img loading=\"lazy\" decoding=\"async\" width=\"150\" height=\"150\" src=\"https:\/\/www.pedagogie.ac-nice.fr\/drane\/wp-content\/uploads\/sites\/69\/2026\/02\/logo-digitale-150x150.png\" class=\"attachment-thumbnail size-thumbnail wp-post-image\" alt=\"\" style=\"max-width:75px;max-height:75px;\" \/><\/div><a class=\"wp-block-latest-posts__post-title\" href=\"https:\/\/www.pedagogie.ac-nice.fr\/drane\/2025\/12\/01\/les-outils-de-la-digitale\/\">Les outils de la Digitale<\/a><\/li>\n<li><div class=\"wp-block-latest-posts__featured-image alignleft\"><img loading=\"lazy\" decoding=\"async\" width=\"150\" height=\"150\" src=\"https:\/\/www.pedagogie.ac-nice.fr\/drane\/wp-content\/uploads\/sites\/69\/2026\/02\/logo_caramel-150x150.png\" class=\"attachment-thumbnail size-thumbnail wp-post-image\" alt=\"\" style=\"max-width:75px;max-height:75px;\" srcset=\"https:\/\/www.pedagogie.ac-nice.fr\/drane\/wp-content\/uploads\/sites\/69\/2026\/02\/logo_caramel-150x150.png 150w, https:\/\/www.pedagogie.ac-nice.fr\/drane\/wp-content\/uploads\/sites\/69\/2026\/02\/logo_caramel-300x300.png 300w, https:\/\/www.pedagogie.ac-nice.fr\/drane\/wp-content\/uploads\/sites\/69\/2026\/02\/logo_caramel-768x768.png 768w, https:\/\/www.pedagogie.ac-nice.fr\/drane\/wp-content\/uploads\/sites\/69\/2026\/02\/logo_caramel-847x847.png 847w, https:\/\/www.pedagogie.ac-nice.fr\/drane\/wp-content\/uploads\/sites\/69\/2026\/02\/logo_caramel.png 1019w\" sizes=\"auto, (max-width: 150px) 100vw, 150px\" \/><\/div><a class=\"wp-block-latest-posts__post-title\" href=\"https:\/\/www.pedagogie.ac-nice.fr\/drane\/2025\/12\/01\/caramel-creation-assistee-de-ressources-et-dactivites-magistere-et-elea\/\">CARAMEL: cr\u00e9ation Assist\u00e9e de Ressources et d&rsquo;Activit\u00e9s Magist\u00e8re et \u00c9l\u00e9a<\/a><\/li>\n<li><div class=\"wp-block-latest-posts__featured-image alignleft\"><img loading=\"lazy\" decoding=\"async\" width=\"150\" height=\"150\" src=\"https:\/\/www.pedagogie.ac-nice.fr\/drane\/wp-content\/uploads\/sites\/69\/2025\/10\/OIP-2-150x150.jpg\" class=\"attachment-thumbnail size-thumbnail wp-post-image\" alt=\"\" style=\"max-width:75px;max-height:75px;\" \/><\/div><a class=\"wp-block-latest-posts__post-title\" href=\"https:\/\/www.pedagogie.ac-nice.fr\/drane\/2025\/10\/02\/fizziq-web-les-sciences-experimentales-sur-grand-ecran-disponible-depuis-le-24-septembre-2025\/\">FizziQ Web : les sciences exp\u00e9rimentales sur grand \u00e9cran &#8211; disponible depuis le 24 septembre 2025<\/a><\/li>\n<li><div class=\"wp-block-latest-posts__featured-image alignleft\"><img loading=\"lazy\" decoding=\"async\" width=\"150\" height=\"150\" src=\"https:\/\/www.pedagogie.ac-nice.fr\/drane\/wp-content\/uploads\/sites\/69\/2025\/10\/OIP-3-150x150.jpg\" class=\"attachment-thumbnail size-thumbnail wp-post-image\" alt=\"\" style=\"max-width:75px;max-height:75px;\" srcset=\"https:\/\/www.pedagogie.ac-nice.fr\/drane\/wp-content\/uploads\/sites\/69\/2025\/10\/OIP-3-150x150.jpg 150w, https:\/\/www.pedagogie.ac-nice.fr\/drane\/wp-content\/uploads\/sites\/69\/2025\/10\/OIP-3.jpg 179w\" sizes=\"auto, (max-width: 150px) 100vw, 150px\" \/><\/div><a class=\"wp-block-latest-posts__post-title\" href=\"https:\/\/www.pedagogie.ac-nice.fr\/drane\/2025\/10\/02\/mia-seconde\/\">MIA seconde<\/a><\/li>\n<li><div class=\"wp-block-latest-posts__featured-image alignleft\"><img loading=\"lazy\" decoding=\"async\" width=\"150\" height=\"100\" src=\"https:\/\/www.pedagogie.ac-nice.fr\/drane\/wp-content\/uploads\/sites\/69\/2025\/09\/correlyce-atrium-logo-2-150x100.png\" class=\"attachment-thumbnail size-thumbnail wp-post-image\" alt=\"\" style=\"max-width:75px;max-height:75px;\" \/><\/div><a class=\"wp-block-latest-posts__post-title\" href=\"https:\/\/www.pedagogie.ac-nice.fr\/drane\/2025\/09\/17\/ressources-du-bouquet-region-paca-2025-26\/\">Ressources du bouquet R\u00e9gion PACA 2025-26<\/a><\/li>\n<li><div class=\"wp-block-latest-posts__featured-image alignleft\"><img loading=\"lazy\" decoding=\"async\" width=\"150\" height=\"150\" src=\"https:\/\/www.pedagogie.ac-nice.fr\/drane\/wp-content\/uploads\/sites\/69\/2025\/09\/banniere_mathlive-150x150.png\" class=\"attachment-thumbnail size-thumbnail wp-post-image\" alt=\"\" style=\"max-width:75px;max-height:75px;\" \/><\/div><a class=\"wp-block-latest-posts__post-title\" href=\"https:\/\/www.pedagogie.ac-nice.fr\/drane\/2025\/09\/17\/mathlive-plateforme-collaborative-dapprentissage-des-mathematiques\/\">MathLive &#8211; plateforme collaborative d&rsquo;apprentissage des math\u00e9matiques<\/a><\/li>\n<li><div class=\"wp-block-latest-posts__featured-image alignleft\"><img loading=\"lazy\" decoding=\"async\" width=\"150\" height=\"150\" src=\"https:\/\/www.pedagogie.ac-nice.fr\/drane\/wp-content\/uploads\/sites\/69\/2026\/02\/fovea-150x150.png\" class=\"attachment-thumbnail size-thumbnail wp-post-image\" alt=\"\" style=\"max-width:75px;max-height:75px;\" \/><\/div><a class=\"wp-block-latest-posts__post-title\" href=\"https:\/\/www.pedagogie.ac-nice.fr\/drane\/2025\/06\/28\/fovea-des-activites-pedagogiques-inclusives-avec-les-videos-darte\/\">Fov\u00e9a : des activit\u00e9s p\u00e9dagogiques inclusives avec les vid\u00e9os d&rsquo;ARTE<\/a><\/li>\n<li><div class=\"wp-block-latest-posts__featured-image alignleft\"><img loading=\"lazy\" decoding=\"async\" width=\"150\" height=\"150\" src=\"https:\/\/www.pedagogie.ac-nice.fr\/drane\/wp-content\/uploads\/sites\/69\/2026\/02\/EBEP-150x150.png\" class=\"attachment-thumbnail size-thumbnail wp-post-image\" alt=\"\" style=\"max-width:75px;max-height:75px;\" \/><\/div><a class=\"wp-block-latest-posts__post-title\" href=\"https:\/\/www.pedagogie.ac-nice.fr\/drane\/2025\/06\/28\/ressources-numeriques-adaptees-ebep\/\">Ressources num\u00e9riques adapt\u00e9es EBEP<\/a><\/li>\n<li><div class=\"wp-block-latest-posts__featured-image alignleft\"><img loading=\"lazy\" decoding=\"async\" width=\"150\" height=\"150\" src=\"https:\/\/www.pedagogie.ac-nice.fr\/drane\/wp-content\/uploads\/sites\/69\/2026\/02\/LOGO_EDUBASE-150x150.png\" class=\"attachment-thumbnail size-thumbnail wp-post-image\" alt=\"\" style=\"max-width:75px;max-height:75px;\" \/><\/div><a class=\"wp-block-latest-posts__post-title\" href=\"https:\/\/www.pedagogie.ac-nice.fr\/drane\/2025\/06\/26\/edubases-la-banque-nationale-de-scenarii-pedagogiques-numeriques\/\">Edubases: la banque nationale de scenarii p\u00e9dagogiques num\u00e9riques<\/a><\/li>\n<li><div class=\"wp-block-latest-posts__featured-image alignleft\"><img loading=\"lazy\" decoding=\"async\" width=\"150\" height=\"150\" src=\"https:\/\/www.pedagogie.ac-nice.fr\/drane\/wp-content\/uploads\/sites\/69\/2026\/02\/SNE_citizen_code_VIG-150x150.png\" class=\"attachment-thumbnail size-thumbnail wp-post-image\" alt=\"\" style=\"max-width:75px;max-height:75px;\" \/><\/div><a class=\"wp-block-latest-posts__post-title\" href=\"https:\/\/www.pedagogie.ac-nice.fr\/drane\/2025\/05\/26\/citizen-code\/\">Citizen code<\/a><\/li>\n<li><div class=\"wp-block-latest-posts__featured-image alignleft\"><img loading=\"lazy\" decoding=\"async\" width=\"150\" height=\"150\" src=\"https:\/\/www.pedagogie.ac-nice.fr\/drane\/wp-content\/uploads\/sites\/69\/2026\/02\/logo-quiziniere3-150x150.png\" class=\"attachment-thumbnail size-thumbnail wp-post-image\" alt=\"\" style=\"max-width:75px;max-height:75px;\" \/><\/div><a class=\"wp-block-latest-posts__post-title\" href=\"https:\/\/www.pedagogie.ac-nice.fr\/drane\/2025\/05\/14\/quiziniere-integration-au-gar\/\">Quizini\u00e8re: int\u00e9gration au GAR !<\/a><\/li>\n<li><div class=\"wp-block-latest-posts__featured-image alignleft\"><img loading=\"lazy\" decoding=\"async\" width=\"150\" height=\"150\" src=\"https:\/\/www.pedagogie.ac-nice.fr\/drane\/wp-content\/uploads\/sites\/69\/2026\/02\/phpThumb_generated_thumbnail-150x150.jpeg\" class=\"attachment-thumbnail size-thumbnail wp-post-image\" alt=\"\" style=\"max-width:75px;max-height:75px;\" srcset=\"https:\/\/www.pedagogie.ac-nice.fr\/drane\/wp-content\/uploads\/sites\/69\/2026\/02\/phpThumb_generated_thumbnail-150x150.jpeg 150w, https:\/\/www.pedagogie.ac-nice.fr\/drane\/wp-content\/uploads\/sites\/69\/2026\/02\/phpThumb_generated_thumbnail-300x300.jpeg 300w, https:\/\/www.pedagogie.ac-nice.fr\/drane\/wp-content\/uploads\/sites\/69\/2026\/02\/phpThumb_generated_thumbnail.jpeg 600w\" sizes=\"auto, (max-width: 150px) 100vw, 150px\" \/><\/div><a class=\"wp-block-latest-posts__post-title\" href=\"https:\/\/www.pedagogie.ac-nice.fr\/drane\/2025\/02\/11\/ia-et-emi-le-retour-de-linterpretation-divina-frau-meigs\/\">\u00abIA et EMI : le retour de l\u2019interpr\u00e9tation\u00bb, Divina Frau-Meigs<\/a><\/li>\n<li><div class=\"wp-block-latest-posts__featured-image alignleft\"><img loading=\"lazy\" decoding=\"async\" width=\"150\" height=\"150\" src=\"https:\/\/www.pedagogie.ac-nice.fr\/drane\/wp-content\/uploads\/sites\/69\/2025\/02\/Capture-decran-2026-02-09-134637-150x150.png\" class=\"attachment-thumbnail size-thumbnail wp-post-image\" alt=\"\" style=\"max-width:75px;max-height:75px;\" \/><\/div><a class=\"wp-block-latest-posts__post-title\" href=\"https:\/\/www.pedagogie.ac-nice.fr\/drane\/2025\/02\/09\/plateforme-numerique-rtp-remediation-tests-de-positionnement\/\">Plateforme num\u00e9rique RTP (Rem\u00e9diation Tests de Positionnement)<\/a><\/li>\n<li><div class=\"wp-block-latest-posts__featured-image alignleft\"><img loading=\"lazy\" decoding=\"async\" width=\"150\" height=\"150\" src=\"https:\/\/www.pedagogie.ac-nice.fr\/drane\/wp-content\/uploads\/sites\/69\/2026\/02\/logo-lumni-150x150.jpeg\" class=\"attachment-thumbnail size-thumbnail wp-post-image\" alt=\"\" style=\"max-width:75px;max-height:75px;\" \/><\/div><a class=\"wp-block-latest-posts__post-title\" href=\"https:\/\/www.pedagogie.ac-nice.fr\/drane\/2025\/01\/13\/lumni-une-plateforme-pour-enrichir-vos-cours\/\">Lumni: une plateforme pour enrichir vos cours<\/a><\/li>\n<li><div class=\"wp-block-latest-posts__featured-image alignleft\"><img loading=\"lazy\" decoding=\"async\" width=\"150\" height=\"150\" src=\"https:\/\/www.pedagogie.ac-nice.fr\/drane\/wp-content\/uploads\/sites\/69\/2026\/02\/wooflash-150x150.png\" class=\"attachment-thumbnail size-thumbnail wp-post-image\" alt=\"\" style=\"max-width:75px;max-height:75px;\" srcset=\"https:\/\/www.pedagogie.ac-nice.fr\/drane\/wp-content\/uploads\/sites\/69\/2026\/02\/wooflash-150x150.png 150w, https:\/\/www.pedagogie.ac-nice.fr\/drane\/wp-content\/uploads\/sites\/69\/2026\/02\/wooflash-300x300.png 300w, https:\/\/www.pedagogie.ac-nice.fr\/drane\/wp-content\/uploads\/sites\/69\/2026\/02\/wooflash.png 512w\" sizes=\"auto, (max-width: 150px) 100vw, 150px\" \/><\/div><a class=\"wp-block-latest-posts__post-title\" href=\"https:\/\/www.pedagogie.ac-nice.fr\/drane\/2024\/11\/25\/wooflash-un-outil-pour-aider-vos-eleves-a-revioser-et-plus\/\">Wooflash: un outil pour aider vos \u00e9l\u00e8ves \u00e0 r\u00e9viser et plus&#8230;<\/a><\/li>\n<li><div class=\"wp-block-latest-posts__featured-image alignleft\"><img loading=\"lazy\" decoding=\"async\" width=\"150\" height=\"150\" src=\"https:\/\/www.pedagogie.ac-nice.fr\/drane\/wp-content\/uploads\/sites\/69\/2026\/02\/logo_educ_arte-150x150.png\" class=\"attachment-thumbnail size-thumbnail wp-post-image\" alt=\"\" style=\"max-width:75px;max-height:75px;\" \/><\/div><a class=\"wp-block-latest-posts__post-title\" href=\"https:\/\/www.pedagogie.ac-nice.fr\/drane\/2024\/09\/17\/educarte-deploiement-dans-les-lycees-publics-de-la-region-sud-a-la-rentree-2024\/\">Educ\u2019Arte : D\u00e9ploiement dans les Lyc\u00e9es Publics de la R\u00e9gion Sud \u00e0 la Rentr\u00e9e 2024<\/a><\/li>\n<li><div class=\"wp-block-latest-posts__featured-image alignleft\"><img loading=\"lazy\" decoding=\"async\" width=\"150\" height=\"150\" src=\"https:\/\/www.pedagogie.ac-nice.fr\/drane\/wp-content\/uploads\/sites\/69\/2026\/02\/RNE-150x150.png\" class=\"attachment-thumbnail size-thumbnail wp-post-image\" alt=\"\" style=\"max-width:75px;max-height:75px;\" \/><\/div><a class=\"wp-block-latest-posts__post-title\" href=\"https:\/\/www.pedagogie.ac-nice.fr\/drane\/2024\/02\/09\/quelles-ressources-numeriques-educatives-via-mon-ent\/\">Quelles Ressources Num\u00e9riques Educatives via mon ENT ?<\/a><\/li>\n<\/ul>","protected":false},"excerpt":{"rendered":"<p>Vous trouverez sur cette entr\u00e9e les articles concernant les ressources que nous avons pu explorer et qui pr\u00e9sentent, selon nous un int\u00e9r\u00eat p\u00e9dagogique particulier, tout en respectant les pr\u00e9conisations du RGPD. derniers articles<\/p>\n","protected":false},"author":652,"featured_media":0,"parent":0,"menu_order":0,"comment_status":"closed","ping_status":"closed","template":"","meta":{"ngg_post_thumbnail":0,"footnotes":""},"class_list":["post-50","page","type-page","status-publish","hentry","nodate","item-wrap"],"rttpg_featured_image_url":null,"rttpg_author":{"display_name":"gillesnaviliat","author_link":"https:\/\/www.pedagogie.ac-nice.fr\/drane\/author\/gillesnaviliat\/"},"rttpg_comment":0,"rttpg_category":null,"rttpg_excerpt":"Vous trouverez sur cette entr\u00e9e les articles concernant les ressources que nous avons pu explorer et qui pr\u00e9sentent, selon nous un int\u00e9r\u00eat p\u00e9dagogique particulier, tout en respectant les pr\u00e9conisations du RGPD. derniers articles","post_mailing_queue_ids":[],"_links":{"self":[{"href":"https:\/\/www.pedagogie.ac-nice.fr\/drane\/wp-json\/wp\/v2\/pages\/50","targetHints":{"allow":["GET"]}}],"collection":[{"href":"https:\/\/www.pedagogie.ac-nice.fr\/drane\/wp-json\/wp\/v2\/pages"}],"about":[{"href":"https:\/\/www.pedagogie.ac-nice.fr\/drane\/wp-json\/wp\/v2\/types\/page"}],"author":[{"embeddable":true,"href":"https:\/\/www.pedagogie.ac-nice.fr\/drane\/wp-json\/wp\/v2\/users\/652"}],"replies":[{"embeddable":true,"href":"https:\/\/www.pedagogie.ac-nice.fr\/drane\/wp-json\/wp\/v2\/comments?post=50"}],"version-history":[{"count":3,"href":"https:\/\/www.pedagogie.ac-nice.fr\/drane\/wp-json\/wp\/v2\/pages\/50\/revisions"}],"predecessor-version":[{"id":330,"href":"https:\/\/www.pedagogie.ac-nice.fr\/drane\/wp-json\/wp\/v2\/pages\/50\/revisions\/330"}],"wp:attachment":[{"href":"https:\/\/www.pedagogie.ac-nice.fr\/drane\/wp-json\/wp\/v2\/media?parent=50"}],"curies":[{"name":"wp","href":"https:\/\/api.w.org\/{rel}","templated":true}]}}