{"id":52,"date":"2025-09-08T12:12:56","date_gmt":"2025-09-08T10:12:56","guid":{"rendered":"https:\/\/www.pedagogie.ac-nice.fr\/drane-test\/?page_id=52"},"modified":"2026-03-11T09:27:14","modified_gmt":"2026-03-11T08:27:14","slug":"ebep","status":"publish","type":"page","link":"https:\/\/www.pedagogie.ac-nice.fr\/drane\/ebep\/","title":{"rendered":"EBEP"},"content":{"rendered":"\n<div style=\"font-family: Arial, sans-serif; max-width: 800px; margin: 0 auto; padding: 20px; color: #333; background-color: #f8f9fa; border-radius: 8px; box-shadow: 0 2px 10px rgba(0,0,0,0.1);\">\n    <h2 style=\"color: #0056b3; text-align: center; border-bottom: 2px solid #0056b3; padding-bottom: 10px;\">\n        Le num\u00e9rique \u00e9ducatif au service des \u00e9l\u00e8ves \u00e0 besoins \u00e9ducatifs particuliers (EBEP)\n    <\/h2>\n    <p style=\"line-height: 1.6; margin-bottom: 20px;\">\n        Le num\u00e9rique \u00e9ducatif ouvre des perspectives innovantes pour accompagner les <strong>\u00e9l\u00e8ves \u00e0 besoins \u00e9ducatifs particuliers (EBEP)<\/strong>, en offrant des outils adapt\u00e9s \u00e0 leur diversit\u00e9 et \u00e0 leurs sp\u00e9cificit\u00e9s. Gr\u00e2ce \u00e0 des solutions technologiques vari\u00e9es, il permet de :\n    <\/p>\n    <ul style=\"list-style-type: none; padding-left: 0;\">\n        <li style=\"background-color: #e7f1ff; margin-bottom: 10px; padding: 10px; border-left: 4px solid #0056b3; border-radius: 0 4px 4px 0;\">\n            <strong>Personnaliser les apprentissages<\/strong> : les outils num\u00e9riques facilitent la diff\u00e9renciation p\u00e9dagogique, en proposant des parcours adapt\u00e9s au rythme et aux besoins de chaque \u00e9l\u00e8ve.\n        <\/li>\n        <li style=\"background-color: #e7f1ff; margin-bottom: 10px; padding: 10px; border-left: 4px solid #0056b3; border-radius: 0 4px 4px 0;\">\n            <strong>Favoriser l\u2019autonomie<\/strong> : les applications et logiciels d\u00e9di\u00e9s encouragent l\u2019ind\u00e9pendance des \u00e9l\u00e8ves, tout en leur offrant un soutien individualis\u00e9.\n        <\/li>\n        <li style=\"background-color: #e7f1ff; margin-bottom: 10px; padding: 10px; border-left: 4px solid #0056b3; border-radius: 0 4px 4px 0;\">\n            <strong>Am\u00e9liorer l\u2019accessibilit\u00e9<\/strong> : synth\u00e8ses vocales, sous-titrages, ou interfaces simplifi\u00e9es rendent les contenus accessibles \u00e0 tous, quelles que soient les difficult\u00e9s rencontr\u00e9es.\n        <\/li>\n        <li style=\"background-color: #e7f1ff; margin-bottom: 10px; padding: 10px; border-left: 4px solid #0056b3; border-radius: 0 4px 4px 0;\">\n            <strong>Stimuler l\u2019engagement<\/strong> : les supports interactifs et multim\u00e9dias captent l\u2019attention et motivent les \u00e9l\u00e8ves, en rendant l\u2019apprentissage plus ludique et concret.\n        <\/li>\n        <li style=\"background-color: #e7f1ff; margin-bottom: 10px; padding: 10px; border-left: 4px solid #0056b3; border-radius: 0 4px 4px 0;\">\n            <strong>Faciliter la collaboration<\/strong> : les plateformes num\u00e9riques permettent aux enseignants, aux familles et aux professionnels de sant\u00e9 de travailler ensemble pour un suivi coh\u00e9rent.\n        <\/li>\n    <\/ul>\n    <p style=\"line-height: 1.6; margin-top: 20px;\">\n        Ces outils, int\u00e9gr\u00e9s dans une d\u00e9marche p\u00e9dagogique r\u00e9fl\u00e9chie, contribuent \u00e0 r\u00e9duire les obstacles et \u00e0 cr\u00e9er un environnement inclusif, o\u00f9 chaque \u00e9l\u00e8ve peut progresser \u00e0 son rythme.\n    <\/p>\n<\/div>\n\n\n\n<hr class=\"wp-block-separator has-alpha-channel-opacity\"\/>\n\n\n<ul class=\"wp-block-latest-posts__list wp-block-latest-posts\"><li><div class=\"wp-block-latest-posts__featured-image alignleft\"><img loading=\"lazy\" decoding=\"async\" width=\"150\" height=\"150\" src=\"https:\/\/www.pedagogie.ac-nice.fr\/drane\/wp-content\/uploads\/sites\/69\/2026\/03\/capt_3136-150x150.png\" class=\"attachment-thumbnail size-thumbnail wp-post-image\" alt=\"\" style=\"max-width:75px;max-height:75px;\" \/><\/div><a class=\"wp-block-latest-posts__post-title\" href=\"https:\/\/www.pedagogie.ac-nice.fr\/drane\/2026\/03\/06\/cafes-numeriques\/\">Caf\u00e9s num\u00e9riques et inclusivit\u00e9<\/a><\/li>\n<\/ul>","protected":false},"excerpt":{"rendered":"<p>Le num\u00e9rique \u00e9ducatif au service des \u00e9l\u00e8ves \u00e0 besoins \u00e9ducatifs particuliers (EBEP) Le num\u00e9rique \u00e9ducatif ouvre des perspectives innovantes pour accompagner les \u00e9l\u00e8ves \u00e0 besoins \u00e9ducatifs particuliers (EBEP), en offrant des outils adapt\u00e9s \u00e0 leur diversit\u00e9 et \u00e0 leurs sp\u00e9cificit\u00e9s. Gr\u00e2ce \u00e0 des solutions technologiques vari\u00e9es, il permet de : Personnaliser les apprentissages : les &hellip; <\/p>\n<p><a class=\"more-link btn\" href=\"https:\/\/www.pedagogie.ac-nice.fr\/drane\/ebep\/\">Lire la suite<\/a><\/p>\n","protected":false},"author":652,"featured_media":0,"parent":0,"menu_order":0,"comment_status":"closed","ping_status":"closed","template":"","meta":{"ngg_post_thumbnail":0,"footnotes":""},"class_list":["post-52","page","type-page","status-publish","hentry","nodate","item-wrap"],"rttpg_featured_image_url":null,"rttpg_author":{"display_name":"gillesnaviliat","author_link":"https:\/\/www.pedagogie.ac-nice.fr\/drane\/author\/gillesnaviliat\/"},"rttpg_comment":0,"rttpg_category":null,"rttpg_excerpt":"Le num\u00e9rique \u00e9ducatif au service des \u00e9l\u00e8ves \u00e0 besoins \u00e9ducatifs particuliers (EBEP) Le num\u00e9rique \u00e9ducatif ouvre des perspectives innovantes pour accompagner les \u00e9l\u00e8ves \u00e0 besoins \u00e9ducatifs particuliers (EBEP), en offrant des outils adapt\u00e9s \u00e0 leur diversit\u00e9 et \u00e0 leurs sp\u00e9cificit\u00e9s. Gr\u00e2ce \u00e0 des solutions technologiques vari\u00e9es, il permet de : Personnaliser les apprentissages : les\u2026","post_mailing_queue_ids":[],"_links":{"self":[{"href":"https:\/\/www.pedagogie.ac-nice.fr\/drane\/wp-json\/wp\/v2\/pages\/52","targetHints":{"allow":["GET"]}}],"collection":[{"href":"https:\/\/www.pedagogie.ac-nice.fr\/drane\/wp-json\/wp\/v2\/pages"}],"about":[{"href":"https:\/\/www.pedagogie.ac-nice.fr\/drane\/wp-json\/wp\/v2\/types\/page"}],"author":[{"embeddable":true,"href":"https:\/\/www.pedagogie.ac-nice.fr\/drane\/wp-json\/wp\/v2\/users\/652"}],"replies":[{"embeddable":true,"href":"https:\/\/www.pedagogie.ac-nice.fr\/drane\/wp-json\/wp\/v2\/comments?post=52"}],"version-history":[{"count":2,"href":"https:\/\/www.pedagogie.ac-nice.fr\/drane\/wp-json\/wp\/v2\/pages\/52\/revisions"}],"predecessor-version":[{"id":1198,"href":"https:\/\/www.pedagogie.ac-nice.fr\/drane\/wp-json\/wp\/v2\/pages\/52\/revisions\/1198"}],"wp:attachment":[{"href":"https:\/\/www.pedagogie.ac-nice.fr\/drane\/wp-json\/wp\/v2\/media?parent=52"}],"curies":[{"name":"wp","href":"https:\/\/api.w.org\/{rel}","templated":true}]}}