{"id":53,"date":"2025-09-08T12:12:56","date_gmt":"2025-09-08T10:12:56","guid":{"rendered":"https:\/\/www.pedagogie.ac-nice.fr\/drane-test\/?page_id=53"},"modified":"2025-09-17T10:28:33","modified_gmt":"2025-09-17T08:28:33","slug":"le-gar","status":"publish","type":"page","link":"https:\/\/www.pedagogie.ac-nice.fr\/drane\/le-gar\/","title":{"rendered":"Le GAR"},"content":{"rendered":"\n<div class=\"wp-block-media-text is-stacked-on-mobile\" style=\"grid-template-columns:31% auto\"><figure class=\"wp-block-media-text__media\"><img loading=\"lazy\" decoding=\"async\" width=\"729\" height=\"242\" src=\"https:\/\/www.pedagogie.ac-nice.fr\/drane-test\/wp-content\/uploads\/sites\/69\/2025\/09\/gar-logo.png\" alt=\"\" class=\"wp-image-319 size-full\" srcset=\"https:\/\/www.pedagogie.ac-nice.fr\/drane\/wp-content\/uploads\/sites\/69\/2025\/09\/gar-logo.png 729w, https:\/\/www.pedagogie.ac-nice.fr\/drane\/wp-content\/uploads\/sites\/69\/2025\/09\/gar-logo-300x100.png 300w\" sizes=\"auto, (max-width: 729px) 100vw, 729px\" \/><\/figure><div class=\"wp-block-media-text__content\">\n<p>Le <strong>GAR<\/strong> est un service national qui vous permet de g\u00e9rer les ressources num\u00e9riques auxquelles votre \u00e9tablissement est abonn\u00e9, que ce soit en fond propre, ou au titre d&rsquo;un bouquet fourni par l&rsquo;\u00e9tat, la r\u00e9gion ou le d\u00e9partement.<br>De fait, coupl\u00e9 aux bases de votre <strong>ENT<\/strong>, il permet une gestion en temps r\u00e9el des acc\u00e8s au niveau de l&rsquo;individu, du groupe, de la classe ou du profil.<\/p>\n<\/div><\/div>\n\n\n\n<h4 class=\"wp-block-heading has-text-align-center has-white-color has-text-color has-background has-link-color wp-elements-ef2db1e6b704120779533de3624ab1bc\" style=\"background-color:#05577a\">les derniers articles<\/h4>\n\n\n<ul class=\"wp-block-latest-posts__list is-grid columns-3 wp-block-latest-posts\"><li><div class=\"wp-block-latest-posts__featured-image alignleft\"><img loading=\"lazy\" decoding=\"async\" width=\"129\" height=\"127\" src=\"https:\/\/www.pedagogie.ac-nice.fr\/drane\/wp-content\/uploads\/sites\/69\/2026\/02\/picto_edu.png\" class=\"attachment-thumbnail size-thumbnail wp-post-image\" alt=\"\" style=\"max-width:75px;max-height:75px;\" \/><\/div><a class=\"wp-block-latest-posts__post-title\" href=\"https:\/\/www.pedagogie.ac-nice.fr\/drane\/2026\/02\/11\/actualites-universalis-education-magellan-ia-et-evars-au-programme\/\">Actualit\u00e9s Universalis \u00c9ducation : Magellan, IA et EVARS au programme !<\/a><\/li>\n<li><div class=\"wp-block-latest-posts__featured-image alignleft\"><img loading=\"lazy\" decoding=\"async\" width=\"150\" height=\"150\" src=\"https:\/\/www.pedagogie.ac-nice.fr\/drane\/wp-content\/uploads\/sites\/69\/2026\/02\/OIP-4-150x150.jpg\" class=\"attachment-thumbnail size-thumbnail wp-post-image\" alt=\"\" style=\"max-width:75px;max-height:75px;\" srcset=\"https:\/\/www.pedagogie.ac-nice.fr\/drane\/wp-content\/uploads\/sites\/69\/2026\/02\/OIP-4-150x150.jpg 150w, https:\/\/www.pedagogie.ac-nice.fr\/drane\/wp-content\/uploads\/sites\/69\/2026\/02\/OIP-4.jpg 180w\" sizes=\"auto, (max-width: 150px) 100vw, 150px\" \/><\/div><a class=\"wp-block-latest-posts__post-title\" href=\"https:\/\/www.pedagogie.ac-nice.fr\/drane\/2026\/02\/09\/tv5-monde-sur-lumni\/\">TV5 Monde sur Lumni<\/a><\/li>\n<li><div class=\"wp-block-latest-posts__featured-image alignleft\"><img loading=\"lazy\" decoding=\"async\" width=\"150\" height=\"150\" src=\"https:\/\/www.pedagogie.ac-nice.fr\/drane\/wp-content\/uploads\/sites\/69\/2026\/02\/capture-d-ecran-2026-01-22-184231.png-800x800-1-150x150.jpeg\" class=\"attachment-thumbnail size-thumbnail wp-post-image\" alt=\"\" style=\"max-width:75px;max-height:75px;\" srcset=\"https:\/\/www.pedagogie.ac-nice.fr\/drane\/wp-content\/uploads\/sites\/69\/2026\/02\/capture-d-ecran-2026-01-22-184231.png-800x800-1-150x150.jpeg 150w, https:\/\/www.pedagogie.ac-nice.fr\/drane\/wp-content\/uploads\/sites\/69\/2026\/02\/capture-d-ecran-2026-01-22-184231.png-800x800-1-300x300.jpeg 300w, https:\/\/www.pedagogie.ac-nice.fr\/drane\/wp-content\/uploads\/sites\/69\/2026\/02\/capture-d-ecran-2026-01-22-184231.png-800x800-1-768x768.jpeg 768w, https:\/\/www.pedagogie.ac-nice.fr\/drane\/wp-content\/uploads\/sites\/69\/2026\/02\/capture-d-ecran-2026-01-22-184231.png-800x800-1.jpeg 800w\" sizes=\"auto, (max-width: 150px) 100vw, 150px\" \/><\/div><a class=\"wp-block-latest-posts__post-title\" href=\"https:\/\/www.pedagogie.ac-nice.fr\/drane\/2026\/02\/02\/plateforme-ada-universcience\/\">Plateforme Ada-Universcience<\/a><\/li>\n<li><div class=\"wp-block-latest-posts__featured-image alignleft\"><img loading=\"lazy\" decoding=\"async\" width=\"150\" height=\"150\" src=\"https:\/\/www.pedagogie.ac-nice.fr\/drane\/wp-content\/uploads\/sites\/69\/2026\/02\/capture-d-ecran-2026-01-28-142942.png-800x800-1-150x150.jpeg\" class=\"attachment-thumbnail size-thumbnail wp-post-image\" alt=\"\" style=\"max-width:75px;max-height:75px;\" srcset=\"https:\/\/www.pedagogie.ac-nice.fr\/drane\/wp-content\/uploads\/sites\/69\/2026\/02\/capture-d-ecran-2026-01-28-142942.png-800x800-1-150x150.jpeg 150w, https:\/\/www.pedagogie.ac-nice.fr\/drane\/wp-content\/uploads\/sites\/69\/2026\/02\/capture-d-ecran-2026-01-28-142942.png-800x800-1-300x300.jpeg 300w, https:\/\/www.pedagogie.ac-nice.fr\/drane\/wp-content\/uploads\/sites\/69\/2026\/02\/capture-d-ecran-2026-01-28-142942.png-800x800-1-768x768.jpeg 768w, https:\/\/www.pedagogie.ac-nice.fr\/drane\/wp-content\/uploads\/sites\/69\/2026\/02\/capture-d-ecran-2026-01-28-142942.png-800x800-1.jpeg 800w\" sizes=\"auto, (max-width: 150px) 100vw, 150px\" \/><\/div><a class=\"wp-block-latest-posts__post-title\" href=\"https:\/\/www.pedagogie.ac-nice.fr\/drane\/2026\/02\/02\/les-ressources-lumni-enseignement-pour-la-semaine-de-la-presse-et-des-medias-a-lecole-2026\/\">Les ressources LUMNI Enseignement pour la semaine de la Presse et des M\u00e9dias \u00e0 l&rsquo;\u00c9cole 2026<\/a><\/li>\n<li><div class=\"wp-block-latest-posts__featured-image alignleft\"><img loading=\"lazy\" decoding=\"async\" width=\"150\" height=\"150\" src=\"https:\/\/www.pedagogie.ac-nice.fr\/drane\/wp-content\/uploads\/sites\/69\/2026\/02\/Capture-decran-2026-02-09-125402-1-150x150.png\" class=\"attachment-thumbnail size-thumbnail wp-post-image\" alt=\"\" style=\"max-width:75px;max-height:75px;\" \/><\/div><a class=\"wp-block-latest-posts__post-title\" href=\"https:\/\/www.pedagogie.ac-nice.fr\/drane\/2026\/01\/09\/actualites-ressources-lumni-enseignement-janvier-2025\/\">Actualit\u00e9s Ressources Lumni Enseignement janvier 2025<\/a><\/li>\n<li><div class=\"wp-block-latest-posts__featured-image alignleft\"><img loading=\"lazy\" decoding=\"async\" width=\"150\" height=\"150\" src=\"https:\/\/www.pedagogie.ac-nice.fr\/drane\/wp-content\/uploads\/sites\/69\/2026\/02\/OIP-150x150.jpg\" class=\"attachment-thumbnail size-thumbnail wp-post-image\" alt=\"\" style=\"max-width:75px;max-height:75px;\" \/><\/div><a class=\"wp-block-latest-posts__post-title\" href=\"https:\/\/www.pedagogie.ac-nice.fr\/drane\/2025\/12\/06\/nouvelle-ressource-gar-le-chateau-de-versailles\/\">Nouvelle ressource GAR : Le ch\u00e2teau de Versailles<\/a><\/li>\n<\/ul>","protected":false},"excerpt":{"rendered":"<p>Le GAR est un service national qui vous permet de g\u00e9rer les ressources num\u00e9riques auxquelles votre \u00e9tablissement est abonn\u00e9, que ce soit en fond propre, ou au titre d&rsquo;un bouquet fourni par l&rsquo;\u00e9tat, la r\u00e9gion ou le d\u00e9partement.De fait, coupl\u00e9 aux bases de votre ENT, il permet une gestion en temps r\u00e9el des acc\u00e8s au &hellip; <\/p>\n<p><a class=\"more-link btn\" href=\"https:\/\/www.pedagogie.ac-nice.fr\/drane\/le-gar\/\">Lire la suite<\/a><\/p>\n","protected":false},"author":652,"featured_media":0,"parent":0,"menu_order":0,"comment_status":"closed","ping_status":"closed","template":"","meta":{"ngg_post_thumbnail":0,"footnotes":""},"class_list":["post-53","page","type-page","status-publish","hentry","nodate","item-wrap"],"rttpg_featured_image_url":null,"rttpg_author":{"display_name":"gillesnaviliat","author_link":"https:\/\/www.pedagogie.ac-nice.fr\/drane\/author\/gillesnaviliat\/"},"rttpg_comment":0,"rttpg_category":null,"rttpg_excerpt":"Le GAR est un service national qui vous permet de g\u00e9rer les ressources num\u00e9riques auxquelles votre \u00e9tablissement est abonn\u00e9, que ce soit en fond propre, ou au titre d&rsquo;un bouquet fourni par l&rsquo;\u00e9tat, la r\u00e9gion ou le d\u00e9partement.De fait, coupl\u00e9 aux bases de votre ENT, il permet une gestion en temps r\u00e9el des acc\u00e8s au\u2026","post_mailing_queue_ids":[],"_links":{"self":[{"href":"https:\/\/www.pedagogie.ac-nice.fr\/drane\/wp-json\/wp\/v2\/pages\/53","targetHints":{"allow":["GET"]}}],"collection":[{"href":"https:\/\/www.pedagogie.ac-nice.fr\/drane\/wp-json\/wp\/v2\/pages"}],"about":[{"href":"https:\/\/www.pedagogie.ac-nice.fr\/drane\/wp-json\/wp\/v2\/types\/page"}],"author":[{"embeddable":true,"href":"https:\/\/www.pedagogie.ac-nice.fr\/drane\/wp-json\/wp\/v2\/users\/652"}],"replies":[{"embeddable":true,"href":"https:\/\/www.pedagogie.ac-nice.fr\/drane\/wp-json\/wp\/v2\/comments?post=53"}],"version-history":[{"count":2,"href":"https:\/\/www.pedagogie.ac-nice.fr\/drane\/wp-json\/wp\/v2\/pages\/53\/revisions"}],"predecessor-version":[{"id":321,"href":"https:\/\/www.pedagogie.ac-nice.fr\/drane\/wp-json\/wp\/v2\/pages\/53\/revisions\/321"}],"wp:attachment":[{"href":"https:\/\/www.pedagogie.ac-nice.fr\/drane\/wp-json\/wp\/v2\/media?parent=53"}],"curies":[{"name":"wp","href":"https:\/\/api.w.org\/{rel}","templated":true}]}}