{"id":59,"date":"2025-09-08T12:12:56","date_gmt":"2025-09-08T10:12:56","guid":{"rendered":"https:\/\/www.pedagogie.ac-nice.fr\/drane-test\/?page_id=59"},"modified":"2026-02-13T11:55:27","modified_gmt":"2026-02-13T10:55:27","slug":"ia-et-pedagogie-innovante","status":"publish","type":"page","link":"https:\/\/www.pedagogie.ac-nice.fr\/drane\/ia-et-pedagogie-innovante\/","title":{"rendered":"IA et p\u00e9dagogie innovante"},"content":{"rendered":"\n<div class=\"wp-block-cover\" style=\"min-height:115px;aspect-ratio:unset;\"><span aria-hidden=\"true\" class=\"wp-block-cover__background has-background-dim-100 has-background-dim\" style=\"background-color:#25326f\"><\/span><div class=\"wp-block-cover__inner-container is-layout-constrained wp-block-cover-is-layout-constrained\">\n<p class=\"has-text-align-center has-white-color has-text-color has-background has-link-color has-larger-font-size wp-elements-aace8f0507fcd9f5eb912da293013842\" style=\"background-color:#25326f\">L&rsquo; \u00e9ducation \u00e0 l&rsquo;aune de l&rsquo;Intelligence Artificielle<\/p>\n<\/div><\/div>\n\n\n\n<p class=\"has-small-font-size\">L\u2019intelligence artificielle transforme notre quotidien et r\u00e9volutionne plusieurs domaines, y compris l\u2019\u00e9ducation.<\/p>\n\n\n\n<p class=\"has-small-font-size\">La <strong>DRANE PACA<\/strong> accompagne les enseignants dans l\u2019int\u00e9gration de cette technologie innovante.<\/p>\n\n\n<ul class=\"wp-block-latest-posts__list is-grid columns-2 has-dates wp-block-latest-posts has-small-font-size\"><li><div class=\"wp-block-latest-posts__featured-image alignleft\"><img loading=\"lazy\" decoding=\"async\" width=\"150\" height=\"150\" src=\"https:\/\/www.pedagogie.ac-nice.fr\/drane\/wp-content\/uploads\/sites\/69\/2026\/03\/nat-150x150.jpg\" class=\"attachment-thumbnail size-thumbnail wp-post-image\" alt=\"\" style=\"max-width:113px;max-height:113px;\" \/><\/div><a class=\"wp-block-latest-posts__post-title\" href=\"https:\/\/www.pedagogie.ac-nice.fr\/drane\/2026\/03\/25\/drane-paca-%c2%b7-observatoire-national-des-pratiques-pedagogiques-avec-lintelligence-artificielle\/\">DRANE PACA \u00b7 Observatoire national des pratiques p\u00e9dagogiques avec l&rsquo;intelligence artificielle<\/a><time datetime=\"2026-03-25T19:28:00+01:00\" class=\"wp-block-latest-posts__post-date\">25 mars 2026<\/time><\/li>\n<li><div class=\"wp-block-latest-posts__featured-image alignleft\"><img loading=\"lazy\" decoding=\"async\" width=\"150\" height=\"150\" src=\"https:\/\/www.pedagogie.ac-nice.fr\/drane\/wp-content\/uploads\/sites\/69\/2026\/03\/Capture-decran-2026-03-25-195747-150x150.jpg\" class=\"attachment-thumbnail size-thumbnail wp-post-image\" alt=\"\" style=\"max-width:113px;max-height:113px;\" \/><\/div><a class=\"wp-block-latest-posts__post-title\" href=\"https:\/\/www.pedagogie.ac-nice.fr\/drane\/2026\/03\/03\/une-approche-pyramidale-les-belges-sont-sympas\/\">Une approche pyramidale de l&rsquo;IA<\/a><time datetime=\"2026-03-03T13:22:09+01:00\" class=\"wp-block-latest-posts__post-date\">3 mars 2026<\/time><\/li>\n<li><div class=\"wp-block-latest-posts__featured-image alignleft\"><img loading=\"lazy\" decoding=\"async\" width=\"150\" height=\"150\" src=\"https:\/\/www.pedagogie.ac-nice.fr\/drane\/wp-content\/uploads\/sites\/69\/2026\/02\/trousse_IA-removebg-preview-150x150.png\" class=\"attachment-thumbnail size-thumbnail wp-post-image\" alt=\"\" style=\"max-width:113px;max-height:113px;\" \/><\/div><a class=\"wp-block-latest-posts__post-title\" href=\"https:\/\/www.pedagogie.ac-nice.fr\/drane\/2026\/02\/27\/rioiag\/\">IA g\u00e9n\u00e9rative en \u00e9ducation : Un petit r\u00e9pertoire interactif.<\/a><time datetime=\"2026-02-27T16:10:47+01:00\" class=\"wp-block-latest-posts__post-date\">27 f\u00e9vrier 2026<\/time><\/li>\n<li><div class=\"wp-block-latest-posts__featured-image alignleft\"><img loading=\"lazy\" decoding=\"async\" width=\"150\" height=\"150\" src=\"https:\/\/www.pedagogie.ac-nice.fr\/drane\/wp-content\/uploads\/sites\/69\/2026\/02\/capture-d-ecran-2026-01-22-184231.png-800x800-1-150x150.jpeg\" class=\"attachment-thumbnail size-thumbnail wp-post-image\" alt=\"\" style=\"max-width:113px;max-height:113px;\" srcset=\"https:\/\/www.pedagogie.ac-nice.fr\/drane\/wp-content\/uploads\/sites\/69\/2026\/02\/capture-d-ecran-2026-01-22-184231.png-800x800-1-150x150.jpeg 150w, https:\/\/www.pedagogie.ac-nice.fr\/drane\/wp-content\/uploads\/sites\/69\/2026\/02\/capture-d-ecran-2026-01-22-184231.png-800x800-1-300x300.jpeg 300w, https:\/\/www.pedagogie.ac-nice.fr\/drane\/wp-content\/uploads\/sites\/69\/2026\/02\/capture-d-ecran-2026-01-22-184231.png-800x800-1-768x768.jpeg 768w, https:\/\/www.pedagogie.ac-nice.fr\/drane\/wp-content\/uploads\/sites\/69\/2026\/02\/capture-d-ecran-2026-01-22-184231.png-800x800-1.jpeg 800w\" sizes=\"auto, (max-width: 150px) 100vw, 150px\" \/><\/div><a class=\"wp-block-latest-posts__post-title\" href=\"https:\/\/www.pedagogie.ac-nice.fr\/drane\/2026\/02\/02\/plateforme-ada-universcience\/\">Plateforme Ada-Universcience<\/a><time datetime=\"2026-02-02T13:44:36+01:00\" class=\"wp-block-latest-posts__post-date\">2 f\u00e9vrier 2026<\/time><\/li>\n<li><div class=\"wp-block-latest-posts__featured-image alignleft\"><img loading=\"lazy\" decoding=\"async\" width=\"150\" height=\"150\" src=\"https:\/\/www.pedagogie.ac-nice.fr\/drane\/wp-content\/uploads\/sites\/69\/2026\/02\/caramel-150x150.jpg\" class=\"attachment-thumbnail size-thumbnail wp-post-image\" alt=\"\" style=\"max-width:113px;max-height:113px;\" \/><\/div><a class=\"wp-block-latest-posts__post-title\" href=\"https:\/\/www.pedagogie.ac-nice.fr\/drane\/2025\/12\/01\/caramel-creation-assistee-de-ressources-et-dactivites-magistere-et-elea-2\/\">Caramel : Cr\u00e9ation Assist\u00e9e de Ressources et d&rsquo;Activit\u00e9s Magist\u00e8re et \u00c9l\u00e9a<\/a><time datetime=\"2025-12-01T20:39:00+01:00\" class=\"wp-block-latest-posts__post-date\">1 d\u00e9cembre 2025<\/time><\/li>\n<li><div class=\"wp-block-latest-posts__featured-image alignleft\"><img loading=\"lazy\" decoding=\"async\" width=\"150\" height=\"150\" src=\"https:\/\/www.pedagogie.ac-nice.fr\/drane\/wp-content\/uploads\/sites\/69\/2026\/02\/Logo_IA-Edu-150x150.png\" class=\"attachment-thumbnail size-thumbnail wp-post-image\" alt=\"\" style=\"max-width:113px;max-height:113px;\" \/><\/div><a class=\"wp-block-latest-posts__post-title\" href=\"https:\/\/www.pedagogie.ac-nice.fr\/drane\/2025\/09\/16\/cadre-de-reference-de-lia-en-education\/\">Cadre de r\u00e9f\u00e9rence de l&rsquo;IA en \u00e9ducation<\/a><time datetime=\"2025-09-16T20:45:00+02:00\" class=\"wp-block-latest-posts__post-date\">16 septembre 2025<\/time><\/li>\n<li><div class=\"wp-block-latest-posts__featured-image alignleft\"><img loading=\"lazy\" decoding=\"async\" width=\"150\" height=\"150\" src=\"https:\/\/www.pedagogie.ac-nice.fr\/drane\/wp-content\/uploads\/sites\/69\/2025\/09\/dane-mia-bandeau-jpg-50196-150x150.jpg\" class=\"attachment-thumbnail size-thumbnail wp-post-image\" alt=\"\" style=\"max-width:113px;max-height:113px;\" \/><\/div><a class=\"wp-block-latest-posts__post-title\" href=\"https:\/\/www.pedagogie.ac-nice.fr\/drane\/2025\/09\/16\/mia-seconces\/\">MIA seconces<\/a><time datetime=\"2025-09-16T14:10:36+02:00\" class=\"wp-block-latest-posts__post-date\">16 septembre 2025<\/time><\/li>\n<li><div class=\"wp-block-latest-posts__featured-image alignleft\"><img loading=\"lazy\" decoding=\"async\" width=\"150\" height=\"150\" src=\"https:\/\/www.pedagogie.ac-nice.fr\/drane\/wp-content\/uploads\/sites\/69\/2025\/09\/Une_Vittascience_v2@3x-150x150.png\" class=\"attachment-thumbnail size-thumbnail wp-post-image\" alt=\"\" style=\"max-width:113px;max-height:113px;\" \/><\/div><a class=\"wp-block-latest-posts__post-title\" href=\"https:\/\/www.pedagogie.ac-nice.fr\/drane\/2025\/09\/09\/vittascience-une-plateforme-educative-en-ligne-pour-enseigner-lia\/\">Vittascience : une plateforme \u00e9ducative en ligne pour enseigner l\u2019IA<\/a><time datetime=\"2025-09-09T18:33:59+02:00\" class=\"wp-block-latest-posts__post-date\">9 septembre 2025<\/time><\/li>\n<li><div class=\"wp-block-latest-posts__featured-image alignleft\"><img loading=\"lazy\" decoding=\"async\" width=\"150\" height=\"150\" src=\"https:\/\/www.pedagogie.ac-nice.fr\/drane\/wp-content\/uploads\/sites\/69\/2025\/09\/IA-illustration-150x150.png\" class=\"attachment-thumbnail size-thumbnail wp-post-image\" alt=\"\" style=\"max-width:113px;max-height:113px;\" srcset=\"https:\/\/www.pedagogie.ac-nice.fr\/drane\/wp-content\/uploads\/sites\/69\/2025\/09\/IA-illustration-150x150.png 150w, https:\/\/www.pedagogie.ac-nice.fr\/drane\/wp-content\/uploads\/sites\/69\/2025\/09\/IA-illustration-300x300.png 300w, https:\/\/www.pedagogie.ac-nice.fr\/drane\/wp-content\/uploads\/sites\/69\/2025\/09\/IA-illustration-768x768.png 768w, https:\/\/www.pedagogie.ac-nice.fr\/drane\/wp-content\/uploads\/sites\/69\/2025\/09\/IA-illustration-847x847.png 847w, https:\/\/www.pedagogie.ac-nice.fr\/drane\/wp-content\/uploads\/sites\/69\/2025\/09\/IA-illustration.png 945w\" sizes=\"auto, (max-width: 150px) 100vw, 150px\" \/><\/div><a class=\"wp-block-latest-posts__post-title\" href=\"https:\/\/www.pedagogie.ac-nice.fr\/drane\/2025\/09\/09\/cadre-usage-de-lia-en-education-simplifie\/\">Cadre usage de l&rsquo;IA en \u00e9ducation simplifi\u00e9<\/a><time datetime=\"2025-09-09T16:08:21+02:00\" class=\"wp-block-latest-posts__post-date\">9 septembre 2025<\/time><\/li>\n<li><div class=\"wp-block-latest-posts__featured-image alignleft\"><img loading=\"lazy\" decoding=\"async\" width=\"150\" height=\"150\" src=\"https:\/\/www.pedagogie.ac-nice.fr\/drane\/wp-content\/uploads\/sites\/69\/2026\/02\/IA-educ-150x150.jpg\" class=\"attachment-thumbnail size-thumbnail wp-post-image\" alt=\"\" style=\"max-width:113px;max-height:113px;\" \/><\/div><a class=\"wp-block-latest-posts__post-title\" href=\"https:\/\/www.pedagogie.ac-nice.fr\/drane\/2025\/09\/08\/intelligence-artificielle-et-education\/\">Intelligence Artificielle et Education<\/a><time datetime=\"2025-09-08T22:11:00+02:00\" class=\"wp-block-latest-posts__post-date\">8 septembre 2025<\/time><\/li>\n<\/ul>\n\n\n<p><\/p>\n","protected":false},"excerpt":{"rendered":"<p>L\u2019intelligence artificielle transforme notre quotidien et r\u00e9volutionne plusieurs domaines, y compris l\u2019\u00e9ducation. La DRANE PACA accompagne les enseignants dans l\u2019int\u00e9gration de cette technologie innovante.<\/p>\n","protected":false},"author":652,"featured_media":0,"parent":0,"menu_order":0,"comment_status":"closed","ping_status":"closed","template":"","meta":{"ngg_post_thumbnail":0,"footnotes":""},"class_list":["post-59","page","type-page","status-publish","hentry","nodate","item-wrap"],"rttpg_featured_image_url":null,"rttpg_author":{"display_name":"gillesnaviliat","author_link":"https:\/\/www.pedagogie.ac-nice.fr\/drane\/author\/gillesnaviliat\/"},"rttpg_comment":0,"rttpg_category":null,"rttpg_excerpt":"L\u2019intelligence artificielle transforme notre quotidien et r\u00e9volutionne plusieurs domaines, y compris l\u2019\u00e9ducation. La DRANE PACA accompagne les enseignants dans l\u2019int\u00e9gration de cette technologie innovante.","post_mailing_queue_ids":[],"_links":{"self":[{"href":"https:\/\/www.pedagogie.ac-nice.fr\/drane\/wp-json\/wp\/v2\/pages\/59","targetHints":{"allow":["GET"]}}],"collection":[{"href":"https:\/\/www.pedagogie.ac-nice.fr\/drane\/wp-json\/wp\/v2\/pages"}],"about":[{"href":"https:\/\/www.pedagogie.ac-nice.fr\/drane\/wp-json\/wp\/v2\/types\/page"}],"author":[{"embeddable":true,"href":"https:\/\/www.pedagogie.ac-nice.fr\/drane\/wp-json\/wp\/v2\/users\/652"}],"replies":[{"embeddable":true,"href":"https:\/\/www.pedagogie.ac-nice.fr\/drane\/wp-json\/wp\/v2\/comments?post=59"}],"version-history":[{"count":7,"href":"https:\/\/www.pedagogie.ac-nice.fr\/drane\/wp-json\/wp\/v2\/pages\/59\/revisions"}],"predecessor-version":[{"id":1039,"href":"https:\/\/www.pedagogie.ac-nice.fr\/drane\/wp-json\/wp\/v2\/pages\/59\/revisions\/1039"}],"wp:attachment":[{"href":"https:\/\/www.pedagogie.ac-nice.fr\/drane\/wp-json\/wp\/v2\/media?parent=59"}],"curies":[{"name":"wp","href":"https:\/\/api.w.org\/{rel}","templated":true}]}}