{"id":67,"date":"2025-09-08T12:12:57","date_gmt":"2025-09-08T10:12:57","guid":{"rendered":"https:\/\/www.pedagogie.ac-nice.fr\/drane-test\/?page_id=67"},"modified":"2026-02-04T11:15:57","modified_gmt":"2026-02-04T10:15:57","slug":"educonnect","status":"publish","type":"page","link":"https:\/\/www.pedagogie.ac-nice.fr\/drane\/educonnect\/","title":{"rendered":"Educonnect"},"content":{"rendered":"\n<div class=\"wp-block-media-text is-stacked-on-mobile is-vertically-aligned-top\" style=\"grid-template-columns:39% auto\"><figure class=\"wp-block-media-text__media\"><img decoding=\"async\" src=\"https:\/\/www.pedagogie.ac-nice.fr\/drane-test\/wp-content\/uploads\/sites\/69\/2026\/02\/educonnect.jpg\" alt=\"\" class=\"wp-image-494 size-full\"\/><\/figure><div class=\"wp-block-media-text__content\">\n<p><strong>Educonnect<\/strong> est un service d&rsquo;authentification pour faire vos d\u00e9marches li\u00e9es \u00e0 la scolarit\u00e9 et l&rsquo;acc\u00e8s aux services num\u00e9riques de l\u2019\u00e9cole au lyc\u00e9e:<\/p>\n\n\n\n<ul class=\"wp-block-list\">\n<li>acc\u00e8s aux ENT<\/li>\n\n\n\n<li>demande de bourse<\/li>\n\n\n\n<li>gestion du dossier de scolarit\u00e9<\/li>\n\n\n\n<li>demande de logement \u00e9tudiant<\/li>\n\n\n\n<li>etc&#8230;<\/li>\n<\/ul>\n\n\n\n<p>Vous pouvez cr\u00e9er vous-m\u00eame votre identifiant et votre mot de passe de connexion, ou bien vous les avez obtenus par courrier ou mail directement aupr\u00e8s de l&rsquo;\u00e9tablissement.<\/p>\n\n\n\n<p>Vous pouvez \u00e9galement vous connecter par <a href=\"https:\/\/www.franceconnect.gouv.fr\/\" target=\"_blank\" rel=\"noreferrer noopener\">FranceConnect<\/a>.<\/p>\n\n\n\n<p>Ce service est s\u00e9curis\u00e9 et p\u00e9renne. Le trousseau d&rsquo;identit\u00e9 vous suivra tout au long de votre parcours scolaire.<\/p>\n<\/div><\/div>\n\n\n\n<p><\/p>\n","protected":false},"excerpt":{"rendered":"","protected":false},"author":652,"featured_media":0,"parent":0,"menu_order":0,"comment_status":"closed","ping_status":"closed","template":"","meta":{"ngg_post_thumbnail":0,"footnotes":""},"class_list":["post-67","page","type-page","status-publish","hentry","nodate","item-wrap"],"rttpg_featured_image_url":null,"rttpg_author":{"display_name":"gillesnaviliat","author_link":"https:\/\/www.pedagogie.ac-nice.fr\/drane\/author\/gillesnaviliat\/"},"rttpg_comment":0,"rttpg_category":null,"rttpg_excerpt":null,"post_mailing_queue_ids":[],"_links":{"self":[{"href":"https:\/\/www.pedagogie.ac-nice.fr\/drane\/wp-json\/wp\/v2\/pages\/67","targetHints":{"allow":["GET"]}}],"collection":[{"href":"https:\/\/www.pedagogie.ac-nice.fr\/drane\/wp-json\/wp\/v2\/pages"}],"about":[{"href":"https:\/\/www.pedagogie.ac-nice.fr\/drane\/wp-json\/wp\/v2\/types\/page"}],"author":[{"embeddable":true,"href":"https:\/\/www.pedagogie.ac-nice.fr\/drane\/wp-json\/wp\/v2\/users\/652"}],"replies":[{"embeddable":true,"href":"https:\/\/www.pedagogie.ac-nice.fr\/drane\/wp-json\/wp\/v2\/comments?post=67"}],"version-history":[{"count":8,"href":"https:\/\/www.pedagogie.ac-nice.fr\/drane\/wp-json\/wp\/v2\/pages\/67\/revisions"}],"predecessor-version":[{"id":515,"href":"https:\/\/www.pedagogie.ac-nice.fr\/drane\/wp-json\/wp\/v2\/pages\/67\/revisions\/515"}],"wp:attachment":[{"href":"https:\/\/www.pedagogie.ac-nice.fr\/drane\/wp-json\/wp\/v2\/media?parent=67"}],"curies":[{"name":"wp","href":"https:\/\/api.w.org\/{rel}","templated":true}]}}