{"id":2316,"date":"2026-01-27T11:37:46","date_gmt":"2026-01-27T10:37:46","guid":{"rendered":"https:\/\/www.pedagogie.ac-nice.fr\/dsden83\/?page_id=2316"},"modified":"2026-04-10T11:37:31","modified_gmt":"2026-04-10T09:37:31","slug":"actualites","status":"publish","type":"page","link":"https:\/\/www.pedagogie.ac-nice.fr\/dsden83\/lver-ei\/actualites\/","title":{"rendered":"Actualit\u00e9s"},"content":{"rendered":"<p>Suite \u00e0 la semaine des langues qui s&rsquo;est tenue du <strong>23 au 28 mars 2026<\/strong>, et qui avait pour th\u00e8me \u00ab\u00a0le monde pr\u00e9sent\u00e9 aux autres par nos \u00e9l\u00e8ves\u00a0\u00bb, la mission langues vivantes du Var a le plaisir de vous pr\u00e9senter les vainqueurs et leurs productions, de grande qualit\u00e9 :<\/p>\n<p>Ecole primaire Paul Ar\u00e8ne, Tavernes, classes de CP\/CE1\/CE2\/CM1 : <a href=\"https:\/\/tube-cycle-2.apps.education.fr\/w\/cxHHYkbXU3JVe9XBYLBdzJ\" target=\"_blank\" rel=\"noopener\">vid\u00e9o<\/a><\/p>\n<p>Ecole primaire de Varages, classe de CE1\/CE2\u00a0: <a href=\"https:\/\/tube-cycle-2.apps.education.fr\/w\/wG42Sj3k7Rf3VfQMrBwguj\" target=\"_blank\" rel=\"noopener\">vid\u00e9o<\/a><\/p>\n<p>Ecole primaire de Varages, classe de CE1\/CE2 : <a href=\"https:\/\/tube-cycle-2.apps.education.fr\/w\/fzuE8JiqXWfM2FduubD2gi\" target=\"_blank\" rel=\"noopener\">vid\u00e9o<\/a><\/p>\n<p>Ecole primaire Paul Ar\u00e8ne, Tavernes, classe de CM2 : <a href=\"https:\/\/tube-cycle-2.apps.education.fr\/w\/aEJ7QnoE8UXR7j241vMmyr\" target=\"_blank\" rel=\"noopener\">vid\u00e9o<\/a><\/p>\n<p>Ecole primaire de Montmeyan, classes de CE1, CE2, CM1, CM2 : <a href=\"https:\/\/tube-cycle-2.apps.education.fr\/w\/v86zvDi5zAo9Em27VrUkms\" target=\"_blank\" rel=\"noopener\">vid\u00e9o<\/a><\/p>\n<p>Bravo \u00e0 eux !!<\/p>\n<p>&nbsp;<\/p>\n","protected":false},"excerpt":{"rendered":"<p>Suite \u00e0 la semaine des langues qui s&rsquo;est tenue du 23 au 28 mars 2026, et qui avait pour th\u00e8me \u00ab\u00a0le monde pr\u00e9sent\u00e9 aux autres par nos \u00e9l\u00e8ves\u00a0\u00bb, la mission langues vivantes du Var a le plaisir de vous pr\u00e9senter &hellip; <a href=\"https:\/\/www.pedagogie.ac-nice.fr\/dsden83\/lver-ei\/actualites\/\">Continuer la lecture <span class=\"meta-nav\">&rarr;<\/span><\/a><\/p>\n","protected":false},"author":18,"featured_media":0,"parent":475,"menu_order":0,"comment_status":"closed","ping_status":"closed","template":"","meta":{"footnotes":""},"class_list":["post-2316","page","type-page","status-publish","hentry"],"_links":{"self":[{"href":"https:\/\/www.pedagogie.ac-nice.fr\/dsden83\/wp-json\/wp\/v2\/pages\/2316","targetHints":{"allow":["GET"]}}],"collection":[{"href":"https:\/\/www.pedagogie.ac-nice.fr\/dsden83\/wp-json\/wp\/v2\/pages"}],"about":[{"href":"https:\/\/www.pedagogie.ac-nice.fr\/dsden83\/wp-json\/wp\/v2\/types\/page"}],"author":[{"embeddable":true,"href":"https:\/\/www.pedagogie.ac-nice.fr\/dsden83\/wp-json\/wp\/v2\/users\/18"}],"replies":[{"embeddable":true,"href":"https:\/\/www.pedagogie.ac-nice.fr\/dsden83\/wp-json\/wp\/v2\/comments?post=2316"}],"version-history":[{"count":5,"href":"https:\/\/www.pedagogie.ac-nice.fr\/dsden83\/wp-json\/wp\/v2\/pages\/2316\/revisions"}],"predecessor-version":[{"id":2345,"href":"https:\/\/www.pedagogie.ac-nice.fr\/dsden83\/wp-json\/wp\/v2\/pages\/2316\/revisions\/2345"}],"up":[{"embeddable":true,"href":"https:\/\/www.pedagogie.ac-nice.fr\/dsden83\/wp-json\/wp\/v2\/pages\/475"}],"wp:attachment":[{"href":"https:\/\/www.pedagogie.ac-nice.fr\/dsden83\/wp-json\/wp\/v2\/media?parent=2316"}],"curies":[{"name":"wp","href":"https:\/\/api.w.org\/{rel}","templated":true}]}}