{"id":2325,"date":"2026-02-02T11:55:34","date_gmt":"2026-02-02T10:55:34","guid":{"rendered":"https:\/\/www.pedagogie.ac-nice.fr\/dsden83\/?page_id=2325"},"modified":"2026-02-02T12:04:06","modified_gmt":"2026-02-02T11:04:06","slug":"les-realisations-des-ecoles-emile","status":"publish","type":"page","link":"https:\/\/www.pedagogie.ac-nice.fr\/dsden83\/lver-ei\/lenseignement-en-langues-vivantes-emile\/les-realisations-des-ecoles-emile\/","title":{"rendered":"Les r\u00e9alisations des \u00e9coles EMILE"},"content":{"rendered":"<p>Travail sur les incivilit\u00e9s, \u00e9cole de Montmeyan :<br \/>\n<a href=\"https:\/\/tube-cycle-2.apps.education.fr\/w\/qncmqQnpoWDr4qMgNEupRf\">https:\/\/tube-cycle-2.apps.education.fr\/w\/qncmqQnpoWDr4qMgNEupRf<\/a><br \/>\n<img loading=\"lazy\" decoding=\"async\" class=\"alignnone size-medium wp-image-2330\" src=\"https:\/\/www.pedagogie.ac-nice.fr\/dsden83\/wp-content\/uploads\/2026\/02\/Montmeyan-incivilites-2-300x194.png\" alt=\"\" width=\"300\" height=\"194\" srcset=\"https:\/\/www.pedagogie.ac-nice.fr\/dsden83\/wp-content\/uploads\/2026\/02\/Montmeyan-incivilites-2-300x194.png 300w, https:\/\/www.pedagogie.ac-nice.fr\/dsden83\/wp-content\/uploads\/2026\/02\/Montmeyan-incivilites-2-1024x661.png 1024w, https:\/\/www.pedagogie.ac-nice.fr\/dsden83\/wp-content\/uploads\/2026\/02\/Montmeyan-incivilites-2-768x496.png 768w, https:\/\/www.pedagogie.ac-nice.fr\/dsden83\/wp-content\/uploads\/2026\/02\/Montmeyan-incivilites-2-465x300.png 465w, https:\/\/www.pedagogie.ac-nice.fr\/dsden83\/wp-content\/uploads\/2026\/02\/Montmeyan-incivilites-2.png 1340w\" sizes=\"auto, (max-width: 300px) 100vw, 300px\" \/> <img loading=\"lazy\" decoding=\"async\" class=\"alignnone size-medium wp-image-2331\" src=\"https:\/\/www.pedagogie.ac-nice.fr\/dsden83\/wp-content\/uploads\/2026\/02\/Montmeyan-incivilites-300x188.png\" alt=\"\" width=\"300\" height=\"188\" srcset=\"https:\/\/www.pedagogie.ac-nice.fr\/dsden83\/wp-content\/uploads\/2026\/02\/Montmeyan-incivilites-300x188.png 300w, https:\/\/www.pedagogie.ac-nice.fr\/dsden83\/wp-content\/uploads\/2026\/02\/Montmeyan-incivilites-1024x641.png 1024w, https:\/\/www.pedagogie.ac-nice.fr\/dsden83\/wp-content\/uploads\/2026\/02\/Montmeyan-incivilites-768x481.png 768w, https:\/\/www.pedagogie.ac-nice.fr\/dsden83\/wp-content\/uploads\/2026\/02\/Montmeyan-incivilites-479x300.png 479w, https:\/\/www.pedagogie.ac-nice.fr\/dsden83\/wp-content\/uploads\/2026\/02\/Montmeyan-incivilites.png 1368w\" sizes=\"auto, (max-width: 300px) 100vw, 300px\" \/><\/p>\n<p>Travail sur le harc\u00e8lement, \u00e9cole de Montmeyan:<br \/>\n<a href=\"https:\/\/tube-cycle-2.apps.education.fr\/w\/fu9ppSGyPSNxq7GayHNxAV\">https:\/\/tube-cycle-2.apps.education.fr\/w\/fu9ppSGyPSNxq7GayHNxAV<\/a><\/p>\n<p><img loading=\"lazy\" decoding=\"async\" class=\"alignnone size-medium wp-image-2333\" src=\"https:\/\/www.pedagogie.ac-nice.fr\/dsden83\/wp-content\/uploads\/2026\/02\/Montmeyan-harcellement-300x175.png\" alt=\"\" width=\"300\" height=\"175\" srcset=\"https:\/\/www.pedagogie.ac-nice.fr\/dsden83\/wp-content\/uploads\/2026\/02\/Montmeyan-harcellement-300x175.png 300w, https:\/\/www.pedagogie.ac-nice.fr\/dsden83\/wp-content\/uploads\/2026\/02\/Montmeyan-harcellement-1024x596.png 1024w, https:\/\/www.pedagogie.ac-nice.fr\/dsden83\/wp-content\/uploads\/2026\/02\/Montmeyan-harcellement-768x447.png 768w, https:\/\/www.pedagogie.ac-nice.fr\/dsden83\/wp-content\/uploads\/2026\/02\/Montmeyan-harcellement-1536x894.png 1536w, https:\/\/www.pedagogie.ac-nice.fr\/dsden83\/wp-content\/uploads\/2026\/02\/Montmeyan-harcellement-500x291.png 500w, https:\/\/www.pedagogie.ac-nice.fr\/dsden83\/wp-content\/uploads\/2026\/02\/Montmeyan-harcellement.png 1719w\" sizes=\"auto, (max-width: 300px) 100vw, 300px\" \/><\/p>\n<p>Travail sur la journ\u00e9e franco-allemande, \u00e9cole Ren\u00e9 Char du Luc :<\/p>\n<p><img loading=\"lazy\" decoding=\"async\" class=\"alignnone wp-image-2326\" src=\"https:\/\/www.pedagogie.ac-nice.fr\/dsden83\/wp-content\/uploads\/2026\/02\/Rene-Char-217x300.png\" alt=\"\" width=\"199\" height=\"271\" \/><\/p>\n<p>Pancake day \u00e0 l&rsquo;\u00e9cole de Varages :<br \/>\n<img loading=\"lazy\" decoding=\"async\" class=\"alignnone size-medium wp-image-2327\" src=\"https:\/\/www.pedagogie.ac-nice.fr\/dsden83\/wp-content\/uploads\/2026\/02\/Varages-300x173.png\" alt=\"\" width=\"300\" height=\"173\" srcset=\"https:\/\/www.pedagogie.ac-nice.fr\/dsden83\/wp-content\/uploads\/2026\/02\/Varages-300x173.png 300w, https:\/\/www.pedagogie.ac-nice.fr\/dsden83\/wp-content\/uploads\/2026\/02\/Varages-768x443.png 768w, https:\/\/www.pedagogie.ac-nice.fr\/dsden83\/wp-content\/uploads\/2026\/02\/Varages-500x288.png 500w, https:\/\/www.pedagogie.ac-nice.fr\/dsden83\/wp-content\/uploads\/2026\/02\/Varages.png 864w\" sizes=\"auto, (max-width: 300px) 100vw, 300px\" \/><\/p>\n","protected":false},"excerpt":{"rendered":"<p>Travail sur les incivilit\u00e9s, \u00e9cole de Montmeyan : https:\/\/tube-cycle-2.apps.education.fr\/w\/qncmqQnpoWDr4qMgNEupRf Travail sur le harc\u00e8lement, \u00e9cole de Montmeyan: https:\/\/tube-cycle-2.apps.education.fr\/w\/fu9ppSGyPSNxq7GayHNxAV Travail sur la journ\u00e9e franco-allemande, \u00e9cole Ren\u00e9 Char du Luc : Pancake day \u00e0 l&rsquo;\u00e9cole de Varages :<\/p>\n","protected":false},"author":18,"featured_media":0,"parent":2088,"menu_order":0,"comment_status":"closed","ping_status":"closed","template":"","meta":{"footnotes":""},"class_list":["post-2325","page","type-page","status-publish","hentry"],"_links":{"self":[{"href":"https:\/\/www.pedagogie.ac-nice.fr\/dsden83\/wp-json\/wp\/v2\/pages\/2325","targetHints":{"allow":["GET"]}}],"collection":[{"href":"https:\/\/www.pedagogie.ac-nice.fr\/dsden83\/wp-json\/wp\/v2\/pages"}],"about":[{"href":"https:\/\/www.pedagogie.ac-nice.fr\/dsden83\/wp-json\/wp\/v2\/types\/page"}],"author":[{"embeddable":true,"href":"https:\/\/www.pedagogie.ac-nice.fr\/dsden83\/wp-json\/wp\/v2\/users\/18"}],"replies":[{"embeddable":true,"href":"https:\/\/www.pedagogie.ac-nice.fr\/dsden83\/wp-json\/wp\/v2\/comments?post=2325"}],"version-history":[{"count":3,"href":"https:\/\/www.pedagogie.ac-nice.fr\/dsden83\/wp-json\/wp\/v2\/pages\/2325\/revisions"}],"predecessor-version":[{"id":2334,"href":"https:\/\/www.pedagogie.ac-nice.fr\/dsden83\/wp-json\/wp\/v2\/pages\/2325\/revisions\/2334"}],"up":[{"embeddable":true,"href":"https:\/\/www.pedagogie.ac-nice.fr\/dsden83\/wp-json\/wp\/v2\/pages\/2088"}],"wp:attachment":[{"href":"https:\/\/www.pedagogie.ac-nice.fr\/dsden83\/wp-json\/wp\/v2\/media?parent=2325"}],"curies":[{"name":"wp","href":"https:\/\/api.w.org\/{rel}","templated":true}]}}