{"id":664,"date":"2020-11-19T10:29:13","date_gmt":"2020-11-19T09:29:13","guid":{"rendered":"https:\/\/www.pedagogie.ac-nice.fr\/dsden83\/?page_id=664"},"modified":"2025-11-25T10:33:00","modified_gmt":"2025-11-25T09:33:00","slug":"erasmus-2","status":"publish","type":"page","link":"https:\/\/www.pedagogie.ac-nice.fr\/dsden83\/lver-ei\/erasmus-2\/","title":{"rendered":"Erasmus +"},"content":{"rendered":"<h2 data-start=\"73\" data-end=\"99\"><span style=\"font-size: 12pt;font-family: georgia, palatino, serif\"><strong data-start=\"77\" data-end=\"99\">L\u2019action en r\u00e9sum\u00e9<\/strong><\/span><\/h2>\n<p data-start=\"101\" data-end=\"291\"><span style=\"font-size: 12pt;font-family: georgia, palatino, serif\">L\u2019accr\u00e9ditation Erasmus+ est un outil pour les organismes du secteur de l\u2019enseignement et formation professionnels qui souhaitent s\u2019ouvrir \u00e0 des \u00e9changes et \u00e0 une coop\u00e9ration transfronti\u00e8re.<\/span><\/p>\n<p data-start=\"293\" data-end=\"409\"><span style=\"font-size: 12pt;font-family: georgia, palatino, serif\">L\u2019obtention d\u2019une accr\u00e9ditation valide l\u2019engagement de l\u2019organisme au sein du programme Erasmus+ pour contribuer \u00e0 :<\/span><\/p>\n<ul data-start=\"411\" data-end=\"676\">\n<li data-start=\"411\" data-end=\"488\">\n<p data-start=\"413\" data-end=\"488\"><span style=\"font-size: 12pt;font-family: georgia, palatino, serif\">Renforcer la dimension europ\u00e9enne de l\u2019enseignement et des apprentissages<\/span><\/p>\n<\/li>\n<li data-start=\"489\" data-end=\"611\">\n<p data-start=\"491\" data-end=\"611\"><span style=\"font-size: 12pt;font-family: georgia, palatino, serif\">Am\u00e9liorer la qualit\u00e9 de l\u2019enseignement et de la formation professionnels initiaux et continus (EFPI et EFPC) en Europe<\/span><\/p>\n<\/li>\n<li data-start=\"612\" data-end=\"676\">\n<p data-start=\"614\" data-end=\"676\"><span style=\"font-size: 12pt;font-family: georgia, palatino, serif\">Contribuer \u00e0 la cr\u00e9ation de l\u2019espace europ\u00e9en de l\u2019\u00e9ducation<\/span><\/p>\n<\/li>\n<\/ul>\n<p data-start=\"678\" data-end=\"946\"><span style=\"font-size: 12pt;font-family: georgia, palatino, serif\">L\u2019accr\u00e9ditation Erasmus+ constitue une \u00e9tape pr\u00e9alable \u00e0 la participation des organismes du secteur de l\u2019enseignement et formation professionnels \u00e0 la future Action cl\u00e9 n\u00b01 de soutien \u00e0 la mobilit\u00e9 transnationale des apprenants et personnels pour la p\u00e9riode 2021-2027.<\/span><\/p>\n<p data-start=\"948\" data-end=\"1131\"><span style=\"font-size: 12pt;font-family: georgia, palatino, serif\">L\u2019accr\u00e9ditation Erasmus+ permet \u00e0 l\u2019organisme de b\u00e9n\u00e9ficier de financements r\u00e9guliers et garantis pour les activit\u00e9s de mobilit\u00e9 durant les sept ann\u00e9es du programme \u00e0 compter de 2021.<\/span><\/p>\n<p data-start=\"1133\" data-end=\"1490\"><span style=\"font-size: 12pt;font-family: georgia, palatino, serif\">L\u2019attribution d\u2019une accr\u00e9ditation Erasmus+ d\u00e9montre que l\u2019organisme candidat a con\u00e7u un plan pour mettre en \u0153uvre des activit\u00e9s de mobilit\u00e9 de grande qualit\u00e9, s\u2019inscrivant dans le cadre d\u2019un projet de d\u00e9veloppement de son \u00e9tablissement dans la dur\u00e9e. Ce plan, appel\u00e9 \u00ab plan Erasmus \u00bb, constitue un volet essentiel de la candidature d\u2019accr\u00e9ditation Erasmus+.<\/span><\/p>\n<p data-start=\"1492\" data-end=\"1812\"><span style=\"font-size: 12pt;font-family: georgia, palatino, serif\">Les organismes candidats \u00e0 l\u2019accr\u00e9ditation adh\u00e8rent \u00e9galement aux standards de qualit\u00e9 Erasmus+, qui visent \u00e0 garantir une bonne exp\u00e9rience de mobilit\u00e9 et une reconnaissance des acquis d\u2019apprentissage pour tous les participants. Ces standards de qualit\u00e9 font partie int\u00e9grante de la candidature d\u2019accr\u00e9ditation Erasmus+.<\/span><\/p>\n<p>&nbsp;<\/p>\n","protected":false},"excerpt":{"rendered":"<p>L\u2019action en r\u00e9sum\u00e9 L\u2019accr\u00e9ditation Erasmus+ est un outil pour les organismes du secteur de l\u2019enseignement et formation professionnels qui souhaitent s\u2019ouvrir \u00e0 des \u00e9changes et \u00e0 une coop\u00e9ration transfronti\u00e8re. L\u2019obtention d\u2019une accr\u00e9ditation valide l\u2019engagement de l\u2019organisme au sein du programme &hellip; <a href=\"https:\/\/www.pedagogie.ac-nice.fr\/dsden83\/lver-ei\/erasmus-2\/\">Continuer la lecture <span class=\"meta-nav\">&rarr;<\/span><\/a><\/p>\n","protected":false},"author":8,"featured_media":0,"parent":475,"menu_order":0,"comment_status":"closed","ping_status":"closed","template":"","meta":{"footnotes":""},"class_list":["post-664","page","type-page","status-publish","hentry"],"_links":{"self":[{"href":"https:\/\/www.pedagogie.ac-nice.fr\/dsden83\/wp-json\/wp\/v2\/pages\/664","targetHints":{"allow":["GET"]}}],"collection":[{"href":"https:\/\/www.pedagogie.ac-nice.fr\/dsden83\/wp-json\/wp\/v2\/pages"}],"about":[{"href":"https:\/\/www.pedagogie.ac-nice.fr\/dsden83\/wp-json\/wp\/v2\/types\/page"}],"author":[{"embeddable":true,"href":"https:\/\/www.pedagogie.ac-nice.fr\/dsden83\/wp-json\/wp\/v2\/users\/8"}],"replies":[{"embeddable":true,"href":"https:\/\/www.pedagogie.ac-nice.fr\/dsden83\/wp-json\/wp\/v2\/comments?post=664"}],"version-history":[{"count":4,"href":"https:\/\/www.pedagogie.ac-nice.fr\/dsden83\/wp-json\/wp\/v2\/pages\/664\/revisions"}],"predecessor-version":[{"id":2143,"href":"https:\/\/www.pedagogie.ac-nice.fr\/dsden83\/wp-json\/wp\/v2\/pages\/664\/revisions\/2143"}],"up":[{"embeddable":true,"href":"https:\/\/www.pedagogie.ac-nice.fr\/dsden83\/wp-json\/wp\/v2\/pages\/475"}],"wp:attachment":[{"href":"https:\/\/www.pedagogie.ac-nice.fr\/dsden83\/wp-json\/wp\/v2\/media?parent=664"}],"curies":[{"name":"wp","href":"https:\/\/api.w.org\/{rel}","templated":true}]}}