{"id":1357,"date":"2019-10-05T14:52:24","date_gmt":"2019-10-05T12:52:24","guid":{"rendered":"https:\/\/www.pedagogie.ac-nice.fr\/stmg\/?page_id=1357"},"modified":"2022-05-19T08:59:00","modified_gmt":"2022-05-19T06:59:00","slug":"modalites-de-lexamen","status":"publish","type":"page","link":"https:\/\/www.pedagogie.ac-nice.fr\/economie-gestion\/stmg-2\/formations-stmg\/modalites-de-lexamen\/","title":{"rendered":"Modalit\u00e9s de l&rsquo;examen"},"content":{"rendered":"<div style=\"text-align: right;\">Mise \u00e0 jour 04\/05\/2020<\/div>\n<div>&nbsp;<\/div>\n<div class=\"\" style=\"text-align: justify;\"><img loading=\"lazy\" decoding=\"async\" class=\"wp-image-1051 alignleft\" src=\"https:\/\/www.pedagogie.ac-nice.fr\/economie-gestion\/wp-content\/uploads\/sites\/28\/2019\/09\/lettre.jpg\" alt=\"\" width=\"71\" height=\"71\" srcset=\"https:\/\/www.pedagogie.ac-nice.fr\/economie-gestion\/wp-content\/uploads\/sites\/28\/2019\/09\/lettre.jpg 300w, https:\/\/www.pedagogie.ac-nice.fr\/economie-gestion\/wp-content\/uploads\/sites\/28\/2019\/09\/lettre-150x150.jpg 150w\" sizes=\"auto, (max-width: 71px) 100vw, 71px\" \/>Un nouveau format de livret scolaire<span class=\"\" style=\"color: #e32400;\">&nbsp;<\/span><span class=\"\">pour le<\/span>&nbsp;baccalaur\u00e9at technologique,<span class=\"\" style=\"color: #e32400;\">&nbsp;<\/span><b class=\"\"><span class=\"\" style=\"color: #e32400;\">valable \u00e0&nbsp;partir de la session 2021,<\/span><\/b>&nbsp;vient d\u2019\u00eatre publi\u00e9 au B.O.E.N. ce jeudi 30 avril 2020. (cf lien ci-apr\u00e8s).<\/div>\n<div class=\"\">&nbsp;<\/div>\n<div class=\"\"><a class=\"\" href=\"https:\/\/www.education.gouv.fr\/bo\/20\/Hebdo18\/MENE2005720A.htm\" target=\"_blank\" rel=\"noopener noreferrer\">https:\/\/www.education.gouv.fr\/bo\/20\/Hebdo18\/MENE2005720A.htm<\/a><\/div>\n<hr>\n<p>Suite \u00e0 la r\u00e9forme du bac &nbsp;l\u2019organisation en s\u00e9ries dans la <strong>classe terminale de la voie technologique&nbsp;<\/strong>est maintenue. Quelle que soit leur s\u00e9rie, tous les \u00e9l\u00e8ves b\u00e9n\u00e9ficient d\u2019<strong>enseignements communs<\/strong>. En fonction de sa s\u00e9rie, l\u2019\u00e9l\u00e8ve suit \u00e9galement&nbsp;<strong>deux enseignements de sp\u00e9cialit\u00e9<\/strong>&nbsp;auxquels peuvent s\u2019ajouter&nbsp;<strong>deux enseignements optionnels<\/strong>&nbsp;de 3 heures, au choix en fonction de la s\u00e9rie.<\/p>\n<p><span style=\"text-decoration: underline;\"><strong>Enseignements communs<\/strong><\/span><\/p>\n<p><a href=\"https:\/\/cache.media.education.gouv.fr\/file\/CSP\/25\/1\/2de_et_cycle_terminal_EPS_Enseignement_commun_1023251.pdf\">\u00c9ducation physique et sportive&nbsp;<\/a>(2de &#8211; 1e &#8211; Tle)<br \/>\n<a href=\"https:\/\/cache.media.education.gouv.fr\/file\/CSP\/16\/4\/Tle_EMC_Ens_commun_Voies_GT_1135164.pdf\">Enseignement moral et civique<\/a><br \/>\n<a href=\"https:\/\/cache.media.education.gouv.fr\/file\/CSP\/97\/7\/Tle_Histoire_geo_Commun_Voie_T_1136977.pdf\">Histoire-g\u00e9ographie<\/a><br \/>\n<a href=\"https:\/\/cache.media.education.gouv.fr\/file\/CSP\/86\/3\/1e_Langues_vivantes_A-B-C_Cycle_terminal_Voies_G_et_T_1021863.pdf\">Langues vivantes A et B<\/a>&nbsp;(1e &#8211; Tle)<br \/>\n<a href=\"https:\/\/cache.media.education.gouv.fr\/file\/CSP\/54\/4\/Tle_Mathematiques_Commun_VoieT_1136544.pdf\">Math\u00e9matiques<\/a><br \/>\n<a href=\"https:\/\/cache.media.education.gouv.fr\/file\/CSP\/87\/1\/Tle_Philosophie_Commun_Voie_T_VDEF_1125871.pdf\">Philosophie<\/a><\/p>\n<p><span style=\"text-decoration: underline;\"><strong>Enseignements de sp\u00e9cialit\u00e9<\/strong><\/span><\/p>\n<p><a href=\"https:\/\/cache.media.education.gouv.fr\/file\/CSP\/98\/1\/Tle_STMG_SMGN_Specialite_Voie_T_1136981.pdf\">Management, sciences de gestion et num\u00e9rique<\/a>&nbsp;avec 1 enseignement sp\u00e9cifique choisi parmi&nbsp;: gestion et finance&nbsp;; mercatique&nbsp;; ressources humaines et communication&nbsp;; syst\u00e8mes d\u2019information et de gestion<\/p>\n<p><a href=\"https:\/\/cache.media.education.gouv.fr\/file\/CSP\/98\/6\/Tle_STMG_Droit-economie_Voie_T_1136986.pdf\">Droit et \u00e9conomie<\/a><\/p>\n<p>Le bac 2021 reposera pour une part sur <b>un contr\u00f4le continu<\/b> et pour une autre part sur <b>des \u00e9preuves terminales<\/b>.<\/p>\n<p>Le contr\u00f4le continu reposera sur des \u00e9preuves communes organis\u00e9es au cours des ann\u00e9es de premi\u00e8re et de terminale.<br \/>\nIl occupera une part plus significative de la note finale mais les \u00e9preuves finales repr\u00e9senteront plus de la moiti\u00e9 de cette note&nbsp;:<\/p>\n<ul class=\"rond\">\n<li><b>Contr\u00f4le continu<\/b>&nbsp;: 40% de la note finale (10% de cette note \u00e9tant issu des bulletins scolaires de premi\u00e8re et de terminale et 30% des \u00e9preuves communes).<\/li>\n<li><b>\u00c9preuves finales<\/b>&nbsp;: 60% de la note finale.<\/li>\n<\/ul>\n<p>Pour en savoir plus, consultez les documents d&rsquo;information disponibles sur le <a title=\"site \u00c9duscol (nouvelle fen\u00eatre)\" href=\"http:\/\/eduscol.education.fr\/cid126665\/vers-le-bac-2021.html\" target=\"_blank\" rel=\"noopener noreferrer\" aria-label=\"site Eduscol (dans une nouvelle fen\u00eatre)\">site Eduscol<\/a> : fascicule d&rsquo;information aux familles, diaporama, foire aux questions et infographie sur la place des sciences dans le nouveau baccalaur\u00e9at.<\/p>\n<p><a href=\"https:\/\/cache.media.eduscol.education.fr\/file\/Bac2021\/05\/6\/les_epreuves_du_nouveau_baccalaureat_technologique_infog_1086056.pdf\" target=\"_blank\" rel=\"noopener noreferrer\">Cliquez ici pour visualiser les \u00e9preuves de l&rsquo;examen<\/a> <img loading=\"lazy\" decoding=\"async\" class=\"alignnone wp-image-1372\" src=\"https:\/\/www.pedagogie.ac-nice.fr\/stmg\/wp-content\/uploads\/sites\/28\/2019\/10\/Epreuve-300x216.png\" alt=\"\" width=\"213\" height=\"153\" srcset=\"https:\/\/www.pedagogie.ac-nice.fr\/economie-gestion\/wp-content\/uploads\/sites\/28\/2019\/10\/Epreuve-300x216.png 300w, https:\/\/www.pedagogie.ac-nice.fr\/economie-gestion\/wp-content\/uploads\/sites\/28\/2019\/10\/Epreuve-768x553.png 768w, https:\/\/www.pedagogie.ac-nice.fr\/economie-gestion\/wp-content\/uploads\/sites\/28\/2019\/10\/Epreuve-1024x737.png 1024w, https:\/\/www.pedagogie.ac-nice.fr\/economie-gestion\/wp-content\/uploads\/sites\/28\/2019\/10\/Epreuve.png 1106w\" sizes=\"auto, (max-width: 213px) 100vw, 213px\" \/><\/p>\n<p><a href=\"https:\/\/cache.media.eduscol.education.fr\/file\/Bac2021\/34\/4\/2019_controle_continu_voie_techno_infog_1159344.pdf\" target=\"_blank\" rel=\"noopener noreferrer\"><img loading=\"lazy\" decoding=\"async\" class=\"wp-image-1374 alignnone\" src=\"https:\/\/www.pedagogie.ac-nice.fr\/stmg\/wp-content\/uploads\/sites\/28\/2019\/10\/3-s\u00e9ries-d\u00e9preuves-communues-282x300.png\" alt=\"\" width=\"229\" height=\"244\" srcset=\"https:\/\/www.pedagogie.ac-nice.fr\/economie-gestion\/wp-content\/uploads\/sites\/28\/2019\/10\/3-s\u00e9ries-d\u00e9preuves-communues-282x300.png 282w, https:\/\/www.pedagogie.ac-nice.fr\/economie-gestion\/wp-content\/uploads\/sites\/28\/2019\/10\/3-s\u00e9ries-d\u00e9preuves-communues.png 735w\" sizes=\"auto, (max-width: 229px) 100vw, 229px\" \/>Cliquez ici pour visualiser les modalit\u00e9s d&rsquo;organisation du contr\u00f4le continu sur les deux ann\u00e9es<\/a><\/p>\n<p>Veuillez trouver ici, un diaporama pour expliquer les \u00e9preuves du contr\u00f4le continu \u00e0 vos \u00e9l\u00e8ves<\/p>\n<p>&nbsp;<\/p>\n<p><span style=\"font-size: 18pt; color: #0000ff;\"><b>\u00c9preuves<\/b><strong>&nbsp;EN CLASSE DE&nbsp;<\/strong><\/span><span style=\"color: #0000ff;\"><span style=\"font-size: 24px;\"><b>PREMI\u00c8RE<\/b><\/span><\/span><\/p>\n<p><a href=\"https:\/\/eduscol.education.fr\/cid144209\/baccalaureat-technologique-serie-sciences-et-technologies-du-management-et-de-la-gestion-stmg-a-compter-de-la-session-2021.html\" target=\"_blank\" rel=\"noopener noreferrer\">Cliquez ici pour visualiser les coefficients et les dur\u00e9es des \u00e9preuves de premi\u00e8re STMG&nbsp;<img loading=\"lazy\" decoding=\"async\" class=\"alignnone wp-image-1375\" src=\"https:\/\/www.pedagogie.ac-nice.fr\/stmg\/wp-content\/uploads\/sites\/28\/2019\/10\/prem\u00e8re-300x111.png\" alt=\"\" width=\"269\" height=\"99\" srcset=\"https:\/\/www.pedagogie.ac-nice.fr\/economie-gestion\/wp-content\/uploads\/sites\/28\/2019\/10\/prem\u00e8re-300x111.png 300w, https:\/\/www.pedagogie.ac-nice.fr\/economie-gestion\/wp-content\/uploads\/sites\/28\/2019\/10\/prem\u00e8re-768x283.png 768w, https:\/\/www.pedagogie.ac-nice.fr\/economie-gestion\/wp-content\/uploads\/sites\/28\/2019\/10\/prem\u00e8re-1024x378.png 1024w, https:\/\/www.pedagogie.ac-nice.fr\/economie-gestion\/wp-content\/uploads\/sites\/28\/2019\/10\/prem\u00e8re.png 1537w\" sizes=\"auto, (max-width: 269px) 100vw, 269px\" \/><\/a><\/p>\n<p><strong>La moyenne des notes obtenues aux \u00e9preuves communes de contr\u00f4le continu est affect\u00e9e d&rsquo;un coefficient 30 pour un coefficient total de 100.<\/strong><\/p>\n<p>&nbsp;<\/p>\n<p><span style=\"font-size: 18pt; color: #0000ff;\"><b>\u00c9preuves<\/b><strong>&nbsp;EN CLASSE DE TERMINALE<\/strong><\/span><\/p>\n<p><a href=\"https:\/\/eduscol.education.fr\/cid144209\/baccalaureat-technologique-serie-sciences-et-technologies-du-management-et-de-la-gestion-stmg-a-compter-de-la-session-2021.html\" target=\"_blank\" rel=\"noopener noreferrer\"><img loading=\"lazy\" decoding=\"async\" class=\"alignnone size-medium wp-image-1376\" src=\"https:\/\/www.pedagogie.ac-nice.fr\/stmg\/wp-content\/uploads\/sites\/28\/2019\/10\/terminale-300x102.png\" alt=\"\" width=\"300\" height=\"102\" srcset=\"https:\/\/www.pedagogie.ac-nice.fr\/economie-gestion\/wp-content\/uploads\/sites\/28\/2019\/10\/terminale-300x102.png 300w, https:\/\/www.pedagogie.ac-nice.fr\/economie-gestion\/wp-content\/uploads\/sites\/28\/2019\/10\/terminale-768x262.png 768w, https:\/\/www.pedagogie.ac-nice.fr\/economie-gestion\/wp-content\/uploads\/sites\/28\/2019\/10\/terminale-1024x350.png 1024w, https:\/\/www.pedagogie.ac-nice.fr\/economie-gestion\/wp-content\/uploads\/sites\/28\/2019\/10\/terminale.png 1426w\" sizes=\"auto, (max-width: 300px) 100vw, 300px\" \/>Cliquez ici pour visualiser les coefficients et les dur\u00e9es de Terminale STMG<\/a><\/p>\n<p>&nbsp;<\/p>\n<p>&nbsp;<\/p>\n<p>&nbsp;<\/p>\n","protected":false},"excerpt":{"rendered":"<p>Mise \u00e0 jour 04\/05\/2020 &nbsp; Un nouveau format de livret scolaire&nbsp;pour le&nbsp;baccalaur\u00e9at technologique,&nbsp;valable \u00e0&nbsp;partir de la session 2021,&nbsp;vient d\u2019\u00eatre publi\u00e9<\/p>\n","protected":false},"author":205,"featured_media":0,"parent":3074,"menu_order":0,"comment_status":"closed","ping_status":"closed","template":"","meta":{"colormag_page_container_layout":"default_layout","colormag_page_sidebar_layout":"default_layout","ngg_post_thumbnail":0,"footnotes":""},"class_list":["post-1357","page","type-page","status-publish","hentry"],"rttpg_featured_image_url":null,"rttpg_author":{"display_name":"Estelle REGIS","author_link":"https:\/\/www.pedagogie.ac-nice.fr\/economie-gestion\/author\/stmgadmin1\/"},"rttpg_comment":0,"rttpg_category":null,"rttpg_excerpt":"Mise \u00e0 jour 04\/05\/2020 &nbsp; Un nouveau format de livret scolaire&nbsp;pour le&nbsp;baccalaur\u00e9at technologique,&nbsp;valable \u00e0&nbsp;partir de la session 2021,&nbsp;vient d\u2019\u00eatre publi\u00e9","post_mailing_queue_ids":[],"_links":{"self":[{"href":"https:\/\/www.pedagogie.ac-nice.fr\/economie-gestion\/wp-json\/wp\/v2\/pages\/1357","targetHints":{"allow":["GET"]}}],"collection":[{"href":"https:\/\/www.pedagogie.ac-nice.fr\/economie-gestion\/wp-json\/wp\/v2\/pages"}],"about":[{"href":"https:\/\/www.pedagogie.ac-nice.fr\/economie-gestion\/wp-json\/wp\/v2\/types\/page"}],"author":[{"embeddable":true,"href":"https:\/\/www.pedagogie.ac-nice.fr\/economie-gestion\/wp-json\/wp\/v2\/users\/205"}],"replies":[{"embeddable":true,"href":"https:\/\/www.pedagogie.ac-nice.fr\/economie-gestion\/wp-json\/wp\/v2\/comments?post=1357"}],"version-history":[{"count":11,"href":"https:\/\/www.pedagogie.ac-nice.fr\/economie-gestion\/wp-json\/wp\/v2\/pages\/1357\/revisions"}],"predecessor-version":[{"id":3169,"href":"https:\/\/www.pedagogie.ac-nice.fr\/economie-gestion\/wp-json\/wp\/v2\/pages\/1357\/revisions\/3169"}],"up":[{"embeddable":true,"href":"https:\/\/www.pedagogie.ac-nice.fr\/economie-gestion\/wp-json\/wp\/v2\/pages\/3074"}],"wp:attachment":[{"href":"https:\/\/www.pedagogie.ac-nice.fr\/economie-gestion\/wp-json\/wp\/v2\/media?parent=1357"}],"curies":[{"name":"wp","href":"https:\/\/api.w.org\/{rel}","templated":true}]}}